{"id":1057,"date":"2019-08-28T13:43:47","date_gmt":"2019-08-28T13:43:47","guid":{"rendered":"https:\/\/www.chiapatino.com\/?page_id=1057"},"modified":"2022-01-20T16:53:17","modified_gmt":"2022-01-20T16:53:17","slug":"jarabe-para-el-nuevo-ano","status":"publish","type":"page","link":"https:\/\/www.chiapatino.com\/home\/jarabe-para-el-nuevo-ano\/","title":{"rendered":"JArabe para el Nuevo A\u00f1o"},"content":{"rendered":"<div class=\"wpb-content-wrapper\"><p>[vc_row row_height_percent=&#8221;50&#8243; back_image=&#8221;6327&#8243; parallax=&#8221;yes&#8221; kburns=&#8221;yes&#8221; overlay_alpha=&#8221;50&#8243; gutter_size=&#8221;3&#8243; column_width_percent=&#8221;100&#8243; shift_y=&#8221;0&#8243; z_index=&#8221;0&#8243; uncode_shortcode_id=&#8221;516324&#8243; shape_dividers=&#8221;&#8221;][vc_column width=&#8221;1\/1&#8243;][vc_empty_space empty_h=&#8221;2&#8243;][\/vc_column][\/vc_row][vc_row][vc_column column_width_percent=&#8221;100&#8243; gutter_size=&#8221;3&#8243; style=&#8221;dark&#8221; overlay_alpha=&#8221;50&#8243; shift_x=&#8221;0&#8243; shift_y=&#8221;0&#8243; shift_y_down=&#8221;0&#8243; z_index=&#8221;0&#8243; medium_width=&#8221;0&#8243; mobile_width=&#8221;0&#8243; width=&#8221;1\/1&#8243;][vc_empty_space empty_h=&#8221;2&#8243;][vc_custom_heading]<\/p>\n<h2>JArabe para el Nuevo A\u00f1o<\/h2>\n<p>[\/vc_custom_heading][vc_column_text]JAno, en lat\u00edn JAnus, es en la mitolog\u00eda romana, (y una r\u00e1pida definici\u00f3n de Wikipedia), un dios que ten\u00eda dos caras mirando hacia ambos lados de su perfil. JAno era el dios de las puertas, los comienzos y los finales. JAnuary, JAneiro, JAnero y enero tienen entonces su raz\u00f3n de ser. Un principio. Un nuevo comienzo. A veces, es necesario y urgente. DeJAr atr\u00e1s los problemas y enfrentar -de dar la cara a, no de buscar conflicto con- enfrentar el futuro con una sonrisa.<\/p>\n<p>Hoy tengo ganas de volver a re\u00edr. De recordar la maravilla y el derecho de los quite\u00f1os a la &#8220;sal quite\u00f1a&#8221;. &#8220;\u00a1JA, JA, JA!&#8221; est\u00e1 incluso definido en el diccionario: &#8220;la interjecci\u00f3n con la que se denota risa&#8221;. Me da risa la idea de alguien buscando en el diccionario qu\u00e9 quiere decir &#8220;JA JA JA&#8221;. Lo absurdo es a veces maravilloso. La capacidad de encontrar &#8211; aun estando en JAque- un buen momento comiendo un s\u00e1nduche de JAm\u00f3n sentados en una JAba en el JArd\u00edn de atr\u00e1s. Nada muy complejo. De olvidarnos de las JAquecas ya sea en el JAcuzzi o contemplando la vida bajo un JAcarand\u00e1. JActarme de los \u00e9xitos y baJArme una JArra de vino para reflexionar en los fracasos. Asumir que JAm\u00e1s nada es perfecto.<\/p>\n<p>JAdeando necesito armar JAleo para no sentirme en una JAula. Porque al final final, somos y seremos seres libres, y nadie tiene el derecho de quitarnos la risa.<\/p>\n<p>\u00a1JA, JA, JA!<\/p>\n<p>&nbsp;<\/p>\n<p>&nbsp;<\/p>\n<p style=\"text-align: right;\"><strong>Ch\u00eda Pati\u00f1o<\/strong>,\u00a0<em>Directora Art\u00edstica &#8211; Ejecutiva<\/em><\/p>\n<p style=\"text-align: right;\">Enero, 2012<\/p>\n<p>[\/vc_column_text][vc_button button_color=&#8221;color-nhtu&#8221; border_width=&#8221;0&#8243; link=&#8221;url:https%3A%2F%2Fwww.teatrosucre.com%2Fsites%2Fdefault%2Ffiles%2F01_enero2012.pdf||target:%20_blank|&#8221;]DESDE EL TEATRO #71[\/vc_button][vc_empty_space empty_h=&#8221;5&#8243;][vc_empty_space empty_h=&#8221;5&#8243;][\/vc_column][\/vc_row]<\/p>\n<\/div>","protected":false},"excerpt":{"rendered":"<p>[vc_row row_height_percent=&#8221;50&#8243; back_image=&#8221;6327&#8243; parallax=&#8221;yes&#8221; kburns=&#8221;yes&#8221; overlay_alpha=&#8221;50&#8243; gutter_size=&#8221;3&#8243; column_width_percent=&#8221;100&#8243; shift_y=&#8221;0&#8243; z_index=&#8221;0&#8243; uncode_shortcode_id=&#8221;516324&#8243; shape_dividers=&#8221;&#8221;][vc_column width=&#8221;1\/1&#8243;][vc_empty_space empty_h=&#8221;2&#8243;][\/vc_column][\/vc_row][vc_row][vc_column column_width_percent=&#8221;100&#8243; gutter_size=&#8221;3&#8243; style=&#8221;dark&#8221; overlay_alpha=&#8221;50&#8243; shift_x=&#8221;0&#8243; shift_y=&#8221;0&#8243; [&hellip;]<\/p>\n","protected":false},"author":1,"featured_media":6327,"parent":0,"menu_order":0,"comment_status":"closed","ping_status":"closed","template":"","meta":{"footnotes":""},"class_list":["post-1057","page","type-page","status-publish","has-post-thumbnail","hentry","page_category-editorial"],"yoast_head":"<!-- This site is optimized with the Yoast SEO plugin v27.4 - https:\/\/yoast.com\/product\/yoast-seo-wordpress\/ -->\n<title>JArabe para el Nuevo A\u00f1o - Chia Pati\u00f1o<\/title>\n<meta name=\"robots\" content=\"index, follow, max-snippet:-1, max-image-preview:large, max-video-preview:-1\" \/>\n<link rel=\"canonical\" href=\"https:\/\/www.chiapatino.com\/home\/jarabe-para-el-nuevo-ano\/\" \/>\n<meta property=\"og:locale\" content=\"en_US\" \/>\n<meta property=\"og:type\" content=\"article\" \/>\n<meta property=\"og:title\" content=\"JArabe para el Nuevo A\u00f1o - Chia Pati\u00f1o\" \/>\n<meta property=\"og:description\" content=\"[vc_row row_height_percent=&#8221;50&#8243; back_image=&#8221;6327&#8243; parallax=&#8221;yes&#8221; kburns=&#8221;yes&#8221; overlay_alpha=&#8221;50&#8243; gutter_size=&#8221;3&#8243; column_width_percent=&#8221;100&#8243; shift_y=&#8221;0&#8243; z_index=&#8221;0&#8243; uncode_shortcode_id=&#8221;516324&#8243; shape_dividers=&#8221;&#8221;][vc_column width=&#8221;1\/1&#8243;][vc_empty_space empty_h=&#8221;2&#8243;][\/vc_column][\/vc_row][vc_row][vc_column column_width_percent=&#8221;100&#8243; gutter_size=&#8221;3&#8243; style=&#8221;dark&#8221; overlay_alpha=&#8221;50&#8243; shift_x=&#8221;0&#8243; shift_y=&#8221;0&#8243; [&hellip;]\" \/>\n<meta property=\"og:url\" content=\"https:\/\/www.chiapatino.com\/home\/jarabe-para-el-nuevo-ano\/\" \/>\n<meta property=\"og:site_name\" content=\"Chia Pati\u00f1o\" \/>\n<meta property=\"article:publisher\" content=\"https:\/\/www.facebook.com\/chia.patino\" \/>\n<meta property=\"article:modified_time\" content=\"2022-01-20T16:53:17+00:00\" \/>\n<meta property=\"og:image\" content=\"https:\/\/i0.wp.com\/www.chiapatino.com\/wp-content\/uploads\/2022\/01\/edit_2012_ja.webp?fit=2504%2C1669&ssl=1\" \/>\n\t<meta property=\"og:image:width\" content=\"2504\" \/>\n\t<meta property=\"og:image:height\" content=\"1669\" \/>\n\t<meta property=\"og:image:type\" content=\"image\/webp\" \/>\n<meta name=\"twitter:card\" content=\"summary_large_image\" \/>\n<meta name=\"twitter:site\" content=\"@en\" \/>\n<meta name=\"twitter:label1\" content=\"Est. reading time\" \/>\n\t<meta name=\"twitter:data1\" content=\"2 minutes\" \/>\n<script type=\"application\/ld+json\" class=\"yoast-schema-graph\">{\"@context\":\"https:\\\/\\\/schema.org\",\"@graph\":[{\"@type\":\"WebPage\",\"@id\":\"https:\\\/\\\/www.chiapatino.com\\\/home\\\/jarabe-para-el-nuevo-ano\\\/\",\"url\":\"https:\\\/\\\/www.chiapatino.com\\\/home\\\/jarabe-para-el-nuevo-ano\\\/\",\"name\":\"JArabe para el Nuevo A\u00f1o - Chia Pati\u00f1o\",\"isPartOf\":{\"@id\":\"https:\\\/\\\/www.chiapatino.com\\\/home\\\/#website\"},\"primaryImageOfPage\":{\"@id\":\"https:\\\/\\\/www.chiapatino.com\\\/home\\\/jarabe-para-el-nuevo-ano\\\/#primaryimage\"},\"image\":{\"@id\":\"https:\\\/\\\/www.chiapatino.com\\\/home\\\/jarabe-para-el-nuevo-ano\\\/#primaryimage\"},\"thumbnailUrl\":\"https:\\\/\\\/i0.wp.com\\\/www.chiapatino.com\\\/wp-content\\\/uploads\\\/2022\\\/01\\\/edit_2012_ja.webp?fit=2504%2C1669&ssl=1\",\"datePublished\":\"2019-08-28T13:43:47+00:00\",\"dateModified\":\"2022-01-20T16:53:17+00:00\",\"breadcrumb\":{\"@id\":\"https:\\\/\\\/www.chiapatino.com\\\/home\\\/jarabe-para-el-nuevo-ano\\\/#breadcrumb\"},\"inLanguage\":\"en-US\",\"potentialAction\":[{\"@type\":\"ReadAction\",\"target\":[\"https:\\\/\\\/www.chiapatino.com\\\/home\\\/jarabe-para-el-nuevo-ano\\\/\"]}]},{\"@type\":\"ImageObject\",\"inLanguage\":\"en-US\",\"@id\":\"https:\\\/\\\/www.chiapatino.com\\\/home\\\/jarabe-para-el-nuevo-ano\\\/#primaryimage\",\"url\":\"https:\\\/\\\/i0.wp.com\\\/www.chiapatino.com\\\/wp-content\\\/uploads\\\/2022\\\/01\\\/edit_2012_ja.webp?fit=2504%2C1669&ssl=1\",\"contentUrl\":\"https:\\\/\\\/i0.wp.com\\\/www.chiapatino.com\\\/wp-content\\\/uploads\\\/2022\\\/01\\\/edit_2012_ja.webp?fit=2504%2C1669&ssl=1\",\"width\":2504,\"height\":1669},{\"@type\":\"BreadcrumbList\",\"@id\":\"https:\\\/\\\/www.chiapatino.com\\\/home\\\/jarabe-para-el-nuevo-ano\\\/#breadcrumb\",\"itemListElement\":[{\"@type\":\"ListItem\",\"position\":1,\"name\":\"Home\",\"item\":\"https:\\\/\\\/www.chiapatino.com\\\/home\\\/\"},{\"@type\":\"ListItem\",\"position\":2,\"name\":\"JArabe para el Nuevo A\u00f1o\"}]},{\"@type\":\"WebSite\",\"@id\":\"https:\\\/\\\/www.chiapatino.com\\\/home\\\/#website\",\"url\":\"https:\\\/\\\/www.chiapatino.com\\\/home\\\/\",\"name\":\"Chia Pati\u00f1o\",\"description\":\"Portafolio\",\"publisher\":{\"@id\":\"https:\\\/\\\/www.chiapatino.com\\\/home\\\/#\\\/schema\\\/person\\\/f64ab33314c9c8769b4082962d7f5301\"},\"potentialAction\":[{\"@type\":\"SearchAction\",\"target\":{\"@type\":\"EntryPoint\",\"urlTemplate\":\"https:\\\/\\\/www.chiapatino.com\\\/home\\\/?s={search_term_string}\"},\"query-input\":{\"@type\":\"PropertyValueSpecification\",\"valueRequired\":true,\"valueName\":\"search_term_string\"}}],\"inLanguage\":\"en-US\"},{\"@type\":[\"Person\",\"Organization\"],\"@id\":\"https:\\\/\\\/www.chiapatino.com\\\/home\\\/#\\\/schema\\\/person\\\/f64ab33314c9c8769b4082962d7f5301\",\"name\":\"Chia Pati\u00f1o\",\"image\":{\"@type\":\"ImageObject\",\"inLanguage\":\"en-US\",\"@id\":\"https:\\\/\\\/i0.wp.com\\\/www.chiapatino.com\\\/wp-content\\\/uploads\\\/2022\\\/11\\\/chiahs01.webp?fit=960%2C1201&ssl=1\",\"url\":\"https:\\\/\\\/i0.wp.com\\\/www.chiapatino.com\\\/wp-content\\\/uploads\\\/2022\\\/11\\\/chiahs01.webp?fit=960%2C1201&ssl=1\",\"contentUrl\":\"https:\\\/\\\/i0.wp.com\\\/www.chiapatino.com\\\/wp-content\\\/uploads\\\/2022\\\/11\\\/chiahs01.webp?fit=960%2C1201&ssl=1\",\"width\":960,\"height\":1201,\"caption\":\"Chia Pati\u00f1o\"},\"logo\":{\"@id\":\"https:\\\/\\\/i0.wp.com\\\/www.chiapatino.com\\\/wp-content\\\/uploads\\\/2022\\\/11\\\/chiahs01.webp?fit=960%2C1201&ssl=1\"},\"sameAs\":[\"https:\\\/\\\/www.facebook.com\\\/chia.patino\",\"https:\\\/\\\/www.instagram.com\\\/chia.patino\\\/\",\"https:\\\/\\\/x.com\\\/https:\\\/\\\/twitter.com\\\/chpatito?lang=en\"]}]}<\/script>\n<!-- \/ Yoast SEO plugin. -->","yoast_head_json":{"title":"JArabe para el Nuevo A\u00f1o - Chia Pati\u00f1o","robots":{"index":"index","follow":"follow","max-snippet":"max-snippet:-1","max-image-preview":"max-image-preview:large","max-video-preview":"max-video-preview:-1"},"canonical":"https:\/\/www.chiapatino.com\/home\/jarabe-para-el-nuevo-ano\/","og_locale":"en_US","og_type":"article","og_title":"JArabe para el Nuevo A\u00f1o - Chia Pati\u00f1o","og_description":"[vc_row row_height_percent=&#8221;50&#8243; back_image=&#8221;6327&#8243; parallax=&#8221;yes&#8221; kburns=&#8221;yes&#8221; overlay_alpha=&#8221;50&#8243; gutter_size=&#8221;3&#8243; column_width_percent=&#8221;100&#8243; shift_y=&#8221;0&#8243; z_index=&#8221;0&#8243; uncode_shortcode_id=&#8221;516324&#8243; shape_dividers=&#8221;&#8221;][vc_column width=&#8221;1\/1&#8243;][vc_empty_space empty_h=&#8221;2&#8243;][\/vc_column][\/vc_row][vc_row][vc_column column_width_percent=&#8221;100&#8243; gutter_size=&#8221;3&#8243; style=&#8221;dark&#8221; overlay_alpha=&#8221;50&#8243; shift_x=&#8221;0&#8243; shift_y=&#8221;0&#8243; [&hellip;]","og_url":"https:\/\/www.chiapatino.com\/home\/jarabe-para-el-nuevo-ano\/","og_site_name":"Chia Pati\u00f1o","article_publisher":"https:\/\/www.facebook.com\/chia.patino","article_modified_time":"2022-01-20T16:53:17+00:00","og_image":[{"width":2504,"height":1669,"url":"https:\/\/i0.wp.com\/www.chiapatino.com\/wp-content\/uploads\/2022\/01\/edit_2012_ja.webp?fit=2504%2C1669&ssl=1","type":"image\/webp"}],"twitter_card":"summary_large_image","twitter_site":"@en","twitter_misc":{"Est. reading time":"2 minutes"},"schema":{"@context":"https:\/\/schema.org","@graph":[{"@type":"WebPage","@id":"https:\/\/www.chiapatino.com\/home\/jarabe-para-el-nuevo-ano\/","url":"https:\/\/www.chiapatino.com\/home\/jarabe-para-el-nuevo-ano\/","name":"JArabe para el Nuevo A\u00f1o - Chia Pati\u00f1o","isPartOf":{"@id":"https:\/\/www.chiapatino.com\/home\/#website"},"primaryImageOfPage":{"@id":"https:\/\/www.chiapatino.com\/home\/jarabe-para-el-nuevo-ano\/#primaryimage"},"image":{"@id":"https:\/\/www.chiapatino.com\/home\/jarabe-para-el-nuevo-ano\/#primaryimage"},"thumbnailUrl":"https:\/\/i0.wp.com\/www.chiapatino.com\/wp-content\/uploads\/2022\/01\/edit_2012_ja.webp?fit=2504%2C1669&ssl=1","datePublished":"2019-08-28T13:43:47+00:00","dateModified":"2022-01-20T16:53:17+00:00","breadcrumb":{"@id":"https:\/\/www.chiapatino.com\/home\/jarabe-para-el-nuevo-ano\/#breadcrumb"},"inLanguage":"en-US","potentialAction":[{"@type":"ReadAction","target":["https:\/\/www.chiapatino.com\/home\/jarabe-para-el-nuevo-ano\/"]}]},{"@type":"ImageObject","inLanguage":"en-US","@id":"https:\/\/www.chiapatino.com\/home\/jarabe-para-el-nuevo-ano\/#primaryimage","url":"https:\/\/i0.wp.com\/www.chiapatino.com\/wp-content\/uploads\/2022\/01\/edit_2012_ja.webp?fit=2504%2C1669&ssl=1","contentUrl":"https:\/\/i0.wp.com\/www.chiapatino.com\/wp-content\/uploads\/2022\/01\/edit_2012_ja.webp?fit=2504%2C1669&ssl=1","width":2504,"height":1669},{"@type":"BreadcrumbList","@id":"https:\/\/www.chiapatino.com\/home\/jarabe-para-el-nuevo-ano\/#breadcrumb","itemListElement":[{"@type":"ListItem","position":1,"name":"Home","item":"https:\/\/www.chiapatino.com\/home\/"},{"@type":"ListItem","position":2,"name":"JArabe para el Nuevo A\u00f1o"}]},{"@type":"WebSite","@id":"https:\/\/www.chiapatino.com\/home\/#website","url":"https:\/\/www.chiapatino.com\/home\/","name":"Chia Pati\u00f1o","description":"Portafolio","publisher":{"@id":"https:\/\/www.chiapatino.com\/home\/#\/schema\/person\/f64ab33314c9c8769b4082962d7f5301"},"potentialAction":[{"@type":"SearchAction","target":{"@type":"EntryPoint","urlTemplate":"https:\/\/www.chiapatino.com\/home\/?s={search_term_string}"},"query-input":{"@type":"PropertyValueSpecification","valueRequired":true,"valueName":"search_term_string"}}],"inLanguage":"en-US"},{"@type":["Person","Organization"],"@id":"https:\/\/www.chiapatino.com\/home\/#\/schema\/person\/f64ab33314c9c8769b4082962d7f5301","name":"Chia Pati\u00f1o","image":{"@type":"ImageObject","inLanguage":"en-US","@id":"https:\/\/i0.wp.com\/www.chiapatino.com\/wp-content\/uploads\/2022\/11\/chiahs01.webp?fit=960%2C1201&ssl=1","url":"https:\/\/i0.wp.com\/www.chiapatino.com\/wp-content\/uploads\/2022\/11\/chiahs01.webp?fit=960%2C1201&ssl=1","contentUrl":"https:\/\/i0.wp.com\/www.chiapatino.com\/wp-content\/uploads\/2022\/11\/chiahs01.webp?fit=960%2C1201&ssl=1","width":960,"height":1201,"caption":"Chia Pati\u00f1o"},"logo":{"@id":"https:\/\/i0.wp.com\/www.chiapatino.com\/wp-content\/uploads\/2022\/11\/chiahs01.webp?fit=960%2C1201&ssl=1"},"sameAs":["https:\/\/www.facebook.com\/chia.patino","https:\/\/www.instagram.com\/chia.patino\/","https:\/\/x.com\/https:\/\/twitter.com\/chpatito?lang=en"]}]}},"jetpack_shortlink":"https:\/\/wp.me\/Pb5Ra3-h3","jetpack_sharing_enabled":true,"_links":{"self":[{"href":"https:\/\/www.chiapatino.com\/home\/wp-json\/wp\/v2\/pages\/1057","targetHints":{"allow":["GET"]}}],"collection":[{"href":"https:\/\/www.chiapatino.com\/home\/wp-json\/wp\/v2\/pages"}],"about":[{"href":"https:\/\/www.chiapatino.com\/home\/wp-json\/wp\/v2\/types\/page"}],"author":[{"embeddable":true,"href":"https:\/\/www.chiapatino.com\/home\/wp-json\/wp\/v2\/users\/1"}],"replies":[{"embeddable":true,"href":"https:\/\/www.chiapatino.com\/home\/wp-json\/wp\/v2\/comments?post=1057"}],"version-history":[{"count":12,"href":"https:\/\/www.chiapatino.com\/home\/wp-json\/wp\/v2\/pages\/1057\/revisions"}],"predecessor-version":[{"id":6328,"href":"https:\/\/www.chiapatino.com\/home\/wp-json\/wp\/v2\/pages\/1057\/revisions\/6328"}],"wp:featuredmedia":[{"embeddable":true,"href":"https:\/\/www.chiapatino.com\/home\/wp-json\/wp\/v2\/media\/6327"}],"wp:attachment":[{"href":"https:\/\/www.chiapatino.com\/home\/wp-json\/wp\/v2\/media?parent=1057"}],"curies":[{"name":"wp","href":"https:\/\/api.w.org\/{rel}","templated":true}]}}