{"id":1312,"date":"2019-08-30T13:08:19","date_gmt":"2019-08-30T13:08:19","guid":{"rendered":"https:\/\/www.chiapatino.com\/?page_id=1312"},"modified":"2022-01-20T17:47:45","modified_gmt":"2022-01-20T17:47:45","slug":"las-lecciones-del-mundial","status":"publish","type":"page","link":"https:\/\/www.chiapatino.com\/home\/las-lecciones-del-mundial\/","title":{"rendered":"Las Lecciones del Mundial"},"content":{"rendered":"<div class=\"wpb-content-wrapper\"><p>[vc_row row_height_percent=&#8221;50&#8243; back_image=&#8221;6344&#8243; back_position=&#8221;center top&#8221; kburns=&#8221;yes&#8221; overlay_alpha=&#8221;50&#8243; gutter_size=&#8221;3&#8243; column_width_percent=&#8221;100&#8243; shift_y=&#8221;0&#8243; z_index=&#8221;0&#8243; uncode_shortcode_id=&#8221;120852&#8243; shape_dividers=&#8221;&#8221;][vc_column width=&#8221;1\/1&#8243;][vc_empty_space empty_h=&#8221;2&#8243;][\/vc_column][\/vc_row][vc_row][vc_column column_width_percent=&#8221;100&#8243; gutter_size=&#8221;3&#8243; style=&#8221;dark&#8221; overlay_alpha=&#8221;50&#8243; shift_x=&#8221;0&#8243; shift_y=&#8221;0&#8243; shift_y_down=&#8221;0&#8243; z_index=&#8221;0&#8243; medium_width=&#8221;0&#8243; mobile_width=&#8221;0&#8243; width=&#8221;1\/1&#8243;][vc_empty_space empty_h=&#8221;2&#8243;][vc_custom_heading]<\/p>\n<h2>Las Lecciones del Mundial<\/h2>\n<p>[\/vc_custom_heading][vc_column_text]Es muy f\u00e1cil perder la perspectiva en el deporte. La meta est\u00e1 siempre m\u00e1s all\u00e1 de la obvia. Meter un gol, ganar un partido, clasificar al Mundial, ganar un partido, meter un gol. Las metas pueden ser un pal\u00edndromo y el fin suele ser un comienzo. Perder la vista de la meta tras la meta es un error que puede darnos una victoria inmediata, pero sacarnos de la recta final.<\/p>\n<p>Conservar las metas claras. Acordarnos de cu\u00e1l es la batalla relevante. No perder la fe hasta que el \u00e1rbitro pite y marque un verdadero final. Porque tomar decisiones ignorando al otro equipo lleva muchas veces a un mal entendimiento del juego. Contar con que a un equipo le vaya mal es una manera cobarde de ganar. El m\u00e9rito tiene que venir de adentro, del juego con valent\u00eda, \u00edntegro, honesto. Eso crea un equipo imbatible.<\/p>\n<p>Pensar que un jugador es indispensable desencaden\u00f3 en decir que Alemania enfrentaba a Ronaldo. Y as\u00ed Alemania aplast\u00f3 sin piedad a Portugal, no al individuo. Como Messi no es Argentina, ni Valencia, Ecuador. Son todos o nadie. Pero a quien es clave en la victoria hay que apoyarlo, cuidarlo, sobre todo cuando est\u00e1 ca\u00eddo, levantarlo. Eso hace un equipo fuerte. Y este Mundial ha demostrado como ning\u00fan otro, que el equipo sereno puede triunfar sobre el fuerte. Y que David puede seguir venciendo a Goliat.<\/p>\n<p>Esto entra a imprenta antes de nuestro juego crucial y quiz\u00e1s final: Ecuador contra Francia. Que gane el mejor, quien lo merezca. Pues por lo pronto este Mundial es un fiel reflejo de que gana quien merece ganar, no quien viene de campe\u00f3n y siente que tiene la carta ganadora. Y eso inspira a seguir avanzando con paciencia, y luchando no solo por el empate hasta el segundo final, sino por el gol que nos d\u00e9 el triunfo.<\/p>\n<p>&nbsp;<\/p>\n<p style=\"text-align: right;\"><strong>Ch\u00eda Pati\u00f1o<\/strong>, <em>Directora Art\u00edstica Ejecutiva<\/em><\/p>\n<p style=\"text-align: right;\">Julio, 2014<\/p>\n<p>[\/vc_column_text][vc_button button_color=&#8221;color-nhtu&#8221; border_width=&#8221;0&#8243; link=&#8221;url:https%3A%2F%2Fwww.teatrosucre.com%2Fsites%2Fdefault%2Ffiles%2F07_julio2014.pdf||target:%20_blank|&#8221;]DESDE EL TEATRO #102[\/vc_button][vc_empty_space empty_h=&#8221;4&#8243;][\/vc_column][\/vc_row]<\/p>\n<\/div>","protected":false},"excerpt":{"rendered":"<p>[vc_row row_height_percent=&#8221;50&#8243; back_image=&#8221;6344&#8243; back_position=&#8221;center top&#8221; kburns=&#8221;yes&#8221; overlay_alpha=&#8221;50&#8243; gutter_size=&#8221;3&#8243; column_width_percent=&#8221;100&#8243; shift_y=&#8221;0&#8243; z_index=&#8221;0&#8243; uncode_shortcode_id=&#8221;120852&#8243; shape_dividers=&#8221;&#8221;][vc_column width=&#8221;1\/1&#8243;][vc_empty_space empty_h=&#8221;2&#8243;][\/vc_column][\/vc_row][vc_row][vc_column column_width_percent=&#8221;100&#8243; gutter_size=&#8221;3&#8243; style=&#8221;dark&#8221; overlay_alpha=&#8221;50&#8243; shift_x=&#8221;0&#8243; [&hellip;]<\/p>\n","protected":false},"author":1,"featured_media":6344,"parent":0,"menu_order":0,"comment_status":"closed","ping_status":"closed","template":"","meta":{"footnotes":""},"class_list":["post-1312","page","type-page","status-publish","has-post-thumbnail","hentry","page_category-editorial"],"yoast_head":"<!-- This site is optimized with the Yoast SEO plugin v27.4 - https:\/\/yoast.com\/product\/yoast-seo-wordpress\/ -->\n<title>Las Lecciones del Mundial - Chia Pati\u00f1o<\/title>\n<meta name=\"robots\" content=\"index, follow, max-snippet:-1, max-image-preview:large, max-video-preview:-1\" \/>\n<link rel=\"canonical\" href=\"https:\/\/www.chiapatino.com\/home\/las-lecciones-del-mundial\/\" \/>\n<meta property=\"og:locale\" content=\"en_US\" \/>\n<meta property=\"og:type\" content=\"article\" \/>\n<meta property=\"og:title\" content=\"Las Lecciones del Mundial - Chia Pati\u00f1o\" \/>\n<meta property=\"og:description\" content=\"[vc_row row_height_percent=&#8221;50&#8243; back_image=&#8221;6344&#8243; back_position=&#8221;center top&#8221; kburns=&#8221;yes&#8221; overlay_alpha=&#8221;50&#8243; gutter_size=&#8221;3&#8243; column_width_percent=&#8221;100&#8243; shift_y=&#8221;0&#8243; z_index=&#8221;0&#8243; uncode_shortcode_id=&#8221;120852&#8243; shape_dividers=&#8221;&#8221;][vc_column width=&#8221;1\/1&#8243;][vc_empty_space empty_h=&#8221;2&#8243;][\/vc_column][\/vc_row][vc_row][vc_column column_width_percent=&#8221;100&#8243; gutter_size=&#8221;3&#8243; style=&#8221;dark&#8221; overlay_alpha=&#8221;50&#8243; shift_x=&#8221;0&#8243; [&hellip;]\" \/>\n<meta property=\"og:url\" content=\"https:\/\/www.chiapatino.com\/home\/las-lecciones-del-mundial\/\" \/>\n<meta property=\"og:site_name\" content=\"Chia Pati\u00f1o\" \/>\n<meta property=\"article:publisher\" content=\"https:\/\/www.facebook.com\/chia.patino\" \/>\n<meta property=\"article:modified_time\" content=\"2022-01-20T17:47:45+00:00\" \/>\n<meta property=\"og:image\" content=\"https:\/\/i0.wp.com\/www.chiapatino.com\/wp-content\/uploads\/2022\/01\/edit_2014_apmundial.webp?fit=1152%2C768&ssl=1\" \/>\n\t<meta property=\"og:image:width\" content=\"1152\" \/>\n\t<meta property=\"og:image:height\" content=\"768\" \/>\n\t<meta property=\"og:image:type\" content=\"image\/webp\" \/>\n<meta name=\"twitter:card\" content=\"summary_large_image\" \/>\n<meta name=\"twitter:site\" content=\"@en\" \/>\n<meta name=\"twitter:label1\" content=\"Est. reading time\" \/>\n\t<meta name=\"twitter:data1\" content=\"2 minutes\" \/>\n<script type=\"application\/ld+json\" class=\"yoast-schema-graph\">{\"@context\":\"https:\\\/\\\/schema.org\",\"@graph\":[{\"@type\":\"WebPage\",\"@id\":\"https:\\\/\\\/www.chiapatino.com\\\/home\\\/las-lecciones-del-mundial\\\/\",\"url\":\"https:\\\/\\\/www.chiapatino.com\\\/home\\\/las-lecciones-del-mundial\\\/\",\"name\":\"Las Lecciones del Mundial - Chia Pati\u00f1o\",\"isPartOf\":{\"@id\":\"https:\\\/\\\/www.chiapatino.com\\\/home\\\/#website\"},\"primaryImageOfPage\":{\"@id\":\"https:\\\/\\\/www.chiapatino.com\\\/home\\\/las-lecciones-del-mundial\\\/#primaryimage\"},\"image\":{\"@id\":\"https:\\\/\\\/www.chiapatino.com\\\/home\\\/las-lecciones-del-mundial\\\/#primaryimage\"},\"thumbnailUrl\":\"https:\\\/\\\/i0.wp.com\\\/www.chiapatino.com\\\/wp-content\\\/uploads\\\/2022\\\/01\\\/edit_2014_apmundial.webp?fit=1152%2C768&ssl=1\",\"datePublished\":\"2019-08-30T13:08:19+00:00\",\"dateModified\":\"2022-01-20T17:47:45+00:00\",\"breadcrumb\":{\"@id\":\"https:\\\/\\\/www.chiapatino.com\\\/home\\\/las-lecciones-del-mundial\\\/#breadcrumb\"},\"inLanguage\":\"en-US\",\"potentialAction\":[{\"@type\":\"ReadAction\",\"target\":[\"https:\\\/\\\/www.chiapatino.com\\\/home\\\/las-lecciones-del-mundial\\\/\"]}]},{\"@type\":\"ImageObject\",\"inLanguage\":\"en-US\",\"@id\":\"https:\\\/\\\/www.chiapatino.com\\\/home\\\/las-lecciones-del-mundial\\\/#primaryimage\",\"url\":\"https:\\\/\\\/i0.wp.com\\\/www.chiapatino.com\\\/wp-content\\\/uploads\\\/2022\\\/01\\\/edit_2014_apmundial.webp?fit=1152%2C768&ssl=1\",\"contentUrl\":\"https:\\\/\\\/i0.wp.com\\\/www.chiapatino.com\\\/wp-content\\\/uploads\\\/2022\\\/01\\\/edit_2014_apmundial.webp?fit=1152%2C768&ssl=1\",\"width\":1152,\"height\":768},{\"@type\":\"BreadcrumbList\",\"@id\":\"https:\\\/\\\/www.chiapatino.com\\\/home\\\/las-lecciones-del-mundial\\\/#breadcrumb\",\"itemListElement\":[{\"@type\":\"ListItem\",\"position\":1,\"name\":\"Home\",\"item\":\"https:\\\/\\\/www.chiapatino.com\\\/home\\\/\"},{\"@type\":\"ListItem\",\"position\":2,\"name\":\"Las Lecciones del Mundial\"}]},{\"@type\":\"WebSite\",\"@id\":\"https:\\\/\\\/www.chiapatino.com\\\/home\\\/#website\",\"url\":\"https:\\\/\\\/www.chiapatino.com\\\/home\\\/\",\"name\":\"Chia Pati\u00f1o\",\"description\":\"Portafolio\",\"publisher\":{\"@id\":\"https:\\\/\\\/www.chiapatino.com\\\/home\\\/#\\\/schema\\\/person\\\/f64ab33314c9c8769b4082962d7f5301\"},\"potentialAction\":[{\"@type\":\"SearchAction\",\"target\":{\"@type\":\"EntryPoint\",\"urlTemplate\":\"https:\\\/\\\/www.chiapatino.com\\\/home\\\/?s={search_term_string}\"},\"query-input\":{\"@type\":\"PropertyValueSpecification\",\"valueRequired\":true,\"valueName\":\"search_term_string\"}}],\"inLanguage\":\"en-US\"},{\"@type\":[\"Person\",\"Organization\"],\"@id\":\"https:\\\/\\\/www.chiapatino.com\\\/home\\\/#\\\/schema\\\/person\\\/f64ab33314c9c8769b4082962d7f5301\",\"name\":\"Chia Pati\u00f1o\",\"image\":{\"@type\":\"ImageObject\",\"inLanguage\":\"en-US\",\"@id\":\"https:\\\/\\\/i0.wp.com\\\/www.chiapatino.com\\\/wp-content\\\/uploads\\\/2022\\\/11\\\/chiahs01.webp?fit=960%2C1201&ssl=1\",\"url\":\"https:\\\/\\\/i0.wp.com\\\/www.chiapatino.com\\\/wp-content\\\/uploads\\\/2022\\\/11\\\/chiahs01.webp?fit=960%2C1201&ssl=1\",\"contentUrl\":\"https:\\\/\\\/i0.wp.com\\\/www.chiapatino.com\\\/wp-content\\\/uploads\\\/2022\\\/11\\\/chiahs01.webp?fit=960%2C1201&ssl=1\",\"width\":960,\"height\":1201,\"caption\":\"Chia Pati\u00f1o\"},\"logo\":{\"@id\":\"https:\\\/\\\/i0.wp.com\\\/www.chiapatino.com\\\/wp-content\\\/uploads\\\/2022\\\/11\\\/chiahs01.webp?fit=960%2C1201&ssl=1\"},\"sameAs\":[\"https:\\\/\\\/www.facebook.com\\\/chia.patino\",\"https:\\\/\\\/www.instagram.com\\\/chia.patino\\\/\",\"https:\\\/\\\/x.com\\\/https:\\\/\\\/twitter.com\\\/chpatito?lang=en\"]}]}<\/script>\n<!-- \/ Yoast SEO plugin. -->","yoast_head_json":{"title":"Las Lecciones del Mundial - Chia Pati\u00f1o","robots":{"index":"index","follow":"follow","max-snippet":"max-snippet:-1","max-image-preview":"max-image-preview:large","max-video-preview":"max-video-preview:-1"},"canonical":"https:\/\/www.chiapatino.com\/home\/las-lecciones-del-mundial\/","og_locale":"en_US","og_type":"article","og_title":"Las Lecciones del Mundial - Chia Pati\u00f1o","og_description":"[vc_row row_height_percent=&#8221;50&#8243; back_image=&#8221;6344&#8243; back_position=&#8221;center top&#8221; kburns=&#8221;yes&#8221; overlay_alpha=&#8221;50&#8243; gutter_size=&#8221;3&#8243; column_width_percent=&#8221;100&#8243; shift_y=&#8221;0&#8243; z_index=&#8221;0&#8243; uncode_shortcode_id=&#8221;120852&#8243; shape_dividers=&#8221;&#8221;][vc_column width=&#8221;1\/1&#8243;][vc_empty_space empty_h=&#8221;2&#8243;][\/vc_column][\/vc_row][vc_row][vc_column column_width_percent=&#8221;100&#8243; gutter_size=&#8221;3&#8243; style=&#8221;dark&#8221; overlay_alpha=&#8221;50&#8243; shift_x=&#8221;0&#8243; [&hellip;]","og_url":"https:\/\/www.chiapatino.com\/home\/las-lecciones-del-mundial\/","og_site_name":"Chia Pati\u00f1o","article_publisher":"https:\/\/www.facebook.com\/chia.patino","article_modified_time":"2022-01-20T17:47:45+00:00","og_image":[{"width":1152,"height":768,"url":"https:\/\/i0.wp.com\/www.chiapatino.com\/wp-content\/uploads\/2022\/01\/edit_2014_apmundial.webp?fit=1152%2C768&ssl=1","type":"image\/webp"}],"twitter_card":"summary_large_image","twitter_site":"@en","twitter_misc":{"Est. reading time":"2 minutes"},"schema":{"@context":"https:\/\/schema.org","@graph":[{"@type":"WebPage","@id":"https:\/\/www.chiapatino.com\/home\/las-lecciones-del-mundial\/","url":"https:\/\/www.chiapatino.com\/home\/las-lecciones-del-mundial\/","name":"Las Lecciones del Mundial - Chia Pati\u00f1o","isPartOf":{"@id":"https:\/\/www.chiapatino.com\/home\/#website"},"primaryImageOfPage":{"@id":"https:\/\/www.chiapatino.com\/home\/las-lecciones-del-mundial\/#primaryimage"},"image":{"@id":"https:\/\/www.chiapatino.com\/home\/las-lecciones-del-mundial\/#primaryimage"},"thumbnailUrl":"https:\/\/i0.wp.com\/www.chiapatino.com\/wp-content\/uploads\/2022\/01\/edit_2014_apmundial.webp?fit=1152%2C768&ssl=1","datePublished":"2019-08-30T13:08:19+00:00","dateModified":"2022-01-20T17:47:45+00:00","breadcrumb":{"@id":"https:\/\/www.chiapatino.com\/home\/las-lecciones-del-mundial\/#breadcrumb"},"inLanguage":"en-US","potentialAction":[{"@type":"ReadAction","target":["https:\/\/www.chiapatino.com\/home\/las-lecciones-del-mundial\/"]}]},{"@type":"ImageObject","inLanguage":"en-US","@id":"https:\/\/www.chiapatino.com\/home\/las-lecciones-del-mundial\/#primaryimage","url":"https:\/\/i0.wp.com\/www.chiapatino.com\/wp-content\/uploads\/2022\/01\/edit_2014_apmundial.webp?fit=1152%2C768&ssl=1","contentUrl":"https:\/\/i0.wp.com\/www.chiapatino.com\/wp-content\/uploads\/2022\/01\/edit_2014_apmundial.webp?fit=1152%2C768&ssl=1","width":1152,"height":768},{"@type":"BreadcrumbList","@id":"https:\/\/www.chiapatino.com\/home\/las-lecciones-del-mundial\/#breadcrumb","itemListElement":[{"@type":"ListItem","position":1,"name":"Home","item":"https:\/\/www.chiapatino.com\/home\/"},{"@type":"ListItem","position":2,"name":"Las Lecciones del Mundial"}]},{"@type":"WebSite","@id":"https:\/\/www.chiapatino.com\/home\/#website","url":"https:\/\/www.chiapatino.com\/home\/","name":"Chia Pati\u00f1o","description":"Portafolio","publisher":{"@id":"https:\/\/www.chiapatino.com\/home\/#\/schema\/person\/f64ab33314c9c8769b4082962d7f5301"},"potentialAction":[{"@type":"SearchAction","target":{"@type":"EntryPoint","urlTemplate":"https:\/\/www.chiapatino.com\/home\/?s={search_term_string}"},"query-input":{"@type":"PropertyValueSpecification","valueRequired":true,"valueName":"search_term_string"}}],"inLanguage":"en-US"},{"@type":["Person","Organization"],"@id":"https:\/\/www.chiapatino.com\/home\/#\/schema\/person\/f64ab33314c9c8769b4082962d7f5301","name":"Chia Pati\u00f1o","image":{"@type":"ImageObject","inLanguage":"en-US","@id":"https:\/\/i0.wp.com\/www.chiapatino.com\/wp-content\/uploads\/2022\/11\/chiahs01.webp?fit=960%2C1201&ssl=1","url":"https:\/\/i0.wp.com\/www.chiapatino.com\/wp-content\/uploads\/2022\/11\/chiahs01.webp?fit=960%2C1201&ssl=1","contentUrl":"https:\/\/i0.wp.com\/www.chiapatino.com\/wp-content\/uploads\/2022\/11\/chiahs01.webp?fit=960%2C1201&ssl=1","width":960,"height":1201,"caption":"Chia Pati\u00f1o"},"logo":{"@id":"https:\/\/i0.wp.com\/www.chiapatino.com\/wp-content\/uploads\/2022\/11\/chiahs01.webp?fit=960%2C1201&ssl=1"},"sameAs":["https:\/\/www.facebook.com\/chia.patino","https:\/\/www.instagram.com\/chia.patino\/","https:\/\/x.com\/https:\/\/twitter.com\/chpatito?lang=en"]}]}},"jetpack_shortlink":"https:\/\/wp.me\/Pb5Ra3-la","jetpack_sharing_enabled":true,"_links":{"self":[{"href":"https:\/\/www.chiapatino.com\/home\/wp-json\/wp\/v2\/pages\/1312","targetHints":{"allow":["GET"]}}],"collection":[{"href":"https:\/\/www.chiapatino.com\/home\/wp-json\/wp\/v2\/pages"}],"about":[{"href":"https:\/\/www.chiapatino.com\/home\/wp-json\/wp\/v2\/types\/page"}],"author":[{"embeddable":true,"href":"https:\/\/www.chiapatino.com\/home\/wp-json\/wp\/v2\/users\/1"}],"replies":[{"embeddable":true,"href":"https:\/\/www.chiapatino.com\/home\/wp-json\/wp\/v2\/comments?post=1312"}],"version-history":[{"count":10,"href":"https:\/\/www.chiapatino.com\/home\/wp-json\/wp\/v2\/pages\/1312\/revisions"}],"predecessor-version":[{"id":6345,"href":"https:\/\/www.chiapatino.com\/home\/wp-json\/wp\/v2\/pages\/1312\/revisions\/6345"}],"wp:featuredmedia":[{"embeddable":true,"href":"https:\/\/www.chiapatino.com\/home\/wp-json\/wp\/v2\/media\/6344"}],"wp:attachment":[{"href":"https:\/\/www.chiapatino.com\/home\/wp-json\/wp\/v2\/media?parent=1312"}],"curies":[{"name":"wp","href":"https:\/\/api.w.org\/{rel}","templated":true}]}}