{"id":2378,"date":"2019-09-19T13:03:30","date_gmt":"2019-09-19T13:03:30","guid":{"rendered":"https:\/\/www.chiapatino.com\/?page_id=2378"},"modified":"2024-06-22T17:49:11","modified_gmt":"2024-06-22T17:49:11","slug":"apesarde","status":"publish","type":"page","link":"https:\/\/www.chiapatino.com\/home\/apesarde\/","title":{"rendered":"A pesar de&#8230;"},"content":{"rendered":"<div class=\"wpb-content-wrapper\"><p>[vc_row unlock_row_content=&#8221;yes&#8221; row_height_percent=&#8221;50&#8243; back_image=&#8221;7400&#8243; back_position=&#8221;center center&#8221; overlay_alpha=&#8221;50&#8243; gutter_size=&#8221;3&#8243; column_width_percent=&#8221;100&#8243; shift_y=&#8221;0&#8243; z_index=&#8221;0&#8243; uncode_shortcode_id=&#8221;380712&#8243;][vc_column width=&#8221;1\/1&#8243;][vc_empty_space empty_h=&#8221;2&#8243;][vc_empty_space empty_h=&#8221;2&#8243;][\/vc_column][\/vc_row][vc_row][vc_column column_width_percent=&#8221;100&#8243; gutter_size=&#8221;3&#8243; style=&#8221;dark&#8221; overlay_alpha=&#8221;50&#8243; shift_x=&#8221;0&#8243; shift_y=&#8221;0&#8243; shift_y_down=&#8221;0&#8243; z_index=&#8221;0&#8243; medium_width=&#8221;0&#8243; mobile_width=&#8221;0&#8243; width=&#8221;1\/1&#8243;][vc_empty_space empty_h=&#8221;2&#8243;][vc_custom_heading]<\/p>\n<h2>A pesar de&#8230;<\/h2>\n<p>[\/vc_custom_heading][vc_column_text]Me alucina la resiliencia humana. Esa capacidad de crear a pesar de estar rodeados de una raza que demuestra ser el par\u00e1sito que est\u00e1 acabando el planeta. La capacidad de so\u00f1ar. De imaginar y alcanzar metas reales o no reales, a pesar de que no sean importantes. Empiezo a entender que nuestro futuro est\u00e1 en nuestras manos, a pesar de que son otros los que toman las decisiones. Es en las cosas peque\u00f1as donde reside lo importante, y no me canso de repetirlo, a pesar de que este no es el primer editorial que habla de esto.<\/p>\n<p>Les invito a vivir los productos de la creaci\u00f3n humana. La experiencia cultural es un tri\u00e1ngulo, y la audiencia es necesaria: creador-productor-audiencia. Lo importante es entender que al \ufb01nal de la vivencia, la audiencia es parte creativa de esta l\u00ednea que termina siendo un punto, pues es una vivencia sincr\u00f3nica de estas tres partes.<\/p>\n<p>Llega Agosto, verano de las artes! Una ciudad cambia cuando valora lo que tiene, y este mes des\ufb01lan un sin \ufb01n de propuestas de todos los g\u00e9neros y en todos los territorios, pues es certero que una gran cantidad de audiencia tiene tiempo entre sus manos: vacaciones! Se anuncia ya el nuevo Festival de la Luz. El Itchimb\u00eda recibe m\u00fasica de todos los gustos, teatro, danza. Siempre hay artistas callejeros. Quito Turismo aporta con un nuevo encuentro gastron\u00f3mico con su Sal Quite\u00f1a. Todas las instituciones de el municipio se alinean para ofrecer a los quite\u00f1os una raz\u00f3n de salir y recordar por qu\u00e9 nuestra capital es una de las m\u00e1s visitadas cada a\u00f1o.<\/p>\n<p>Vivan el tiempo, no lo maten! A pesar de que nos han vendido esta idea absurda del capitalismo y como alien\u00edgenas llenamos los centros comerciales para tener cosas a pesar de no necesitarlas. Apaguen los celulares y olv\u00eddenlos en casa. Encontrar\u00e1n que tienen m\u00e1s recuerdos a pesar de no tener sel\ufb01es. M\u00e1s amigos a pesar de no tener los innumerables \u201cme gusta\u201d. Les puedo asegurar que cada evento vivido y compartido en un teatro, en un concierto, en un museo, en la calle\u2026 a pesar de no tener precio, son las joyas que les queda adentro, y no hay ladr\u00f3n que pueda robarlas.<\/p>\n<p>&nbsp;<\/p>\n<p>&nbsp;<\/p>\n<p style=\"text-align: right;\"><strong>Ch\u00eda Pati\u00f1o<\/strong>, <em>Directora Art\u00edstica &#8211; Ejecutiva<\/em><\/p>\n<p style=\"text-align: right;\">Agosto, 2017<\/p>\n<p>[\/vc_column_text][vc_button button_color=&#8221;color-nhtu&#8221; border_width=&#8221;0&#8243; link=&#8221;url:https%3A%2F%2Fwww.teatrosucre.com%2Fsites%2Fdefault%2Ffiles%2F08_agosto2017.pdf||target:%20_blank|&#8221;]DESDEL TEATRO #139[\/vc_button][vc_empty_space empty_h=&#8221;4&#8243;][\/vc_column][\/vc_row]<\/p>\n<\/div>","protected":false},"excerpt":{"rendered":"<p>Me alucina la resiliencia humana. Esa capacidad de crear a pesar de estar rodeados de una raza que demuestra ser el par\u00e1sito que est\u00e1 acabando el planeta. La capacidad de so\u00f1ar. De imaginar y alcanzar metas reales o no reales, a pesar de que no sean importantes. Empiezo a entender que nuestro futuro est\u00e1 en nuestras manos, a pesar de que son otros los que toman las decisiones.<\/p>\n","protected":false},"author":1,"featured_media":7400,"parent":0,"menu_order":0,"comment_status":"closed","ping_status":"closed","template":"","meta":{"footnotes":""},"class_list":["post-2378","page","type-page","status-publish","has-post-thumbnail","hentry","page_category-editorial"],"yoast_head":"<!-- This site is optimized with the Yoast SEO plugin v27.4 - https:\/\/yoast.com\/product\/yoast-seo-wordpress\/ -->\n<title>A pesar de... - Chia Pati\u00f1o<\/title>\n<meta name=\"description\" content=\"Me alucina la resiliencia humana. Esa capacidad de crear a pesar de estar rodeados de una raza que demuestra ser el par\u00e1sito que est\u00e1 acabando el planeta. La capacidad de so\u00f1ar. De imaginar y alcanzar metas reales o no reales, a pesar de que no sean importantes. Empiezo a entender que nuestro futuro est\u00e1 en nuestras manos, a pesar de que son otros los que toman las decisiones.\" \/>\n<meta name=\"robots\" content=\"index, follow, max-snippet:-1, max-image-preview:large, max-video-preview:-1\" \/>\n<link rel=\"canonical\" href=\"https:\/\/www.chiapatino.com\/home\/apesarde\/\" \/>\n<meta property=\"og:locale\" content=\"en_US\" \/>\n<meta property=\"og:type\" content=\"article\" \/>\n<meta property=\"og:title\" content=\"A pesar de... - Chia Pati\u00f1o\" \/>\n<meta property=\"og:description\" content=\"Me alucina la resiliencia humana. Esa capacidad de crear a pesar de estar rodeados de una raza que demuestra ser el par\u00e1sito que est\u00e1 acabando el planeta. La capacidad de so\u00f1ar. De imaginar y alcanzar metas reales o no reales, a pesar de que no sean importantes. Empiezo a entender que nuestro futuro est\u00e1 en nuestras manos, a pesar de que son otros los que toman las decisiones.\" \/>\n<meta property=\"og:url\" content=\"https:\/\/www.chiapatino.com\/home\/apesarde\/\" \/>\n<meta property=\"og:site_name\" content=\"Chia Pati\u00f1o\" \/>\n<meta property=\"article:publisher\" content=\"https:\/\/www.facebook.com\/chia.patino\" \/>\n<meta property=\"article:modified_time\" content=\"2024-06-22T17:49:11+00:00\" \/>\n<meta property=\"og:image\" content=\"https:\/\/www.chiapatino.com\/wp-content\/uploads\/2022\/11\/requiem_07.webp\" \/>\n\t<meta property=\"og:image:width\" content=\"1382\" \/>\n\t<meta property=\"og:image:height\" content=\"1037\" \/>\n\t<meta property=\"og:image:type\" content=\"image\/webp\" \/>\n<meta name=\"twitter:card\" content=\"summary_large_image\" \/>\n<meta name=\"twitter:site\" content=\"@en\" \/>\n<meta name=\"twitter:label1\" content=\"Est. reading time\" \/>\n\t<meta name=\"twitter:data1\" content=\"3 minutes\" \/>\n<script type=\"application\/ld+json\" class=\"yoast-schema-graph\">{\"@context\":\"https:\\\/\\\/schema.org\",\"@graph\":[{\"@type\":\"WebPage\",\"@id\":\"https:\\\/\\\/www.chiapatino.com\\\/home\\\/apesarde\\\/\",\"url\":\"https:\\\/\\\/www.chiapatino.com\\\/home\\\/apesarde\\\/\",\"name\":\"A pesar de... - Chia Pati\u00f1o\",\"isPartOf\":{\"@id\":\"https:\\\/\\\/www.chiapatino.com\\\/home\\\/#website\"},\"primaryImageOfPage\":{\"@id\":\"https:\\\/\\\/www.chiapatino.com\\\/home\\\/apesarde\\\/#primaryimage\"},\"image\":{\"@id\":\"https:\\\/\\\/www.chiapatino.com\\\/home\\\/apesarde\\\/#primaryimage\"},\"thumbnailUrl\":\"https:\\\/\\\/i0.wp.com\\\/www.chiapatino.com\\\/wp-content\\\/uploads\\\/2022\\\/11\\\/requiem_07.webp?fit=1382%2C1037&ssl=1\",\"datePublished\":\"2019-09-19T13:03:30+00:00\",\"dateModified\":\"2024-06-22T17:49:11+00:00\",\"description\":\"Me alucina la resiliencia humana. Esa capacidad de crear a pesar de estar rodeados de una raza que demuestra ser el par\u00e1sito que est\u00e1 acabando el planeta. La capacidad de so\u00f1ar. De imaginar y alcanzar metas reales o no reales, a pesar de que no sean importantes. Empiezo a entender que nuestro futuro est\u00e1 en nuestras manos, a pesar de que son otros los que toman las decisiones.\",\"breadcrumb\":{\"@id\":\"https:\\\/\\\/www.chiapatino.com\\\/home\\\/apesarde\\\/#breadcrumb\"},\"inLanguage\":\"en-US\",\"potentialAction\":[{\"@type\":\"ReadAction\",\"target\":[\"https:\\\/\\\/www.chiapatino.com\\\/home\\\/apesarde\\\/\"]}]},{\"@type\":\"ImageObject\",\"inLanguage\":\"en-US\",\"@id\":\"https:\\\/\\\/www.chiapatino.com\\\/home\\\/apesarde\\\/#primaryimage\",\"url\":\"https:\\\/\\\/i0.wp.com\\\/www.chiapatino.com\\\/wp-content\\\/uploads\\\/2022\\\/11\\\/requiem_07.webp?fit=1382%2C1037&ssl=1\",\"contentUrl\":\"https:\\\/\\\/i0.wp.com\\\/www.chiapatino.com\\\/wp-content\\\/uploads\\\/2022\\\/11\\\/requiem_07.webp?fit=1382%2C1037&ssl=1\",\"width\":1382,\"height\":1037},{\"@type\":\"BreadcrumbList\",\"@id\":\"https:\\\/\\\/www.chiapatino.com\\\/home\\\/apesarde\\\/#breadcrumb\",\"itemListElement\":[{\"@type\":\"ListItem\",\"position\":1,\"name\":\"Home\",\"item\":\"https:\\\/\\\/www.chiapatino.com\\\/home\\\/\"},{\"@type\":\"ListItem\",\"position\":2,\"name\":\"A pesar de&#8230;\"}]},{\"@type\":\"WebSite\",\"@id\":\"https:\\\/\\\/www.chiapatino.com\\\/home\\\/#website\",\"url\":\"https:\\\/\\\/www.chiapatino.com\\\/home\\\/\",\"name\":\"Chia Pati\u00f1o\",\"description\":\"Portafolio\",\"publisher\":{\"@id\":\"https:\\\/\\\/www.chiapatino.com\\\/home\\\/#\\\/schema\\\/person\\\/f64ab33314c9c8769b4082962d7f5301\"},\"potentialAction\":[{\"@type\":\"SearchAction\",\"target\":{\"@type\":\"EntryPoint\",\"urlTemplate\":\"https:\\\/\\\/www.chiapatino.com\\\/home\\\/?s={search_term_string}\"},\"query-input\":{\"@type\":\"PropertyValueSpecification\",\"valueRequired\":true,\"valueName\":\"search_term_string\"}}],\"inLanguage\":\"en-US\"},{\"@type\":[\"Person\",\"Organization\"],\"@id\":\"https:\\\/\\\/www.chiapatino.com\\\/home\\\/#\\\/schema\\\/person\\\/f64ab33314c9c8769b4082962d7f5301\",\"name\":\"Chia Pati\u00f1o\",\"image\":{\"@type\":\"ImageObject\",\"inLanguage\":\"en-US\",\"@id\":\"https:\\\/\\\/i0.wp.com\\\/www.chiapatino.com\\\/wp-content\\\/uploads\\\/2022\\\/11\\\/chiahs01.webp?fit=960%2C1201&ssl=1\",\"url\":\"https:\\\/\\\/i0.wp.com\\\/www.chiapatino.com\\\/wp-content\\\/uploads\\\/2022\\\/11\\\/chiahs01.webp?fit=960%2C1201&ssl=1\",\"contentUrl\":\"https:\\\/\\\/i0.wp.com\\\/www.chiapatino.com\\\/wp-content\\\/uploads\\\/2022\\\/11\\\/chiahs01.webp?fit=960%2C1201&ssl=1\",\"width\":960,\"height\":1201,\"caption\":\"Chia Pati\u00f1o\"},\"logo\":{\"@id\":\"https:\\\/\\\/i0.wp.com\\\/www.chiapatino.com\\\/wp-content\\\/uploads\\\/2022\\\/11\\\/chiahs01.webp?fit=960%2C1201&ssl=1\"},\"sameAs\":[\"https:\\\/\\\/www.facebook.com\\\/chia.patino\",\"https:\\\/\\\/www.instagram.com\\\/chia.patino\\\/\",\"https:\\\/\\\/x.com\\\/https:\\\/\\\/twitter.com\\\/chpatito?lang=en\"]}]}<\/script>\n<!-- \/ Yoast SEO plugin. -->","yoast_head_json":{"title":"A pesar de... - Chia Pati\u00f1o","description":"Me alucina la resiliencia humana. Esa capacidad de crear a pesar de estar rodeados de una raza que demuestra ser el par\u00e1sito que est\u00e1 acabando el planeta. La capacidad de so\u00f1ar. De imaginar y alcanzar metas reales o no reales, a pesar de que no sean importantes. Empiezo a entender que nuestro futuro est\u00e1 en nuestras manos, a pesar de que son otros los que toman las decisiones.","robots":{"index":"index","follow":"follow","max-snippet":"max-snippet:-1","max-image-preview":"max-image-preview:large","max-video-preview":"max-video-preview:-1"},"canonical":"https:\/\/www.chiapatino.com\/home\/apesarde\/","og_locale":"en_US","og_type":"article","og_title":"A pesar de... - Chia Pati\u00f1o","og_description":"Me alucina la resiliencia humana. Esa capacidad de crear a pesar de estar rodeados de una raza que demuestra ser el par\u00e1sito que est\u00e1 acabando el planeta. La capacidad de so\u00f1ar. De imaginar y alcanzar metas reales o no reales, a pesar de que no sean importantes. Empiezo a entender que nuestro futuro est\u00e1 en nuestras manos, a pesar de que son otros los que toman las decisiones.","og_url":"https:\/\/www.chiapatino.com\/home\/apesarde\/","og_site_name":"Chia Pati\u00f1o","article_publisher":"https:\/\/www.facebook.com\/chia.patino","article_modified_time":"2024-06-22T17:49:11+00:00","og_image":[{"width":1382,"height":1037,"url":"https:\/\/www.chiapatino.com\/wp-content\/uploads\/2022\/11\/requiem_07.webp","type":"image\/webp"}],"twitter_card":"summary_large_image","twitter_site":"@en","twitter_misc":{"Est. reading time":"3 minutes"},"schema":{"@context":"https:\/\/schema.org","@graph":[{"@type":"WebPage","@id":"https:\/\/www.chiapatino.com\/home\/apesarde\/","url":"https:\/\/www.chiapatino.com\/home\/apesarde\/","name":"A pesar de... - Chia Pati\u00f1o","isPartOf":{"@id":"https:\/\/www.chiapatino.com\/home\/#website"},"primaryImageOfPage":{"@id":"https:\/\/www.chiapatino.com\/home\/apesarde\/#primaryimage"},"image":{"@id":"https:\/\/www.chiapatino.com\/home\/apesarde\/#primaryimage"},"thumbnailUrl":"https:\/\/i0.wp.com\/www.chiapatino.com\/wp-content\/uploads\/2022\/11\/requiem_07.webp?fit=1382%2C1037&ssl=1","datePublished":"2019-09-19T13:03:30+00:00","dateModified":"2024-06-22T17:49:11+00:00","description":"Me alucina la resiliencia humana. Esa capacidad de crear a pesar de estar rodeados de una raza que demuestra ser el par\u00e1sito que est\u00e1 acabando el planeta. La capacidad de so\u00f1ar. De imaginar y alcanzar metas reales o no reales, a pesar de que no sean importantes. Empiezo a entender que nuestro futuro est\u00e1 en nuestras manos, a pesar de que son otros los que toman las decisiones.","breadcrumb":{"@id":"https:\/\/www.chiapatino.com\/home\/apesarde\/#breadcrumb"},"inLanguage":"en-US","potentialAction":[{"@type":"ReadAction","target":["https:\/\/www.chiapatino.com\/home\/apesarde\/"]}]},{"@type":"ImageObject","inLanguage":"en-US","@id":"https:\/\/www.chiapatino.com\/home\/apesarde\/#primaryimage","url":"https:\/\/i0.wp.com\/www.chiapatino.com\/wp-content\/uploads\/2022\/11\/requiem_07.webp?fit=1382%2C1037&ssl=1","contentUrl":"https:\/\/i0.wp.com\/www.chiapatino.com\/wp-content\/uploads\/2022\/11\/requiem_07.webp?fit=1382%2C1037&ssl=1","width":1382,"height":1037},{"@type":"BreadcrumbList","@id":"https:\/\/www.chiapatino.com\/home\/apesarde\/#breadcrumb","itemListElement":[{"@type":"ListItem","position":1,"name":"Home","item":"https:\/\/www.chiapatino.com\/home\/"},{"@type":"ListItem","position":2,"name":"A pesar de&#8230;"}]},{"@type":"WebSite","@id":"https:\/\/www.chiapatino.com\/home\/#website","url":"https:\/\/www.chiapatino.com\/home\/","name":"Chia Pati\u00f1o","description":"Portafolio","publisher":{"@id":"https:\/\/www.chiapatino.com\/home\/#\/schema\/person\/f64ab33314c9c8769b4082962d7f5301"},"potentialAction":[{"@type":"SearchAction","target":{"@type":"EntryPoint","urlTemplate":"https:\/\/www.chiapatino.com\/home\/?s={search_term_string}"},"query-input":{"@type":"PropertyValueSpecification","valueRequired":true,"valueName":"search_term_string"}}],"inLanguage":"en-US"},{"@type":["Person","Organization"],"@id":"https:\/\/www.chiapatino.com\/home\/#\/schema\/person\/f64ab33314c9c8769b4082962d7f5301","name":"Chia Pati\u00f1o","image":{"@type":"ImageObject","inLanguage":"en-US","@id":"https:\/\/i0.wp.com\/www.chiapatino.com\/wp-content\/uploads\/2022\/11\/chiahs01.webp?fit=960%2C1201&ssl=1","url":"https:\/\/i0.wp.com\/www.chiapatino.com\/wp-content\/uploads\/2022\/11\/chiahs01.webp?fit=960%2C1201&ssl=1","contentUrl":"https:\/\/i0.wp.com\/www.chiapatino.com\/wp-content\/uploads\/2022\/11\/chiahs01.webp?fit=960%2C1201&ssl=1","width":960,"height":1201,"caption":"Chia Pati\u00f1o"},"logo":{"@id":"https:\/\/i0.wp.com\/www.chiapatino.com\/wp-content\/uploads\/2022\/11\/chiahs01.webp?fit=960%2C1201&ssl=1"},"sameAs":["https:\/\/www.facebook.com\/chia.patino","https:\/\/www.instagram.com\/chia.patino\/","https:\/\/x.com\/https:\/\/twitter.com\/chpatito?lang=en"]}]}},"jetpack_shortlink":"https:\/\/wp.me\/Pb5Ra3-Cm","jetpack_sharing_enabled":true,"_links":{"self":[{"href":"https:\/\/www.chiapatino.com\/home\/wp-json\/wp\/v2\/pages\/2378","targetHints":{"allow":["GET"]}}],"collection":[{"href":"https:\/\/www.chiapatino.com\/home\/wp-json\/wp\/v2\/pages"}],"about":[{"href":"https:\/\/www.chiapatino.com\/home\/wp-json\/wp\/v2\/types\/page"}],"author":[{"embeddable":true,"href":"https:\/\/www.chiapatino.com\/home\/wp-json\/wp\/v2\/users\/1"}],"replies":[{"embeddable":true,"href":"https:\/\/www.chiapatino.com\/home\/wp-json\/wp\/v2\/comments?post=2378"}],"version-history":[{"count":11,"href":"https:\/\/www.chiapatino.com\/home\/wp-json\/wp\/v2\/pages\/2378\/revisions"}],"predecessor-version":[{"id":9209,"href":"https:\/\/www.chiapatino.com\/home\/wp-json\/wp\/v2\/pages\/2378\/revisions\/9209"}],"wp:featuredmedia":[{"embeddable":true,"href":"https:\/\/www.chiapatino.com\/home\/wp-json\/wp\/v2\/media\/7400"}],"wp:attachment":[{"href":"https:\/\/www.chiapatino.com\/home\/wp-json\/wp\/v2\/media?parent=2378"}],"curies":[{"name":"wp","href":"https:\/\/api.w.org\/{rel}","templated":true}]}}