{"id":2408,"date":"2019-09-19T17:34:31","date_gmt":"2019-09-19T17:34:31","guid":{"rendered":"https:\/\/www.chiapatino.com\/?page_id=2408"},"modified":"2022-01-20T21:55:53","modified_gmt":"2022-01-20T21:55:53","slug":"apoyanos","status":"publish","type":"page","link":"https:\/\/www.chiapatino.com\/home\/apoyanos\/","title":{"rendered":"Compra tus entradas y \u00a1APOYANOS!"},"content":{"rendered":"<div class=\"wpb-content-wrapper\"><p>[vc_row row_height_percent=&#8221;50&#8243; back_image=&#8221;6363&#8243; back_position=&#8221;center center&#8221; kburns=&#8221;yes&#8221; overlay_alpha=&#8221;50&#8243; gutter_size=&#8221;3&#8243; column_width_percent=&#8221;100&#8243; shift_y=&#8221;0&#8243; z_index=&#8221;0&#8243; uncode_shortcode_id=&#8221;429484&#8243; shape_dividers=&#8221;&#8221;][vc_column width=&#8221;1\/1&#8243;][vc_empty_space empty_h=&#8221;2&#8243;][\/vc_column][\/vc_row][vc_row][vc_column column_width_percent=&#8221;100&#8243; gutter_size=&#8221;3&#8243; style=&#8221;dark&#8221; overlay_alpha=&#8221;50&#8243; shift_x=&#8221;0&#8243; shift_y=&#8221;0&#8243; shift_y_down=&#8221;0&#8243; z_index=&#8221;0&#8243; medium_width=&#8221;0&#8243; mobile_width=&#8221;0&#8243; width=&#8221;1\/1&#8243;][vc_empty_space empty_h=&#8221;2&#8243;][vc_custom_heading]<\/p>\n<h2>Compra tus\u00a0entradas\u00a0y \u00a1APOYANOS!<\/h2>\n<p>[\/vc_custom_heading][vc_column_text]Quisiera poder escribir de nuevo de sue\u00f1os o ideales. Pero no es el momento. Es tiempo de pedir apoyo para esta Fundaci\u00f3n, pues al momento esta casa no alcanzar\u00e1 a cumplir sus metas del 2016, a menos que reciba el respaldo de quienes nos han acompa\u00f1ado en nuestros espacios y eventos. No pedimos donaciones: pedimos que tu apoyo sea la compra de las entradas para nuestros eventos de junio. Llenar el aforo este mes nos permitir\u00e1 mantener la programaci\u00f3n que hemos armado. Se vuelve imposible hacerlo de otra manera, as\u00ed que es tiempo de sacudir la pereza y venir a apoyarnos&#8230;<\/p>\n<p>\u00bfDisfrutaste Joyce DiDonato o Daniel Hope? \u00bfLos eventos del Festival Internacional de M\u00fasica Sacra? \u00bfTe gusta la m\u00fasica cl\u00e1sica? \u00bfEl chelo como instrumento? \u00bfLos nuevos grandes virtuosos del mundo? Acomp\u00e1\u00f1anos el 2 de junio y goza de Leonard Elschenbroich y Alexei Grynuk: compra tus entradas y ap\u00f3yanos.<\/p>\n<p>\u00bfBuscas eventos para toda la familia? E[ disco ganador del Grammy Latino llega a nuestro teatro con la maravillosa Marta G\u00f3mez, el domingo 5 de junio, a medio d\u00eda. Planea tu visita con toda la familia, disfruta del Centro Hist\u00f3rico en la magia de sus domingos sin ruido y tr\u00e1fico: compra tus entradas y ap\u00f3yanos.<\/p>\n<p>\u00bfA\u00fan recuerdas nuestro Faust, Despertares, La Rondine, West Side Story, Luisa Fernanda o Sweeney Todd? Contra viento y marea llegamos a nuestro escenario con una versi\u00f3n propia de Los Miserables, el maravilloso musical basado en la incre\u00edble obra de Victor Hugo, que demuestra traspasar la historia y mantenerse vigente: Tenemos cuatro funciones para que vengas: del 23 al 26 de junio: Compara tus entradas y ap\u00f3yanos.<\/p>\n<p>\u00bfHas disfrutado de nuestros programas? \u00bfFestival Ecuador Jazz? \u00bfFestival Internacional de M\u00fasica Sacra? \u00bfEscenario Joven? \u00bfCine en los Barrios? \u00bfClases magistrales o conferencias? \u00bfPuertas abiertas para conocer a los artistas que nos visitan? \u00bfTeatro, m\u00fasica o danza en nuestros espacios? \u00bfla Orquesta de Instrumentos Andinos, la Banda Sinf\u00f3nica Metropolitana de Quito? \u00bfE[ Ensamble de Guitarras, el Coro Mixto Ciudad de Quito, el Coro Juvenil o el Coro Infantil de [a Fundaci\u00f3n? \u00bfLa Escueta L\u00edrica? \u00bfEl Grupo Yavirac o Voz Mestiza? \u00bfNuestro Sucre Viajero? \u00a1compra tu entrada y ap\u00f3yanos!<\/p>\n<p>Apoyarnos es f\u00e1cil, y al momento es necesario. La linea generosa que ha mantenido la Fundaci\u00f3n estos \u00faltimos a\u00f1os, manteniendo nuestros espect\u00e1culos alcanzables con descuentos siempre, adem\u00e1s del descuento para estudiantes, es posible solo si contamos con la contraparte: que se llenen los teatros.<\/p>\n<p>Junio marcar\u00e1 lo que ser\u00e1 la Fundaci\u00f3n el siguiente semestre: necesitamos tu apoyo para seguir. \u00bfCompras tu entrada?<\/p>\n<p>&nbsp;<\/p>\n<p style=\"text-align: right;\"><strong>Ch\u00eda Pati\u00f1o<\/strong>, <em>Directora Art\u00edstica &#8211; Ejecutiva<\/em><\/p>\n<p style=\"text-align: right;\">Junio, 2016<\/p>\n<p>[\/vc_column_text][vc_button button_color=&#8221;color-nhtu&#8221; border_width=&#8221;0&#8243; link=&#8221;url:https%3A%2F%2Fwww.teatrosucre.com%2Fsites%2Fdefault%2Ffiles%2F06_junio2016.pdf||target:%20_blank|&#8221;]DESDEL TEATRO #125[\/vc_button][vc_empty_space empty_h=&#8221;5&#8243;][vc_empty_space empty_h=&#8221;5&#8243;][\/vc_column][\/vc_row]<\/p>\n<\/div>","protected":false},"excerpt":{"rendered":"<p>[vc_row row_height_percent=&#8221;50&#8243; back_image=&#8221;6363&#8243; back_position=&#8221;center center&#8221; kburns=&#8221;yes&#8221; overlay_alpha=&#8221;50&#8243; gutter_size=&#8221;3&#8243; column_width_percent=&#8221;100&#8243; shift_y=&#8221;0&#8243; z_index=&#8221;0&#8243; uncode_shortcode_id=&#8221;429484&#8243; shape_dividers=&#8221;&#8221;][vc_column width=&#8221;1\/1&#8243;][vc_empty_space empty_h=&#8221;2&#8243;][\/vc_column][\/vc_row][vc_row][vc_column column_width_percent=&#8221;100&#8243; gutter_size=&#8221;3&#8243; style=&#8221;dark&#8221; overlay_alpha=&#8221;50&#8243; shift_x=&#8221;0&#8243; [&hellip;]<\/p>\n","protected":false},"author":1,"featured_media":6363,"parent":0,"menu_order":0,"comment_status":"closed","ping_status":"closed","template":"","meta":{"footnotes":""},"class_list":["post-2408","page","type-page","status-publish","has-post-thumbnail","hentry","page_category-editorial"],"yoast_head":"<!-- This site is optimized with the Yoast SEO plugin v27.4 - https:\/\/yoast.com\/product\/yoast-seo-wordpress\/ -->\n<title>Compra tus entradas y \u00a1APOYANOS! - Chia Pati\u00f1o<\/title>\n<meta name=\"robots\" content=\"index, follow, max-snippet:-1, max-image-preview:large, max-video-preview:-1\" \/>\n<link rel=\"canonical\" href=\"https:\/\/www.chiapatino.com\/home\/apoyanos\/\" \/>\n<meta property=\"og:locale\" content=\"en_US\" \/>\n<meta property=\"og:type\" content=\"article\" \/>\n<meta property=\"og:title\" content=\"Compra tus entradas y \u00a1APOYANOS! - Chia Pati\u00f1o\" \/>\n<meta property=\"og:description\" content=\"[vc_row row_height_percent=&#8221;50&#8243; back_image=&#8221;6363&#8243; back_position=&#8221;center center&#8221; kburns=&#8221;yes&#8221; overlay_alpha=&#8221;50&#8243; gutter_size=&#8221;3&#8243; column_width_percent=&#8221;100&#8243; shift_y=&#8221;0&#8243; z_index=&#8221;0&#8243; uncode_shortcode_id=&#8221;429484&#8243; shape_dividers=&#8221;&#8221;][vc_column width=&#8221;1\/1&#8243;][vc_empty_space empty_h=&#8221;2&#8243;][\/vc_column][\/vc_row][vc_row][vc_column column_width_percent=&#8221;100&#8243; gutter_size=&#8221;3&#8243; style=&#8221;dark&#8221; overlay_alpha=&#8221;50&#8243; shift_x=&#8221;0&#8243; [&hellip;]\" \/>\n<meta property=\"og:url\" content=\"https:\/\/www.chiapatino.com\/home\/apoyanos\/\" \/>\n<meta property=\"og:site_name\" content=\"Chia Pati\u00f1o\" \/>\n<meta property=\"article:publisher\" content=\"https:\/\/www.facebook.com\/chia.patino\" \/>\n<meta property=\"article:modified_time\" content=\"2022-01-20T21:55:53+00:00\" \/>\n<meta property=\"og:image\" content=\"https:\/\/i0.wp.com\/www.chiapatino.com\/wp-content\/uploads\/2022\/01\/edit_2016_apoyo.webp?fit=886%2C590&ssl=1\" \/>\n\t<meta property=\"og:image:width\" content=\"886\" \/>\n\t<meta property=\"og:image:height\" content=\"590\" \/>\n\t<meta property=\"og:image:type\" content=\"image\/webp\" \/>\n<meta name=\"twitter:card\" content=\"summary_large_image\" \/>\n<meta name=\"twitter:site\" content=\"@en\" \/>\n<meta name=\"twitter:label1\" content=\"Est. reading time\" \/>\n\t<meta name=\"twitter:data1\" content=\"3 minutes\" \/>\n<script type=\"application\/ld+json\" class=\"yoast-schema-graph\">{\"@context\":\"https:\\\/\\\/schema.org\",\"@graph\":[{\"@type\":\"WebPage\",\"@id\":\"https:\\\/\\\/www.chiapatino.com\\\/home\\\/apoyanos\\\/\",\"url\":\"https:\\\/\\\/www.chiapatino.com\\\/home\\\/apoyanos\\\/\",\"name\":\"Compra tus entradas y \u00a1APOYANOS! - Chia Pati\u00f1o\",\"isPartOf\":{\"@id\":\"https:\\\/\\\/www.chiapatino.com\\\/home\\\/#website\"},\"primaryImageOfPage\":{\"@id\":\"https:\\\/\\\/www.chiapatino.com\\\/home\\\/apoyanos\\\/#primaryimage\"},\"image\":{\"@id\":\"https:\\\/\\\/www.chiapatino.com\\\/home\\\/apoyanos\\\/#primaryimage\"},\"thumbnailUrl\":\"https:\\\/\\\/i0.wp.com\\\/www.chiapatino.com\\\/wp-content\\\/uploads\\\/2022\\\/01\\\/edit_2016_apoyo.webp?fit=886%2C590&ssl=1\",\"datePublished\":\"2019-09-19T17:34:31+00:00\",\"dateModified\":\"2022-01-20T21:55:53+00:00\",\"breadcrumb\":{\"@id\":\"https:\\\/\\\/www.chiapatino.com\\\/home\\\/apoyanos\\\/#breadcrumb\"},\"inLanguage\":\"en-US\",\"potentialAction\":[{\"@type\":\"ReadAction\",\"target\":[\"https:\\\/\\\/www.chiapatino.com\\\/home\\\/apoyanos\\\/\"]}]},{\"@type\":\"ImageObject\",\"inLanguage\":\"en-US\",\"@id\":\"https:\\\/\\\/www.chiapatino.com\\\/home\\\/apoyanos\\\/#primaryimage\",\"url\":\"https:\\\/\\\/i0.wp.com\\\/www.chiapatino.com\\\/wp-content\\\/uploads\\\/2022\\\/01\\\/edit_2016_apoyo.webp?fit=886%2C590&ssl=1\",\"contentUrl\":\"https:\\\/\\\/i0.wp.com\\\/www.chiapatino.com\\\/wp-content\\\/uploads\\\/2022\\\/01\\\/edit_2016_apoyo.webp?fit=886%2C590&ssl=1\",\"width\":886,\"height\":590},{\"@type\":\"BreadcrumbList\",\"@id\":\"https:\\\/\\\/www.chiapatino.com\\\/home\\\/apoyanos\\\/#breadcrumb\",\"itemListElement\":[{\"@type\":\"ListItem\",\"position\":1,\"name\":\"Home\",\"item\":\"https:\\\/\\\/www.chiapatino.com\\\/home\\\/\"},{\"@type\":\"ListItem\",\"position\":2,\"name\":\"Compra tus entradas y \u00a1APOYANOS!\"}]},{\"@type\":\"WebSite\",\"@id\":\"https:\\\/\\\/www.chiapatino.com\\\/home\\\/#website\",\"url\":\"https:\\\/\\\/www.chiapatino.com\\\/home\\\/\",\"name\":\"Chia Pati\u00f1o\",\"description\":\"Portafolio\",\"publisher\":{\"@id\":\"https:\\\/\\\/www.chiapatino.com\\\/home\\\/#\\\/schema\\\/person\\\/f64ab33314c9c8769b4082962d7f5301\"},\"potentialAction\":[{\"@type\":\"SearchAction\",\"target\":{\"@type\":\"EntryPoint\",\"urlTemplate\":\"https:\\\/\\\/www.chiapatino.com\\\/home\\\/?s={search_term_string}\"},\"query-input\":{\"@type\":\"PropertyValueSpecification\",\"valueRequired\":true,\"valueName\":\"search_term_string\"}}],\"inLanguage\":\"en-US\"},{\"@type\":[\"Person\",\"Organization\"],\"@id\":\"https:\\\/\\\/www.chiapatino.com\\\/home\\\/#\\\/schema\\\/person\\\/f64ab33314c9c8769b4082962d7f5301\",\"name\":\"Chia Pati\u00f1o\",\"image\":{\"@type\":\"ImageObject\",\"inLanguage\":\"en-US\",\"@id\":\"https:\\\/\\\/i0.wp.com\\\/www.chiapatino.com\\\/wp-content\\\/uploads\\\/2022\\\/11\\\/chiahs01.webp?fit=960%2C1201&ssl=1\",\"url\":\"https:\\\/\\\/i0.wp.com\\\/www.chiapatino.com\\\/wp-content\\\/uploads\\\/2022\\\/11\\\/chiahs01.webp?fit=960%2C1201&ssl=1\",\"contentUrl\":\"https:\\\/\\\/i0.wp.com\\\/www.chiapatino.com\\\/wp-content\\\/uploads\\\/2022\\\/11\\\/chiahs01.webp?fit=960%2C1201&ssl=1\",\"width\":960,\"height\":1201,\"caption\":\"Chia Pati\u00f1o\"},\"logo\":{\"@id\":\"https:\\\/\\\/i0.wp.com\\\/www.chiapatino.com\\\/wp-content\\\/uploads\\\/2022\\\/11\\\/chiahs01.webp?fit=960%2C1201&ssl=1\"},\"sameAs\":[\"https:\\\/\\\/www.facebook.com\\\/chia.patino\",\"https:\\\/\\\/www.instagram.com\\\/chia.patino\\\/\",\"https:\\\/\\\/x.com\\\/https:\\\/\\\/twitter.com\\\/chpatito?lang=en\"]}]}<\/script>\n<!-- \/ Yoast SEO plugin. -->","yoast_head_json":{"title":"Compra tus entradas y \u00a1APOYANOS! - Chia Pati\u00f1o","robots":{"index":"index","follow":"follow","max-snippet":"max-snippet:-1","max-image-preview":"max-image-preview:large","max-video-preview":"max-video-preview:-1"},"canonical":"https:\/\/www.chiapatino.com\/home\/apoyanos\/","og_locale":"en_US","og_type":"article","og_title":"Compra tus entradas y \u00a1APOYANOS! - Chia Pati\u00f1o","og_description":"[vc_row row_height_percent=&#8221;50&#8243; back_image=&#8221;6363&#8243; back_position=&#8221;center center&#8221; kburns=&#8221;yes&#8221; overlay_alpha=&#8221;50&#8243; gutter_size=&#8221;3&#8243; column_width_percent=&#8221;100&#8243; shift_y=&#8221;0&#8243; z_index=&#8221;0&#8243; uncode_shortcode_id=&#8221;429484&#8243; shape_dividers=&#8221;&#8221;][vc_column width=&#8221;1\/1&#8243;][vc_empty_space empty_h=&#8221;2&#8243;][\/vc_column][\/vc_row][vc_row][vc_column column_width_percent=&#8221;100&#8243; gutter_size=&#8221;3&#8243; style=&#8221;dark&#8221; overlay_alpha=&#8221;50&#8243; shift_x=&#8221;0&#8243; [&hellip;]","og_url":"https:\/\/www.chiapatino.com\/home\/apoyanos\/","og_site_name":"Chia Pati\u00f1o","article_publisher":"https:\/\/www.facebook.com\/chia.patino","article_modified_time":"2022-01-20T21:55:53+00:00","og_image":[{"width":886,"height":590,"url":"https:\/\/i0.wp.com\/www.chiapatino.com\/wp-content\/uploads\/2022\/01\/edit_2016_apoyo.webp?fit=886%2C590&ssl=1","type":"image\/webp"}],"twitter_card":"summary_large_image","twitter_site":"@en","twitter_misc":{"Est. reading time":"3 minutes"},"schema":{"@context":"https:\/\/schema.org","@graph":[{"@type":"WebPage","@id":"https:\/\/www.chiapatino.com\/home\/apoyanos\/","url":"https:\/\/www.chiapatino.com\/home\/apoyanos\/","name":"Compra tus entradas y \u00a1APOYANOS! - Chia Pati\u00f1o","isPartOf":{"@id":"https:\/\/www.chiapatino.com\/home\/#website"},"primaryImageOfPage":{"@id":"https:\/\/www.chiapatino.com\/home\/apoyanos\/#primaryimage"},"image":{"@id":"https:\/\/www.chiapatino.com\/home\/apoyanos\/#primaryimage"},"thumbnailUrl":"https:\/\/i0.wp.com\/www.chiapatino.com\/wp-content\/uploads\/2022\/01\/edit_2016_apoyo.webp?fit=886%2C590&ssl=1","datePublished":"2019-09-19T17:34:31+00:00","dateModified":"2022-01-20T21:55:53+00:00","breadcrumb":{"@id":"https:\/\/www.chiapatino.com\/home\/apoyanos\/#breadcrumb"},"inLanguage":"en-US","potentialAction":[{"@type":"ReadAction","target":["https:\/\/www.chiapatino.com\/home\/apoyanos\/"]}]},{"@type":"ImageObject","inLanguage":"en-US","@id":"https:\/\/www.chiapatino.com\/home\/apoyanos\/#primaryimage","url":"https:\/\/i0.wp.com\/www.chiapatino.com\/wp-content\/uploads\/2022\/01\/edit_2016_apoyo.webp?fit=886%2C590&ssl=1","contentUrl":"https:\/\/i0.wp.com\/www.chiapatino.com\/wp-content\/uploads\/2022\/01\/edit_2016_apoyo.webp?fit=886%2C590&ssl=1","width":886,"height":590},{"@type":"BreadcrumbList","@id":"https:\/\/www.chiapatino.com\/home\/apoyanos\/#breadcrumb","itemListElement":[{"@type":"ListItem","position":1,"name":"Home","item":"https:\/\/www.chiapatino.com\/home\/"},{"@type":"ListItem","position":2,"name":"Compra tus entradas y \u00a1APOYANOS!"}]},{"@type":"WebSite","@id":"https:\/\/www.chiapatino.com\/home\/#website","url":"https:\/\/www.chiapatino.com\/home\/","name":"Chia Pati\u00f1o","description":"Portafolio","publisher":{"@id":"https:\/\/www.chiapatino.com\/home\/#\/schema\/person\/f64ab33314c9c8769b4082962d7f5301"},"potentialAction":[{"@type":"SearchAction","target":{"@type":"EntryPoint","urlTemplate":"https:\/\/www.chiapatino.com\/home\/?s={search_term_string}"},"query-input":{"@type":"PropertyValueSpecification","valueRequired":true,"valueName":"search_term_string"}}],"inLanguage":"en-US"},{"@type":["Person","Organization"],"@id":"https:\/\/www.chiapatino.com\/home\/#\/schema\/person\/f64ab33314c9c8769b4082962d7f5301","name":"Chia Pati\u00f1o","image":{"@type":"ImageObject","inLanguage":"en-US","@id":"https:\/\/i0.wp.com\/www.chiapatino.com\/wp-content\/uploads\/2022\/11\/chiahs01.webp?fit=960%2C1201&ssl=1","url":"https:\/\/i0.wp.com\/www.chiapatino.com\/wp-content\/uploads\/2022\/11\/chiahs01.webp?fit=960%2C1201&ssl=1","contentUrl":"https:\/\/i0.wp.com\/www.chiapatino.com\/wp-content\/uploads\/2022\/11\/chiahs01.webp?fit=960%2C1201&ssl=1","width":960,"height":1201,"caption":"Chia Pati\u00f1o"},"logo":{"@id":"https:\/\/i0.wp.com\/www.chiapatino.com\/wp-content\/uploads\/2022\/11\/chiahs01.webp?fit=960%2C1201&ssl=1"},"sameAs":["https:\/\/www.facebook.com\/chia.patino","https:\/\/www.instagram.com\/chia.patino\/","https:\/\/x.com\/https:\/\/twitter.com\/chpatito?lang=en"]}]}},"jetpack_shortlink":"https:\/\/wp.me\/Pb5Ra3-CQ","jetpack_sharing_enabled":true,"_links":{"self":[{"href":"https:\/\/www.chiapatino.com\/home\/wp-json\/wp\/v2\/pages\/2408","targetHints":{"allow":["GET"]}}],"collection":[{"href":"https:\/\/www.chiapatino.com\/home\/wp-json\/wp\/v2\/pages"}],"about":[{"href":"https:\/\/www.chiapatino.com\/home\/wp-json\/wp\/v2\/types\/page"}],"author":[{"embeddable":true,"href":"https:\/\/www.chiapatino.com\/home\/wp-json\/wp\/v2\/users\/1"}],"replies":[{"embeddable":true,"href":"https:\/\/www.chiapatino.com\/home\/wp-json\/wp\/v2\/comments?post=2408"}],"version-history":[{"count":9,"href":"https:\/\/www.chiapatino.com\/home\/wp-json\/wp\/v2\/pages\/2408\/revisions"}],"predecessor-version":[{"id":6364,"href":"https:\/\/www.chiapatino.com\/home\/wp-json\/wp\/v2\/pages\/2408\/revisions\/6364"}],"wp:featuredmedia":[{"embeddable":true,"href":"https:\/\/www.chiapatino.com\/home\/wp-json\/wp\/v2\/media\/6363"}],"wp:attachment":[{"href":"https:\/\/www.chiapatino.com\/home\/wp-json\/wp\/v2\/media?parent=2408"}],"curies":[{"name":"wp","href":"https:\/\/api.w.org\/{rel}","templated":true}]}}