{"id":2418,"date":"2019-09-19T18:08:21","date_gmt":"2019-09-19T18:08:21","guid":{"rendered":"https:\/\/www.chiapatino.com\/?page_id=2418"},"modified":"2022-01-20T21:59:13","modified_gmt":"2022-01-20T21:59:13","slug":"cerramos","status":"publish","type":"page","link":"https:\/\/www.chiapatino.com\/home\/cerramos\/","title":{"rendered":"\u00a1Cerramos los Miserables!"},"content":{"rendered":"<div class=\"wpb-content-wrapper\"><p>[vc_row row_height_percent=&#8221;50&#8243; override_padding=&#8221;yes&#8221; h_padding=&#8221;0&#8243; top_padding=&#8221;0&#8243; bottom_padding=&#8221;0&#8243; back_image=&#8221;6365&#8243; back_position=&#8221;center top&#8221; kburns=&#8221;yes&#8221; overlay_alpha=&#8221;50&#8243; gutter_size=&#8221;3&#8243; column_width_percent=&#8221;100&#8243; shift_y=&#8221;0&#8243; z_index=&#8221;0&#8243; uncode_shortcode_id=&#8221;196038&#8243; shape_dividers=&#8221;&#8221;][vc_column width=&#8221;1\/1&#8243;][vc_empty_space empty_h=&#8221;2&#8243;][\/vc_column][\/vc_row][vc_row][vc_column column_width_percent=&#8221;100&#8243; gutter_size=&#8221;3&#8243; style=&#8221;dark&#8221; overlay_alpha=&#8221;50&#8243; shift_x=&#8221;0&#8243; shift_y=&#8221;0&#8243; shift_y_down=&#8221;0&#8243; z_index=&#8221;0&#8243; medium_width=&#8221;0&#8243; mobile_width=&#8221;0&#8243; width=&#8221;1\/1&#8243;][vc_empty_space empty_h=&#8221;2&#8243;][vc_custom_heading]<\/p>\n<h3>\u00a1Cerramos los Miserables!<\/h3>\n<p>[\/vc_custom_heading][vc_column_text]\u00a1Cerramos Los Miserables!&#8230; Doscientas personas y pico moviendose al mismo tiempo, m\u00e1s de quinientos vestuarios, dos a\u00f1os de trabajo y concepci\u00f3n, un a\u00f1o de producci\u00f3n, seis meses de preparaci\u00f3n musical, dos meses de preparaci\u00f3n coral, seis semanas de ensayos esc\u00e9nicos, dos semanas de ensayos orquestales, una semana t\u00e9cnica, dos ensayos generales abiertos al p\u00fablico y, finalmente, cuatro funciones agotadas.<\/p>\n<p>Lo que el p\u00fablico ve: luces, vestuario, escenograf\u00eda, solistas y coros. Lo que ve sin necesariamente percibir la relevancia de su trabajo: nuestro Director Musical, los m\u00fasicos de la orquesta en la fosa, las pianistas acompa\u00f1antes y los t\u00e9cnicos, aquellos h\u00e9roes esenciales para sostener el ritmo de esta obra.<\/p>\n<p>El secreto mejor guardado: la Directora Coral que prepar\u00f3 a los cantantes en un intenso trabajo por perfeccionar musicalmente su afinaci\u00f3n y dicci\u00f3n para empezar a matizar esc\u00e9nicamente el montaje.<\/p>\n<p>A quienes aplaudimos sin conocer o entender por qu\u00e9: los dise\u00f1adores de escenograf\u00eda, vestuario, luces, sonido, maquillaje y peluquer\u00eda, com\u00fanmente reconocidos como<em> &#8220;los ping\u00fcinos&#8221;<\/em>, por su elegante entrada en frac al final de la obra.<\/p>\n<p>Y tos grandes oficios invisibles sin cuyo apoyo y trabajo nada hubiese sido posible: los asistentes de direcci\u00f3n y jefes de piso, los sonidistas, los tramoyistas, los realizadores, los utileros, los soldadores, los pintores, los carpinteros, los productores, los administrativos, los financieros, los asesores legales, el departamento de comunicaci\u00f3n con su campa\u00f1a de dise\u00f1o gr\u00e1fico, audiovisual, relaciones p\u00fablicas, marketing y fotograf\u00eda, los choferes, el personal de seguridad, limpieza y log\u00edstica, adem\u00e1s de todas las personas que se involucraron en este montaje de una u otra generosa forma.<\/p>\n<p>Sacar adelante una producci\u00f3n de este tama\u00f1o requiere de el compromiso de muchos y la satisfacci\u00f3n es inmensa mientras escribo estas lineas, a pocas horas de abrir las puertas para el estreno, con casa llena y boletos absolutamente agotados para todas las funciones, realidad que no deja de ser una profunda sorpresa y que nos obliga a seguir arriesgando y asumiendo retos.<\/p>\n<p>Es maravilloso sentir el respaldo de un p\u00fablico que llega a ver una producci\u00f3n nacional. Porque si el p\u00fablico no llega, el artista no crea. Pedir cultura es f\u00e1cil, pero hacerla es un proceso dif\u00edcil con un sistema que parece oponerse a la creaci\u00f3n. No existe una ley de cultura. No existe un s\u00f3lido apoyo al artista que incentive la presentaci\u00f3n o la exportaci\u00f3n de un producto nacional. Tenemos un hueco vergonzoso que la ley ecuatoriana no atiende y que los artistas esperan, aunque deber\u00edamos demandar.<\/p>\n<p>Asistir a obras de alto riesgo y vuelo como Guodual, la primera creaci\u00f3n de circo ecuatoriana comisionada por e[ Teatro S\u00e1nchez Aguilar, en Guayaquil y encontrar un teatro absurdamente vac\u00edo es una patada que asusta a quienes sue\u00f1an y financian, y corta las alas de quienes crean. Por todo esto empiezo julio no solo con ganas de descansar, sino con un agradecimiento infinito a todos aquellos que aportaron a una nueva producci\u00f3n de ta FTNS y tambi\u00e9n a Quito y a sus residentes, por venir a verla. \u00a1Continuamos so\u00f1ando gracias a Ustedes!<\/p>\n<p>&nbsp;<\/p>\n<p style=\"text-align: right;\"><strong>Ch\u00eda Pati\u00f1o<\/strong>, <em>Directora Art\u00edstica &#8211; Ejecutiva<\/em><\/p>\n<p style=\"text-align: right;\">Julio, 2016<\/p>\n<p>[\/vc_column_text][vc_button button_color=&#8221;color-nhtu&#8221; border_width=&#8221;0&#8243; link=&#8221;url:https%3A%2F%2Fwww.teatrosucre.com%2Fsites%2Fdefault%2Ffiles%2F07_julio2016.pdf||target:%20_blank|&#8221;]DESDEL TEATRO #126[\/vc_button][vc_empty_space empty_h=&#8221;4&#8243;][\/vc_column][\/vc_row]<\/p>\n<\/div>","protected":false},"excerpt":{"rendered":"<p>[vc_row row_height_percent=&#8221;50&#8243; override_padding=&#8221;yes&#8221; h_padding=&#8221;0&#8243; top_padding=&#8221;0&#8243; bottom_padding=&#8221;0&#8243; back_image=&#8221;6365&#8243; back_position=&#8221;center top&#8221; kburns=&#8221;yes&#8221; overlay_alpha=&#8221;50&#8243; gutter_size=&#8221;3&#8243; column_width_percent=&#8221;100&#8243; shift_y=&#8221;0&#8243; z_index=&#8221;0&#8243; uncode_shortcode_id=&#8221;196038&#8243; shape_dividers=&#8221;&#8221;][vc_column width=&#8221;1\/1&#8243;][vc_empty_space empty_h=&#8221;2&#8243;][\/vc_column][\/vc_row][vc_row][vc_column column_width_percent=&#8221;100&#8243; [&hellip;]<\/p>\n","protected":false},"author":1,"featured_media":6365,"parent":0,"menu_order":0,"comment_status":"closed","ping_status":"closed","template":"","meta":{"footnotes":""},"class_list":["post-2418","page","type-page","status-publish","has-post-thumbnail","hentry","page_category-editorial"],"yoast_head":"<!-- This site is optimized with the Yoast SEO plugin v27.4 - https:\/\/yoast.com\/product\/yoast-seo-wordpress\/ -->\n<title>\u00a1Cerramos los Miserables! - Chia Pati\u00f1o<\/title>\n<meta name=\"robots\" content=\"index, follow, max-snippet:-1, max-image-preview:large, max-video-preview:-1\" \/>\n<link rel=\"canonical\" href=\"https:\/\/www.chiapatino.com\/home\/cerramos\/\" \/>\n<meta property=\"og:locale\" content=\"en_US\" \/>\n<meta property=\"og:type\" content=\"article\" \/>\n<meta property=\"og:title\" content=\"\u00a1Cerramos los Miserables! - Chia Pati\u00f1o\" \/>\n<meta property=\"og:description\" content=\"[vc_row row_height_percent=&#8221;50&#8243; override_padding=&#8221;yes&#8221; h_padding=&#8221;0&#8243; top_padding=&#8221;0&#8243; bottom_padding=&#8221;0&#8243; back_image=&#8221;6365&#8243; back_position=&#8221;center top&#8221; kburns=&#8221;yes&#8221; overlay_alpha=&#8221;50&#8243; gutter_size=&#8221;3&#8243; column_width_percent=&#8221;100&#8243; shift_y=&#8221;0&#8243; z_index=&#8221;0&#8243; uncode_shortcode_id=&#8221;196038&#8243; shape_dividers=&#8221;&#8221;][vc_column width=&#8221;1\/1&#8243;][vc_empty_space empty_h=&#8221;2&#8243;][\/vc_column][\/vc_row][vc_row][vc_column column_width_percent=&#8221;100&#8243; [&hellip;]\" \/>\n<meta property=\"og:url\" content=\"https:\/\/www.chiapatino.com\/home\/cerramos\/\" \/>\n<meta property=\"og:site_name\" content=\"Chia Pati\u00f1o\" \/>\n<meta property=\"article:publisher\" content=\"https:\/\/www.facebook.com\/chia.patino\" \/>\n<meta property=\"article:modified_time\" content=\"2022-01-20T21:59:13+00:00\" \/>\n<meta property=\"og:image\" content=\"https:\/\/i0.wp.com\/www.chiapatino.com\/wp-content\/uploads\/2022\/01\/edit_2016_miserab.webp?fit=717%2C478&ssl=1\" \/>\n\t<meta property=\"og:image:width\" content=\"717\" \/>\n\t<meta property=\"og:image:height\" content=\"478\" \/>\n\t<meta property=\"og:image:type\" content=\"image\/webp\" \/>\n<meta name=\"twitter:card\" content=\"summary_large_image\" \/>\n<meta name=\"twitter:site\" content=\"@en\" \/>\n<meta name=\"twitter:label1\" content=\"Est. reading time\" \/>\n\t<meta name=\"twitter:data1\" content=\"3 minutes\" \/>\n<script type=\"application\/ld+json\" class=\"yoast-schema-graph\">{\"@context\":\"https:\\\/\\\/schema.org\",\"@graph\":[{\"@type\":\"WebPage\",\"@id\":\"https:\\\/\\\/www.chiapatino.com\\\/home\\\/cerramos\\\/\",\"url\":\"https:\\\/\\\/www.chiapatino.com\\\/home\\\/cerramos\\\/\",\"name\":\"\u00a1Cerramos los Miserables! - Chia Pati\u00f1o\",\"isPartOf\":{\"@id\":\"https:\\\/\\\/www.chiapatino.com\\\/home\\\/#website\"},\"primaryImageOfPage\":{\"@id\":\"https:\\\/\\\/www.chiapatino.com\\\/home\\\/cerramos\\\/#primaryimage\"},\"image\":{\"@id\":\"https:\\\/\\\/www.chiapatino.com\\\/home\\\/cerramos\\\/#primaryimage\"},\"thumbnailUrl\":\"https:\\\/\\\/i0.wp.com\\\/www.chiapatino.com\\\/wp-content\\\/uploads\\\/2022\\\/01\\\/edit_2016_miserab.webp?fit=717%2C478&ssl=1\",\"datePublished\":\"2019-09-19T18:08:21+00:00\",\"dateModified\":\"2022-01-20T21:59:13+00:00\",\"breadcrumb\":{\"@id\":\"https:\\\/\\\/www.chiapatino.com\\\/home\\\/cerramos\\\/#breadcrumb\"},\"inLanguage\":\"en-US\",\"potentialAction\":[{\"@type\":\"ReadAction\",\"target\":[\"https:\\\/\\\/www.chiapatino.com\\\/home\\\/cerramos\\\/\"]}]},{\"@type\":\"ImageObject\",\"inLanguage\":\"en-US\",\"@id\":\"https:\\\/\\\/www.chiapatino.com\\\/home\\\/cerramos\\\/#primaryimage\",\"url\":\"https:\\\/\\\/i0.wp.com\\\/www.chiapatino.com\\\/wp-content\\\/uploads\\\/2022\\\/01\\\/edit_2016_miserab.webp?fit=717%2C478&ssl=1\",\"contentUrl\":\"https:\\\/\\\/i0.wp.com\\\/www.chiapatino.com\\\/wp-content\\\/uploads\\\/2022\\\/01\\\/edit_2016_miserab.webp?fit=717%2C478&ssl=1\",\"width\":717,\"height\":478},{\"@type\":\"BreadcrumbList\",\"@id\":\"https:\\\/\\\/www.chiapatino.com\\\/home\\\/cerramos\\\/#breadcrumb\",\"itemListElement\":[{\"@type\":\"ListItem\",\"position\":1,\"name\":\"Home\",\"item\":\"https:\\\/\\\/www.chiapatino.com\\\/home\\\/\"},{\"@type\":\"ListItem\",\"position\":2,\"name\":\"\u00a1Cerramos los Miserables!\"}]},{\"@type\":\"WebSite\",\"@id\":\"https:\\\/\\\/www.chiapatino.com\\\/home\\\/#website\",\"url\":\"https:\\\/\\\/www.chiapatino.com\\\/home\\\/\",\"name\":\"Chia Pati\u00f1o\",\"description\":\"Portafolio\",\"publisher\":{\"@id\":\"https:\\\/\\\/www.chiapatino.com\\\/home\\\/#\\\/schema\\\/person\\\/f64ab33314c9c8769b4082962d7f5301\"},\"potentialAction\":[{\"@type\":\"SearchAction\",\"target\":{\"@type\":\"EntryPoint\",\"urlTemplate\":\"https:\\\/\\\/www.chiapatino.com\\\/home\\\/?s={search_term_string}\"},\"query-input\":{\"@type\":\"PropertyValueSpecification\",\"valueRequired\":true,\"valueName\":\"search_term_string\"}}],\"inLanguage\":\"en-US\"},{\"@type\":[\"Person\",\"Organization\"],\"@id\":\"https:\\\/\\\/www.chiapatino.com\\\/home\\\/#\\\/schema\\\/person\\\/f64ab33314c9c8769b4082962d7f5301\",\"name\":\"Chia Pati\u00f1o\",\"image\":{\"@type\":\"ImageObject\",\"inLanguage\":\"en-US\",\"@id\":\"https:\\\/\\\/i0.wp.com\\\/www.chiapatino.com\\\/wp-content\\\/uploads\\\/2022\\\/11\\\/chiahs01.webp?fit=960%2C1201&ssl=1\",\"url\":\"https:\\\/\\\/i0.wp.com\\\/www.chiapatino.com\\\/wp-content\\\/uploads\\\/2022\\\/11\\\/chiahs01.webp?fit=960%2C1201&ssl=1\",\"contentUrl\":\"https:\\\/\\\/i0.wp.com\\\/www.chiapatino.com\\\/wp-content\\\/uploads\\\/2022\\\/11\\\/chiahs01.webp?fit=960%2C1201&ssl=1\",\"width\":960,\"height\":1201,\"caption\":\"Chia Pati\u00f1o\"},\"logo\":{\"@id\":\"https:\\\/\\\/i0.wp.com\\\/www.chiapatino.com\\\/wp-content\\\/uploads\\\/2022\\\/11\\\/chiahs01.webp?fit=960%2C1201&ssl=1\"},\"sameAs\":[\"https:\\\/\\\/www.facebook.com\\\/chia.patino\",\"https:\\\/\\\/www.instagram.com\\\/chia.patino\\\/\",\"https:\\\/\\\/x.com\\\/https:\\\/\\\/twitter.com\\\/chpatito?lang=en\"]}]}<\/script>\n<!-- \/ Yoast SEO plugin. -->","yoast_head_json":{"title":"\u00a1Cerramos los Miserables! - Chia Pati\u00f1o","robots":{"index":"index","follow":"follow","max-snippet":"max-snippet:-1","max-image-preview":"max-image-preview:large","max-video-preview":"max-video-preview:-1"},"canonical":"https:\/\/www.chiapatino.com\/home\/cerramos\/","og_locale":"en_US","og_type":"article","og_title":"\u00a1Cerramos los Miserables! - Chia Pati\u00f1o","og_description":"[vc_row row_height_percent=&#8221;50&#8243; override_padding=&#8221;yes&#8221; h_padding=&#8221;0&#8243; top_padding=&#8221;0&#8243; bottom_padding=&#8221;0&#8243; back_image=&#8221;6365&#8243; back_position=&#8221;center top&#8221; kburns=&#8221;yes&#8221; overlay_alpha=&#8221;50&#8243; gutter_size=&#8221;3&#8243; column_width_percent=&#8221;100&#8243; shift_y=&#8221;0&#8243; z_index=&#8221;0&#8243; uncode_shortcode_id=&#8221;196038&#8243; shape_dividers=&#8221;&#8221;][vc_column width=&#8221;1\/1&#8243;][vc_empty_space empty_h=&#8221;2&#8243;][\/vc_column][\/vc_row][vc_row][vc_column column_width_percent=&#8221;100&#8243; [&hellip;]","og_url":"https:\/\/www.chiapatino.com\/home\/cerramos\/","og_site_name":"Chia Pati\u00f1o","article_publisher":"https:\/\/www.facebook.com\/chia.patino","article_modified_time":"2022-01-20T21:59:13+00:00","og_image":[{"width":717,"height":478,"url":"https:\/\/i0.wp.com\/www.chiapatino.com\/wp-content\/uploads\/2022\/01\/edit_2016_miserab.webp?fit=717%2C478&ssl=1","type":"image\/webp"}],"twitter_card":"summary_large_image","twitter_site":"@en","twitter_misc":{"Est. reading time":"3 minutes"},"schema":{"@context":"https:\/\/schema.org","@graph":[{"@type":"WebPage","@id":"https:\/\/www.chiapatino.com\/home\/cerramos\/","url":"https:\/\/www.chiapatino.com\/home\/cerramos\/","name":"\u00a1Cerramos los Miserables! - Chia Pati\u00f1o","isPartOf":{"@id":"https:\/\/www.chiapatino.com\/home\/#website"},"primaryImageOfPage":{"@id":"https:\/\/www.chiapatino.com\/home\/cerramos\/#primaryimage"},"image":{"@id":"https:\/\/www.chiapatino.com\/home\/cerramos\/#primaryimage"},"thumbnailUrl":"https:\/\/i0.wp.com\/www.chiapatino.com\/wp-content\/uploads\/2022\/01\/edit_2016_miserab.webp?fit=717%2C478&ssl=1","datePublished":"2019-09-19T18:08:21+00:00","dateModified":"2022-01-20T21:59:13+00:00","breadcrumb":{"@id":"https:\/\/www.chiapatino.com\/home\/cerramos\/#breadcrumb"},"inLanguage":"en-US","potentialAction":[{"@type":"ReadAction","target":["https:\/\/www.chiapatino.com\/home\/cerramos\/"]}]},{"@type":"ImageObject","inLanguage":"en-US","@id":"https:\/\/www.chiapatino.com\/home\/cerramos\/#primaryimage","url":"https:\/\/i0.wp.com\/www.chiapatino.com\/wp-content\/uploads\/2022\/01\/edit_2016_miserab.webp?fit=717%2C478&ssl=1","contentUrl":"https:\/\/i0.wp.com\/www.chiapatino.com\/wp-content\/uploads\/2022\/01\/edit_2016_miserab.webp?fit=717%2C478&ssl=1","width":717,"height":478},{"@type":"BreadcrumbList","@id":"https:\/\/www.chiapatino.com\/home\/cerramos\/#breadcrumb","itemListElement":[{"@type":"ListItem","position":1,"name":"Home","item":"https:\/\/www.chiapatino.com\/home\/"},{"@type":"ListItem","position":2,"name":"\u00a1Cerramos los Miserables!"}]},{"@type":"WebSite","@id":"https:\/\/www.chiapatino.com\/home\/#website","url":"https:\/\/www.chiapatino.com\/home\/","name":"Chia Pati\u00f1o","description":"Portafolio","publisher":{"@id":"https:\/\/www.chiapatino.com\/home\/#\/schema\/person\/f64ab33314c9c8769b4082962d7f5301"},"potentialAction":[{"@type":"SearchAction","target":{"@type":"EntryPoint","urlTemplate":"https:\/\/www.chiapatino.com\/home\/?s={search_term_string}"},"query-input":{"@type":"PropertyValueSpecification","valueRequired":true,"valueName":"search_term_string"}}],"inLanguage":"en-US"},{"@type":["Person","Organization"],"@id":"https:\/\/www.chiapatino.com\/home\/#\/schema\/person\/f64ab33314c9c8769b4082962d7f5301","name":"Chia Pati\u00f1o","image":{"@type":"ImageObject","inLanguage":"en-US","@id":"https:\/\/i0.wp.com\/www.chiapatino.com\/wp-content\/uploads\/2022\/11\/chiahs01.webp?fit=960%2C1201&ssl=1","url":"https:\/\/i0.wp.com\/www.chiapatino.com\/wp-content\/uploads\/2022\/11\/chiahs01.webp?fit=960%2C1201&ssl=1","contentUrl":"https:\/\/i0.wp.com\/www.chiapatino.com\/wp-content\/uploads\/2022\/11\/chiahs01.webp?fit=960%2C1201&ssl=1","width":960,"height":1201,"caption":"Chia Pati\u00f1o"},"logo":{"@id":"https:\/\/i0.wp.com\/www.chiapatino.com\/wp-content\/uploads\/2022\/11\/chiahs01.webp?fit=960%2C1201&ssl=1"},"sameAs":["https:\/\/www.facebook.com\/chia.patino","https:\/\/www.instagram.com\/chia.patino\/","https:\/\/x.com\/https:\/\/twitter.com\/chpatito?lang=en"]}]}},"jetpack_shortlink":"https:\/\/wp.me\/Pb5Ra3-D0","jetpack_sharing_enabled":true,"_links":{"self":[{"href":"https:\/\/www.chiapatino.com\/home\/wp-json\/wp\/v2\/pages\/2418","targetHints":{"allow":["GET"]}}],"collection":[{"href":"https:\/\/www.chiapatino.com\/home\/wp-json\/wp\/v2\/pages"}],"about":[{"href":"https:\/\/www.chiapatino.com\/home\/wp-json\/wp\/v2\/types\/page"}],"author":[{"embeddable":true,"href":"https:\/\/www.chiapatino.com\/home\/wp-json\/wp\/v2\/users\/1"}],"replies":[{"embeddable":true,"href":"https:\/\/www.chiapatino.com\/home\/wp-json\/wp\/v2\/comments?post=2418"}],"version-history":[{"count":9,"href":"https:\/\/www.chiapatino.com\/home\/wp-json\/wp\/v2\/pages\/2418\/revisions"}],"predecessor-version":[{"id":6366,"href":"https:\/\/www.chiapatino.com\/home\/wp-json\/wp\/v2\/pages\/2418\/revisions\/6366"}],"wp:featuredmedia":[{"embeddable":true,"href":"https:\/\/www.chiapatino.com\/home\/wp-json\/wp\/v2\/media\/6365"}],"wp:attachment":[{"href":"https:\/\/www.chiapatino.com\/home\/wp-json\/wp\/v2\/media?parent=2418"}],"curies":[{"name":"wp","href":"https:\/\/api.w.org\/{rel}","templated":true}]}}