{"id":2429,"date":"2019-09-19T18:22:21","date_gmt":"2019-09-19T18:22:21","guid":{"rendered":"https:\/\/www.chiapatino.com\/?page_id=2429"},"modified":"2022-01-20T22:41:38","modified_gmt":"2022-01-20T22:41:38","slug":"vivimos","status":"publish","type":"page","link":"https:\/\/www.chiapatino.com\/home\/vivimos\/","title":{"rendered":"Vivimos&#8230;"},"content":{"rendered":"<div class=\"wpb-content-wrapper\"><p>[vc_row unlock_row_content=&#8221;yes&#8221; row_height_percent=&#8221;50&#8243; override_padding=&#8221;yes&#8221; h_padding=&#8221;0&#8243; top_padding=&#8221;0&#8243; bottom_padding=&#8221;0&#8243; back_image=&#8221;6367&#8243; kburns=&#8221;yes&#8221; overlay_alpha=&#8221;50&#8243; gutter_size=&#8221;3&#8243; column_width_percent=&#8221;100&#8243; shift_y=&#8221;0&#8243; z_index=&#8221;0&#8243; uncode_shortcode_id=&#8221;195851&#8243; shape_dividers=&#8221;&#8221;][vc_column width=&#8221;1\/1&#8243;][vc_empty_space empty_h=&#8221;2&#8243;][\/vc_column][\/vc_row][vc_row][vc_column column_width_percent=&#8221;100&#8243; gutter_size=&#8221;3&#8243; style=&#8221;dark&#8221; overlay_alpha=&#8221;50&#8243; shift_x=&#8221;0&#8243; shift_y=&#8221;0&#8243; shift_y_down=&#8221;0&#8243; z_index=&#8221;0&#8243; medium_width=&#8221;0&#8243; mobile_width=&#8221;0&#8243; width=&#8221;1\/1&#8243;][vc_empty_space empty_h=&#8221;2&#8243;][vc_custom_heading]<\/p>\n<h2>Vivimos&#8230;<\/h2>\n<p>[\/vc_custom_heading][vc_column_text]Vivimos momentos oscuros que buscan ratitos de esperanza para que pare este insoportable eco constante que canta<em> &#8220;por favor paren el mundo nos queremos bajar&#8221;<\/em>. Esta luz se encuentra muchas veces en momentos inesperados, ligeros y transparentes. La ternura. La risa. Un abrazo.<\/p>\n<p>En tiempos oscuros buscamos en los artistas, esos int\u00e9rpretes que intrigan, nuevas preguntas. Flotar en la profundidad de sus reflexiones para buscar nuestras propias respuestas, conclusiones o sensaciones. Porque pensar que hay una sola interpretaci\u00f3n correcta es lo que ha asustado a la gente de las artes y los teatros: nunca faltar\u00e1 un petulante que exponga categ\u00f3ricamente el verdadero significado de una obra.<\/p>\n<p>Significados habr\u00e1 tantos como personas en su momento: las posibilidades son infinitas. Hoy dejo aqu\u00ed un misterio, para bailar sin miedo entre sus sombras. Porque hay veces que la respuesta al momento confuso es tan simple como no tenerle miedo y navegarlo hasta que algo o alguien nos muestre una luz nueva&#8230;[\/vc_column_text][vc_row_inner][vc_column_inner column_width_percent=&#8221;50&#8243; gutter_size=&#8221;3&#8243; overlay_alpha=&#8221;50&#8243; shift_x=&#8221;0&#8243; shift_y=&#8221;0&#8243; shift_y_down=&#8221;0&#8243; z_index=&#8221;0&#8243; medium_width=&#8221;0&#8243; mobile_width=&#8221;0&#8243; width=&#8221;1\/3&#8243;][\/vc_column_inner][vc_column_inner column_width_percent=&#8221;50&#8243; gutter_size=&#8221;3&#8243; style=&#8221;dark&#8221; overlay_alpha=&#8221;50&#8243; shift_x=&#8221;0&#8243; shift_y=&#8221;0&#8243; shift_y_down=&#8221;0&#8243; z_index=&#8221;0&#8243; medium_width=&#8221;0&#8243; mobile_width=&#8221;0&#8243; width=&#8221;1\/3&#8243;][vc_column_text]<\/p>\n<div style=\"text-align: center;\"><em>When most I wink, then do <\/em>mine<em> eyes best see,<\/em><\/div>\n<div style=\"text-align: center;\"><em>For all the day they view things unrespected,<\/em><\/div>\n<div style=\"text-align: center;\"><em>But when I sleep, in dreams they look on thee<\/em><\/div>\n<div style=\"text-align: center;\"><em>And, darkly bright, are bright in dark directed.<\/em><\/div>\n<div style=\"text-align: center;\"><em>Then thou, whose shadow <\/em>shodows<em> doth make <\/em>brigh<em>,<\/em><\/div>\n<div style=\"text-align: center;\"><em>How would thy shadow&#8217;s <\/em>form form<em> happy show<\/em><\/div>\n<div style=\"text-align: center;\"><em>To the clear day with thy much clearer light,<\/em><\/div>\n<div style=\"text-align: center;\"><em>When to unseeing eyes thy <\/em>shode<em> shines so!<\/em><\/div>\n<div style=\"text-align: center;\"><em>How would, I say, mine eyes be <\/em>blessdd<em> made<\/em><\/div>\n<div style=\"text-align: center;\"><em>By looking on thee in the living day,<\/em><\/div>\n<div style=\"text-align: center;\"><em>When in dead night thy fair imperfect <\/em>shode<\/div>\n<div style=\"text-align: center;\"><em>Through heavy sleep on sightless eyes doth stay!<\/em><\/div>\n<div style=\"text-align: center;\"><em>All days are nights to see till I see thee,<\/em><\/div>\n<div style=\"text-align: center;\"><em>And nights bright days when dreams do show thee me.<\/em><\/div>\n<div style=\"text-align: center;\"><\/div>\n<div style=\"text-align: center;\"><\/div>\n<p>[\/vc_column_text][\/vc_column_inner][vc_column_inner column_width_percent=&#8221;50&#8243; gutter_size=&#8221;3&#8243; overlay_alpha=&#8221;50&#8243; shift_x=&#8221;0&#8243; shift_y=&#8221;0&#8243; shift_y_down=&#8221;0&#8243; z_index=&#8221;0&#8243; medium_width=&#8221;0&#8243; mobile_width=&#8221;0&#8243; width=&#8221;1\/3&#8243;][\/vc_column_inner][\/vc_row_inner][vc_column_text]<\/p>\n<p style=\"text-align: center;\"><em>Soneto 43. William <\/em>Sheakespeare<em>, 1609.<\/em><\/p>\n<p>[\/vc_column_text][vc_empty_space empty_h=&#8221;2&#8243;][vc_row_inner][vc_column_inner column_width_percent=&#8221;100&#8243; gutter_size=&#8221;3&#8243; style=&#8221;dark&#8221; overlay_alpha=&#8221;50&#8243; shift_x=&#8221;0&#8243; shift_y=&#8221;0&#8243; shift_y_down=&#8221;0&#8243; z_index=&#8221;0&#8243; medium_width=&#8221;0&#8243; mobile_width=&#8221;0&#8243; width=&#8221;1\/3&#8243;][vc_column_text]<\/p>\n<div><em>Al cerrarse mis ojos ven m\u00e1s claro,<\/em><\/div>\n<div><em>Pues el d\u00eda les es indiferente,<\/em><\/div>\n<div><em>Ya que siempre en mis sue\u00f1os te contemplan<\/em><\/div>\n<div><em>Y brillan con tu brillo en la penumbra.<\/em><\/div>\n<div><em>Si iluminas las sombras con tu sombra,<\/em><\/div>\n<div><em>Qu\u00e9 dichoso espect\u00e1culo ofrecieras<\/em><\/div>\n<div><em>A la luz, con tu luz tanto m\u00e1s clara,<\/em><\/div>\n<div><em>T\u00fa que as\u00e9 por la noche me encandilas.<\/em><\/div>\n<div><em>Qu\u00e9 ventura, pienso, si mis ojos<\/em><\/div>\n<div><em>A viva luz del d\u00eda te encontraran,<\/em><\/div>\n<div><em>Si de noche, entre las sombras muertas,<\/em><\/div>\n<div><em>Se fija tu esplendor en ojos ciegos.<\/em><\/div>\n<div><em>Cada d\u00eda es noche sin tu imagen,<\/em><\/div>\n<div><em>Y si en sue\u00f1os te veo es d\u00eda la noche.<\/em><\/div>\n<div><\/div>\n<div><\/div>\n<div><\/div>\n<div style=\"text-align: left;\">Traducci\u00f3n de William Ospina<\/div>\n<p>[\/vc_column_text][\/vc_column_inner][vc_column_inner width=&#8221;1\/3&#8243;][\/vc_column_inner][vc_column_inner column_width_percent=&#8221;100&#8243; gutter_size=&#8221;3&#8243; style=&#8221;dark&#8221; overlay_alpha=&#8221;50&#8243; shift_x=&#8221;0&#8243; shift_y=&#8221;0&#8243; shift_y_down=&#8221;0&#8243; z_index=&#8221;0&#8243; medium_width=&#8221;0&#8243; mobile_width=&#8221;0&#8243; width=&#8221;1\/3&#8243;][vc_column_text]<\/p>\n<div><em>Con los ojos cerrados ven mejor mis ojos<\/em><\/div>\n<div><em>Pues todo el d\u00eda te enga\u00f1an cosas insignificantes<\/em><\/div>\n<div><em>Pero dormida, en mi sue\u00f1os mis ojos te miran<\/em><\/div>\n<div><em>Y en la oscuridad encuentran a donde dirigirse.<\/em><\/div>\n<div><em>Entonces tu, cuya sombra aclara las sombras<\/em><\/div>\n<div><em>Con tu sombra que forma formas felices<\/em><\/div>\n<div><em>En et claro d\u00eda con tu luz a\u00fan m\u00e1s clara<\/em><\/div>\n<div><em>Cuando a ciegos ojos tu sombra los deslumbra!<\/em><\/div>\n<div><em>Al verte a ti a luz de d\u00eda,<\/em><\/div>\n<div><em>Si en la profunda noche tu sombra imperfecta<\/em><\/div>\n<div><em>En sue\u00f1os fija su forma en estos ojos ciegos!<\/em><\/div>\n<div><em>Todos los d\u00edas veo solo noches hasta verte<\/em><\/div>\n<div><em>Y las noches son d\u00edas cuando el sue\u00f1o te trae.<\/em><\/div>\n<div><\/div>\n<div><\/div>\n<div><\/div>\n<div style=\"text-align: left;\">Interpretaci\u00f3n de Ch\u00eda Pati\u00f1o<\/div>\n<p>[\/vc_column_text][\/vc_column_inner][\/vc_row_inner][vc_empty_space empty_h=&#8221;2&#8243;][vc_column_text]Y dos ejemplos de traducciones, que nos demuestra que a un poema habr\u00e1 tantas interpretaciones como lectores, y ninguna de ellas verdadera&#8230;<\/p>\n<p>&nbsp;<\/p>\n<p style=\"text-align: right;\"><strong>Ch\u00eda Pati\u00f1o<\/strong>, <em>Directora Art\u00edstica &#8211; Ejecutiva<\/em><\/p>\n<p style=\"text-align: right;\">Octubre, 2016<\/p>\n<p>[\/vc_column_text][vc_button button_color=&#8221;color-nhtu&#8221; border_width=&#8221;0&#8243; link=&#8221;url:https%3A%2F%2Fwww.teatrosucre.com%2Fsites%2Fdefault%2Ffiles%2F10_octubre2016.pdf||target:%20_blank|&#8221;]DESDEL TEATRO #129[\/vc_button][vc_empty_space empty_h=&#8221;5&#8243;][vc_empty_space empty_h=&#8221;5&#8243;][\/vc_column][\/vc_row]<\/p>\n<\/div>","protected":false},"excerpt":{"rendered":"<p>[vc_row unlock_row_content=&#8221;yes&#8221; row_height_percent=&#8221;50&#8243; override_padding=&#8221;yes&#8221; h_padding=&#8221;0&#8243; top_padding=&#8221;0&#8243; bottom_padding=&#8221;0&#8243; back_image=&#8221;6367&#8243; kburns=&#8221;yes&#8221; overlay_alpha=&#8221;50&#8243; gutter_size=&#8221;3&#8243; column_width_percent=&#8221;100&#8243; shift_y=&#8221;0&#8243; z_index=&#8221;0&#8243; uncode_shortcode_id=&#8221;195851&#8243; shape_dividers=&#8221;&#8221;][vc_column width=&#8221;1\/1&#8243;][vc_empty_space empty_h=&#8221;2&#8243;][\/vc_column][\/vc_row][vc_row][vc_column column_width_percent=&#8221;100&#8243; gutter_size=&#8221;3&#8243; [&hellip;]<\/p>\n","protected":false},"author":1,"featured_media":6367,"parent":0,"menu_order":0,"comment_status":"closed","ping_status":"closed","template":"","meta":{"footnotes":""},"class_list":["post-2429","page","type-page","status-publish","has-post-thumbnail","hentry","page_category-editorial"],"yoast_head":"<!-- This site is optimized with the Yoast SEO plugin v27.4 - https:\/\/yoast.com\/product\/yoast-seo-wordpress\/ -->\n<title>Vivimos... - Chia Pati\u00f1o<\/title>\n<meta name=\"robots\" content=\"index, follow, max-snippet:-1, max-image-preview:large, max-video-preview:-1\" \/>\n<link rel=\"canonical\" href=\"https:\/\/www.chiapatino.com\/home\/vivimos\/\" \/>\n<meta property=\"og:locale\" content=\"en_US\" \/>\n<meta property=\"og:type\" content=\"article\" \/>\n<meta property=\"og:title\" content=\"Vivimos... - Chia Pati\u00f1o\" \/>\n<meta property=\"og:description\" content=\"[vc_row unlock_row_content=&#8221;yes&#8221; row_height_percent=&#8221;50&#8243; override_padding=&#8221;yes&#8221; h_padding=&#8221;0&#8243; top_padding=&#8221;0&#8243; bottom_padding=&#8221;0&#8243; back_image=&#8221;6367&#8243; kburns=&#8221;yes&#8221; overlay_alpha=&#8221;50&#8243; gutter_size=&#8221;3&#8243; column_width_percent=&#8221;100&#8243; shift_y=&#8221;0&#8243; z_index=&#8221;0&#8243; uncode_shortcode_id=&#8221;195851&#8243; shape_dividers=&#8221;&#8221;][vc_column width=&#8221;1\/1&#8243;][vc_empty_space empty_h=&#8221;2&#8243;][\/vc_column][\/vc_row][vc_row][vc_column column_width_percent=&#8221;100&#8243; gutter_size=&#8221;3&#8243; [&hellip;]\" \/>\n<meta property=\"og:url\" content=\"https:\/\/www.chiapatino.com\/home\/vivimos\/\" \/>\n<meta property=\"og:site_name\" content=\"Chia Pati\u00f1o\" \/>\n<meta property=\"article:publisher\" content=\"https:\/\/www.facebook.com\/chia.patino\" \/>\n<meta property=\"article:modified_time\" content=\"2022-01-20T22:41:38+00:00\" \/>\n<meta property=\"og:image\" content=\"https:\/\/i0.wp.com\/www.chiapatino.com\/wp-content\/uploads\/2022\/01\/edit_2016_viv.webp?fit=1440%2C960&ssl=1\" \/>\n\t<meta property=\"og:image:width\" content=\"1440\" \/>\n\t<meta property=\"og:image:height\" content=\"960\" \/>\n\t<meta property=\"og:image:type\" content=\"image\/webp\" \/>\n<meta name=\"twitter:card\" content=\"summary_large_image\" \/>\n<meta name=\"twitter:site\" content=\"@en\" \/>\n<meta name=\"twitter:label1\" content=\"Est. reading time\" \/>\n\t<meta name=\"twitter:data1\" content=\"4 minutes\" \/>\n<script type=\"application\/ld+json\" class=\"yoast-schema-graph\">{\"@context\":\"https:\\\/\\\/schema.org\",\"@graph\":[{\"@type\":\"WebPage\",\"@id\":\"https:\\\/\\\/www.chiapatino.com\\\/home\\\/vivimos\\\/\",\"url\":\"https:\\\/\\\/www.chiapatino.com\\\/home\\\/vivimos\\\/\",\"name\":\"Vivimos... - Chia Pati\u00f1o\",\"isPartOf\":{\"@id\":\"https:\\\/\\\/www.chiapatino.com\\\/home\\\/#website\"},\"primaryImageOfPage\":{\"@id\":\"https:\\\/\\\/www.chiapatino.com\\\/home\\\/vivimos\\\/#primaryimage\"},\"image\":{\"@id\":\"https:\\\/\\\/www.chiapatino.com\\\/home\\\/vivimos\\\/#primaryimage\"},\"thumbnailUrl\":\"https:\\\/\\\/i0.wp.com\\\/www.chiapatino.com\\\/wp-content\\\/uploads\\\/2022\\\/01\\\/edit_2016_viv.webp?fit=1440%2C960&ssl=1\",\"datePublished\":\"2019-09-19T18:22:21+00:00\",\"dateModified\":\"2022-01-20T22:41:38+00:00\",\"breadcrumb\":{\"@id\":\"https:\\\/\\\/www.chiapatino.com\\\/home\\\/vivimos\\\/#breadcrumb\"},\"inLanguage\":\"en-US\",\"potentialAction\":[{\"@type\":\"ReadAction\",\"target\":[\"https:\\\/\\\/www.chiapatino.com\\\/home\\\/vivimos\\\/\"]}]},{\"@type\":\"ImageObject\",\"inLanguage\":\"en-US\",\"@id\":\"https:\\\/\\\/www.chiapatino.com\\\/home\\\/vivimos\\\/#primaryimage\",\"url\":\"https:\\\/\\\/i0.wp.com\\\/www.chiapatino.com\\\/wp-content\\\/uploads\\\/2022\\\/01\\\/edit_2016_viv.webp?fit=1440%2C960&ssl=1\",\"contentUrl\":\"https:\\\/\\\/i0.wp.com\\\/www.chiapatino.com\\\/wp-content\\\/uploads\\\/2022\\\/01\\\/edit_2016_viv.webp?fit=1440%2C960&ssl=1\",\"width\":1440,\"height\":960,\"caption\":\"\u00a9Jos\u00e9 Toral @hello_josetoral\"},{\"@type\":\"BreadcrumbList\",\"@id\":\"https:\\\/\\\/www.chiapatino.com\\\/home\\\/vivimos\\\/#breadcrumb\",\"itemListElement\":[{\"@type\":\"ListItem\",\"position\":1,\"name\":\"Home\",\"item\":\"https:\\\/\\\/www.chiapatino.com\\\/home\\\/\"},{\"@type\":\"ListItem\",\"position\":2,\"name\":\"Vivimos&#8230;\"}]},{\"@type\":\"WebSite\",\"@id\":\"https:\\\/\\\/www.chiapatino.com\\\/home\\\/#website\",\"url\":\"https:\\\/\\\/www.chiapatino.com\\\/home\\\/\",\"name\":\"Chia Pati\u00f1o\",\"description\":\"Portafolio\",\"publisher\":{\"@id\":\"https:\\\/\\\/www.chiapatino.com\\\/home\\\/#\\\/schema\\\/person\\\/f64ab33314c9c8769b4082962d7f5301\"},\"potentialAction\":[{\"@type\":\"SearchAction\",\"target\":{\"@type\":\"EntryPoint\",\"urlTemplate\":\"https:\\\/\\\/www.chiapatino.com\\\/home\\\/?s={search_term_string}\"},\"query-input\":{\"@type\":\"PropertyValueSpecification\",\"valueRequired\":true,\"valueName\":\"search_term_string\"}}],\"inLanguage\":\"en-US\"},{\"@type\":[\"Person\",\"Organization\"],\"@id\":\"https:\\\/\\\/www.chiapatino.com\\\/home\\\/#\\\/schema\\\/person\\\/f64ab33314c9c8769b4082962d7f5301\",\"name\":\"Chia Pati\u00f1o\",\"image\":{\"@type\":\"ImageObject\",\"inLanguage\":\"en-US\",\"@id\":\"https:\\\/\\\/i0.wp.com\\\/www.chiapatino.com\\\/wp-content\\\/uploads\\\/2022\\\/11\\\/chiahs01.webp?fit=960%2C1201&ssl=1\",\"url\":\"https:\\\/\\\/i0.wp.com\\\/www.chiapatino.com\\\/wp-content\\\/uploads\\\/2022\\\/11\\\/chiahs01.webp?fit=960%2C1201&ssl=1\",\"contentUrl\":\"https:\\\/\\\/i0.wp.com\\\/www.chiapatino.com\\\/wp-content\\\/uploads\\\/2022\\\/11\\\/chiahs01.webp?fit=960%2C1201&ssl=1\",\"width\":960,\"height\":1201,\"caption\":\"Chia Pati\u00f1o\"},\"logo\":{\"@id\":\"https:\\\/\\\/i0.wp.com\\\/www.chiapatino.com\\\/wp-content\\\/uploads\\\/2022\\\/11\\\/chiahs01.webp?fit=960%2C1201&ssl=1\"},\"sameAs\":[\"https:\\\/\\\/www.facebook.com\\\/chia.patino\",\"https:\\\/\\\/www.instagram.com\\\/chia.patino\\\/\",\"https:\\\/\\\/x.com\\\/https:\\\/\\\/twitter.com\\\/chpatito?lang=en\"]}]}<\/script>\n<!-- \/ Yoast SEO plugin. -->","yoast_head_json":{"title":"Vivimos... - Chia Pati\u00f1o","robots":{"index":"index","follow":"follow","max-snippet":"max-snippet:-1","max-image-preview":"max-image-preview:large","max-video-preview":"max-video-preview:-1"},"canonical":"https:\/\/www.chiapatino.com\/home\/vivimos\/","og_locale":"en_US","og_type":"article","og_title":"Vivimos... - Chia Pati\u00f1o","og_description":"[vc_row unlock_row_content=&#8221;yes&#8221; row_height_percent=&#8221;50&#8243; override_padding=&#8221;yes&#8221; h_padding=&#8221;0&#8243; top_padding=&#8221;0&#8243; bottom_padding=&#8221;0&#8243; back_image=&#8221;6367&#8243; kburns=&#8221;yes&#8221; overlay_alpha=&#8221;50&#8243; gutter_size=&#8221;3&#8243; column_width_percent=&#8221;100&#8243; shift_y=&#8221;0&#8243; z_index=&#8221;0&#8243; uncode_shortcode_id=&#8221;195851&#8243; shape_dividers=&#8221;&#8221;][vc_column width=&#8221;1\/1&#8243;][vc_empty_space empty_h=&#8221;2&#8243;][\/vc_column][\/vc_row][vc_row][vc_column column_width_percent=&#8221;100&#8243; gutter_size=&#8221;3&#8243; [&hellip;]","og_url":"https:\/\/www.chiapatino.com\/home\/vivimos\/","og_site_name":"Chia Pati\u00f1o","article_publisher":"https:\/\/www.facebook.com\/chia.patino","article_modified_time":"2022-01-20T22:41:38+00:00","og_image":[{"width":1440,"height":960,"url":"https:\/\/i0.wp.com\/www.chiapatino.com\/wp-content\/uploads\/2022\/01\/edit_2016_viv.webp?fit=1440%2C960&ssl=1","type":"image\/webp"}],"twitter_card":"summary_large_image","twitter_site":"@en","twitter_misc":{"Est. reading time":"4 minutes"},"schema":{"@context":"https:\/\/schema.org","@graph":[{"@type":"WebPage","@id":"https:\/\/www.chiapatino.com\/home\/vivimos\/","url":"https:\/\/www.chiapatino.com\/home\/vivimos\/","name":"Vivimos... - Chia Pati\u00f1o","isPartOf":{"@id":"https:\/\/www.chiapatino.com\/home\/#website"},"primaryImageOfPage":{"@id":"https:\/\/www.chiapatino.com\/home\/vivimos\/#primaryimage"},"image":{"@id":"https:\/\/www.chiapatino.com\/home\/vivimos\/#primaryimage"},"thumbnailUrl":"https:\/\/i0.wp.com\/www.chiapatino.com\/wp-content\/uploads\/2022\/01\/edit_2016_viv.webp?fit=1440%2C960&ssl=1","datePublished":"2019-09-19T18:22:21+00:00","dateModified":"2022-01-20T22:41:38+00:00","breadcrumb":{"@id":"https:\/\/www.chiapatino.com\/home\/vivimos\/#breadcrumb"},"inLanguage":"en-US","potentialAction":[{"@type":"ReadAction","target":["https:\/\/www.chiapatino.com\/home\/vivimos\/"]}]},{"@type":"ImageObject","inLanguage":"en-US","@id":"https:\/\/www.chiapatino.com\/home\/vivimos\/#primaryimage","url":"https:\/\/i0.wp.com\/www.chiapatino.com\/wp-content\/uploads\/2022\/01\/edit_2016_viv.webp?fit=1440%2C960&ssl=1","contentUrl":"https:\/\/i0.wp.com\/www.chiapatino.com\/wp-content\/uploads\/2022\/01\/edit_2016_viv.webp?fit=1440%2C960&ssl=1","width":1440,"height":960,"caption":"\u00a9Jos\u00e9 Toral @hello_josetoral"},{"@type":"BreadcrumbList","@id":"https:\/\/www.chiapatino.com\/home\/vivimos\/#breadcrumb","itemListElement":[{"@type":"ListItem","position":1,"name":"Home","item":"https:\/\/www.chiapatino.com\/home\/"},{"@type":"ListItem","position":2,"name":"Vivimos&#8230;"}]},{"@type":"WebSite","@id":"https:\/\/www.chiapatino.com\/home\/#website","url":"https:\/\/www.chiapatino.com\/home\/","name":"Chia Pati\u00f1o","description":"Portafolio","publisher":{"@id":"https:\/\/www.chiapatino.com\/home\/#\/schema\/person\/f64ab33314c9c8769b4082962d7f5301"},"potentialAction":[{"@type":"SearchAction","target":{"@type":"EntryPoint","urlTemplate":"https:\/\/www.chiapatino.com\/home\/?s={search_term_string}"},"query-input":{"@type":"PropertyValueSpecification","valueRequired":true,"valueName":"search_term_string"}}],"inLanguage":"en-US"},{"@type":["Person","Organization"],"@id":"https:\/\/www.chiapatino.com\/home\/#\/schema\/person\/f64ab33314c9c8769b4082962d7f5301","name":"Chia Pati\u00f1o","image":{"@type":"ImageObject","inLanguage":"en-US","@id":"https:\/\/i0.wp.com\/www.chiapatino.com\/wp-content\/uploads\/2022\/11\/chiahs01.webp?fit=960%2C1201&ssl=1","url":"https:\/\/i0.wp.com\/www.chiapatino.com\/wp-content\/uploads\/2022\/11\/chiahs01.webp?fit=960%2C1201&ssl=1","contentUrl":"https:\/\/i0.wp.com\/www.chiapatino.com\/wp-content\/uploads\/2022\/11\/chiahs01.webp?fit=960%2C1201&ssl=1","width":960,"height":1201,"caption":"Chia Pati\u00f1o"},"logo":{"@id":"https:\/\/i0.wp.com\/www.chiapatino.com\/wp-content\/uploads\/2022\/11\/chiahs01.webp?fit=960%2C1201&ssl=1"},"sameAs":["https:\/\/www.facebook.com\/chia.patino","https:\/\/www.instagram.com\/chia.patino\/","https:\/\/x.com\/https:\/\/twitter.com\/chpatito?lang=en"]}]}},"jetpack_shortlink":"https:\/\/wp.me\/Pb5Ra3-Db","jetpack_sharing_enabled":true,"_links":{"self":[{"href":"https:\/\/www.chiapatino.com\/home\/wp-json\/wp\/v2\/pages\/2429","targetHints":{"allow":["GET"]}}],"collection":[{"href":"https:\/\/www.chiapatino.com\/home\/wp-json\/wp\/v2\/pages"}],"about":[{"href":"https:\/\/www.chiapatino.com\/home\/wp-json\/wp\/v2\/types\/page"}],"author":[{"embeddable":true,"href":"https:\/\/www.chiapatino.com\/home\/wp-json\/wp\/v2\/users\/1"}],"replies":[{"embeddable":true,"href":"https:\/\/www.chiapatino.com\/home\/wp-json\/wp\/v2\/comments?post=2429"}],"version-history":[{"count":22,"href":"https:\/\/www.chiapatino.com\/home\/wp-json\/wp\/v2\/pages\/2429\/revisions"}],"predecessor-version":[{"id":6368,"href":"https:\/\/www.chiapatino.com\/home\/wp-json\/wp\/v2\/pages\/2429\/revisions\/6368"}],"wp:featuredmedia":[{"embeddable":true,"href":"https:\/\/www.chiapatino.com\/home\/wp-json\/wp\/v2\/media\/6367"}],"wp:attachment":[{"href":"https:\/\/www.chiapatino.com\/home\/wp-json\/wp\/v2\/media?parent=2429"}],"curies":[{"name":"wp","href":"https:\/\/api.w.org\/{rel}","templated":true}]}}