{"id":9098,"date":"2022-06-01T00:00:53","date_gmt":"2022-06-01T00:00:53","guid":{"rendered":"https:\/\/www.chiapatino.com\/home\/?page_id=9098"},"modified":"2024-06-20T12:36:20","modified_gmt":"2024-06-20T12:36:20","slug":"sesp2","status":"publish","type":"page","link":"https:\/\/www.chiapatino.com\/home\/sesp2\/","title":{"rendered":"SUITE ESPA\u00d1OLA: EXPLORANDO EL CARIBE"},"content":{"rendered":"<div class=\"wpb-content-wrapper\"><p>[vc_row row_height_percent=&#8221;0&#8243; back_image=&#8221;6839&#8243; back_position=&#8221;center top&#8221; overlay_alpha=&#8221;50&#8243; gutter_size=&#8221;3&#8243; column_width_percent=&#8221;100&#8243; shift_y=&#8221;0&#8243; z_index=&#8221;0&#8243; uncode_shortcode_id=&#8221;162843&#8243;][vc_column width=&#8221;1\/1&#8243;][vc_empty_space empty_h=&#8221;3&#8243;][vc_empty_space empty_h=&#8221;5&#8243;][vc_empty_space empty_h=&#8221;5&#8243;][vc_empty_space empty_h=&#8221;5&#8243;][vc_empty_space empty_h=&#8221;5&#8243;][vc_empty_space empty_h=&#8221;1&#8243;][\/vc_column][\/vc_row][vc_row][vc_column width=&#8221;1\/2&#8243;][vc_empty_space empty_h=&#8221;2&#8243;][vc_custom_heading heading_semantic=&#8221;h3&#8243; text_size=&#8221;h3&#8243; uncode_shortcode_id=&#8221;101939&#8243; subheading=&#8221;Houston Grand Opera&#8221;]Suite Espa\u00f1ola:<br \/>\nExplorando el Caribe[\/vc_custom_heading][vc_separator sep_color=&#8221;color-jevc&#8221; uncode_shortcode_id=&#8221;227564&#8243; sep_color_type=&#8221;uncode-palette&#8221; el_width=&#8221;60%&#8221;][vc_column_text text_color=&#8221;accent&#8221; uncode_shortcode_id=&#8221;547746&#8243; text_color_type=&#8221;uncode-palette&#8221;]2022[\/vc_column_text][vc_column_text uncode_shortcode_id=&#8221;203392&#8243;]<em><strong>Concept Creator, Co-Curator<\/strong>:<\/em> Ana Mar\u00eda Mart\u00ednez<br \/>\n<em><strong>Director, Co-Curator:<\/strong><\/em> Ch\u00eda Pati\u00f1o<br \/>\n<em><strong>Projection Designer<\/strong><\/em>: S. Katy Tucker<br \/>\n<em><strong>Choreographer<\/strong>:<\/em> Mari\u00e9n Torres L\u00f3pez<br \/>\n<em><strong>Lighting Designer:<\/strong><\/em> Michael James Clark<br \/>\n<em><strong>Costume Realizer:<\/strong><\/em> Clair Hummel<br \/>\n<em><strong>Musical Preparation:<\/strong> <\/em>Kirill Kuzmin<\/p>\n<p><strong>Featuring<\/strong><\/p>\n<p><em><strong>Ana Mar\u00eda Mart\u00ednez:<\/strong><\/em> \u00a0Soprano<br \/>\n<em><strong>Ricardo Garc\u00eda:<\/strong> <\/em>Tenor Blake Denson \/ Baritone<br \/>\n<em><strong>Mari\u00e9n Torres L\u00f3pez:<\/strong><\/em> Solo Dancer<br \/>\n<em><strong>Jorvian Santana Ayala:<\/strong><\/em> Solo Dancer<br \/>\n<em><strong>Kirill Kuzmin:<\/strong><\/em> Piano<br \/>\n<em><strong>Javier Rodriguez-Gonzalez:<\/strong><\/em> Cuatro<br \/>\n<em><strong>Jes\u00fas Pacheco:<\/strong><\/em> Percussion<br \/>\n<em><strong>Charlie Perez:<\/strong> <\/em>Percussion[\/vc_column_text][\/vc_column][vc_column width=&#8221;1\/2&#8243;][\/vc_column][\/vc_row][vc_row][vc_column width=&#8221;1\/1&#8243;][vc_empty_space empty_h=&#8221;2&#8243;][vc_custom_heading uncode_shortcode_id=&#8221;170152&#8243;]Gallery[\/vc_custom_heading][vc_separator sep_color=&#8221;color-jevc&#8221; uncode_shortcode_id=&#8221;143370&#8243; sep_color_type=&#8221;uncode-palette&#8221; el_width=&#8221;20%&#8221;][vc_empty_space empty_h=&#8221;2&#8243;][vc_gallery el_id=&#8221;gallery-809019&#8243; type=&#8221;css_grid&#8221; random=&#8221;yes&#8221; medias=&#8221;6768,6781,6780,6779,6778,6777,6776,6775,6774,6773,6772,6771&#8243; screen_lg_items=&#8221;4&#8243; screen_lg_breakpoint=&#8221;1000&#8243; screen_md_items=&#8221;4&#8243; screen_md_breakpoint=&#8221;600&#8243; screen_sm_items=&#8221;4&#8243; screen_sm_breakpoint=&#8221;480&#8243; infinite=&#8221;yes&#8221; infinite_preloaded_items=&#8221;10&#8243; infinite_loading_items=&#8221;10&#8243; gutter_size=&#8221;0&#8243; css_grid_equal_height=&#8221;yes&#8221; media_items=&#8221;media|lightbox|original&#8221; single_overlay_opacity=&#8221;50&#8243; single_overlay_anim=&#8221;no&#8221; single_text_anim=&#8221;no&#8221; single_image_anim=&#8221;no&#8221; single_padding=&#8221;0&#8243; single_text_reduced=&#8221;yes&#8221; single_border=&#8221;yes&#8221; lbox_no_tmb=&#8221;yes&#8221; uncode_shortcode_id=&#8221;212237&#8243; title=&#8221;Suit Espa\u00f1ola, explorando el Caribe&#8221;][vc_empty_space empty_h=&#8221;3&#8243;][\/vc_column][\/vc_row][vc_row unlock_row=&#8221;&#8221; row_height_percent=&#8221;0&#8243; overlay_alpha=&#8221;50&#8243; gutter_size=&#8221;4&#8243; column_width_percent=&#8221;100&#8243; shift_y=&#8221;0&#8243; z_index=&#8221;0&#8243; uncode_shortcode_id=&#8221;196029&#8243;][vc_column width=&#8221;1\/2&#8243;][vc_custom_heading heading_semantic=&#8221;h1&#8243; text_size=&#8221;h1&#8243; uncode_shortcode_id=&#8221;137204&#8243; subheading=&#8221;HGO Digital, Houston Grand Opera, July 10, 2022&#8243;]<a href=\"https:\/\/www.houstongrandopera.org\/events-tickets\/hgo-digital\/suite-espanola-explorando-el-caribe\/\" target=\"_blank\" rel=\"noopener\">Suite Espa\u00f1ola:<\/a><br \/>\n<a href=\"https:\/\/www.houstongrandopera.org\/events-tickets\/hgo-digital\/suite-espanola-explorando-el-caribe\/\" target=\"_blank\" rel=\"noopener\">Explorando el Caribe<\/a>[\/vc_custom_heading][vc_separator sep_color=&#8221;color-jevc&#8221; uncode_shortcode_id=&#8221;977965&#8243; sep_color_type=&#8221;uncode-palette&#8221; el_width=&#8221;80%&#8221;][vc_empty_space empty_h=&#8221;2&#8243;][vc_single_image media=&#8221;7979&#8243; media_width_percent=&#8221;100&#8243; uncode_shortcode_id=&#8221;636321&#8243;][\/vc_column][vc_column width=&#8221;1\/2&#8243;][vc_empty_space empty_h=&#8221;5&#8243;][vc_empty_space empty_h=&#8221;1&#8243;][vc_column_text uncode_shortcode_id=&#8221;323053&#8243; css=&#8221;.vc_custom_1680875824992{padding-right: 100px !important;}&#8221;](ESP.)<br \/>\n<em>Entorno a la cr\u00edtica de la audiencia de Suite Espa\u00f1ola de la primavera de 2021, creada y protagonizada por la incomparable Ana Mar\u00eda Mart\u00ednez, este programa de seguimiento celebra las tradiciones musicales de las culturas de habla hispana en Am\u00e9rica Central y del Sur, muy pronto Suite Espa\u00f1ola: Explorando El Caribe.<\/em><\/p>\n<p>(ENG)<br \/>\nBuilding on the critical and audience response for spring 2021\u2019s Suite Espa\u00f1ola, created by and starring the incomparable Ana Mar\u00eda Mart\u00ednez, this follow-up program celebrates the musical traditions of Spanish-speaking cultures in Central and South America in Suite Espa\u00f1ola: Explorando El Caribe.[\/vc_column_text][\/vc_column][\/vc_row][vc_row][vc_column width=&#8221;1\/1&#8243;][vc_empty_space empty_h=&#8221;4&#8243;][\/vc_column][\/vc_row]<\/p>\n<\/div>","protected":false},"excerpt":{"rendered":"<p>Building on the critical and audience response for spring 2021\u2019s Suite Espa\u00f1ola, created by and starring the incomparable Ana Mar\u00eda Mart\u00ednez, this follow-up program celebrates the musical traditions of Spanish-speaking cultures in Central and South America in Suite Espa\u00f1ola: Explorando El Caribe.<\/p>\n","protected":false},"author":1,"featured_media":7969,"parent":0,"menu_order":0,"comment_status":"closed","ping_status":"closed","template":"","meta":{"footnotes":""},"class_list":["post-9098","page","type-page","status-publish","has-post-thumbnail","hentry","page_category-workcollection","page_category-stagedirector"],"yoast_head":"<!-- This site is optimized with the Yoast SEO plugin v27.4 - https:\/\/yoast.com\/product\/yoast-seo-wordpress\/ -->\n<title>SUITE ESPA\u00d1OLA: EXPLORANDO EL CARIBE - Chia Pati\u00f1o<\/title>\n<meta name=\"description\" content=\"Building on the critical and audience Building on the critical and audience response for spring 2021\u2019s Suite Espa\u00f1ola, created by and starring the incomparable Ana Mar\u00eda Mart\u00ednez, this follow-up program celebrates the musical traditions of Spanish-speaking cultures in Central and South America in Suite Espa\u00f1ola: Explorando El Caribe.\" \/>\n<meta name=\"robots\" content=\"index, follow, max-snippet:-1, max-image-preview:large, max-video-preview:-1\" \/>\n<link rel=\"canonical\" href=\"https:\/\/www.chiapatino.com\/home\/sesp2\/\" \/>\n<meta property=\"og:locale\" content=\"en_US\" \/>\n<meta property=\"og:type\" content=\"article\" \/>\n<meta property=\"og:title\" content=\"SUITE ESPA\u00d1OLA: EXPLORANDO EL CARIBE - Chia Pati\u00f1o\" \/>\n<meta property=\"og:description\" content=\"Building on the critical and audience Building on the critical and audience response for spring 2021\u2019s Suite Espa\u00f1ola, created by and starring the incomparable Ana Mar\u00eda Mart\u00ednez, this follow-up program celebrates the musical traditions of Spanish-speaking cultures in Central and South America in Suite Espa\u00f1ola: Explorando El Caribe.\" \/>\n<meta property=\"og:url\" content=\"https:\/\/www.chiapatino.com\/home\/sesp2\/\" \/>\n<meta property=\"og:site_name\" content=\"Chia Pati\u00f1o\" \/>\n<meta property=\"article:publisher\" content=\"https:\/\/www.facebook.com\/chia.patino\" \/>\n<meta property=\"article:modified_time\" content=\"2024-06-20T12:36:20+00:00\" \/>\n<meta property=\"og:image\" content=\"https:\/\/www.chiapatino.com\/wp-content\/uploads\/2023\/04\/SUITESP_CARIB_023.jpg\" \/>\n\t<meta property=\"og:image:width\" content=\"397\" \/>\n\t<meta property=\"og:image:height\" content=\"280\" \/>\n\t<meta property=\"og:image:type\" content=\"image\/jpeg\" \/>\n<meta name=\"twitter:card\" content=\"summary_large_image\" \/>\n<meta name=\"twitter:site\" content=\"@en\" \/>\n<meta name=\"twitter:label1\" content=\"Est. reading time\" \/>\n\t<meta name=\"twitter:data1\" content=\"2 minutes\" \/>\n<script type=\"application\/ld+json\" class=\"yoast-schema-graph\">{\"@context\":\"https:\\\/\\\/schema.org\",\"@graph\":[{\"@type\":\"WebPage\",\"@id\":\"https:\\\/\\\/www.chiapatino.com\\\/home\\\/sesp2\\\/\",\"url\":\"https:\\\/\\\/www.chiapatino.com\\\/home\\\/sesp2\\\/\",\"name\":\"SUITE ESPA\u00d1OLA: EXPLORANDO EL CARIBE - Chia Pati\u00f1o\",\"isPartOf\":{\"@id\":\"https:\\\/\\\/www.chiapatino.com\\\/home\\\/#website\"},\"primaryImageOfPage\":{\"@id\":\"https:\\\/\\\/www.chiapatino.com\\\/home\\\/sesp2\\\/#primaryimage\"},\"image\":{\"@id\":\"https:\\\/\\\/www.chiapatino.com\\\/home\\\/sesp2\\\/#primaryimage\"},\"thumbnailUrl\":\"https:\\\/\\\/i0.wp.com\\\/www.chiapatino.com\\\/wp-content\\\/uploads\\\/2023\\\/04\\\/SUITESP_CARIB_023.jpg?fit=397%2C280&ssl=1\",\"datePublished\":\"2022-06-01T00:00:53+00:00\",\"dateModified\":\"2024-06-20T12:36:20+00:00\",\"description\":\"Building on the critical and audience Building on the critical and audience response for spring 2021\u2019s Suite Espa\u00f1ola, created by and starring the incomparable Ana Mar\u00eda Mart\u00ednez, this follow-up program celebrates the musical traditions of Spanish-speaking cultures in Central and South America in Suite Espa\u00f1ola: Explorando El Caribe.\",\"breadcrumb\":{\"@id\":\"https:\\\/\\\/www.chiapatino.com\\\/home\\\/sesp2\\\/#breadcrumb\"},\"inLanguage\":\"en-US\",\"potentialAction\":[{\"@type\":\"ReadAction\",\"target\":[\"https:\\\/\\\/www.chiapatino.com\\\/home\\\/sesp2\\\/\"]}]},{\"@type\":\"ImageObject\",\"inLanguage\":\"en-US\",\"@id\":\"https:\\\/\\\/www.chiapatino.com\\\/home\\\/sesp2\\\/#primaryimage\",\"url\":\"https:\\\/\\\/i0.wp.com\\\/www.chiapatino.com\\\/wp-content\\\/uploads\\\/2023\\\/04\\\/SUITESP_CARIB_023.jpg?fit=397%2C280&ssl=1\",\"contentUrl\":\"https:\\\/\\\/i0.wp.com\\\/www.chiapatino.com\\\/wp-content\\\/uploads\\\/2023\\\/04\\\/SUITESP_CARIB_023.jpg?fit=397%2C280&ssl=1\",\"width\":397,\"height\":280},{\"@type\":\"BreadcrumbList\",\"@id\":\"https:\\\/\\\/www.chiapatino.com\\\/home\\\/sesp2\\\/#breadcrumb\",\"itemListElement\":[{\"@type\":\"ListItem\",\"position\":1,\"name\":\"Home\",\"item\":\"https:\\\/\\\/www.chiapatino.com\\\/home\\\/\"},{\"@type\":\"ListItem\",\"position\":2,\"name\":\"SUITE ESPA\u00d1OLA: EXPLORANDO EL CARIBE\"}]},{\"@type\":\"WebSite\",\"@id\":\"https:\\\/\\\/www.chiapatino.com\\\/home\\\/#website\",\"url\":\"https:\\\/\\\/www.chiapatino.com\\\/home\\\/\",\"name\":\"Chia Pati\u00f1o\",\"description\":\"Portafolio\",\"publisher\":{\"@id\":\"https:\\\/\\\/www.chiapatino.com\\\/home\\\/#\\\/schema\\\/person\\\/f64ab33314c9c8769b4082962d7f5301\"},\"potentialAction\":[{\"@type\":\"SearchAction\",\"target\":{\"@type\":\"EntryPoint\",\"urlTemplate\":\"https:\\\/\\\/www.chiapatino.com\\\/home\\\/?s={search_term_string}\"},\"query-input\":{\"@type\":\"PropertyValueSpecification\",\"valueRequired\":true,\"valueName\":\"search_term_string\"}}],\"inLanguage\":\"en-US\"},{\"@type\":[\"Person\",\"Organization\"],\"@id\":\"https:\\\/\\\/www.chiapatino.com\\\/home\\\/#\\\/schema\\\/person\\\/f64ab33314c9c8769b4082962d7f5301\",\"name\":\"Chia Pati\u00f1o\",\"image\":{\"@type\":\"ImageObject\",\"inLanguage\":\"en-US\",\"@id\":\"https:\\\/\\\/i0.wp.com\\\/www.chiapatino.com\\\/wp-content\\\/uploads\\\/2022\\\/11\\\/chiahs01.webp?fit=960%2C1201&ssl=1\",\"url\":\"https:\\\/\\\/i0.wp.com\\\/www.chiapatino.com\\\/wp-content\\\/uploads\\\/2022\\\/11\\\/chiahs01.webp?fit=960%2C1201&ssl=1\",\"contentUrl\":\"https:\\\/\\\/i0.wp.com\\\/www.chiapatino.com\\\/wp-content\\\/uploads\\\/2022\\\/11\\\/chiahs01.webp?fit=960%2C1201&ssl=1\",\"width\":960,\"height\":1201,\"caption\":\"Chia Pati\u00f1o\"},\"logo\":{\"@id\":\"https:\\\/\\\/i0.wp.com\\\/www.chiapatino.com\\\/wp-content\\\/uploads\\\/2022\\\/11\\\/chiahs01.webp?fit=960%2C1201&ssl=1\"},\"sameAs\":[\"https:\\\/\\\/www.facebook.com\\\/chia.patino\",\"https:\\\/\\\/www.instagram.com\\\/chia.patino\\\/\",\"https:\\\/\\\/x.com\\\/https:\\\/\\\/twitter.com\\\/chpatito?lang=en\"]}]}<\/script>\n<!-- \/ Yoast SEO plugin. -->","yoast_head_json":{"title":"SUITE ESPA\u00d1OLA: EXPLORANDO EL CARIBE - Chia Pati\u00f1o","description":"Building on the critical and audience Building on the critical and audience response for spring 2021\u2019s Suite Espa\u00f1ola, created by and starring the incomparable Ana Mar\u00eda Mart\u00ednez, this follow-up program celebrates the musical traditions of Spanish-speaking cultures in Central and South America in Suite Espa\u00f1ola: Explorando El Caribe.","robots":{"index":"index","follow":"follow","max-snippet":"max-snippet:-1","max-image-preview":"max-image-preview:large","max-video-preview":"max-video-preview:-1"},"canonical":"https:\/\/www.chiapatino.com\/home\/sesp2\/","og_locale":"en_US","og_type":"article","og_title":"SUITE ESPA\u00d1OLA: EXPLORANDO EL CARIBE - Chia Pati\u00f1o","og_description":"Building on the critical and audience Building on the critical and audience response for spring 2021\u2019s Suite Espa\u00f1ola, created by and starring the incomparable Ana Mar\u00eda Mart\u00ednez, this follow-up program celebrates the musical traditions of Spanish-speaking cultures in Central and South America in Suite Espa\u00f1ola: Explorando El Caribe.","og_url":"https:\/\/www.chiapatino.com\/home\/sesp2\/","og_site_name":"Chia Pati\u00f1o","article_publisher":"https:\/\/www.facebook.com\/chia.patino","article_modified_time":"2024-06-20T12:36:20+00:00","og_image":[{"width":397,"height":280,"url":"https:\/\/www.chiapatino.com\/wp-content\/uploads\/2023\/04\/SUITESP_CARIB_023.jpg","type":"image\/jpeg"}],"twitter_card":"summary_large_image","twitter_site":"@en","twitter_misc":{"Est. reading time":"2 minutes"},"schema":{"@context":"https:\/\/schema.org","@graph":[{"@type":"WebPage","@id":"https:\/\/www.chiapatino.com\/home\/sesp2\/","url":"https:\/\/www.chiapatino.com\/home\/sesp2\/","name":"SUITE ESPA\u00d1OLA: EXPLORANDO EL CARIBE - Chia Pati\u00f1o","isPartOf":{"@id":"https:\/\/www.chiapatino.com\/home\/#website"},"primaryImageOfPage":{"@id":"https:\/\/www.chiapatino.com\/home\/sesp2\/#primaryimage"},"image":{"@id":"https:\/\/www.chiapatino.com\/home\/sesp2\/#primaryimage"},"thumbnailUrl":"https:\/\/i0.wp.com\/www.chiapatino.com\/wp-content\/uploads\/2023\/04\/SUITESP_CARIB_023.jpg?fit=397%2C280&ssl=1","datePublished":"2022-06-01T00:00:53+00:00","dateModified":"2024-06-20T12:36:20+00:00","description":"Building on the critical and audience Building on the critical and audience response for spring 2021\u2019s Suite Espa\u00f1ola, created by and starring the incomparable Ana Mar\u00eda Mart\u00ednez, this follow-up program celebrates the musical traditions of Spanish-speaking cultures in Central and South America in Suite Espa\u00f1ola: Explorando El Caribe.","breadcrumb":{"@id":"https:\/\/www.chiapatino.com\/home\/sesp2\/#breadcrumb"},"inLanguage":"en-US","potentialAction":[{"@type":"ReadAction","target":["https:\/\/www.chiapatino.com\/home\/sesp2\/"]}]},{"@type":"ImageObject","inLanguage":"en-US","@id":"https:\/\/www.chiapatino.com\/home\/sesp2\/#primaryimage","url":"https:\/\/i0.wp.com\/www.chiapatino.com\/wp-content\/uploads\/2023\/04\/SUITESP_CARIB_023.jpg?fit=397%2C280&ssl=1","contentUrl":"https:\/\/i0.wp.com\/www.chiapatino.com\/wp-content\/uploads\/2023\/04\/SUITESP_CARIB_023.jpg?fit=397%2C280&ssl=1","width":397,"height":280},{"@type":"BreadcrumbList","@id":"https:\/\/www.chiapatino.com\/home\/sesp2\/#breadcrumb","itemListElement":[{"@type":"ListItem","position":1,"name":"Home","item":"https:\/\/www.chiapatino.com\/home\/"},{"@type":"ListItem","position":2,"name":"SUITE ESPA\u00d1OLA: EXPLORANDO EL CARIBE"}]},{"@type":"WebSite","@id":"https:\/\/www.chiapatino.com\/home\/#website","url":"https:\/\/www.chiapatino.com\/home\/","name":"Chia Pati\u00f1o","description":"Portafolio","publisher":{"@id":"https:\/\/www.chiapatino.com\/home\/#\/schema\/person\/f64ab33314c9c8769b4082962d7f5301"},"potentialAction":[{"@type":"SearchAction","target":{"@type":"EntryPoint","urlTemplate":"https:\/\/www.chiapatino.com\/home\/?s={search_term_string}"},"query-input":{"@type":"PropertyValueSpecification","valueRequired":true,"valueName":"search_term_string"}}],"inLanguage":"en-US"},{"@type":["Person","Organization"],"@id":"https:\/\/www.chiapatino.com\/home\/#\/schema\/person\/f64ab33314c9c8769b4082962d7f5301","name":"Chia Pati\u00f1o","image":{"@type":"ImageObject","inLanguage":"en-US","@id":"https:\/\/i0.wp.com\/www.chiapatino.com\/wp-content\/uploads\/2022\/11\/chiahs01.webp?fit=960%2C1201&ssl=1","url":"https:\/\/i0.wp.com\/www.chiapatino.com\/wp-content\/uploads\/2022\/11\/chiahs01.webp?fit=960%2C1201&ssl=1","contentUrl":"https:\/\/i0.wp.com\/www.chiapatino.com\/wp-content\/uploads\/2022\/11\/chiahs01.webp?fit=960%2C1201&ssl=1","width":960,"height":1201,"caption":"Chia Pati\u00f1o"},"logo":{"@id":"https:\/\/i0.wp.com\/www.chiapatino.com\/wp-content\/uploads\/2022\/11\/chiahs01.webp?fit=960%2C1201&ssl=1"},"sameAs":["https:\/\/www.facebook.com\/chia.patino","https:\/\/www.instagram.com\/chia.patino\/","https:\/\/x.com\/https:\/\/twitter.com\/chpatito?lang=en"]}]}},"jetpack_shortlink":"https:\/\/wp.me\/Pb5Ra3-2mK","jetpack_sharing_enabled":true,"_links":{"self":[{"href":"https:\/\/www.chiapatino.com\/home\/wp-json\/wp\/v2\/pages\/9098","targetHints":{"allow":["GET"]}}],"collection":[{"href":"https:\/\/www.chiapatino.com\/home\/wp-json\/wp\/v2\/pages"}],"about":[{"href":"https:\/\/www.chiapatino.com\/home\/wp-json\/wp\/v2\/types\/page"}],"author":[{"embeddable":true,"href":"https:\/\/www.chiapatino.com\/home\/wp-json\/wp\/v2\/users\/1"}],"replies":[{"embeddable":true,"href":"https:\/\/www.chiapatino.com\/home\/wp-json\/wp\/v2\/comments?post=9098"}],"version-history":[{"count":3,"href":"https:\/\/www.chiapatino.com\/home\/wp-json\/wp\/v2\/pages\/9098\/revisions"}],"predecessor-version":[{"id":9101,"href":"https:\/\/www.chiapatino.com\/home\/wp-json\/wp\/v2\/pages\/9098\/revisions\/9101"}],"wp:featuredmedia":[{"embeddable":true,"href":"https:\/\/www.chiapatino.com\/home\/wp-json\/wp\/v2\/media\/7969"}],"wp:attachment":[{"href":"https:\/\/www.chiapatino.com\/home\/wp-json\/wp\/v2\/media?parent=9098"}],"curies":[{"name":"wp","href":"https:\/\/api.w.org\/{rel}","templated":true}]}}