{"id":9116,"date":"2017-03-01T00:00:49","date_gmt":"2017-03-01T00:00:49","guid":{"rendered":"https:\/\/www.chiapatino.com\/home\/?page_id=9116"},"modified":"2024-06-25T15:43:46","modified_gmt":"2024-06-25T15:43:46","slug":"rqmmzrt","status":"publish","type":"page","link":"https:\/\/www.chiapatino.com\/home\/rqmmzrt\/","title":{"rendered":"REQUIEM DE MOZART"},"content":{"rendered":"<div class=\"wpb-content-wrapper\"><p>[vc_row row_height_percent=&#8221;0&#8243; back_image=&#8221;7405&#8243; back_repeat=&#8221;no-repeat&#8221; back_position=&#8221;center bottom&#8221; parallax=&#8221;yes&#8221; overlay_alpha=&#8221;50&#8243; gutter_size=&#8221;3&#8243; column_width_percent=&#8221;100&#8243; shift_y=&#8221;0&#8243; z_index=&#8221;0&#8243; uncode_shortcode_id=&#8221;105498&#8243;][vc_column width=&#8221;1\/1&#8243;][vc_empty_space empty_h=&#8221;5&#8243;][vc_empty_space empty_h=&#8221;5&#8243;][vc_empty_space empty_h=&#8221;5&#8243;][\/vc_column][\/vc_row][vc_row row_height_percent=&#8221;0&#8243; back_color=&#8221;color-gyho&#8221; overlay_alpha=&#8221;50&#8243; gutter_size=&#8221;3&#8243; column_width_percent=&#8221;100&#8243; shift_y=&#8221;0&#8243; z_index=&#8221;0&#8243;][vc_column column_width_percent=&#8221;100&#8243; gutter_size=&#8221;3&#8243; style=&#8221;dark&#8221; overlay_alpha=&#8221;50&#8243; shift_x=&#8221;0&#8243; shift_y=&#8221;0&#8243; shift_y_down=&#8221;0&#8243; z_index=&#8221;0&#8243; medium_width=&#8221;0&#8243; mobile_width=&#8221;0&#8243; width=&#8221;1\/1&#8243;][vc_empty_space empty_h=&#8221;4&#8243;][vc_custom_heading]<\/p>\n<h2>Requiem<\/h2>\n<p>W.A. Mozart[\/vc_custom_heading][vc_separator sep_color=&#8221;accent&#8221; uncode_shortcode_id=&#8221;177414&#8243; sep_color_type=&#8221;uncode-palette&#8221; el_width=&#8221;40%&#8221;][vc_column_text]2018<br \/>\n<a href=\"http:\/\/teatrosanchezaguilar.org\">TEATRO NACIONAL SUCRE (Quito, Ecuador)<\/a><br \/>\nFESTIVAL INTERNACIONAL DE MUSICA SACRA DE QUITO<\/p>\n<p>&nbsp;<\/p>\n<p><em><strong>Direcci\u00f3n Musical \/ Music Director:<\/strong><\/em> Carmen-Helena T\u00e9llez<br \/>\n<strong><em>Direcci\u00f3n Esc\u00e9nica y concepto \/ Stage Director:<\/em><\/strong> Ch\u00eda Pati\u00f1o<br \/>\n<em><strong>Dise\u00f1o de Luces \/ Light Design<\/strong><\/em>: Hector Duchi y Ramiro Murillo<\/p>\n<p>Orquesta Sinf\u00f3nica Nacional del Ecuador<br \/>\nCoro Mixto Ciudad de Quito, Coro Juvenil y Escuela L\u00edrica de la Fundaci\u00f3n Teatro Nacional Sucre[\/vc_column_text][\/vc_column][\/vc_row][vc_row unlock_row_content=&#8221;yes&#8221; row_height_percent=&#8221;0&#8243; override_padding=&#8221;yes&#8221; h_padding=&#8221;0&#8243; top_padding=&#8221;0&#8243; bottom_padding=&#8221;0&#8243; back_color=&#8221;color-jevc&#8221; overlay_alpha=&#8221;50&#8243; gutter_size=&#8221;3&#8243; column_width_percent=&#8221;100&#8243; shift_y=&#8221;0&#8243; z_index=&#8221;0&#8243;][vc_column column_width_percent=&#8221;100&#8243; gutter_size=&#8221;3&#8243; style=&#8221;dark&#8221; overlay_alpha=&#8221;50&#8243; shift_x=&#8221;0&#8243; shift_y=&#8221;0&#8243; z_index=&#8221;0&#8243; medium_width=&#8221;0&#8243; mobile_width=&#8221;0&#8243; width=&#8221;1\/1&#8243;][vc_gallery el_id=&#8221;gallery-9751014&#8243; type=&#8221;justified&#8221; random=&#8221;yes&#8221; medias=&#8221;7394,7395,7396,7397,7398,7400,7401,7402,7403,7404&#8243; explode_albums=&#8221;yes&#8221; justify_row_height=&#8221;250&#8243; justify_last_row=&#8221;hide&#8221; filtering=&#8221;yes&#8221; gutter_size=&#8221;0&#8243; single_overlay_color=&#8221;color-wayh&#8221; single_overlay_opacity=&#8221;50&#8243; single_overlay_anim=&#8221;no&#8221; single_text_anim=&#8221;no&#8221; single_image_anim=&#8221;no&#8221; single_h_align=&#8221;center&#8221; single_padding=&#8221;2&#8243; single_icon=&#8221;fa fa-plus2&#8243; single_border=&#8221;yes&#8221; lbox_no_tmb=&#8221;yes&#8221; single_image_anim_move=&#8221;yes&#8221; title=&#8221;gallery work &#8211; full with&#8221; uncode_shortcode_id=&#8221;739627&#8243;][\/vc_column][\/vc_row][vc_row row_height_percent=&#8221;0&#8243; override_padding=&#8221;yes&#8221; h_padding=&#8221;2&#8243; top_padding=&#8221;2&#8243; bottom_padding=&#8221;2&#8243; overlay_alpha=&#8221;50&#8243; gutter_size=&#8221;4&#8243; column_width_percent=&#8221;100&#8243; shift_y=&#8221;0&#8243; z_index=&#8221;0&#8243;][vc_column width=&#8221;1\/2&#8243;][vc_empty_space empty_h=&#8221;2&#8243;][vc_single_image media=&#8221;1778&#8243; media_width_percent=&#8221;100&#8243; media_link=&#8221;url:https%3A%2F%2Fissuu.com%2Ffundacionteatronacionalsucre%2Fdocs%2Fprogramademano_fimusaq2018|||&#8221;][vc_empty_space empty_h=&#8221;3&#8243;][\/vc_column][vc_column column_width_percent=&#8221;100&#8243; gutter_size=&#8221;3&#8243; style=&#8221;dark&#8221; overlay_alpha=&#8221;50&#8243; shift_x=&#8221;0&#8243; shift_y=&#8221;0&#8243; shift_y_down=&#8221;0&#8243; z_index=&#8221;0&#8243; medium_width=&#8221;0&#8243; mobile_width=&#8221;0&#8243; width=&#8221;1\/2&#8243;][vc_empty_space empty_h=&#8221;1&#8243;][vc_custom_heading]<\/p>\n<h3>XVII Festival Internacional de M\u00fasica Sacra de Quito<\/h3>\n<p>[\/vc_custom_heading][vc_column_text]<em>En el marco del festival, Carmen-Helena T\u00e9llez dirigir\u00e1 el Requiem de Mozart, junto al Coro Mixto Ciudad de Quito, la Escuela L\u00edrica y la Orquesta Sinf\u00f3nica Nacional del Ecuador. Este concierto ofrecer\u00e1 un concepto interdisciplinario con la direcci\u00f3n esc\u00e9nica de Chia Pati\u00f1o.<\/em>[\/vc_column_text][\/vc_column][\/vc_row][vc_row][vc_column width=&#8221;1\/1&#8243;][vc_empty_space empty_h=&#8221;5&#8243;][vc_empty_space empty_h=&#8221;5&#8243;][\/vc_column][\/vc_row]<\/p>\n<\/div>","protected":false},"excerpt":{"rendered":"<p>Within the context of the &#8220;Sacred Music Festival&#8221; in Quito &#8211; Ecuador (2018) the stage direction of Chia Pati\u00f1o, together with Carmen-Helena T\u00e9llez that conducted Mozart&#8217;s Requiem, featuring the City of Quito Mixed Choir, the Lyric School and the National Symphony Orchestra of Ecuador, Mozart&#8217;s Requiem was a memorable presentation back in 2018.<\/p>\n","protected":false},"author":1,"featured_media":7875,"parent":0,"menu_order":0,"comment_status":"closed","ping_status":"closed","template":"","meta":{"footnotes":""},"class_list":["post-9116","page","type-page","status-publish","has-post-thumbnail","hentry","page_category-workcollection","page_category-stagedirector"],"yoast_head":"<!-- This site is optimized with the Yoast SEO plugin v27.4 - https:\/\/yoast.com\/product\/yoast-seo-wordpress\/ -->\n<title>REQUIEM DE MOZART - Chia Pati\u00f1o<\/title>\n<meta name=\"description\" content=\"Within the context of the &quot;Sacred Music Festival&quot; in Quito - Ecuador (2018) the stage direction of Chia Pati\u00f1o, together with Carmen-Helena T\u00e9llez that conducted Mozart&#039;s Requiem, featuring the City of Quito Mixed Choir, the Lyric School and the National Symphony Orchestra of Ecuador, Mozart&#039;s Requiem was a memorable presentation back in 2018.\" \/>\n<meta name=\"robots\" content=\"index, follow, max-snippet:-1, max-image-preview:large, max-video-preview:-1\" \/>\n<link rel=\"canonical\" href=\"https:\/\/www.chiapatino.com\/home\/rqmmzrt\/\" \/>\n<meta property=\"og:locale\" content=\"en_US\" \/>\n<meta property=\"og:type\" content=\"article\" \/>\n<meta property=\"og:title\" content=\"REQUIEM DE MOZART - Chia Pati\u00f1o\" \/>\n<meta property=\"og:description\" content=\"Within the context of the &quot;Sacred Music Festival&quot; in Quito - Ecuador (2018) the stage direction of Chia Pati\u00f1o, together with Carmen-Helena T\u00e9llez that conducted Mozart&#039;s Requiem, featuring the City of Quito Mixed Choir, the Lyric School and the National Symphony Orchestra of Ecuador, Mozart&#039;s Requiem was a memorable presentation back in 2018.\" \/>\n<meta property=\"og:url\" content=\"https:\/\/www.chiapatino.com\/home\/rqmmzrt\/\" \/>\n<meta property=\"og:site_name\" content=\"Chia Pati\u00f1o\" \/>\n<meta property=\"article:publisher\" content=\"https:\/\/www.facebook.com\/chia.patino\" \/>\n<meta property=\"article:modified_time\" content=\"2024-06-25T15:43:46+00:00\" \/>\n<meta property=\"og:image\" content=\"https:\/\/www.chiapatino.com\/wp-content\/uploads\/2023\/04\/requim_023.jpg\" \/>\n\t<meta property=\"og:image:width\" content=\"497\" \/>\n\t<meta property=\"og:image:height\" content=\"350\" \/>\n\t<meta property=\"og:image:type\" content=\"image\/jpeg\" \/>\n<meta name=\"twitter:card\" content=\"summary_large_image\" \/>\n<meta name=\"twitter:site\" content=\"@en\" \/>\n<meta name=\"twitter:label1\" content=\"Est. reading time\" \/>\n\t<meta name=\"twitter:data1\" content=\"2 minutes\" \/>\n<script type=\"application\/ld+json\" class=\"yoast-schema-graph\">{\"@context\":\"https:\\\/\\\/schema.org\",\"@graph\":[{\"@type\":\"WebPage\",\"@id\":\"https:\\\/\\\/www.chiapatino.com\\\/home\\\/rqmmzrt\\\/\",\"url\":\"https:\\\/\\\/www.chiapatino.com\\\/home\\\/rqmmzrt\\\/\",\"name\":\"REQUIEM DE MOZART - Chia Pati\u00f1o\",\"isPartOf\":{\"@id\":\"https:\\\/\\\/www.chiapatino.com\\\/home\\\/#website\"},\"primaryImageOfPage\":{\"@id\":\"https:\\\/\\\/www.chiapatino.com\\\/home\\\/rqmmzrt\\\/#primaryimage\"},\"image\":{\"@id\":\"https:\\\/\\\/www.chiapatino.com\\\/home\\\/rqmmzrt\\\/#primaryimage\"},\"thumbnailUrl\":\"https:\\\/\\\/i0.wp.com\\\/www.chiapatino.com\\\/wp-content\\\/uploads\\\/2023\\\/04\\\/requim_023.jpg?fit=497%2C350&ssl=1\",\"datePublished\":\"2017-03-01T00:00:49+00:00\",\"dateModified\":\"2024-06-25T15:43:46+00:00\",\"description\":\"Within the context of the \\\"Sacred Music Festival\\\" in Quito - Ecuador (2018) the stage direction of Chia Pati\u00f1o, together with Carmen-Helena T\u00e9llez that conducted Mozart's Requiem, featuring the City of Quito Mixed Choir, the Lyric School and the National Symphony Orchestra of Ecuador, Mozart's Requiem was a memorable presentation back in 2018.\",\"breadcrumb\":{\"@id\":\"https:\\\/\\\/www.chiapatino.com\\\/home\\\/rqmmzrt\\\/#breadcrumb\"},\"inLanguage\":\"en-US\",\"potentialAction\":[{\"@type\":\"ReadAction\",\"target\":[\"https:\\\/\\\/www.chiapatino.com\\\/home\\\/rqmmzrt\\\/\"]}]},{\"@type\":\"ImageObject\",\"inLanguage\":\"en-US\",\"@id\":\"https:\\\/\\\/www.chiapatino.com\\\/home\\\/rqmmzrt\\\/#primaryimage\",\"url\":\"https:\\\/\\\/i0.wp.com\\\/www.chiapatino.com\\\/wp-content\\\/uploads\\\/2023\\\/04\\\/requim_023.jpg?fit=497%2C350&ssl=1\",\"contentUrl\":\"https:\\\/\\\/i0.wp.com\\\/www.chiapatino.com\\\/wp-content\\\/uploads\\\/2023\\\/04\\\/requim_023.jpg?fit=497%2C350&ssl=1\",\"width\":497,\"height\":350},{\"@type\":\"BreadcrumbList\",\"@id\":\"https:\\\/\\\/www.chiapatino.com\\\/home\\\/rqmmzrt\\\/#breadcrumb\",\"itemListElement\":[{\"@type\":\"ListItem\",\"position\":1,\"name\":\"Home\",\"item\":\"https:\\\/\\\/www.chiapatino.com\\\/home\\\/\"},{\"@type\":\"ListItem\",\"position\":2,\"name\":\"REQUIEM DE MOZART\"}]},{\"@type\":\"WebSite\",\"@id\":\"https:\\\/\\\/www.chiapatino.com\\\/home\\\/#website\",\"url\":\"https:\\\/\\\/www.chiapatino.com\\\/home\\\/\",\"name\":\"Chia Pati\u00f1o\",\"description\":\"Portafolio\",\"publisher\":{\"@id\":\"https:\\\/\\\/www.chiapatino.com\\\/home\\\/#\\\/schema\\\/person\\\/f64ab33314c9c8769b4082962d7f5301\"},\"potentialAction\":[{\"@type\":\"SearchAction\",\"target\":{\"@type\":\"EntryPoint\",\"urlTemplate\":\"https:\\\/\\\/www.chiapatino.com\\\/home\\\/?s={search_term_string}\"},\"query-input\":{\"@type\":\"PropertyValueSpecification\",\"valueRequired\":true,\"valueName\":\"search_term_string\"}}],\"inLanguage\":\"en-US\"},{\"@type\":[\"Person\",\"Organization\"],\"@id\":\"https:\\\/\\\/www.chiapatino.com\\\/home\\\/#\\\/schema\\\/person\\\/f64ab33314c9c8769b4082962d7f5301\",\"name\":\"Chia Pati\u00f1o\",\"image\":{\"@type\":\"ImageObject\",\"inLanguage\":\"en-US\",\"@id\":\"https:\\\/\\\/i0.wp.com\\\/www.chiapatino.com\\\/wp-content\\\/uploads\\\/2022\\\/11\\\/chiahs01.webp?fit=960%2C1201&ssl=1\",\"url\":\"https:\\\/\\\/i0.wp.com\\\/www.chiapatino.com\\\/wp-content\\\/uploads\\\/2022\\\/11\\\/chiahs01.webp?fit=960%2C1201&ssl=1\",\"contentUrl\":\"https:\\\/\\\/i0.wp.com\\\/www.chiapatino.com\\\/wp-content\\\/uploads\\\/2022\\\/11\\\/chiahs01.webp?fit=960%2C1201&ssl=1\",\"width\":960,\"height\":1201,\"caption\":\"Chia Pati\u00f1o\"},\"logo\":{\"@id\":\"https:\\\/\\\/i0.wp.com\\\/www.chiapatino.com\\\/wp-content\\\/uploads\\\/2022\\\/11\\\/chiahs01.webp?fit=960%2C1201&ssl=1\"},\"sameAs\":[\"https:\\\/\\\/www.facebook.com\\\/chia.patino\",\"https:\\\/\\\/www.instagram.com\\\/chia.patino\\\/\",\"https:\\\/\\\/x.com\\\/https:\\\/\\\/twitter.com\\\/chpatito?lang=en\"]}]}<\/script>\n<!-- \/ Yoast SEO plugin. -->","yoast_head_json":{"title":"REQUIEM DE MOZART - Chia Pati\u00f1o","description":"Within the context of the \"Sacred Music Festival\" in Quito - Ecuador (2018) the stage direction of Chia Pati\u00f1o, together with Carmen-Helena T\u00e9llez that conducted Mozart's Requiem, featuring the City of Quito Mixed Choir, the Lyric School and the National Symphony Orchestra of Ecuador, Mozart's Requiem was a memorable presentation back in 2018.","robots":{"index":"index","follow":"follow","max-snippet":"max-snippet:-1","max-image-preview":"max-image-preview:large","max-video-preview":"max-video-preview:-1"},"canonical":"https:\/\/www.chiapatino.com\/home\/rqmmzrt\/","og_locale":"en_US","og_type":"article","og_title":"REQUIEM DE MOZART - Chia Pati\u00f1o","og_description":"Within the context of the \"Sacred Music Festival\" in Quito - Ecuador (2018) the stage direction of Chia Pati\u00f1o, together with Carmen-Helena T\u00e9llez that conducted Mozart's Requiem, featuring the City of Quito Mixed Choir, the Lyric School and the National Symphony Orchestra of Ecuador, Mozart's Requiem was a memorable presentation back in 2018.","og_url":"https:\/\/www.chiapatino.com\/home\/rqmmzrt\/","og_site_name":"Chia Pati\u00f1o","article_publisher":"https:\/\/www.facebook.com\/chia.patino","article_modified_time":"2024-06-25T15:43:46+00:00","og_image":[{"width":497,"height":350,"url":"https:\/\/www.chiapatino.com\/wp-content\/uploads\/2023\/04\/requim_023.jpg","type":"image\/jpeg"}],"twitter_card":"summary_large_image","twitter_site":"@en","twitter_misc":{"Est. reading time":"2 minutes"},"schema":{"@context":"https:\/\/schema.org","@graph":[{"@type":"WebPage","@id":"https:\/\/www.chiapatino.com\/home\/rqmmzrt\/","url":"https:\/\/www.chiapatino.com\/home\/rqmmzrt\/","name":"REQUIEM DE MOZART - Chia Pati\u00f1o","isPartOf":{"@id":"https:\/\/www.chiapatino.com\/home\/#website"},"primaryImageOfPage":{"@id":"https:\/\/www.chiapatino.com\/home\/rqmmzrt\/#primaryimage"},"image":{"@id":"https:\/\/www.chiapatino.com\/home\/rqmmzrt\/#primaryimage"},"thumbnailUrl":"https:\/\/i0.wp.com\/www.chiapatino.com\/wp-content\/uploads\/2023\/04\/requim_023.jpg?fit=497%2C350&ssl=1","datePublished":"2017-03-01T00:00:49+00:00","dateModified":"2024-06-25T15:43:46+00:00","description":"Within the context of the \"Sacred Music Festival\" in Quito - Ecuador (2018) the stage direction of Chia Pati\u00f1o, together with Carmen-Helena T\u00e9llez that conducted Mozart's Requiem, featuring the City of Quito Mixed Choir, the Lyric School and the National Symphony Orchestra of Ecuador, Mozart's Requiem was a memorable presentation back in 2018.","breadcrumb":{"@id":"https:\/\/www.chiapatino.com\/home\/rqmmzrt\/#breadcrumb"},"inLanguage":"en-US","potentialAction":[{"@type":"ReadAction","target":["https:\/\/www.chiapatino.com\/home\/rqmmzrt\/"]}]},{"@type":"ImageObject","inLanguage":"en-US","@id":"https:\/\/www.chiapatino.com\/home\/rqmmzrt\/#primaryimage","url":"https:\/\/i0.wp.com\/www.chiapatino.com\/wp-content\/uploads\/2023\/04\/requim_023.jpg?fit=497%2C350&ssl=1","contentUrl":"https:\/\/i0.wp.com\/www.chiapatino.com\/wp-content\/uploads\/2023\/04\/requim_023.jpg?fit=497%2C350&ssl=1","width":497,"height":350},{"@type":"BreadcrumbList","@id":"https:\/\/www.chiapatino.com\/home\/rqmmzrt\/#breadcrumb","itemListElement":[{"@type":"ListItem","position":1,"name":"Home","item":"https:\/\/www.chiapatino.com\/home\/"},{"@type":"ListItem","position":2,"name":"REQUIEM DE MOZART"}]},{"@type":"WebSite","@id":"https:\/\/www.chiapatino.com\/home\/#website","url":"https:\/\/www.chiapatino.com\/home\/","name":"Chia Pati\u00f1o","description":"Portafolio","publisher":{"@id":"https:\/\/www.chiapatino.com\/home\/#\/schema\/person\/f64ab33314c9c8769b4082962d7f5301"},"potentialAction":[{"@type":"SearchAction","target":{"@type":"EntryPoint","urlTemplate":"https:\/\/www.chiapatino.com\/home\/?s={search_term_string}"},"query-input":{"@type":"PropertyValueSpecification","valueRequired":true,"valueName":"search_term_string"}}],"inLanguage":"en-US"},{"@type":["Person","Organization"],"@id":"https:\/\/www.chiapatino.com\/home\/#\/schema\/person\/f64ab33314c9c8769b4082962d7f5301","name":"Chia Pati\u00f1o","image":{"@type":"ImageObject","inLanguage":"en-US","@id":"https:\/\/i0.wp.com\/www.chiapatino.com\/wp-content\/uploads\/2022\/11\/chiahs01.webp?fit=960%2C1201&ssl=1","url":"https:\/\/i0.wp.com\/www.chiapatino.com\/wp-content\/uploads\/2022\/11\/chiahs01.webp?fit=960%2C1201&ssl=1","contentUrl":"https:\/\/i0.wp.com\/www.chiapatino.com\/wp-content\/uploads\/2022\/11\/chiahs01.webp?fit=960%2C1201&ssl=1","width":960,"height":1201,"caption":"Chia Pati\u00f1o"},"logo":{"@id":"https:\/\/i0.wp.com\/www.chiapatino.com\/wp-content\/uploads\/2022\/11\/chiahs01.webp?fit=960%2C1201&ssl=1"},"sameAs":["https:\/\/www.facebook.com\/chia.patino","https:\/\/www.instagram.com\/chia.patino\/","https:\/\/x.com\/https:\/\/twitter.com\/chpatito?lang=en"]}]}},"jetpack_shortlink":"https:\/\/wp.me\/Pb5Ra3-2n2","jetpack_sharing_enabled":true,"_links":{"self":[{"href":"https:\/\/www.chiapatino.com\/home\/wp-json\/wp\/v2\/pages\/9116","targetHints":{"allow":["GET"]}}],"collection":[{"href":"https:\/\/www.chiapatino.com\/home\/wp-json\/wp\/v2\/pages"}],"about":[{"href":"https:\/\/www.chiapatino.com\/home\/wp-json\/wp\/v2\/types\/page"}],"author":[{"embeddable":true,"href":"https:\/\/www.chiapatino.com\/home\/wp-json\/wp\/v2\/users\/1"}],"replies":[{"embeddable":true,"href":"https:\/\/www.chiapatino.com\/home\/wp-json\/wp\/v2\/comments?post=9116"}],"version-history":[{"count":5,"href":"https:\/\/www.chiapatino.com\/home\/wp-json\/wp\/v2\/pages\/9116\/revisions"}],"predecessor-version":[{"id":9122,"href":"https:\/\/www.chiapatino.com\/home\/wp-json\/wp\/v2\/pages\/9116\/revisions\/9122"}],"wp:featuredmedia":[{"embeddable":true,"href":"https:\/\/www.chiapatino.com\/home\/wp-json\/wp\/v2\/media\/7875"}],"wp:attachment":[{"href":"https:\/\/www.chiapatino.com\/home\/wp-json\/wp\/v2\/media?parent=9116"}],"curies":[{"name":"wp","href":"https:\/\/api.w.org\/{rel}","templated":true}]}}