{"id":9128,"date":"2013-11-01T00:00:05","date_gmt":"2013-11-01T00:00:05","guid":{"rendered":"https:\/\/www.chiapatino.com\/home\/?page_id=9128"},"modified":"2024-06-20T16:21:28","modified_gmt":"2024-06-20T16:21:28","slug":"fstgd","status":"publish","type":"page","link":"https:\/\/www.chiapatino.com\/home\/fstgd\/","title":{"rendered":"FAUST"},"content":{"rendered":"<div class=\"wpb-content-wrapper\"><p>[vc_row unlock_row_content=&#8221;yes&#8221; row_height_percent=&#8221;0&#8243; override_padding=&#8221;yes&#8221; h_padding=&#8221;0&#8243; top_padding=&#8221;0&#8243; bottom_padding=&#8221;0&#8243; back_color=&#8221;color-wayh&#8221; back_image=&#8221;7217&#8243; parallax=&#8221;yes&#8221; overlay_alpha=&#8221;50&#8243; gutter_size=&#8221;3&#8243; column_width_percent=&#8221;100&#8243; shift_y=&#8221;0&#8243; z_index=&#8221;0&#8243; uncode_shortcode_id=&#8221;896639&#8243; back_color_type=&#8221;uncode-palette&#8221;][vc_column width=&#8221;1\/1&#8243;][vc_empty_space empty_h=&#8221;5&#8243;][vc_empty_space empty_h=&#8221;5&#8243;][vc_empty_space empty_h=&#8221;5&#8243;][vc_empty_space empty_h=&#8221;5&#8243;][vc_empty_space empty_h=&#8221;5&#8243;][\/vc_column][\/vc_row][vc_row row_height_percent=&#8221;0&#8243; overlay_color=&#8221;color-gyho&#8221; overlay_alpha=&#8221;50&#8243; gutter_size=&#8221;3&#8243; column_width_percent=&#8221;100&#8243; shift_y=&#8221;0&#8243; z_index=&#8221;0&#8243;][vc_column column_width_percent=&#8221;100&#8243; gutter_size=&#8221;3&#8243; style=&#8221;dark&#8221; overlay_alpha=&#8221;50&#8243; shift_x=&#8221;0&#8243; shift_y=&#8221;0&#8243; shift_y_down=&#8221;0&#8243; z_index=&#8221;0&#8243; medium_width=&#8221;0&#8243; mobile_width=&#8221;0&#8243; width=&#8221;1\/1&#8243;][vc_empty_space empty_h=&#8221;2&#8243;][vc_custom_heading heading_semantic=&#8221;h5&#8243; uncode_shortcode_id=&#8221;126785&#8243;]<\/p>\n<h1>Faust<\/h1>\n<p><em>M\u00fasica: Charles Gounod <\/em><br \/>\n<em>Libreto: Jules Barbier y Michel Carr\u00e9<\/em>[\/vc_custom_heading][vc_separator sep_color=&#8221;color-jevc&#8221; uncode_shortcode_id=&#8221;209982&#8243; sep_color_type=&#8221;uncode-palette&#8221; el_width=&#8221;35%&#8221;][vc_column_text]2013<\/p>\n<p><a href=\"https:\/\/www.teatrosucre.com\">TEATRO NACIONAL SUCRE (Quito, Ecuador)<\/a><\/p>\n<p><em><strong>Director Musical \/ Music Director:<\/strong><\/em>\u00a0\u00a0Ari Pelto<br \/>\n<strong><em>Directora Esc\u00e9nica \/ Stage Director:<\/em><\/strong>\u00a0Ch\u00eda Pati\u00f1o<br \/>\n<em><strong>Escenograf\u00eda \/ Scenic Design<\/strong><\/em>: Ana Garay<br \/>\n<em><strong>Dise\u00f1o de Vestuario \/ Costume Design:<\/strong><\/em>\u00a0Pepe Rosales[\/vc_column_text][vc_empty_space empty_h=&#8221;3&#8243;][\/vc_column][\/vc_row][vc_row row_height_percent=&#8221;0&#8243; override_padding=&#8221;yes&#8221; h_padding=&#8221;2&#8243; top_padding=&#8221;5&#8243; bottom_padding=&#8221;5&#8243; back_color=&#8221;color-jevc&#8221; overlay_alpha=&#8221;100&#8243; gutter_size=&#8221;100&#8243; column_width_percent=&#8221;100&#8243; shift_y=&#8221;0&#8243; z_index=&#8221;0&#8243; style=&#8221;inherited&#8221; uncode_shortcode_id=&#8221;262813&#8243; back_color_type=&#8221;uncode-palette&#8221;][vc_column column_width_percent=&#8221;100&#8243; align_horizontal=&#8221;align_center&#8221; gutter_size=&#8221;3&#8243; style=&#8221;dark&#8221; overlay_alpha=&#8221;50&#8243; shift_x=&#8221;0&#8243; shift_y=&#8221;0&#8243; shift_y_down=&#8221;0&#8243; z_index=&#8221;0&#8243; medium_width=&#8221;0&#8243; mobile_width=&#8221;0&#8243; zoom_width=&#8221;0&#8243; zoom_height=&#8221;0&#8243; width=&#8221;1\/1&#8243;][uncode_slider slider_interval=&#8221;3000&#8243; slider_navspeed=&#8221;700&#8243; slider_loop=&#8221;yes&#8221; el_id=&#8221;447163&#8243;][vc_row_inner row_inner_height_percent=&#8221;0&#8243; back_color=&#8221;color-jevc&#8221; overlay_alpha=&#8221;50&#8243; gutter_size=&#8221;4&#8243; shift_y=&#8221;0&#8243; z_index=&#8221;0&#8243; uncode_shortcode_id=&#8221;997192&#8243; back_color_type=&#8221;uncode-palette&#8221;][vc_column_inner column_width_use_pixel=&#8221;yes&#8221; align_horizontal=&#8221;align_center&#8221; gutter_size=&#8221;3&#8243; style=&#8221;light&#8221; overlay_alpha=&#8221;50&#8243; shift_x=&#8221;0&#8243; shift_y=&#8221;0&#8243; shift_y_down=&#8221;0&#8243; z_index=&#8221;0&#8243; medium_width=&#8221;0&#8243; mobile_width=&#8221;0&#8243; width=&#8221;1\/1&#8243; column_width_pixel=&#8221;900&#8243;][vc_custom_heading heading_semantic=&#8221;h6&#8243; text_size=&#8221;h6&#8243; text_transform=&#8221;uppercase&#8221; uncode_shortcode_id=&#8221;102880&#8243; text_color_type=&#8221;uncode-solid&#8221; text_color_solid=&#8221;#ffffff&#8221;]Prensa \/ Press[\/vc_custom_heading][vc_custom_heading text_color=&#8221;color-xsdn&#8221; uncode_shortcode_id=&#8221;128050&#8243; text_color_type=&#8221;uncode-palette&#8221;]Faust canta su tr\u00e1gedia a la mitad del mundo[\/vc_custom_heading][vc_column_text uncode_shortcode_id=&#8221;599673&#8243; text_color_type=&#8221;uncode-solid&#8221; text_color_solid=&#8221;#ffffff&#8221;]<\/p>\n<p style=\"text-align: left;\">La obra cantada en franc\u00e9s ver\u00e1 la luz en el escenario del Teatro Nacional Sucre con una propuesta que merodea entre los l\u00edmites de lo cl\u00e1sico y lo contempor\u00e1neo.<\/p>\n<p style=\"text-align: right;\"><em>Radio Cocoa, 13 de noviembre 2013<\/em><\/p>\n<p>[\/vc_column_text][vc_empty_space empty_h=&#8221;2&#8243;][vc_button button_color=&#8221;accent&#8221; size=&#8221;btn-sm&#8221; border_width=&#8221;0&#8243; link=&#8221;url:https%3A%2F%2Fradiococoa.com%2FRC%2Ffaust-canta-su-tragedia-desde-la-mitad-del-mundo%2F||target:%20_blank|&#8221;]Art\u00edculo Completo \/ Complete Article[\/vc_button][\/vc_column_inner][\/vc_row_inner][\/uncode_slider][\/vc_column][\/vc_row][vc_row unlock_row_content=&#8221;yes&#8221; row_height_percent=&#8221;0&#8243; override_padding=&#8221;yes&#8221; h_padding=&#8221;0&#8243; top_padding=&#8221;0&#8243; bottom_padding=&#8221;0&#8243; back_color=&#8221;color-jevc&#8221; overlay_alpha=&#8221;50&#8243; gutter_size=&#8221;3&#8243; column_width_percent=&#8221;100&#8243; shift_y=&#8221;0&#8243; z_index=&#8221;0&#8243;][vc_column column_width_percent=&#8221;100&#8243; gutter_size=&#8221;3&#8243; style=&#8221;dark&#8221; overlay_alpha=&#8221;50&#8243; shift_x=&#8221;0&#8243; shift_y=&#8221;0&#8243; z_index=&#8221;0&#8243; medium_width=&#8221;0&#8243; mobile_width=&#8221;0&#8243; width=&#8221;1\/1&#8243;][vc_gallery el_id=&#8221;gallery-9751014&#8243; type=&#8221;justified&#8221; random=&#8221;yes&#8221; medias=&#8221;7219,7222,7224,7228,7229,7232,7233,7234,7236,7238&#8243; justify_row_height=&#8221;250&#8243; justify_last_row=&#8221;hide&#8221; gutter_size=&#8221;0&#8243; media_items=&#8221;media|lightbox|original&#8221; single_overlay_color=&#8221;color-wayh&#8221; single_overlay_opacity=&#8221;50&#8243; single_overlay_anim=&#8221;no&#8221; single_text_anim=&#8221;no&#8221; single_image_anim=&#8221;no&#8221; single_h_align=&#8221;center&#8221; single_padding=&#8221;2&#8243; single_icon=&#8221;fa fa-plus2&#8243; single_border=&#8221;yes&#8221; lbox_no_arrows=&#8221;yes&#8221; single_image_anim_move=&#8221;yes&#8221; title=&#8221;FAUST gallery&#8221; uncode_shortcode_id=&#8221;174798&#8243;][\/vc_column][\/vc_row][vc_row row_height_percent=&#8221;0&#8243; overlay_alpha=&#8221;50&#8243; gutter_size=&#8221;3&#8243; column_width_percent=&#8221;100&#8243; shift_y=&#8221;0&#8243; z_index=&#8221;0&#8243;][vc_column width=&#8221;1\/1&#8243;][vc_empty_space empty_h=&#8221;3&#8243;][vc_empty_space empty_h=&#8221;2&#8243;][vc_row_inner row_inner_height_percent=&#8221;0&#8243; overlay_alpha=&#8221;50&#8243; gutter_size=&#8221;4&#8243; shift_y=&#8221;0&#8243; z_index=&#8221;0&#8243; uncode_shortcode_id=&#8221;115639&#8243;][vc_column_inner width=&#8221;1\/2&#8243;][vc_custom_heading uncode_shortcode_id=&#8221;121094&#8243;]<\/p>\n<h2>Desde el Teatro \u202294 Noviembre 2013<\/h2>\n<p>[\/vc_custom_heading][vc_separator sep_color=&#8221;color-jevc&#8221; uncode_shortcode_id=&#8221;159337&#8243; sep_color_type=&#8221;uncode-palette&#8221; el_width=&#8221;100%&#8221;][vc_column_text uncode_shortcode_id=&#8221;659798&#8243;]El 14 de Noviembre del 2013 se estreno la \u00f3pera FAUST, de Charles Gounod, tras casi un a\u00f1o de preproducci\u00f3n y varios meses de intenso trabajo coral, musical, escenogr\u00e1fico y t\u00e9cnico.<\/p>\n<p>Basado en el Fausto de Goethe, <em>Ch. Gounod (1818-1893)<\/em> cre\u00f3 una \u00f3pera en cinco actos que se estren\u00f3 en el Th\u00e9\u00e2tre Lyrique de Par\u00eds el 19 de marzo de 1859. La historia cuenta c\u00f3mo Faust, insatisfecho y desencantado de su vida decide ponerle fin con su suicidio. Cuando ha tomado la decisi\u00f3n de suicidarse se le presenta el diablo, M\u00e9phistopheles, prometi\u00e9ndole el amor de una bella mujer, Marguerite, y la juventud que tanto ans\u00eda a cambio de entregarle su alma. Faust acepta el trato y vuelve a ser un hombre joven y apuesto. A partir de este momento, la obra nos muestra un relato actual de la sociedad en la que vivimos, con sus alegr\u00edas, sus placeres y sus pesares.<\/p>\n<p>Debido a la polis\u00e9mica que caracteriza al texto y sus personajes, la interpretaci\u00f3n y puesta en escena de Faust se presta para una adaptaci\u00f3n contempor\u00e1nea de la obra, por lo que podemos asegurar que veremos una propuesta actual. Faust permite, como pocos personajes literarios, mostrarnos una radiograf\u00eda del hombre: un individualismo desaforado, una insatisfacci\u00f3n permanente, su eterna ambici\u00f3n aunque haga da\u00f1o a su alrededor, y las crisis de sus logros y fracasos.<\/p>\n<p><em>Desde el Taatro #94 Teatro Nacional Sucre<\/em>[\/vc_column_text][\/vc_column_inner][vc_column_inner width=&#8221;1\/2&#8243;][vc_empty_space empty_h=&#8221;1&#8243;][vc_single_image media=&#8221;1461&#8243; media_width_percent=&#8221;100&#8243; alignment=&#8221;center&#8221; media_link=&#8221;target:_blank&#8221; uncode_shortcode_id=&#8221;320953&#8243;][\/vc_column_inner][\/vc_row_inner][vc_empty_space empty_h=&#8221;4&#8243;][\/vc_column][\/vc_row][vc_row row_height_percent=&#8221;0&#8243; back_color=&#8221;color-lxmt&#8221; overlay_alpha=&#8221;50&#8243; gutter_size=&#8221;3&#8243; column_width_percent=&#8221;100&#8243; shift_y=&#8221;0&#8243; z_index=&#8221;0&#8243; uncode_shortcode_id=&#8221;306670&#8243; back_color_type=&#8221;uncode-palette&#8221;][vc_column column_width_percent=&#8221;100&#8243; gutter_size=&#8221;3&#8243; style=&#8221;dark&#8221; overlay_alpha=&#8221;50&#8243; shift_x=&#8221;0&#8243; shift_y=&#8221;0&#8243; shift_y_down=&#8221;0&#8243; z_index=&#8221;0&#8243; medium_width=&#8221;0&#8243; mobile_width=&#8221;0&#8243; width=&#8221;1\/1&#8243;][vc_empty_space empty_h=&#8221;0&#8243;][vc_custom_heading text_color=&#8221;color-nhtu&#8221; heading_semantic=&#8221;h3&#8243; text_size=&#8221;h1&#8243;]<\/p>\n<h2>Entrevistas \/ Interviews<\/h2>\n<p>[\/vc_custom_heading][vc_separator sep_color=&#8221;color-jevc&#8221; uncode_shortcode_id=&#8221;180504&#8243; sep_color_type=&#8221;uncode-palette&#8221; el_width=&#8221;30%&#8221;][vc_empty_space empty_h=&#8221;0&#8243;][vc_row_inner][vc_column_inner width=&#8221;1\/2&#8243;][vc_single_image media=&#8221;1484&#8243; media_width_percent=&#8221;100&#8243;][vc_single_image media=&#8221;1508&#8243; media_width_percent=&#8221;100&#8243;][vc_single_image media=&#8221;1496&#8243; media_width_percent=&#8221;100&#8243;][vc_single_image media=&#8221;1498&#8243; media_width_percent=&#8221;100&#8243;][vc_single_image media=&#8221;1500&#8243; media_width_percent=&#8221;100&#8243;][vc_single_image media=&#8221;1502&#8243; media_width_percent=&#8221;100&#8243;][vc_single_image media=&#8221;1504&#8243; media_width_percent=&#8221;100&#8243;][\/vc_column_inner][vc_column_inner width=&#8221;1\/2&#8243;][vc_single_image media=&#8221;1506&#8243; media_width_percent=&#8221;100&#8243;][vc_single_image media=&#8221;1497&#8243; media_width_percent=&#8221;100&#8243;][vc_single_image media=&#8221;1499&#8243; media_width_percent=&#8221;100&#8243;][vc_single_image media=&#8221;1501&#8243; media_width_percent=&#8221;100&#8243;][vc_single_image media=&#8221;1503&#8243; media_width_percent=&#8221;100&#8243;][vc_single_image media=&#8221;1505&#8243; media_width_percent=&#8221;100&#8243;][vc_single_image media=&#8221;1507&#8243; media_width_percent=&#8221;100&#8243;][\/vc_column_inner][\/vc_row_inner][vc_empty_space empty_h=&#8221;3&#8243;][\/vc_column][\/vc_row][vc_row][vc_column column_width_percent=&#8221;100&#8243; gutter_size=&#8221;3&#8243; style=&#8221;dark&#8221; overlay_alpha=&#8221;50&#8243; shift_x=&#8221;0&#8243; shift_y=&#8221;0&#8243; shift_y_down=&#8221;0&#8243; z_index=&#8221;0&#8243; medium_width=&#8221;0&#8243; mobile_width=&#8221;0&#8243; width=&#8221;1\/1&#8243;][vc_empty_space empty_h=&#8221;2&#8243;][vc_custom_heading text_color=&#8221;color-nhtu&#8221;]<\/p>\n<h2>Proceso de Dise\u00f1o Esc\u00e9nico \/ Stage Design Process<\/h2>\n<p>[\/vc_custom_heading][vc_separator sep_color=&#8221;color-jevc&#8221; uncode_shortcode_id=&#8221;126452&#8243; sep_color_type=&#8221;uncode-palette&#8221; el_width=&#8221;50%&#8221;][vc_empty_space empty_h=&#8221;2&#8243;][\/vc_column][\/vc_row][vc_row unlock_row=&#8221;&#8221; row_height_percent=&#8221;0&#8243; override_padding=&#8221;yes&#8221; h_padding=&#8221;0&#8243; top_padding=&#8221;0&#8243; bottom_padding=&#8221;0&#8243; overlay_alpha=&#8221;50&#8243; gutter_size=&#8221;3&#8243; column_width_percent=&#8221;100&#8243; shift_y=&#8221;0&#8243; z_index=&#8221;0&#8243; uncode_shortcode_id=&#8221;636680&#8243;][vc_column column_width_percent=&#8221;100&#8243; gutter_size=&#8221;3&#8243; style=&#8221;dark&#8221; overlay_alpha=&#8221;50&#8243; shift_x=&#8221;0&#8243; shift_y=&#8221;0&#8243; z_index=&#8221;0&#8243; medium_width=&#8221;0&#8243; mobile_width=&#8221;0&#8243; width=&#8221;1\/1&#8243;][vc_gallery el_id=&#8221;gallery-9751014&#8243; random=&#8221;yes&#8221; medias=&#8221;7316,7317,7318,7319,7320,7321,7323,7326,7328,7329,7330,7332&#8243; gutter_size=&#8221;1&#8243; media_items=&#8221;media|lightbox|original&#8221; screen_lg=&#8221;1000&#8243; screen_md=&#8221;600&#8243; screen_sm=&#8221;480&#8243; single_width=&#8221;2&#8243; images_size=&#8221;four-three&#8221; single_overlay_color=&#8221;color-wayh&#8221; single_overlay_opacity=&#8221;50&#8243; single_overlay_anim=&#8221;no&#8221; single_text_anim=&#8221;no&#8221; single_image_anim=&#8221;no&#8221; single_h_align=&#8221;center&#8221; single_padding=&#8221;2&#8243; single_text_reduced=&#8221;yes&#8221; single_icon=&#8221;fa fa-plus2&#8243; single_border=&#8221;yes&#8221; lbox_no_arrows=&#8221;yes&#8221; no_double_tap=&#8221;yes&#8221; uncode_shortcode_id=&#8221;941833&#8243; title=&#8221;FAUST Development&#8221;][vc_empty_space empty_h=&#8221;5&#8243;][vc_empty_space empty_h=&#8221;3&#8243;][\/vc_column][\/vc_row]<\/p>\n<\/div>","protected":false},"excerpt":{"rendered":"<p>Faust allows, like few literary characters, to show us an x-ray of man: an unbridled individualism, a permanent dissatisfaction, his eternal ambition even if it causes harm to those around him, and the crises of his achievements and failures.<\/p>\n","protected":false},"author":1,"featured_media":7859,"parent":0,"menu_order":0,"comment_status":"closed","ping_status":"closed","template":"","meta":{"footnotes":""},"class_list":["post-9128","page","type-page","status-publish","has-post-thumbnail","hentry","page_category-workcollection","page_category-stagedirector"],"yoast_head":"<!-- This site is optimized with the Yoast SEO plugin v27.4 - https:\/\/yoast.com\/product\/yoast-seo-wordpress\/ -->\n<title>FAUST - Chia Pati\u00f1o<\/title>\n<meta name=\"description\" content=\"Faust allows, like few literary characters, to show us an x-ray of man: an unbridled individualism, a permanent dissatisfaction, his eternal ambition even if it causes harm to those around him, and the crises of his achievements and failures.\" \/>\n<meta name=\"robots\" content=\"index, follow, max-snippet:-1, max-image-preview:large, max-video-preview:-1\" \/>\n<link rel=\"canonical\" href=\"https:\/\/www.chiapatino.com\/home\/fstgd\/\" \/>\n<meta property=\"og:locale\" content=\"en_US\" \/>\n<meta property=\"og:type\" content=\"article\" \/>\n<meta property=\"og:title\" content=\"FAUST - Chia Pati\u00f1o\" \/>\n<meta property=\"og:description\" content=\"Faust allows, like few literary characters, to show us an x-ray of man: an unbridled individualism, a permanent dissatisfaction, his eternal ambition even if it causes harm to those around him, and the crises of his achievements and failures.\" \/>\n<meta property=\"og:url\" content=\"https:\/\/www.chiapatino.com\/home\/fstgd\/\" \/>\n<meta property=\"og:site_name\" content=\"Chia Pati\u00f1o\" \/>\n<meta property=\"article:publisher\" content=\"https:\/\/www.facebook.com\/chia.patino\" \/>\n<meta property=\"article:modified_time\" content=\"2024-06-20T16:21:28+00:00\" \/>\n<meta property=\"og:image\" content=\"https:\/\/www.chiapatino.com\/wp-content\/uploads\/2023\/04\/FAUST_23.jpg\" \/>\n\t<meta property=\"og:image:width\" content=\"497\" \/>\n\t<meta property=\"og:image:height\" content=\"350\" \/>\n\t<meta property=\"og:image:type\" content=\"image\/jpeg\" \/>\n<meta name=\"twitter:card\" content=\"summary_large_image\" \/>\n<meta name=\"twitter:site\" content=\"@en\" \/>\n<meta name=\"twitter:label1\" content=\"Est. reading time\" \/>\n\t<meta name=\"twitter:data1\" content=\"4 minutes\" \/>\n<script type=\"application\/ld+json\" class=\"yoast-schema-graph\">{\"@context\":\"https:\\\/\\\/schema.org\",\"@graph\":[{\"@type\":\"WebPage\",\"@id\":\"https:\\\/\\\/www.chiapatino.com\\\/home\\\/fstgd\\\/\",\"url\":\"https:\\\/\\\/www.chiapatino.com\\\/home\\\/fstgd\\\/\",\"name\":\"FAUST - Chia Pati\u00f1o\",\"isPartOf\":{\"@id\":\"https:\\\/\\\/www.chiapatino.com\\\/home\\\/#website\"},\"primaryImageOfPage\":{\"@id\":\"https:\\\/\\\/www.chiapatino.com\\\/home\\\/fstgd\\\/#primaryimage\"},\"image\":{\"@id\":\"https:\\\/\\\/www.chiapatino.com\\\/home\\\/fstgd\\\/#primaryimage\"},\"thumbnailUrl\":\"https:\\\/\\\/i0.wp.com\\\/www.chiapatino.com\\\/wp-content\\\/uploads\\\/2023\\\/04\\\/FAUST_23.jpg?fit=497%2C350&ssl=1\",\"datePublished\":\"2013-11-01T00:00:05+00:00\",\"dateModified\":\"2024-06-20T16:21:28+00:00\",\"description\":\"Faust allows, like few literary characters, to show us an x-ray of man: an unbridled individualism, a permanent dissatisfaction, his eternal ambition even if it causes harm to those around him, and the crises of his achievements and failures.\",\"breadcrumb\":{\"@id\":\"https:\\\/\\\/www.chiapatino.com\\\/home\\\/fstgd\\\/#breadcrumb\"},\"inLanguage\":\"en-US\",\"potentialAction\":[{\"@type\":\"ReadAction\",\"target\":[\"https:\\\/\\\/www.chiapatino.com\\\/home\\\/fstgd\\\/\"]}]},{\"@type\":\"ImageObject\",\"inLanguage\":\"en-US\",\"@id\":\"https:\\\/\\\/www.chiapatino.com\\\/home\\\/fstgd\\\/#primaryimage\",\"url\":\"https:\\\/\\\/i0.wp.com\\\/www.chiapatino.com\\\/wp-content\\\/uploads\\\/2023\\\/04\\\/FAUST_23.jpg?fit=497%2C350&ssl=1\",\"contentUrl\":\"https:\\\/\\\/i0.wp.com\\\/www.chiapatino.com\\\/wp-content\\\/uploads\\\/2023\\\/04\\\/FAUST_23.jpg?fit=497%2C350&ssl=1\",\"width\":497,\"height\":350},{\"@type\":\"BreadcrumbList\",\"@id\":\"https:\\\/\\\/www.chiapatino.com\\\/home\\\/fstgd\\\/#breadcrumb\",\"itemListElement\":[{\"@type\":\"ListItem\",\"position\":1,\"name\":\"Home\",\"item\":\"https:\\\/\\\/www.chiapatino.com\\\/home\\\/\"},{\"@type\":\"ListItem\",\"position\":2,\"name\":\"FAUST\"}]},{\"@type\":\"WebSite\",\"@id\":\"https:\\\/\\\/www.chiapatino.com\\\/home\\\/#website\",\"url\":\"https:\\\/\\\/www.chiapatino.com\\\/home\\\/\",\"name\":\"Chia Pati\u00f1o\",\"description\":\"Portafolio\",\"publisher\":{\"@id\":\"https:\\\/\\\/www.chiapatino.com\\\/home\\\/#\\\/schema\\\/person\\\/f64ab33314c9c8769b4082962d7f5301\"},\"potentialAction\":[{\"@type\":\"SearchAction\",\"target\":{\"@type\":\"EntryPoint\",\"urlTemplate\":\"https:\\\/\\\/www.chiapatino.com\\\/home\\\/?s={search_term_string}\"},\"query-input\":{\"@type\":\"PropertyValueSpecification\",\"valueRequired\":true,\"valueName\":\"search_term_string\"}}],\"inLanguage\":\"en-US\"},{\"@type\":[\"Person\",\"Organization\"],\"@id\":\"https:\\\/\\\/www.chiapatino.com\\\/home\\\/#\\\/schema\\\/person\\\/f64ab33314c9c8769b4082962d7f5301\",\"name\":\"Chia Pati\u00f1o\",\"image\":{\"@type\":\"ImageObject\",\"inLanguage\":\"en-US\",\"@id\":\"https:\\\/\\\/i0.wp.com\\\/www.chiapatino.com\\\/wp-content\\\/uploads\\\/2022\\\/11\\\/chiahs01.webp?fit=960%2C1201&ssl=1\",\"url\":\"https:\\\/\\\/i0.wp.com\\\/www.chiapatino.com\\\/wp-content\\\/uploads\\\/2022\\\/11\\\/chiahs01.webp?fit=960%2C1201&ssl=1\",\"contentUrl\":\"https:\\\/\\\/i0.wp.com\\\/www.chiapatino.com\\\/wp-content\\\/uploads\\\/2022\\\/11\\\/chiahs01.webp?fit=960%2C1201&ssl=1\",\"width\":960,\"height\":1201,\"caption\":\"Chia Pati\u00f1o\"},\"logo\":{\"@id\":\"https:\\\/\\\/i0.wp.com\\\/www.chiapatino.com\\\/wp-content\\\/uploads\\\/2022\\\/11\\\/chiahs01.webp?fit=960%2C1201&ssl=1\"},\"sameAs\":[\"https:\\\/\\\/www.facebook.com\\\/chia.patino\",\"https:\\\/\\\/www.instagram.com\\\/chia.patino\\\/\",\"https:\\\/\\\/x.com\\\/https:\\\/\\\/twitter.com\\\/chpatito?lang=en\"]}]}<\/script>\n<!-- \/ Yoast SEO plugin. -->","yoast_head_json":{"title":"FAUST - Chia Pati\u00f1o","description":"Faust allows, like few literary characters, to show us an x-ray of man: an unbridled individualism, a permanent dissatisfaction, his eternal ambition even if it causes harm to those around him, and the crises of his achievements and failures.","robots":{"index":"index","follow":"follow","max-snippet":"max-snippet:-1","max-image-preview":"max-image-preview:large","max-video-preview":"max-video-preview:-1"},"canonical":"https:\/\/www.chiapatino.com\/home\/fstgd\/","og_locale":"en_US","og_type":"article","og_title":"FAUST - Chia Pati\u00f1o","og_description":"Faust allows, like few literary characters, to show us an x-ray of man: an unbridled individualism, a permanent dissatisfaction, his eternal ambition even if it causes harm to those around him, and the crises of his achievements and failures.","og_url":"https:\/\/www.chiapatino.com\/home\/fstgd\/","og_site_name":"Chia Pati\u00f1o","article_publisher":"https:\/\/www.facebook.com\/chia.patino","article_modified_time":"2024-06-20T16:21:28+00:00","og_image":[{"width":497,"height":350,"url":"https:\/\/www.chiapatino.com\/wp-content\/uploads\/2023\/04\/FAUST_23.jpg","type":"image\/jpeg"}],"twitter_card":"summary_large_image","twitter_site":"@en","twitter_misc":{"Est. reading time":"4 minutes"},"schema":{"@context":"https:\/\/schema.org","@graph":[{"@type":"WebPage","@id":"https:\/\/www.chiapatino.com\/home\/fstgd\/","url":"https:\/\/www.chiapatino.com\/home\/fstgd\/","name":"FAUST - Chia Pati\u00f1o","isPartOf":{"@id":"https:\/\/www.chiapatino.com\/home\/#website"},"primaryImageOfPage":{"@id":"https:\/\/www.chiapatino.com\/home\/fstgd\/#primaryimage"},"image":{"@id":"https:\/\/www.chiapatino.com\/home\/fstgd\/#primaryimage"},"thumbnailUrl":"https:\/\/i0.wp.com\/www.chiapatino.com\/wp-content\/uploads\/2023\/04\/FAUST_23.jpg?fit=497%2C350&ssl=1","datePublished":"2013-11-01T00:00:05+00:00","dateModified":"2024-06-20T16:21:28+00:00","description":"Faust allows, like few literary characters, to show us an x-ray of man: an unbridled individualism, a permanent dissatisfaction, his eternal ambition even if it causes harm to those around him, and the crises of his achievements and failures.","breadcrumb":{"@id":"https:\/\/www.chiapatino.com\/home\/fstgd\/#breadcrumb"},"inLanguage":"en-US","potentialAction":[{"@type":"ReadAction","target":["https:\/\/www.chiapatino.com\/home\/fstgd\/"]}]},{"@type":"ImageObject","inLanguage":"en-US","@id":"https:\/\/www.chiapatino.com\/home\/fstgd\/#primaryimage","url":"https:\/\/i0.wp.com\/www.chiapatino.com\/wp-content\/uploads\/2023\/04\/FAUST_23.jpg?fit=497%2C350&ssl=1","contentUrl":"https:\/\/i0.wp.com\/www.chiapatino.com\/wp-content\/uploads\/2023\/04\/FAUST_23.jpg?fit=497%2C350&ssl=1","width":497,"height":350},{"@type":"BreadcrumbList","@id":"https:\/\/www.chiapatino.com\/home\/fstgd\/#breadcrumb","itemListElement":[{"@type":"ListItem","position":1,"name":"Home","item":"https:\/\/www.chiapatino.com\/home\/"},{"@type":"ListItem","position":2,"name":"FAUST"}]},{"@type":"WebSite","@id":"https:\/\/www.chiapatino.com\/home\/#website","url":"https:\/\/www.chiapatino.com\/home\/","name":"Chia Pati\u00f1o","description":"Portafolio","publisher":{"@id":"https:\/\/www.chiapatino.com\/home\/#\/schema\/person\/f64ab33314c9c8769b4082962d7f5301"},"potentialAction":[{"@type":"SearchAction","target":{"@type":"EntryPoint","urlTemplate":"https:\/\/www.chiapatino.com\/home\/?s={search_term_string}"},"query-input":{"@type":"PropertyValueSpecification","valueRequired":true,"valueName":"search_term_string"}}],"inLanguage":"en-US"},{"@type":["Person","Organization"],"@id":"https:\/\/www.chiapatino.com\/home\/#\/schema\/person\/f64ab33314c9c8769b4082962d7f5301","name":"Chia Pati\u00f1o","image":{"@type":"ImageObject","inLanguage":"en-US","@id":"https:\/\/i0.wp.com\/www.chiapatino.com\/wp-content\/uploads\/2022\/11\/chiahs01.webp?fit=960%2C1201&ssl=1","url":"https:\/\/i0.wp.com\/www.chiapatino.com\/wp-content\/uploads\/2022\/11\/chiahs01.webp?fit=960%2C1201&ssl=1","contentUrl":"https:\/\/i0.wp.com\/www.chiapatino.com\/wp-content\/uploads\/2022\/11\/chiahs01.webp?fit=960%2C1201&ssl=1","width":960,"height":1201,"caption":"Chia Pati\u00f1o"},"logo":{"@id":"https:\/\/i0.wp.com\/www.chiapatino.com\/wp-content\/uploads\/2022\/11\/chiahs01.webp?fit=960%2C1201&ssl=1"},"sameAs":["https:\/\/www.facebook.com\/chia.patino","https:\/\/www.instagram.com\/chia.patino\/","https:\/\/x.com\/https:\/\/twitter.com\/chpatito?lang=en"]}]}},"jetpack_shortlink":"https:\/\/wp.me\/Pb5Ra3-2ne","jetpack_sharing_enabled":true,"_links":{"self":[{"href":"https:\/\/www.chiapatino.com\/home\/wp-json\/wp\/v2\/pages\/9128","targetHints":{"allow":["GET"]}}],"collection":[{"href":"https:\/\/www.chiapatino.com\/home\/wp-json\/wp\/v2\/pages"}],"about":[{"href":"https:\/\/www.chiapatino.com\/home\/wp-json\/wp\/v2\/types\/page"}],"author":[{"embeddable":true,"href":"https:\/\/www.chiapatino.com\/home\/wp-json\/wp\/v2\/users\/1"}],"replies":[{"embeddable":true,"href":"https:\/\/www.chiapatino.com\/home\/wp-json\/wp\/v2\/comments?post=9128"}],"version-history":[{"count":2,"href":"https:\/\/www.chiapatino.com\/home\/wp-json\/wp\/v2\/pages\/9128\/revisions"}],"predecessor-version":[{"id":9130,"href":"https:\/\/www.chiapatino.com\/home\/wp-json\/wp\/v2\/pages\/9128\/revisions\/9130"}],"wp:featuredmedia":[{"embeddable":true,"href":"https:\/\/www.chiapatino.com\/home\/wp-json\/wp\/v2\/media\/7859"}],"wp:attachment":[{"href":"https:\/\/www.chiapatino.com\/home\/wp-json\/wp\/v2\/media?parent=9128"}],"curies":[{"name":"wp","href":"https:\/\/api.w.org\/{rel}","templated":true}]}}