{"id":9132,"date":"2010-10-01T00:00:17","date_gmt":"2010-10-01T00:00:17","guid":{"rendered":"https:\/\/www.chiapatino.com\/home\/?page_id=9132"},"modified":"2024-06-20T16:28:08","modified_gmt":"2024-06-20T16:28:08","slug":"lsfrnd","status":"publish","type":"page","link":"https:\/\/www.chiapatino.com\/home\/lsfrnd\/","title":{"rendered":"LUISA FERNANDA"},"content":{"rendered":"<div class=\"wpb-content-wrapper\"><p>[vc_row unlock_row_content=&#8221;yes&#8221; row_height_percent=&#8221;0&#8243; override_padding=&#8221;yes&#8221; h_padding=&#8221;0&#8243; top_padding=&#8221;0&#8243; bottom_padding=&#8221;0&#8243; back_color=&#8221;color-wayh&#8221; back_image=&#8221;1989&#8243; parallax=&#8221;yes&#8221; overlay_alpha=&#8221;50&#8243; gutter_size=&#8221;3&#8243; column_width_percent=&#8221;100&#8243; shift_y=&#8221;0&#8243; z_index=&#8221;0&#8243;][vc_column width=&#8221;1\/1&#8243;][vc_empty_space empty_h=&#8221;5&#8243;][vc_empty_space empty_h=&#8221;5&#8243;][vc_empty_space empty_h=&#8221;5&#8243;][vc_empty_space empty_h=&#8221;5&#8243;][vc_empty_space empty_h=&#8221;5&#8243;][\/vc_column][\/vc_row][vc_row row_height_percent=&#8221;0&#8243; overlay_color=&#8221;color-gyho&#8221; overlay_alpha=&#8221;50&#8243; gutter_size=&#8221;3&#8243; column_width_percent=&#8221;100&#8243; shift_y=&#8221;0&#8243; z_index=&#8221;0&#8243;][vc_column column_width_percent=&#8221;100&#8243; gutter_size=&#8221;3&#8243; style=&#8221;dark&#8221; overlay_alpha=&#8221;50&#8243; shift_x=&#8221;0&#8243; shift_y=&#8221;0&#8243; shift_y_down=&#8221;0&#8243; z_index=&#8221;0&#8243; medium_width=&#8221;0&#8243; mobile_width=&#8221;0&#8243; width=&#8221;1\/1&#8243;][vc_empty_space empty_h=&#8221;2&#8243;][vc_custom_heading heading_semantic=&#8221;h5&#8243;]<\/p>\n<h1>Luisa Fernanda<\/h1>\n<p><b>Federico Moreno Torroba<\/b>[\/vc_custom_heading][vc_separator sep_color=&#8221;color-jevc&#8221; uncode_shortcode_id=&#8221;879023&#8243; sep_color_type=&#8221;uncode-palette&#8221; el_width=&#8221;45%&#8221;][vc_column_text]2009 &#8211; 2010 &#8211; 2012<\/p>\n<p><a href=\"http:\/\/teatrosanchezaguilar.org\">TEATRO NACIONAL SUCRE (Quito, Ecuador)<\/a><\/p>\n<p><em><strong>M\u00fasica \u00a0\/ Music:<\/strong><\/em>\u00a0Federico Moreno Torroba<br \/>\n<strong><em>Libreto \/ Script:<\/em><\/strong> Federico Romero y Guillermo Fern\u00e1ndez Shaw<\/p>\n<h3>Equipo Creativo \/ Creative Team:<\/h3>\n<p><em><strong>Direcci\u00f3n Musical \/ Conductor:<\/strong><\/em> Juan Carlos Rivas (2010), Sergei Pavlov (2012)<br \/>\n<em><strong>Direcci\u00f3n Esc\u00e9nica \/ Stage Director:<\/strong><\/em> Ch\u00eda Pati\u00f1o<br \/>\n<em><strong>Escenograf\u00eda \/ Stage Desing:<\/strong><\/em>\u00a0Sof\u00eda Soto<br \/>\n<em><strong>Dise\u00f1o de Vestuario \/ Costume Desing:<\/strong><\/em>\u00a0Pepe Rosales[\/vc_column_text][vc_empty_space empty_h=&#8221;4&#8243;][\/vc_column][\/vc_row][vc_row row_height_percent=&#8221;0&#8243; override_padding=&#8221;yes&#8221; h_padding=&#8221;2&#8243; top_padding=&#8221;5&#8243; bottom_padding=&#8221;5&#8243; overlay_alpha=&#8221;100&#8243; gutter_size=&#8221;100&#8243; column_width_percent=&#8221;100&#8243; shift_y=&#8221;0&#8243; z_index=&#8221;0&#8243; style=&#8221;inherited&#8221; uncode_shortcode_id=&#8221;206914&#8243; back_color_type=&#8221;uncode-solid&#8221; back_color_solid=&#8221;#013f68&#8243;][vc_column column_width_percent=&#8221;100&#8243; align_horizontal=&#8221;align_center&#8221; gutter_size=&#8221;3&#8243; style=&#8221;dark&#8221; overlay_alpha=&#8221;50&#8243; shift_x=&#8221;0&#8243; shift_y=&#8221;0&#8243; shift_y_down=&#8221;0&#8243; z_index=&#8221;0&#8243; medium_width=&#8221;0&#8243; mobile_width=&#8221;0&#8243; zoom_width=&#8221;0&#8243; zoom_height=&#8221;0&#8243; width=&#8221;1\/1&#8243;][uncode_slider slider_interval=&#8221;5000&#8243; slider_navspeed=&#8221;1000&#8243; el_id=&#8221;625681&#8243;][vc_row_inner row_inner_height_percent=&#8221;0&#8243; overlay_alpha=&#8221;50&#8243; gutter_size=&#8221;4&#8243; shift_y=&#8221;0&#8243; z_index=&#8221;0&#8243; uncode_shortcode_id=&#8221;423752&#8243; back_color_type=&#8221;uncode-solid&#8221; back_color_solid=&#8221;#013f68&#8243;][vc_column_inner column_width_use_pixel=&#8221;yes&#8221; align_horizontal=&#8221;align_center&#8221; gutter_size=&#8221;3&#8243; style=&#8221;light&#8221; overlay_alpha=&#8221;50&#8243; shift_x=&#8221;0&#8243; shift_y=&#8221;0&#8243; shift_y_down=&#8221;0&#8243; z_index=&#8221;0&#8243; medium_width=&#8221;0&#8243; mobile_width=&#8221;0&#8243; width=&#8221;1\/1&#8243; column_width_pixel=&#8221;900&#8243;][vc_custom_heading text_color=&#8221;color-xsdn&#8221; heading_semantic=&#8221;h6&#8243; text_size=&#8221;h6&#8243; text_transform=&#8221;uppercase&#8221; uncode_shortcode_id=&#8221;185299&#8243; text_color_type=&#8221;uncode-palette&#8221;]Prensa \/ Press[\/vc_custom_heading][vc_custom_heading text_color=&#8221;color-xsdn&#8221; uncode_shortcode_id=&#8221;481629&#8243; text_color_type=&#8221;uncode-palette&#8221;]Luisa Fernanda, una zarzuela divertida[\/vc_custom_heading][vc_column_text text_lead=&#8221;yes&#8221; text_color=&#8221;color-xsdn&#8221; uncode_shortcode_id=&#8221;137292&#8243; text_color_type=&#8221;uncode-palette&#8221;]<em>&#8220;A la puesta en escena impecable, a cargo de Rivas y de Ch\u00eda Pati\u00f1o, directora esc\u00e9nica de la obra, se sum\u00f3 el dominio esc\u00e9nico del elenco; en especial del bar\u00edtono malague\u00f1o Javier Torres (Vidal Hernando en la obra), quien logr\u00f3 los aplausos m\u00e1s intensos del p\u00fablico, por su emotiva interpretaci\u00f3n del amante no correspondido.&#8221;<\/em><\/p>\n<p style=\"text-align: right;\"><em>EL COMERCIO, 24 de octubre, 2010<\/em><\/p>\n<p>[\/vc_column_text][vc_button button_color=&#8221;color-uydo&#8221; size=&#8221;btn-sm&#8221; hover_fx=&#8221;outlined&#8221; outline=&#8221;yes&#8221; border_width=&#8221;0&#8243; link=&#8221;url:https%3A%2F%2Fwww.elcomercio.com%2Ftendencias%2Fcultura%2Fluisa-fernanda-zarzuela-divertida.html||target:%20_blank|&#8221; button_color_type=&#8221;uncode-palette&#8221; uncode_shortcode_id=&#8221;127199&#8243;]Art\u00edculo Completo \/ Complete Article[\/vc_button][\/vc_column_inner][\/vc_row_inner][\/uncode_slider][\/vc_column][\/vc_row][vc_row unlock_row_content=&#8221;yes&#8221; row_height_percent=&#8221;0&#8243; override_padding=&#8221;yes&#8221; h_padding=&#8221;0&#8243; top_padding=&#8221;0&#8243; bottom_padding=&#8221;0&#8243; back_color=&#8221;color-jevc&#8221; overlay_alpha=&#8221;50&#8243; gutter_size=&#8221;3&#8243; column_width_percent=&#8221;100&#8243; shift_y=&#8221;0&#8243; z_index=&#8221;0&#8243;][vc_column column_width_percent=&#8221;100&#8243; gutter_size=&#8221;3&#8243; style=&#8221;dark&#8221; overlay_alpha=&#8221;50&#8243; shift_x=&#8221;0&#8243; shift_y=&#8221;0&#8243; z_index=&#8221;0&#8243; medium_width=&#8221;0&#8243; mobile_width=&#8221;0&#8243; width=&#8221;1\/1&#8243;][vc_gallery el_id=&#8221;gallery-9751014&#8243; type=&#8221;justified&#8221; random=&#8221;yes&#8221; medias=&#8221;7153,7154,7155,7156,7157,7158,7159,7160,7161,7162,7163,7164,7165,7166,7167,7168,7169,7170&#8243; justify_row_height=&#8221;250&#8243; justify_last_row=&#8221;hide&#8221; gutter_size=&#8221;0&#8243; media_items=&#8221;media|lightbox|original&#8221; single_overlay_color=&#8221;color-wayh&#8221; single_overlay_opacity=&#8221;50&#8243; single_overlay_anim=&#8221;no&#8221; single_text_anim=&#8221;no&#8221; single_image_anim=&#8221;no&#8221; single_h_align=&#8221;center&#8221; single_padding=&#8221;0&#8243; single_icon=&#8221;fa fa-plus2&#8243; single_border=&#8221;yes&#8221; single_css_animation=&#8221;alpha-anim&#8221; single_animation_speed=&#8221;600&#8243; single_animation_delay=&#8221;100&#8243; lbox_no_tmb=&#8221;yes&#8221; single_image_anim_move=&#8221;yes&#8221; title=&#8221;Luisa Fernanda gallery&#8221; uncode_shortcode_id=&#8221;209854&#8243;][\/vc_column][\/vc_row][vc_row row_height_percent=&#8221;0&#8243; overlay_alpha=&#8221;50&#8243; gutter_size=&#8221;3&#8243; column_width_percent=&#8221;100&#8243; shift_y=&#8221;0&#8243; shift_y_fixed=&#8221;yes&#8221; z_index=&#8221;0&#8243; uncode_shortcode_id=&#8221;135507&#8243;][vc_column width=&#8221;1\/1&#8243;][vc_empty_space empty_h=&#8221;3&#8243;][vc_row_inner row_inner_height_percent=&#8221;0&#8243; overlay_alpha=&#8221;50&#8243; equal_height=&#8221;yes&#8221; gutter_size=&#8221;3&#8243; shift_y=&#8221;0&#8243; z_index=&#8221;0&#8243; uncode_shortcode_id=&#8221;316930&#8243;][vc_column_inner width=&#8221;1\/2&#8243;][vc_single_image media=&#8221;2016&#8243; media_lightbox=&#8221;yes&#8221; media_poster=&#8221;yes&#8221; media_width_percent=&#8221;100&#8243; media_link=&#8221;target:_blank&#8221; uncode_shortcode_id=&#8221;112538&#8243;][\/vc_column_inner][vc_column_inner column_width_percent=&#8221;100&#8243; gutter_size=&#8221;3&#8243; style=&#8221;dark&#8221; overlay_alpha=&#8221;50&#8243; shift_x=&#8221;0&#8243; shift_y=&#8221;0&#8243; shift_y_down=&#8221;0&#8243; z_index=&#8221;0&#8243; medium_width=&#8221;0&#8243; mobile_width=&#8221;0&#8243; width=&#8221;1\/2&#8243; uncode_shortcode_id=&#8221;441436&#8243; css=&#8221;.vc_custom_1680639436781{padding-left: 100px !important;}&#8221;][vc_custom_heading]<\/p>\n<h2>Luisa Fernanda<\/h2>\n<p>[\/vc_custom_heading][vc_column_text]<em>&#8220;Los amores y desamores de Luisa Fernanda y Javier recorren las calles de Madrid durante la Revoluci\u00f3n de 1868. Mon\u00e1rquicos y republicanos, carlistas y revolucionarios cobijan las desventuras de Luisa y de su enamorado Javier, un militar reci\u00e9n ascendido a coronel que apenas la visita. Entre los amantes se interpone la poderosa Condesa Carolina, quien junto con Vidal, un hacendado que anhela el amor de la protagonista, complica la trama ante la desatenci\u00f3n de Javier hacia Luisa Fernanda.&#8221;<\/em><\/p>\n<p style=\"text-align: right;\"><strong><em>Teatro Nacional Sucre, 2010<\/em><\/strong><\/p>\n<p>[\/vc_column_text][\/vc_column_inner][\/vc_row_inner][vc_empty_space empty_h=&#8221;4&#8243;][vc_empty_space empty_h=&#8221;3&#8243;][\/vc_column][\/vc_row]<\/p>\n<\/div>","protected":false},"excerpt":{"rendered":"<p>Los amores y desamores de Luisa Fernanda y Javier recorren las calles de Madrid durante la Revoluci\u00f3n de 1868. Mon\u00e1rquicos y republicanos, carlistas y revolucionarios cobijan las desventuras de Luisa y de su enamorado Javier, un militar reci\u00e9n ascendido a coronel que apenas la visita&#8230;<\/p>\n","protected":false},"author":1,"featured_media":7845,"parent":0,"menu_order":0,"comment_status":"closed","ping_status":"closed","template":"","meta":{"footnotes":""},"class_list":["post-9132","page","type-page","status-publish","has-post-thumbnail","hentry","page_category-workcollection","page_category-stagedirector"],"yoast_head":"<!-- This site is optimized with the Yoast SEO plugin v27.4 - https:\/\/yoast.com\/product\/yoast-seo-wordpress\/ -->\n<title>LUISA FERNANDA - Chia Pati\u00f1o<\/title>\n<meta name=\"description\" content=\"Los amores y desamores de Luisa Fernanda y Javier recorren las calles de Madrid durante la Revoluci\u00f3n de 1868. Mon\u00e1rquicos y republicanos, carlistas y revolucionarios cobijan las desventuras de Luisa y de su enamorado Javier, un militar reci\u00e9n ascendido a coronel que apenas la visita..\" \/>\n<meta name=\"robots\" content=\"index, follow, max-snippet:-1, max-image-preview:large, max-video-preview:-1\" \/>\n<link rel=\"canonical\" href=\"https:\/\/www.chiapatino.com\/home\/lsfrnd\/\" \/>\n<meta property=\"og:locale\" content=\"en_US\" \/>\n<meta property=\"og:type\" content=\"article\" \/>\n<meta property=\"og:title\" content=\"LUISA FERNANDA - Chia Pati\u00f1o\" \/>\n<meta property=\"og:description\" content=\"Los amores y desamores de Luisa Fernanda y Javier recorren las calles de Madrid durante la Revoluci\u00f3n de 1868. Mon\u00e1rquicos y republicanos, carlistas y revolucionarios cobijan las desventuras de Luisa y de su enamorado Javier, un militar reci\u00e9n ascendido a coronel que apenas la visita..\" \/>\n<meta property=\"og:url\" content=\"https:\/\/www.chiapatino.com\/home\/lsfrnd\/\" \/>\n<meta property=\"og:site_name\" content=\"Chia Pati\u00f1o\" \/>\n<meta property=\"article:publisher\" content=\"https:\/\/www.facebook.com\/chia.patino\" \/>\n<meta property=\"article:modified_time\" content=\"2024-06-20T16:28:08+00:00\" \/>\n<meta property=\"og:image\" content=\"https:\/\/www.chiapatino.com\/wp-content\/uploads\/2023\/04\/LUISAF_23.jpg\" \/>\n\t<meta property=\"og:image:width\" content=\"497\" \/>\n\t<meta property=\"og:image:height\" content=\"350\" \/>\n\t<meta property=\"og:image:type\" content=\"image\/jpeg\" \/>\n<meta name=\"twitter:card\" content=\"summary_large_image\" \/>\n<meta name=\"twitter:site\" content=\"@en\" \/>\n<meta name=\"twitter:label1\" content=\"Est. reading time\" \/>\n\t<meta name=\"twitter:data1\" content=\"3 minutes\" \/>\n<script type=\"application\/ld+json\" class=\"yoast-schema-graph\">{\"@context\":\"https:\\\/\\\/schema.org\",\"@graph\":[{\"@type\":\"WebPage\",\"@id\":\"https:\\\/\\\/www.chiapatino.com\\\/home\\\/lsfrnd\\\/\",\"url\":\"https:\\\/\\\/www.chiapatino.com\\\/home\\\/lsfrnd\\\/\",\"name\":\"LUISA FERNANDA - Chia Pati\u00f1o\",\"isPartOf\":{\"@id\":\"https:\\\/\\\/www.chiapatino.com\\\/home\\\/#website\"},\"primaryImageOfPage\":{\"@id\":\"https:\\\/\\\/www.chiapatino.com\\\/home\\\/lsfrnd\\\/#primaryimage\"},\"image\":{\"@id\":\"https:\\\/\\\/www.chiapatino.com\\\/home\\\/lsfrnd\\\/#primaryimage\"},\"thumbnailUrl\":\"https:\\\/\\\/i0.wp.com\\\/www.chiapatino.com\\\/wp-content\\\/uploads\\\/2023\\\/04\\\/LUISAF_23.jpg?fit=497%2C350&ssl=1\",\"datePublished\":\"2010-10-01T00:00:17+00:00\",\"dateModified\":\"2024-06-20T16:28:08+00:00\",\"description\":\"Los amores y desamores de Luisa Fernanda y Javier recorren las calles de Madrid durante la Revoluci\u00f3n de 1868. Mon\u00e1rquicos y republicanos, carlistas y revolucionarios cobijan las desventuras de Luisa y de su enamorado Javier, un militar reci\u00e9n ascendido a coronel que apenas la visita..\",\"breadcrumb\":{\"@id\":\"https:\\\/\\\/www.chiapatino.com\\\/home\\\/lsfrnd\\\/#breadcrumb\"},\"inLanguage\":\"en-US\",\"potentialAction\":[{\"@type\":\"ReadAction\",\"target\":[\"https:\\\/\\\/www.chiapatino.com\\\/home\\\/lsfrnd\\\/\"]}]},{\"@type\":\"ImageObject\",\"inLanguage\":\"en-US\",\"@id\":\"https:\\\/\\\/www.chiapatino.com\\\/home\\\/lsfrnd\\\/#primaryimage\",\"url\":\"https:\\\/\\\/i0.wp.com\\\/www.chiapatino.com\\\/wp-content\\\/uploads\\\/2023\\\/04\\\/LUISAF_23.jpg?fit=497%2C350&ssl=1\",\"contentUrl\":\"https:\\\/\\\/i0.wp.com\\\/www.chiapatino.com\\\/wp-content\\\/uploads\\\/2023\\\/04\\\/LUISAF_23.jpg?fit=497%2C350&ssl=1\",\"width\":497,\"height\":350},{\"@type\":\"BreadcrumbList\",\"@id\":\"https:\\\/\\\/www.chiapatino.com\\\/home\\\/lsfrnd\\\/#breadcrumb\",\"itemListElement\":[{\"@type\":\"ListItem\",\"position\":1,\"name\":\"Home\",\"item\":\"https:\\\/\\\/www.chiapatino.com\\\/home\\\/\"},{\"@type\":\"ListItem\",\"position\":2,\"name\":\"LUISA FERNANDA\"}]},{\"@type\":\"WebSite\",\"@id\":\"https:\\\/\\\/www.chiapatino.com\\\/home\\\/#website\",\"url\":\"https:\\\/\\\/www.chiapatino.com\\\/home\\\/\",\"name\":\"Chia Pati\u00f1o\",\"description\":\"Portafolio\",\"publisher\":{\"@id\":\"https:\\\/\\\/www.chiapatino.com\\\/home\\\/#\\\/schema\\\/person\\\/f64ab33314c9c8769b4082962d7f5301\"},\"potentialAction\":[{\"@type\":\"SearchAction\",\"target\":{\"@type\":\"EntryPoint\",\"urlTemplate\":\"https:\\\/\\\/www.chiapatino.com\\\/home\\\/?s={search_term_string}\"},\"query-input\":{\"@type\":\"PropertyValueSpecification\",\"valueRequired\":true,\"valueName\":\"search_term_string\"}}],\"inLanguage\":\"en-US\"},{\"@type\":[\"Person\",\"Organization\"],\"@id\":\"https:\\\/\\\/www.chiapatino.com\\\/home\\\/#\\\/schema\\\/person\\\/f64ab33314c9c8769b4082962d7f5301\",\"name\":\"Chia Pati\u00f1o\",\"image\":{\"@type\":\"ImageObject\",\"inLanguage\":\"en-US\",\"@id\":\"https:\\\/\\\/i0.wp.com\\\/www.chiapatino.com\\\/wp-content\\\/uploads\\\/2022\\\/11\\\/chiahs01.webp?fit=960%2C1201&ssl=1\",\"url\":\"https:\\\/\\\/i0.wp.com\\\/www.chiapatino.com\\\/wp-content\\\/uploads\\\/2022\\\/11\\\/chiahs01.webp?fit=960%2C1201&ssl=1\",\"contentUrl\":\"https:\\\/\\\/i0.wp.com\\\/www.chiapatino.com\\\/wp-content\\\/uploads\\\/2022\\\/11\\\/chiahs01.webp?fit=960%2C1201&ssl=1\",\"width\":960,\"height\":1201,\"caption\":\"Chia Pati\u00f1o\"},\"logo\":{\"@id\":\"https:\\\/\\\/i0.wp.com\\\/www.chiapatino.com\\\/wp-content\\\/uploads\\\/2022\\\/11\\\/chiahs01.webp?fit=960%2C1201&ssl=1\"},\"sameAs\":[\"https:\\\/\\\/www.facebook.com\\\/chia.patino\",\"https:\\\/\\\/www.instagram.com\\\/chia.patino\\\/\",\"https:\\\/\\\/x.com\\\/https:\\\/\\\/twitter.com\\\/chpatito?lang=en\"]}]}<\/script>\n<!-- \/ Yoast SEO plugin. -->","yoast_head_json":{"title":"LUISA FERNANDA - Chia Pati\u00f1o","description":"Los amores y desamores de Luisa Fernanda y Javier recorren las calles de Madrid durante la Revoluci\u00f3n de 1868. Mon\u00e1rquicos y republicanos, carlistas y revolucionarios cobijan las desventuras de Luisa y de su enamorado Javier, un militar reci\u00e9n ascendido a coronel que apenas la visita..","robots":{"index":"index","follow":"follow","max-snippet":"max-snippet:-1","max-image-preview":"max-image-preview:large","max-video-preview":"max-video-preview:-1"},"canonical":"https:\/\/www.chiapatino.com\/home\/lsfrnd\/","og_locale":"en_US","og_type":"article","og_title":"LUISA FERNANDA - Chia Pati\u00f1o","og_description":"Los amores y desamores de Luisa Fernanda y Javier recorren las calles de Madrid durante la Revoluci\u00f3n de 1868. Mon\u00e1rquicos y republicanos, carlistas y revolucionarios cobijan las desventuras de Luisa y de su enamorado Javier, un militar reci\u00e9n ascendido a coronel que apenas la visita..","og_url":"https:\/\/www.chiapatino.com\/home\/lsfrnd\/","og_site_name":"Chia Pati\u00f1o","article_publisher":"https:\/\/www.facebook.com\/chia.patino","article_modified_time":"2024-06-20T16:28:08+00:00","og_image":[{"width":497,"height":350,"url":"https:\/\/www.chiapatino.com\/wp-content\/uploads\/2023\/04\/LUISAF_23.jpg","type":"image\/jpeg"}],"twitter_card":"summary_large_image","twitter_site":"@en","twitter_misc":{"Est. reading time":"3 minutes"},"schema":{"@context":"https:\/\/schema.org","@graph":[{"@type":"WebPage","@id":"https:\/\/www.chiapatino.com\/home\/lsfrnd\/","url":"https:\/\/www.chiapatino.com\/home\/lsfrnd\/","name":"LUISA FERNANDA - Chia Pati\u00f1o","isPartOf":{"@id":"https:\/\/www.chiapatino.com\/home\/#website"},"primaryImageOfPage":{"@id":"https:\/\/www.chiapatino.com\/home\/lsfrnd\/#primaryimage"},"image":{"@id":"https:\/\/www.chiapatino.com\/home\/lsfrnd\/#primaryimage"},"thumbnailUrl":"https:\/\/i0.wp.com\/www.chiapatino.com\/wp-content\/uploads\/2023\/04\/LUISAF_23.jpg?fit=497%2C350&ssl=1","datePublished":"2010-10-01T00:00:17+00:00","dateModified":"2024-06-20T16:28:08+00:00","description":"Los amores y desamores de Luisa Fernanda y Javier recorren las calles de Madrid durante la Revoluci\u00f3n de 1868. Mon\u00e1rquicos y republicanos, carlistas y revolucionarios cobijan las desventuras de Luisa y de su enamorado Javier, un militar reci\u00e9n ascendido a coronel que apenas la visita..","breadcrumb":{"@id":"https:\/\/www.chiapatino.com\/home\/lsfrnd\/#breadcrumb"},"inLanguage":"en-US","potentialAction":[{"@type":"ReadAction","target":["https:\/\/www.chiapatino.com\/home\/lsfrnd\/"]}]},{"@type":"ImageObject","inLanguage":"en-US","@id":"https:\/\/www.chiapatino.com\/home\/lsfrnd\/#primaryimage","url":"https:\/\/i0.wp.com\/www.chiapatino.com\/wp-content\/uploads\/2023\/04\/LUISAF_23.jpg?fit=497%2C350&ssl=1","contentUrl":"https:\/\/i0.wp.com\/www.chiapatino.com\/wp-content\/uploads\/2023\/04\/LUISAF_23.jpg?fit=497%2C350&ssl=1","width":497,"height":350},{"@type":"BreadcrumbList","@id":"https:\/\/www.chiapatino.com\/home\/lsfrnd\/#breadcrumb","itemListElement":[{"@type":"ListItem","position":1,"name":"Home","item":"https:\/\/www.chiapatino.com\/home\/"},{"@type":"ListItem","position":2,"name":"LUISA FERNANDA"}]},{"@type":"WebSite","@id":"https:\/\/www.chiapatino.com\/home\/#website","url":"https:\/\/www.chiapatino.com\/home\/","name":"Chia Pati\u00f1o","description":"Portafolio","publisher":{"@id":"https:\/\/www.chiapatino.com\/home\/#\/schema\/person\/f64ab33314c9c8769b4082962d7f5301"},"potentialAction":[{"@type":"SearchAction","target":{"@type":"EntryPoint","urlTemplate":"https:\/\/www.chiapatino.com\/home\/?s={search_term_string}"},"query-input":{"@type":"PropertyValueSpecification","valueRequired":true,"valueName":"search_term_string"}}],"inLanguage":"en-US"},{"@type":["Person","Organization"],"@id":"https:\/\/www.chiapatino.com\/home\/#\/schema\/person\/f64ab33314c9c8769b4082962d7f5301","name":"Chia Pati\u00f1o","image":{"@type":"ImageObject","inLanguage":"en-US","@id":"https:\/\/i0.wp.com\/www.chiapatino.com\/wp-content\/uploads\/2022\/11\/chiahs01.webp?fit=960%2C1201&ssl=1","url":"https:\/\/i0.wp.com\/www.chiapatino.com\/wp-content\/uploads\/2022\/11\/chiahs01.webp?fit=960%2C1201&ssl=1","contentUrl":"https:\/\/i0.wp.com\/www.chiapatino.com\/wp-content\/uploads\/2022\/11\/chiahs01.webp?fit=960%2C1201&ssl=1","width":960,"height":1201,"caption":"Chia Pati\u00f1o"},"logo":{"@id":"https:\/\/i0.wp.com\/www.chiapatino.com\/wp-content\/uploads\/2022\/11\/chiahs01.webp?fit=960%2C1201&ssl=1"},"sameAs":["https:\/\/www.facebook.com\/chia.patino","https:\/\/www.instagram.com\/chia.patino\/","https:\/\/x.com\/https:\/\/twitter.com\/chpatito?lang=en"]}]}},"jetpack_shortlink":"https:\/\/wp.me\/Pb5Ra3-2ni","jetpack_sharing_enabled":true,"_links":{"self":[{"href":"https:\/\/www.chiapatino.com\/home\/wp-json\/wp\/v2\/pages\/9132","targetHints":{"allow":["GET"]}}],"collection":[{"href":"https:\/\/www.chiapatino.com\/home\/wp-json\/wp\/v2\/pages"}],"about":[{"href":"https:\/\/www.chiapatino.com\/home\/wp-json\/wp\/v2\/types\/page"}],"author":[{"embeddable":true,"href":"https:\/\/www.chiapatino.com\/home\/wp-json\/wp\/v2\/users\/1"}],"replies":[{"embeddable":true,"href":"https:\/\/www.chiapatino.com\/home\/wp-json\/wp\/v2\/comments?post=9132"}],"version-history":[{"count":3,"href":"https:\/\/www.chiapatino.com\/home\/wp-json\/wp\/v2\/pages\/9132\/revisions"}],"predecessor-version":[{"id":9135,"href":"https:\/\/www.chiapatino.com\/home\/wp-json\/wp\/v2\/pages\/9132\/revisions\/9135"}],"wp:featuredmedia":[{"embeddable":true,"href":"https:\/\/www.chiapatino.com\/home\/wp-json\/wp\/v2\/media\/7845"}],"wp:attachment":[{"href":"https:\/\/www.chiapatino.com\/home\/wp-json\/wp\/v2\/media?parent=9132"}],"curies":[{"name":"wp","href":"https:\/\/api.w.org\/{rel}","templated":true}]}}