{"id":9140,"date":"2009-05-20T00:00:37","date_gmt":"2009-05-20T00:00:37","guid":{"rendered":"https:\/\/www.chiapatino.com\/home\/?page_id=9140"},"modified":"2024-06-20T16:47:34","modified_gmt":"2024-06-20T16:47:34","slug":"mnlblv","status":"publish","type":"page","link":"https:\/\/www.chiapatino.com\/home\/mnlblv\/","title":{"rendered":"MANUELA Y BOL\u00cdVAR"},"content":{"rendered":"<div class=\"wpb-content-wrapper\"><p>[vc_row row_height_percent=&#8221;0&#8243; back_image=&#8221;2086&#8243; back_position=&#8221;center bottom&#8221; parallax=&#8221;yes&#8221; overlay_alpha=&#8221;50&#8243; gutter_size=&#8221;3&#8243; column_width_percent=&#8221;100&#8243; shift_y=&#8221;0&#8243; z_index=&#8221;0&#8243;][vc_column width=&#8221;1\/1&#8243;][vc_empty_space empty_h=&#8221;5&#8243;][vc_empty_space empty_h=&#8221;5&#8243;][vc_empty_space empty_h=&#8221;5&#8243;][vc_empty_space empty_h=&#8221;5&#8243;][\/vc_column][\/vc_row][vc_row row_height_percent=&#8221;0&#8243; back_color=&#8221;color-gyho&#8221; overlay_alpha=&#8221;50&#8243; gutter_size=&#8221;3&#8243; column_width_percent=&#8221;100&#8243; shift_y=&#8221;0&#8243; z_index=&#8221;0&#8243;][vc_column column_width_percent=&#8221;100&#8243; gutter_size=&#8221;3&#8243; style=&#8221;dark&#8221; overlay_alpha=&#8221;50&#8243; shift_x=&#8221;0&#8243; shift_y=&#8221;0&#8243; shift_y_down=&#8221;0&#8243; z_index=&#8221;0&#8243; medium_width=&#8221;0&#8243; mobile_width=&#8221;0&#8243; width=&#8221;1\/1&#8243;][vc_custom_heading uncode_shortcode_id=&#8221;327805&#8243;]Manuela y Bol\u00edvar[\/vc_custom_heading][vc_separator sep_color=&#8221;color-jevc&#8221; uncode_shortcode_id=&#8221;399494&#8243; sep_color_type=&#8221;uncode-palette&#8221; el_width=&#8221;35%&#8221;][vc_column_text]2009<\/p>\n<p><a href=\"http:\/\/teatrosanchezaguilar.org\">Quito, Teatro Nacional Sucre<\/a><br \/>\n<a href=\"http:\/\/www.uartes.edu.ec\/sitio\/agua\/lugares\/teatro-centro-civico-eloy-alfaro\/\">Guayaquil, Teatro Centro C\u00edvico<\/a><\/p>\n<p><em><strong>Libreto \/ Script:<\/strong><\/em> Diego Luzuriaga<br \/>\n<em><strong>Direcci\u00f3n Musical \/ Music Director:<\/strong><\/em> \u00c1lvaro Manzano<br \/>\n<strong><em>Direcci\u00f3n Esc\u00e9nica \/ Stage Director:<\/em><\/strong>\u00a0Ch\u00eda Pati\u00f1o[\/vc_column_text][vc_empty_space empty_h=&#8221;2&#8243;][\/vc_column][\/vc_row][vc_row][vc_column width=&#8221;1\/2&#8243;][vc_empty_space empty_h=&#8221;2&#8243;][vc_single_image media=&#8221;4212&#8243; media_width_percent=&#8221;100&#8243; media_link=&#8221;|||&#8221; uncode_shortcode_id=&#8221;126302&#8243;][vc_empty_space empty_h=&#8221;3&#8243;][\/vc_column][vc_column column_width_percent=&#8221;100&#8243; gutter_size=&#8221;3&#8243; style=&#8221;dark&#8221; overlay_alpha=&#8221;50&#8243; shift_x=&#8221;0&#8243; shift_y=&#8221;0&#8243; shift_y_down=&#8221;0&#8243; z_index=&#8221;0&#8243; medium_width=&#8221;0&#8243; mobile_width=&#8221;0&#8243; width=&#8221;1\/2&#8243;][vc_empty_space empty_h=&#8221;2&#8243;][vc_custom_heading text_font=&#8221;font-165742&#8243; uncode_shortcode_id=&#8221;160468&#8243;]<\/p>\n<h1>Historia de Manuela y Bol\u00edvar, en \u00f3pera<\/h1>\n<p>[\/vc_custom_heading][vc_column_text]Un proyecto de la Fundaci\u00f3n Teatro Nacional Sucre, consolidado a trav\u00e9s de la creatividad del ecuatoriano Diego Luzuriaga, es la \u00f3pera Manuela y Bol\u00edvar, basada en la vida de Manuela S\u00e1enz y Sim\u00f3n Bol\u00edvar, y que se estren\u00f3 en Quito en el 2006 y luego, en mayo pasado, en la misma ciudad, se ofrecieron otras funciones.<\/p>\n<p>Hoy, la obra llega a Guayaquil por gesti\u00f3n del Ministerio de Cultura y con motivo del Bicentenario del Primer Grito de Independencia. \u00c1lvaro Manzano, est\u00e1 a cargo de la direcci\u00f3n art\u00edstica y Ch\u00eda Pati\u00f1o de la esc\u00e9nica.<\/p>\n<p style=\"text-align: right;\"><strong><em>EL UNIVERSO, 17 de julio, 2009<\/em><\/strong><\/p>\n<p>[\/vc_column_text][vc_empty_space empty_h=&#8221;3&#8243;][vc_button hover_fx=&#8221;outlined&#8221; outline=&#8221;yes&#8221; border_width=&#8221;0&#8243; link=&#8221;url:https%3A%2F%2Fwww.eluniverso.com%2F2009%2F07%2F17%2F1%2F1378%2Fhistoria-manuela-bolivar-opera.html||target:%20_blank|&#8221; button_color_type=&#8221;uncode-solid&#8221; button_color_solid=&#8221;#b2252d&#8221; uncode_shortcode_id=&#8221;110444&#8243;]Art\u00edculo Completo \/ Complete Article[\/vc_button][vc_empty_space empty_h=&#8221;3&#8243;][\/vc_column][\/vc_row][vc_row][vc_column width=&#8221;1\/1&#8243;][vc_empty_space empty_h=&#8221;2&#8243;][\/vc_column][\/vc_row][vc_row unlock_row_content=&#8221;yes&#8221; row_height_percent=&#8221;0&#8243; override_padding=&#8221;yes&#8221; h_padding=&#8221;0&#8243; top_padding=&#8221;0&#8243; bottom_padding=&#8221;0&#8243; overlay_alpha=&#8221;50&#8243; gutter_size=&#8221;3&#8243; column_width_percent=&#8221;100&#8243; shift_y=&#8221;0&#8243; z_index=&#8221;0&#8243; uncode_shortcode_id=&#8221;185123&#8243;][vc_column width=&#8221;1\/1&#8243;][vc_gallery el_id=&#8221;gallery-9751014&#8243; type=&#8221;justified&#8221; random=&#8221;yes&#8221; medias=&#8221;7251,7252,7253,7254,7255,7256,7257,7258,7259,7260,7261,7262,7263,7264,7265&#8243; justify_row_height=&#8221;250&#8243; justify_last_row=&#8221;hide&#8221; gutter_size=&#8221;0&#8243; media_items=&#8221;media|lightbox|original&#8221; single_overlay_color=&#8221;color-wayh&#8221; single_overlay_opacity=&#8221;50&#8243; single_overlay_anim=&#8221;no&#8221; single_text_anim=&#8221;no&#8221; single_image_anim=&#8221;no&#8221; single_h_align=&#8221;center&#8221; single_padding=&#8221;2&#8243; single_icon=&#8221;fa fa-plus2&#8243; single_border=&#8221;yes&#8221; single_css_animation=&#8221;alpha-anim&#8221; single_animation_speed=&#8221;600&#8243; single_animation_delay=&#8221;100&#8243; lbox_no_arrows=&#8221;yes&#8221; lbox_no_tmb=&#8221;yes&#8221; no_double_tap=&#8221;yes&#8221; single_image_anim_move=&#8221;yes&#8221; title=&#8221;Manuela y Bolivar&#8221; uncode_shortcode_id=&#8221;947709&#8243;][\/vc_column][\/vc_row][vc_row][vc_column width=&#8221;1\/1&#8243;][vc_empty_space empty_h=&#8221;4&#8243;][vc_empty_space empty_h=&#8221;4&#8243;][\/vc_column][\/vc_row]<\/p>\n<\/div>","protected":false},"excerpt":{"rendered":"<p>[vc_row row_height_percent=&#8221;0&#8243; back_image=&#8221;2086&#8243; back_position=&#8221;center bottom&#8221; parallax=&#8221;yes&#8221; overlay_alpha=&#8221;50&#8243; gutter_size=&#8221;3&#8243; column_width_percent=&#8221;100&#8243; shift_y=&#8221;0&#8243; z_index=&#8221;0&#8243;][vc_column width=&#8221;1\/1&#8243;][vc_empty_space empty_h=&#8221;5&#8243;][vc_empty_space empty_h=&#8221;5&#8243;][vc_empty_space empty_h=&#8221;5&#8243;][vc_empty_space empty_h=&#8221;5&#8243;][\/vc_column][\/vc_row][vc_row row_height_percent=&#8221;0&#8243; back_color=&#8221;color-gyho&#8221; overlay_alpha=&#8221;50&#8243; gutter_size=&#8221;3&#8243; [&hellip;]<\/p>\n","protected":false},"author":1,"featured_media":7848,"parent":0,"menu_order":0,"comment_status":"closed","ping_status":"closed","template":"","meta":{"footnotes":""},"class_list":["post-9140","page","type-page","status-publish","has-post-thumbnail","hentry","page_category-workcollection","page_category-stagedirector"],"yoast_head":"<!-- This site is optimized with the Yoast SEO plugin v27.4 - https:\/\/yoast.com\/product\/yoast-seo-wordpress\/ -->\n<title>MANUELA Y BOL\u00cdVAR - Chia Pati\u00f1o<\/title>\n<meta name=\"description\" content=\"Un proyecto de la Fundaci\u00f3n Teatro Nacional Sucre, consolidado a trav\u00e9s de la creatividad del ecuatoriano Diego Luzuriaga, es la \u00f3pera Manuela y Bol\u00edvar, basada en la vida de Manuela S\u00e1enz y Sim\u00f3n Bol\u00edvar, y que se estren\u00f3 en Quito en el 2006 y luego, en mayo pasado, en la misma ciudad, se ofrecieron otras funciones.\" \/>\n<meta name=\"robots\" content=\"index, follow, max-snippet:-1, max-image-preview:large, max-video-preview:-1\" \/>\n<link rel=\"canonical\" href=\"https:\/\/www.chiapatino.com\/home\/mnlblv\/\" \/>\n<meta property=\"og:locale\" content=\"en_US\" \/>\n<meta property=\"og:type\" content=\"article\" \/>\n<meta property=\"og:title\" content=\"MANUELA Y BOL\u00cdVAR - Chia Pati\u00f1o\" \/>\n<meta property=\"og:description\" content=\"Un proyecto de la Fundaci\u00f3n Teatro Nacional Sucre, consolidado a trav\u00e9s de la creatividad del ecuatoriano Diego Luzuriaga, es la \u00f3pera Manuela y Bol\u00edvar, basada en la vida de Manuela S\u00e1enz y Sim\u00f3n Bol\u00edvar, y que se estren\u00f3 en Quito en el 2006 y luego, en mayo pasado, en la misma ciudad, se ofrecieron otras funciones.\" \/>\n<meta property=\"og:url\" content=\"https:\/\/www.chiapatino.com\/home\/mnlblv\/\" \/>\n<meta property=\"og:site_name\" content=\"Chia Pati\u00f1o\" \/>\n<meta property=\"article:publisher\" content=\"https:\/\/www.facebook.com\/chia.patino\" \/>\n<meta property=\"article:modified_time\" content=\"2024-06-20T16:47:34+00:00\" \/>\n<meta property=\"og:image\" content=\"https:\/\/www.chiapatino.com\/wp-content\/uploads\/2023\/04\/MYB023.jpg\" \/>\n\t<meta property=\"og:image:width\" content=\"497\" \/>\n\t<meta property=\"og:image:height\" content=\"350\" \/>\n\t<meta property=\"og:image:type\" content=\"image\/jpeg\" \/>\n<meta name=\"twitter:card\" content=\"summary_large_image\" \/>\n<meta name=\"twitter:site\" content=\"@en\" \/>\n<meta name=\"twitter:label1\" content=\"Est. reading time\" \/>\n\t<meta name=\"twitter:data1\" content=\"2 minutes\" \/>\n<script type=\"application\/ld+json\" class=\"yoast-schema-graph\">{\"@context\":\"https:\\\/\\\/schema.org\",\"@graph\":[{\"@type\":\"WebPage\",\"@id\":\"https:\\\/\\\/www.chiapatino.com\\\/home\\\/mnlblv\\\/\",\"url\":\"https:\\\/\\\/www.chiapatino.com\\\/home\\\/mnlblv\\\/\",\"name\":\"MANUELA Y BOL\u00cdVAR - Chia Pati\u00f1o\",\"isPartOf\":{\"@id\":\"https:\\\/\\\/www.chiapatino.com\\\/home\\\/#website\"},\"primaryImageOfPage\":{\"@id\":\"https:\\\/\\\/www.chiapatino.com\\\/home\\\/mnlblv\\\/#primaryimage\"},\"image\":{\"@id\":\"https:\\\/\\\/www.chiapatino.com\\\/home\\\/mnlblv\\\/#primaryimage\"},\"thumbnailUrl\":\"https:\\\/\\\/i0.wp.com\\\/www.chiapatino.com\\\/wp-content\\\/uploads\\\/2023\\\/04\\\/MYB023.jpg?fit=497%2C350&ssl=1\",\"datePublished\":\"2009-05-20T00:00:37+00:00\",\"dateModified\":\"2024-06-20T16:47:34+00:00\",\"description\":\"Un proyecto de la Fundaci\u00f3n Teatro Nacional Sucre, consolidado a trav\u00e9s de la creatividad del ecuatoriano Diego Luzuriaga, es la \u00f3pera Manuela y Bol\u00edvar, basada en la vida de Manuela S\u00e1enz y Sim\u00f3n Bol\u00edvar, y que se estren\u00f3 en Quito en el 2006 y luego, en mayo pasado, en la misma ciudad, se ofrecieron otras funciones.\",\"breadcrumb\":{\"@id\":\"https:\\\/\\\/www.chiapatino.com\\\/home\\\/mnlblv\\\/#breadcrumb\"},\"inLanguage\":\"en-US\",\"potentialAction\":[{\"@type\":\"ReadAction\",\"target\":[\"https:\\\/\\\/www.chiapatino.com\\\/home\\\/mnlblv\\\/\"]}]},{\"@type\":\"ImageObject\",\"inLanguage\":\"en-US\",\"@id\":\"https:\\\/\\\/www.chiapatino.com\\\/home\\\/mnlblv\\\/#primaryimage\",\"url\":\"https:\\\/\\\/i0.wp.com\\\/www.chiapatino.com\\\/wp-content\\\/uploads\\\/2023\\\/04\\\/MYB023.jpg?fit=497%2C350&ssl=1\",\"contentUrl\":\"https:\\\/\\\/i0.wp.com\\\/www.chiapatino.com\\\/wp-content\\\/uploads\\\/2023\\\/04\\\/MYB023.jpg?fit=497%2C350&ssl=1\",\"width\":497,\"height\":350},{\"@type\":\"BreadcrumbList\",\"@id\":\"https:\\\/\\\/www.chiapatino.com\\\/home\\\/mnlblv\\\/#breadcrumb\",\"itemListElement\":[{\"@type\":\"ListItem\",\"position\":1,\"name\":\"Home\",\"item\":\"https:\\\/\\\/www.chiapatino.com\\\/home\\\/\"},{\"@type\":\"ListItem\",\"position\":2,\"name\":\"MANUELA Y BOL\u00cdVAR\"}]},{\"@type\":\"WebSite\",\"@id\":\"https:\\\/\\\/www.chiapatino.com\\\/home\\\/#website\",\"url\":\"https:\\\/\\\/www.chiapatino.com\\\/home\\\/\",\"name\":\"Chia Pati\u00f1o\",\"description\":\"Portafolio\",\"publisher\":{\"@id\":\"https:\\\/\\\/www.chiapatino.com\\\/home\\\/#\\\/schema\\\/person\\\/f64ab33314c9c8769b4082962d7f5301\"},\"potentialAction\":[{\"@type\":\"SearchAction\",\"target\":{\"@type\":\"EntryPoint\",\"urlTemplate\":\"https:\\\/\\\/www.chiapatino.com\\\/home\\\/?s={search_term_string}\"},\"query-input\":{\"@type\":\"PropertyValueSpecification\",\"valueRequired\":true,\"valueName\":\"search_term_string\"}}],\"inLanguage\":\"en-US\"},{\"@type\":[\"Person\",\"Organization\"],\"@id\":\"https:\\\/\\\/www.chiapatino.com\\\/home\\\/#\\\/schema\\\/person\\\/f64ab33314c9c8769b4082962d7f5301\",\"name\":\"Chia Pati\u00f1o\",\"image\":{\"@type\":\"ImageObject\",\"inLanguage\":\"en-US\",\"@id\":\"https:\\\/\\\/i0.wp.com\\\/www.chiapatino.com\\\/wp-content\\\/uploads\\\/2022\\\/11\\\/chiahs01.webp?fit=960%2C1201&ssl=1\",\"url\":\"https:\\\/\\\/i0.wp.com\\\/www.chiapatino.com\\\/wp-content\\\/uploads\\\/2022\\\/11\\\/chiahs01.webp?fit=960%2C1201&ssl=1\",\"contentUrl\":\"https:\\\/\\\/i0.wp.com\\\/www.chiapatino.com\\\/wp-content\\\/uploads\\\/2022\\\/11\\\/chiahs01.webp?fit=960%2C1201&ssl=1\",\"width\":960,\"height\":1201,\"caption\":\"Chia Pati\u00f1o\"},\"logo\":{\"@id\":\"https:\\\/\\\/i0.wp.com\\\/www.chiapatino.com\\\/wp-content\\\/uploads\\\/2022\\\/11\\\/chiahs01.webp?fit=960%2C1201&ssl=1\"},\"sameAs\":[\"https:\\\/\\\/www.facebook.com\\\/chia.patino\",\"https:\\\/\\\/www.instagram.com\\\/chia.patino\\\/\",\"https:\\\/\\\/x.com\\\/https:\\\/\\\/twitter.com\\\/chpatito?lang=en\"]}]}<\/script>\n<!-- \/ Yoast SEO plugin. -->","yoast_head_json":{"title":"MANUELA Y BOL\u00cdVAR - Chia Pati\u00f1o","description":"Un proyecto de la Fundaci\u00f3n Teatro Nacional Sucre, consolidado a trav\u00e9s de la creatividad del ecuatoriano Diego Luzuriaga, es la \u00f3pera Manuela y Bol\u00edvar, basada en la vida de Manuela S\u00e1enz y Sim\u00f3n Bol\u00edvar, y que se estren\u00f3 en Quito en el 2006 y luego, en mayo pasado, en la misma ciudad, se ofrecieron otras funciones.","robots":{"index":"index","follow":"follow","max-snippet":"max-snippet:-1","max-image-preview":"max-image-preview:large","max-video-preview":"max-video-preview:-1"},"canonical":"https:\/\/www.chiapatino.com\/home\/mnlblv\/","og_locale":"en_US","og_type":"article","og_title":"MANUELA Y BOL\u00cdVAR - Chia Pati\u00f1o","og_description":"Un proyecto de la Fundaci\u00f3n Teatro Nacional Sucre, consolidado a trav\u00e9s de la creatividad del ecuatoriano Diego Luzuriaga, es la \u00f3pera Manuela y Bol\u00edvar, basada en la vida de Manuela S\u00e1enz y Sim\u00f3n Bol\u00edvar, y que se estren\u00f3 en Quito en el 2006 y luego, en mayo pasado, en la misma ciudad, se ofrecieron otras funciones.","og_url":"https:\/\/www.chiapatino.com\/home\/mnlblv\/","og_site_name":"Chia Pati\u00f1o","article_publisher":"https:\/\/www.facebook.com\/chia.patino","article_modified_time":"2024-06-20T16:47:34+00:00","og_image":[{"width":497,"height":350,"url":"https:\/\/www.chiapatino.com\/wp-content\/uploads\/2023\/04\/MYB023.jpg","type":"image\/jpeg"}],"twitter_card":"summary_large_image","twitter_site":"@en","twitter_misc":{"Est. reading time":"2 minutes"},"schema":{"@context":"https:\/\/schema.org","@graph":[{"@type":"WebPage","@id":"https:\/\/www.chiapatino.com\/home\/mnlblv\/","url":"https:\/\/www.chiapatino.com\/home\/mnlblv\/","name":"MANUELA Y BOL\u00cdVAR - Chia Pati\u00f1o","isPartOf":{"@id":"https:\/\/www.chiapatino.com\/home\/#website"},"primaryImageOfPage":{"@id":"https:\/\/www.chiapatino.com\/home\/mnlblv\/#primaryimage"},"image":{"@id":"https:\/\/www.chiapatino.com\/home\/mnlblv\/#primaryimage"},"thumbnailUrl":"https:\/\/i0.wp.com\/www.chiapatino.com\/wp-content\/uploads\/2023\/04\/MYB023.jpg?fit=497%2C350&ssl=1","datePublished":"2009-05-20T00:00:37+00:00","dateModified":"2024-06-20T16:47:34+00:00","description":"Un proyecto de la Fundaci\u00f3n Teatro Nacional Sucre, consolidado a trav\u00e9s de la creatividad del ecuatoriano Diego Luzuriaga, es la \u00f3pera Manuela y Bol\u00edvar, basada en la vida de Manuela S\u00e1enz y Sim\u00f3n Bol\u00edvar, y que se estren\u00f3 en Quito en el 2006 y luego, en mayo pasado, en la misma ciudad, se ofrecieron otras funciones.","breadcrumb":{"@id":"https:\/\/www.chiapatino.com\/home\/mnlblv\/#breadcrumb"},"inLanguage":"en-US","potentialAction":[{"@type":"ReadAction","target":["https:\/\/www.chiapatino.com\/home\/mnlblv\/"]}]},{"@type":"ImageObject","inLanguage":"en-US","@id":"https:\/\/www.chiapatino.com\/home\/mnlblv\/#primaryimage","url":"https:\/\/i0.wp.com\/www.chiapatino.com\/wp-content\/uploads\/2023\/04\/MYB023.jpg?fit=497%2C350&ssl=1","contentUrl":"https:\/\/i0.wp.com\/www.chiapatino.com\/wp-content\/uploads\/2023\/04\/MYB023.jpg?fit=497%2C350&ssl=1","width":497,"height":350},{"@type":"BreadcrumbList","@id":"https:\/\/www.chiapatino.com\/home\/mnlblv\/#breadcrumb","itemListElement":[{"@type":"ListItem","position":1,"name":"Home","item":"https:\/\/www.chiapatino.com\/home\/"},{"@type":"ListItem","position":2,"name":"MANUELA Y BOL\u00cdVAR"}]},{"@type":"WebSite","@id":"https:\/\/www.chiapatino.com\/home\/#website","url":"https:\/\/www.chiapatino.com\/home\/","name":"Chia Pati\u00f1o","description":"Portafolio","publisher":{"@id":"https:\/\/www.chiapatino.com\/home\/#\/schema\/person\/f64ab33314c9c8769b4082962d7f5301"},"potentialAction":[{"@type":"SearchAction","target":{"@type":"EntryPoint","urlTemplate":"https:\/\/www.chiapatino.com\/home\/?s={search_term_string}"},"query-input":{"@type":"PropertyValueSpecification","valueRequired":true,"valueName":"search_term_string"}}],"inLanguage":"en-US"},{"@type":["Person","Organization"],"@id":"https:\/\/www.chiapatino.com\/home\/#\/schema\/person\/f64ab33314c9c8769b4082962d7f5301","name":"Chia Pati\u00f1o","image":{"@type":"ImageObject","inLanguage":"en-US","@id":"https:\/\/i0.wp.com\/www.chiapatino.com\/wp-content\/uploads\/2022\/11\/chiahs01.webp?fit=960%2C1201&ssl=1","url":"https:\/\/i0.wp.com\/www.chiapatino.com\/wp-content\/uploads\/2022\/11\/chiahs01.webp?fit=960%2C1201&ssl=1","contentUrl":"https:\/\/i0.wp.com\/www.chiapatino.com\/wp-content\/uploads\/2022\/11\/chiahs01.webp?fit=960%2C1201&ssl=1","width":960,"height":1201,"caption":"Chia Pati\u00f1o"},"logo":{"@id":"https:\/\/i0.wp.com\/www.chiapatino.com\/wp-content\/uploads\/2022\/11\/chiahs01.webp?fit=960%2C1201&ssl=1"},"sameAs":["https:\/\/www.facebook.com\/chia.patino","https:\/\/www.instagram.com\/chia.patino\/","https:\/\/x.com\/https:\/\/twitter.com\/chpatito?lang=en"]}]}},"jetpack_shortlink":"https:\/\/wp.me\/Pb5Ra3-2nq","jetpack_sharing_enabled":true,"_links":{"self":[{"href":"https:\/\/www.chiapatino.com\/home\/wp-json\/wp\/v2\/pages\/9140","targetHints":{"allow":["GET"]}}],"collection":[{"href":"https:\/\/www.chiapatino.com\/home\/wp-json\/wp\/v2\/pages"}],"about":[{"href":"https:\/\/www.chiapatino.com\/home\/wp-json\/wp\/v2\/types\/page"}],"author":[{"embeddable":true,"href":"https:\/\/www.chiapatino.com\/home\/wp-json\/wp\/v2\/users\/1"}],"replies":[{"embeddable":true,"href":"https:\/\/www.chiapatino.com\/home\/wp-json\/wp\/v2\/comments?post=9140"}],"version-history":[{"count":1,"href":"https:\/\/www.chiapatino.com\/home\/wp-json\/wp\/v2\/pages\/9140\/revisions"}],"predecessor-version":[{"id":9141,"href":"https:\/\/www.chiapatino.com\/home\/wp-json\/wp\/v2\/pages\/9140\/revisions\/9141"}],"wp:featuredmedia":[{"embeddable":true,"href":"https:\/\/www.chiapatino.com\/home\/wp-json\/wp\/v2\/media\/7848"}],"wp:attachment":[{"href":"https:\/\/www.chiapatino.com\/home\/wp-json\/wp\/v2\/media?parent=9140"}],"curies":[{"name":"wp","href":"https:\/\/api.w.org\/{rel}","templated":true}]}}