{"id":9143,"date":"2024-06-20T16:51:39","date_gmt":"2024-06-20T16:51:39","guid":{"rendered":"https:\/\/www.chiapatino.com\/home\/?page_id=9143"},"modified":"2024-12-03T14:46:50","modified_gmt":"2024-12-03T14:46:50","slug":"biografespan","status":"publish","type":"page","link":"https:\/\/www.chiapatino.com\/home\/biografespan\/","title":{"rendered":"BIOGRAF\u00cdA"},"content":{"rendered":"<div class=\"wpb-content-wrapper\"><p>[vc_row row_height_percent=&#8221;0&#8243; override_padding=&#8221;yes&#8221; h_padding=&#8221;2&#8243; top_padding=&#8221;5&#8243; bottom_padding=&#8221;5&#8243; overlay_alpha=&#8221;50&#8243; gutter_size=&#8221;3&#8243; column_width_percent=&#8221;100&#8243; shift_y=&#8221;0&#8243; z_index=&#8221;0&#8243;][vc_column column_width_use_pixel=&#8221;yes&#8221; position_vertical=&#8221;middle&#8221; align_horizontal=&#8221;align_center&#8221; gutter_size=&#8221;3&#8243; style=&#8221;light&#8221; overlay_alpha=&#8221;50&#8243; shift_x=&#8221;0&#8243; shift_y=&#8221;0&#8243; shift_y_down=&#8221;0&#8243; z_index=&#8221;0&#8243; medium_width=&#8221;0&#8243; mobile_width=&#8221;0&#8243; width=&#8221;1\/1&#8243; column_width_pixel=&#8221;800&#8243;][vc_custom_heading text_color=&#8221;color-xsdn&#8221; heading_semantic=&#8221;h1&#8243; text_size=&#8221;h1&#8243; sub_lead=&#8221;yes&#8221; sub_reduced=&#8221;yes&#8221;]<\/p>\n<h1>Ch\u00eda Pati\u00f1o<\/h1>\n<p>[\/vc_custom_heading][vc_custom_heading text_color=&#8221;color-wvjs&#8221;]<\/p>\n<p style=\"text-align: center;\">\u00a0Directora Esc\u00e9nica \u2022 Compositora \u2022 Directora Art\u00edstica<\/p>\n<p>[\/vc_custom_heading][\/vc_column][\/vc_row][vc_row row_height_percent=&#8221;0&#8243; overlay_alpha=&#8221;50&#8243; gutter_size=&#8221;3&#8243; column_width_percent=&#8221;100&#8243; shift_y=&#8221;0&#8243; z_index=&#8221;0&#8243;][vc_column column_width_percent=&#8221;100&#8243; gutter_size=&#8221;3&#8243; style=&#8221;dark&#8221; overlay_alpha=&#8221;50&#8243; shift_x=&#8221;0&#8243; shift_y=&#8221;0&#8243; shift_y_down=&#8221;0&#8243; z_index=&#8221;0&#8243; medium_width=&#8221;0&#8243; mobile_width=&#8221;0&#8243; width=&#8221;1\/1&#8243;][vc_gallery el_id=&#8221;gallery-643393&#8243; type=&#8221;justified&#8221; medias=&#8221;7625,7626,7624&#8243; justify_row_height=&#8221;250&#8243; justify_last_row=&#8221;center&#8221; gutter_size=&#8221;1&#8243; single_overlay_opacity=&#8221;50&#8243; single_h_align=&#8221;center&#8221; single_padding=&#8221;2&#8243; uncode_shortcode_id=&#8221;209397&#8243;][vc_empty_space empty_h=&#8221;0&#8243;][vc_empty_space empty_h=&#8221;2&#8243;][\/vc_column][\/vc_row][vc_row row_height_percent=&#8221;0&#8243; override_padding=&#8221;yes&#8221; h_padding=&#8221;2&#8243; top_padding=&#8221;2&#8243; bottom_padding=&#8221;2&#8243; overlay_alpha=&#8221;50&#8243; gutter_size=&#8221;3&#8243; column_width_percent=&#8221;100&#8243; shift_y=&#8221;0&#8243; z_index=&#8221;0&#8243; content_parallax=&#8221;0&#8243; uncode_shortcode_id=&#8221;179764&#8243;][vc_column width=&#8221;1\/1&#8243;][vc_separator sep_color=&#8221;color-wvjs&#8221; el_height=&#8221;0.5&#8243;][vc_column_text]<\/p>\n<h2 style=\"text-align: center;\">Biograf\u00eda<\/h2>\n<p>[\/vc_column_text][vc_separator sep_color=&#8221;color-wvjs&#8221; el_height=&#8221;0.5&#8243;][vc_empty_space empty_h=&#8221;1&#8243;][\/vc_column][\/vc_row][vc_row][vc_column width=&#8221;1\/1&#8243;][vc_row_inner row_inner_height_percent=&#8221;0&#8243; overlay_alpha=&#8221;50&#8243; gutter_size=&#8221;3&#8243; shift_y=&#8221;0&#8243; z_index=&#8221;0&#8243; uncode_shortcode_id=&#8221;207120&#8243;][vc_column_inner width=&#8221;1\/1&#8243;][vc_column_text border_style=&#8221;inherit&#8221; css=&#8221;.vc_custom_1733237104254{padding-right: 50px !important;padding-left: 50px !important;}&#8221; uncode_shortcode_id=&#8221;147255&#8243;]Despu\u00e9s de diez a\u00f1os como <em>Directora <\/em><strong>Art\u00edstica y Ejecutiva del Teatro Nacional Sucre en Quito<\/strong> (2009-2019), Ch\u00eda Pati\u00f1o, directora esc\u00e9nica y compositora, ha regresado a Estados Unidos, donde la encontraremos al momento como directora esc\u00e9nica y profesora en la reconocida <strong>Universidad de Michigan en Ann Arbor<\/strong>.<\/p>\n<p>En su vers\u00e1til carrera la encontraremos como directora esc\u00e9nica de diversas \u00f3peras entre las que destacan como proyectos mas recientes <a href=\"https:\/\/www.chiapatino.com\/home\/la_fille_du_regiment\/\" target=\"_blank\" rel=\"noopener\"><strong>La Hija del Regimiento<\/strong> para Opera Colorado<\/a>,<a href=\"https:\/\/www.chiapatino.com\/home\/trvtcrmn\/\" target=\"_blank\" rel=\"noopener\"><strong> La Traviata <\/strong>para Florida Gran Opera<\/a>, <strong><a href=\"https:\/\/www.chiapatino.com\/home\/suiteespeng\/\" target=\"_blank\" rel=\"noopener\">Suite Espa\u00f1ola 1 y 2 <\/a><\/strong><a href=\"https:\/\/www.chiapatino.com\/home\/suiteespeng\/\" target=\"_blank\" rel=\"noopener\">para Houston Grand Opera<\/a><strong>,<\/strong> <strong><a href=\"https:\/\/www.chiapatino.com\/home\/rphrdyc\/\" target=\"_blank\" rel=\"noopener\">Orpheus &amp; Eurydice <\/a><\/strong><a href=\"https:\/\/www.chiapatino.com\/home\/rphrdyc\/\" target=\"_blank\" rel=\"noopener\">para Seattle Opera<\/a>y <strong><a href=\"https:\/\/www.chiapatino.com\/home\/flrncamzns\/\" target=\"_blank\" rel=\"noopener\">Florencia en el Amazonas<\/a><\/strong><a href=\"https:\/\/www.chiapatino.com\/home\/flrncamzns\/\" target=\"_blank\" rel=\"noopener\"> en Espa\u00f1a para Opera Tenerife<\/a>. En su compromise con nuevas obras la encontraremos dirigiendo<a href=\"https:\/\/www.chiapatino.com\/home\/nmngt\/\" target=\"_blank\" rel=\"noopener\"><strong> \u00d1omonget\u00e1<\/strong> de Diego S\u00e1nchez Haase en NY y Washington<\/a> (la \u00fanica \u00f3pera en guaran\u00ed) as\u00ed como el taller de <a href=\"https:\/\/www.chiapatino.com\/home\/portfolio\/paradiso\/\" target=\"_blank\" rel=\"noopener\"><strong>Paradiso<\/strong><\/a>, con m\u00fasica de Yevgeny Sharlat y libretto de Stephanie Fleischmann. El pr\u00f3ximo Verano dirigir\u00e1 la premiere mundial de <strong>La casa en Mango Street<\/strong> con m\u00fasica de Derek Bermell y libretto de Sandra Cisneros en el Festival de Glimmerglass as\u00ed como<strong> El Giro De La Tuerca<\/strong> de Benjamin Britten.<\/p>\n<p>En Ecuador dirigi\u00f3 ,<strong> Dido &amp; Aeneas<\/strong>, <strong>Carmen<\/strong>, <a href=\"https:\/\/www.chiapatino.com\/home\/mnlblv\/\" target=\"_blank\" rel=\"noopener\"><strong>Manuela y Bolivar,<\/strong><\/a><a href=\"https:\/\/www.chiapatino.com\/home\/lsfrnd\/\" target=\"_blank\" rel=\"noopener\"><strong> Luisa Fernanda<\/strong><\/a>, <a href=\"https:\/\/www.chiapatino.com\/home\/fstgd\/\" target=\"_blank\" rel=\"noopener\"><strong>Faust<\/strong><\/a> y<a href=\"https:\/\/www.chiapatino.com\/home\/ptclfma\/\" target=\"_blank\" rel=\"noopener\"><strong> La Flauta M\u00e1gica de los Andres<\/strong><\/a> as\u00ed como los musicales <a href=\"https:\/\/www.chiapatino.com\/home\/spawk\/\" target=\"_blank\" rel=\"noopener\"><strong>Spring Awakening<\/strong><\/a>, <a href=\"https:\/\/www.chiapatino.com\/home\/west-side-story\/\" target=\"_blank\" rel=\"noopener\"><strong>West Side Story<\/strong><\/a> y <a href=\"https:\/\/www.chiapatino.com\/home\/swnytd\/\"><strong>Sweeney Todd<\/strong><\/a>. Como directora musical dirigi\u00f3 la \u00d3pera Mariachi<strong><a href=\"https:\/\/www.chiapatino.com\/home\/crzrcrln\/\" target=\"_blank\" rel=\"noopener\"> Cruzar la Cara de la Luna<\/a><\/strong> con funciones en Houston, Paris, Chicago, Forth Worth, Phoenix, San Diego, Tucson, El Paso y Quito. Como compositora su trabajo m\u00e1s reciente fue la m\u00fasica para<strong> Guadual<\/strong>, el primer circo ecuatoriano, obra presentada con \u00e9xito en Latinoam\u00e9rica y Barcelona as\u00ed como un ciclo de canciones para el joven tenor guayaquile\u00f1o <strong>C\u00e9sar Parre\u00f1o<\/strong>.[\/vc_column_text][\/vc_column_inner][\/vc_row_inner][\/vc_column][\/vc_row][vc_row row_height_percent=&#8221;0&#8243; override_padding=&#8221;yes&#8221; h_padding=&#8221;2&#8243; top_padding=&#8221;2&#8243; bottom_padding=&#8221;2&#8243; overlay_alpha=&#8221;50&#8243; gutter_size=&#8221;1&#8243; column_width_percent=&#8221;100&#8243; shift_y=&#8221;0&#8243; z_index=&#8221;0&#8243; content_parallax=&#8221;0&#8243; uncode_shortcode_id=&#8221;180608&#8243;][vc_column width=&#8221;1\/1&#8243;][vc_empty_space empty_h=&#8221;2&#8243;][vc_separator sep_color=&#8221;accent&#8221;][vc_column_text]<\/p>\n<h2 style=\"text-align: center;\">Declaraci\u00f3n Art\u00edstica<\/h2>\n<p>[\/vc_column_text][vc_separator sep_color=&#8221;accent&#8221;][vc_empty_space empty_h=&#8221;1&#8243;][\/vc_column][\/vc_row][vc_row][vc_column width=&#8221;1\/1&#8243;][vc_row_inner][vc_column_inner width=&#8221;1\/1&#8243;][vc_column_text border_style=&#8221;inherit&#8221; css=&#8221;.vc_custom_1729742896832{padding-right: 50px !important;padding-left: 50px !important;}&#8221; uncode_shortcode_id=&#8221;922651&#8243;]Creo en la m\u00fasica como creo en el arte. Creo que la verdadera esencia de nuestra humanidad se refleja a trav\u00e9s de ese invisible e intocable producto. Nos muestra nuestra dualidad en sus extremos: lo mejor y peor de nosotros. Porque la humanidad tiene muchos lados, y deber\u00edamos, sino sentirlos, por lo menos ver tantos lados como podamos. \u00a0Encontraremos que la m\u00fasica, como el arte, nos hace re\u00edr y llorar; en su luz ilumina nuestros amigos, familia, nuestro primer amor o desamor, y marca todas las memorias que nos tejen. Su lado oscuro evidencia nuestros temores, nuestras heridas y nos deja percibir y cuestionar lo desconocido.<\/p>\n<p>La m\u00fasica y el arte son sentimientos: no pueden ser cortados o borrados. Atraviesa fronteras como la censura, por lo cual \u2014 aunque en la historia encontremos muchos artistas que fueron silenciados \u2014 todo lo que deb\u00eda ser dicho vive y habla en su arte.<\/p>\n<p>He visto miles de espect\u00e1culos en la \u00faltima d\u00e9cada. En ellos, he visto a la audiencia perdida pac\u00edficamente en sus sentimientos. Y sentir es un lujo en el tiempo actual, en el que la publicidad, las luces, el marketing y gran parte de la sociedad nos manipula para que entendamos y compremos lo que necesitamos para ser felices. En el santuario de un teatro (y de las artes) \u2014 cuando las luces se apagan \u2014 no seremos juzgados ni empujados: recordamos&#8230;sentimos: son espacios que nos permiten ser fr\u00e1giles y recordar nuestra esencia.<\/p>\n<p>Como directora esc\u00e9nica intento decir cosas que considero importantes; para mi es necesario entender y estar consiente de nuestro tiempo y de nuestra audiencia. Luisa Fernanda es una historia de amor, pero al final, Luisa elige el amante equivocado \u2013 y \u00e9sto le hemos hecho muchos. Fausto, no reconoce que lo seduce el poder y la idea de recuperar la juventud, ni que quien lo seduce, es el demonio. En Los Miserables era importante ubicarnos en el tiempo actual, donde son siempre los estudiantes a quienes encontramos en la primera fila de la lucha contra el poder y sus abusos. Venezuela nos demuestra \u00e9sto: es importante entender y recordar que podemos y debemos resistir. Y descubriendo la cosmovisi\u00f3n ind\u00edgena durante La\u00a0Flauta\u00a0M\u00e1gica\u00a0de los Andes, aprend\u00ed sorprendida que, en los valores ancestrales, la humanidad podr\u00e1 percibir lo bueno en valores simples como la valent\u00eda, la fortaleza y la justicia. Vi un teatro lleno de ind\u00edgenas que escuchaban a taita Mozart y re\u00edan; vi ni\u00f1os que, al desconocer los artificios de \u201ccomo portarse en la \u00f3pera\u201d hablaban con Papageno en el escenario, como si fuera un espect\u00e1culo de t\u00edteres infantil- y lo era. Creo que a Mozart le hubiera encantado esto. Hubo magia en nuestra Flauta. El arte nos purifica y reaccionamos de una manera natural. Creo en la \u00f3pera que no busca a la \u00e9lite, que en su forma original buscaba siempre entretenernos, pero adem\u00e1s a veces, ten\u00eda la urgencia de hablarnos de cosas importantes, de pinchar nuestra consiencia. Pero e aqu\u00ed su magia: el artista buscar\u00e1 decir una cosa, pero la audiencia sentir\u00e1 lo que necesite sentir. Creo en esa magia.<\/p>\n<p>Por diez a\u00f1os ese fue mi enfoque: regalar al p\u00fablico esos momentos m\u00e1gicos. Pero mientras m\u00e1s trabajaba en eso, m\u00e1s entend\u00eda que lo importante es cuidar las ra\u00edces: los creadores. Son los estudiantes y los aprendices quienes generar\u00e1n el nuevo arte. Un arte que debe ser actual, y no una copia de la historia. Y, a\u00fan sintiendo orgullo por las producciones que he dirigido, creo que es el momento de pasar lo que he aprendido. Ense\u00f1ar a los j\u00f3venes artistas a percibir nuestro tiempo y encontrar una verdadera raz\u00f3n para hablar por la que no compren nuestra voz. Comunicar y respetar nuestra audiencia y su tiempo. Al dirigir, mi espacio favorito ha sido siempre los ensayos: donde los artistas se comunican con honestidad y buscan remar en una direcci\u00f3n sabiendo s\u00f3lo hacia donde queda la meta. Preparar a j\u00f3venes directores y cantantes me entusiasma.<\/p>\n<p>La vida me ha dado grandes oportunidades y vivencias. Aunque a\u00fan tengo mucho que decir, creo que es urgente preparar a las futuras voces, pues enfrentan tiempos muy complicados: un tiempo donde el sistema insiste en ense\u00f1ar al p\u00fablico a no sentir\u2026<\/p>\n<p><em>Quito, Julio 6 del 2019<\/em>[\/vc_column_text][\/vc_column_inner][\/vc_row_inner][\/vc_column][\/vc_row]<\/p>\n<\/div>","protected":false},"excerpt":{"rendered":"<p>Ch\u00eda Pati\u00f1o biograf\u00eda versi\u00f3n espa\u00f1ol<\/p>\n","protected":false},"author":1,"featured_media":3853,"parent":0,"menu_order":0,"comment_status":"closed","ping_status":"closed","template":"","meta":{"footnotes":""},"class_list":["post-9143","page","type-page","status-publish","has-post-thumbnail","hentry","page_category-bio"],"yoast_head":"<!-- This site is optimized with the Yoast SEO plugin v27.4 - https:\/\/yoast.com\/product\/yoast-seo-wordpress\/ -->\n<title>BIOGRAF\u00cdA - Chia Pati\u00f1o<\/title>\n<meta name=\"description\" content=\"Ch\u00eda Pati\u00f1o biograf\u00eda versi\u00f3n espa\u00f1ol\" \/>\n<meta name=\"robots\" content=\"index, follow, max-snippet:-1, max-image-preview:large, max-video-preview:-1\" \/>\n<link rel=\"canonical\" href=\"https:\/\/www.chiapatino.com\/home\/biografespan\/\" \/>\n<meta property=\"og:locale\" content=\"en_US\" \/>\n<meta property=\"og:type\" content=\"article\" \/>\n<meta property=\"og:title\" content=\"BIOGRAF\u00cdA - Chia Pati\u00f1o\" \/>\n<meta property=\"og:description\" content=\"Ch\u00eda Pati\u00f1o biograf\u00eda versi\u00f3n espa\u00f1ol\" \/>\n<meta property=\"og:url\" content=\"https:\/\/www.chiapatino.com\/home\/biografespan\/\" \/>\n<meta property=\"og:site_name\" content=\"Chia Pati\u00f1o\" \/>\n<meta property=\"article:publisher\" content=\"https:\/\/www.facebook.com\/chia.patino\" \/>\n<meta property=\"article:modified_time\" content=\"2024-12-03T14:46:50+00:00\" \/>\n<meta property=\"og:image\" content=\"https:\/\/www.chiapatino.com\/wp-content\/uploads\/2020\/07\/patino_site.jpg\" \/>\n\t<meta property=\"og:image:width\" content=\"1024\" \/>\n\t<meta property=\"og:image:height\" content=\"768\" \/>\n\t<meta property=\"og:image:type\" content=\"image\/jpeg\" \/>\n<meta name=\"twitter:card\" content=\"summary_large_image\" \/>\n<meta name=\"twitter:site\" content=\"@en\" \/>\n<meta name=\"twitter:label1\" content=\"Est. reading time\" \/>\n\t<meta name=\"twitter:data1\" content=\"6 minutes\" \/>\n<script type=\"application\/ld+json\" class=\"yoast-schema-graph\">{\"@context\":\"https:\\\/\\\/schema.org\",\"@graph\":[{\"@type\":\"WebPage\",\"@id\":\"https:\\\/\\\/www.chiapatino.com\\\/home\\\/biografespan\\\/\",\"url\":\"https:\\\/\\\/www.chiapatino.com\\\/home\\\/biografespan\\\/\",\"name\":\"BIOGRAF\u00cdA - Chia Pati\u00f1o\",\"isPartOf\":{\"@id\":\"https:\\\/\\\/www.chiapatino.com\\\/home\\\/#website\"},\"primaryImageOfPage\":{\"@id\":\"https:\\\/\\\/www.chiapatino.com\\\/home\\\/biografespan\\\/#primaryimage\"},\"image\":{\"@id\":\"https:\\\/\\\/www.chiapatino.com\\\/home\\\/biografespan\\\/#primaryimage\"},\"thumbnailUrl\":\"https:\\\/\\\/i0.wp.com\\\/www.chiapatino.com\\\/wp-content\\\/uploads\\\/2020\\\/07\\\/patino_site.jpg?fit=1024%2C768&ssl=1\",\"datePublished\":\"2024-06-20T16:51:39+00:00\",\"dateModified\":\"2024-12-03T14:46:50+00:00\",\"description\":\"Ch\u00eda Pati\u00f1o biograf\u00eda versi\u00f3n espa\u00f1ol\",\"breadcrumb\":{\"@id\":\"https:\\\/\\\/www.chiapatino.com\\\/home\\\/biografespan\\\/#breadcrumb\"},\"inLanguage\":\"en-US\",\"potentialAction\":[{\"@type\":\"ReadAction\",\"target\":[\"https:\\\/\\\/www.chiapatino.com\\\/home\\\/biografespan\\\/\"]}]},{\"@type\":\"ImageObject\",\"inLanguage\":\"en-US\",\"@id\":\"https:\\\/\\\/www.chiapatino.com\\\/home\\\/biografespan\\\/#primaryimage\",\"url\":\"https:\\\/\\\/i0.wp.com\\\/www.chiapatino.com\\\/wp-content\\\/uploads\\\/2020\\\/07\\\/patino_site.jpg?fit=1024%2C768&ssl=1\",\"contentUrl\":\"https:\\\/\\\/i0.wp.com\\\/www.chiapatino.com\\\/wp-content\\\/uploads\\\/2020\\\/07\\\/patino_site.jpg?fit=1024%2C768&ssl=1\",\"width\":1024,\"height\":768},{\"@type\":\"BreadcrumbList\",\"@id\":\"https:\\\/\\\/www.chiapatino.com\\\/home\\\/biografespan\\\/#breadcrumb\",\"itemListElement\":[{\"@type\":\"ListItem\",\"position\":1,\"name\":\"Home\",\"item\":\"https:\\\/\\\/www.chiapatino.com\\\/home\\\/\"},{\"@type\":\"ListItem\",\"position\":2,\"name\":\"BIOGRAF\u00cdA\"}]},{\"@type\":\"WebSite\",\"@id\":\"https:\\\/\\\/www.chiapatino.com\\\/home\\\/#website\",\"url\":\"https:\\\/\\\/www.chiapatino.com\\\/home\\\/\",\"name\":\"Chia Pati\u00f1o\",\"description\":\"Portafolio\",\"publisher\":{\"@id\":\"https:\\\/\\\/www.chiapatino.com\\\/home\\\/#\\\/schema\\\/person\\\/f64ab33314c9c8769b4082962d7f5301\"},\"potentialAction\":[{\"@type\":\"SearchAction\",\"target\":{\"@type\":\"EntryPoint\",\"urlTemplate\":\"https:\\\/\\\/www.chiapatino.com\\\/home\\\/?s={search_term_string}\"},\"query-input\":{\"@type\":\"PropertyValueSpecification\",\"valueRequired\":true,\"valueName\":\"search_term_string\"}}],\"inLanguage\":\"en-US\"},{\"@type\":[\"Person\",\"Organization\"],\"@id\":\"https:\\\/\\\/www.chiapatino.com\\\/home\\\/#\\\/schema\\\/person\\\/f64ab33314c9c8769b4082962d7f5301\",\"name\":\"Chia Pati\u00f1o\",\"image\":{\"@type\":\"ImageObject\",\"inLanguage\":\"en-US\",\"@id\":\"https:\\\/\\\/i0.wp.com\\\/www.chiapatino.com\\\/wp-content\\\/uploads\\\/2022\\\/11\\\/chiahs01.webp?fit=960%2C1201&ssl=1\",\"url\":\"https:\\\/\\\/i0.wp.com\\\/www.chiapatino.com\\\/wp-content\\\/uploads\\\/2022\\\/11\\\/chiahs01.webp?fit=960%2C1201&ssl=1\",\"contentUrl\":\"https:\\\/\\\/i0.wp.com\\\/www.chiapatino.com\\\/wp-content\\\/uploads\\\/2022\\\/11\\\/chiahs01.webp?fit=960%2C1201&ssl=1\",\"width\":960,\"height\":1201,\"caption\":\"Chia Pati\u00f1o\"},\"logo\":{\"@id\":\"https:\\\/\\\/i0.wp.com\\\/www.chiapatino.com\\\/wp-content\\\/uploads\\\/2022\\\/11\\\/chiahs01.webp?fit=960%2C1201&ssl=1\"},\"sameAs\":[\"https:\\\/\\\/www.facebook.com\\\/chia.patino\",\"https:\\\/\\\/www.instagram.com\\\/chia.patino\\\/\",\"https:\\\/\\\/x.com\\\/https:\\\/\\\/twitter.com\\\/chpatito?lang=en\"]}]}<\/script>\n<!-- \/ Yoast SEO plugin. -->","yoast_head_json":{"title":"BIOGRAF\u00cdA - Chia Pati\u00f1o","description":"Ch\u00eda Pati\u00f1o biograf\u00eda versi\u00f3n espa\u00f1ol","robots":{"index":"index","follow":"follow","max-snippet":"max-snippet:-1","max-image-preview":"max-image-preview:large","max-video-preview":"max-video-preview:-1"},"canonical":"https:\/\/www.chiapatino.com\/home\/biografespan\/","og_locale":"en_US","og_type":"article","og_title":"BIOGRAF\u00cdA - Chia Pati\u00f1o","og_description":"Ch\u00eda Pati\u00f1o biograf\u00eda versi\u00f3n espa\u00f1ol","og_url":"https:\/\/www.chiapatino.com\/home\/biografespan\/","og_site_name":"Chia Pati\u00f1o","article_publisher":"https:\/\/www.facebook.com\/chia.patino","article_modified_time":"2024-12-03T14:46:50+00:00","og_image":[{"width":1024,"height":768,"url":"https:\/\/www.chiapatino.com\/wp-content\/uploads\/2020\/07\/patino_site.jpg","type":"image\/jpeg"}],"twitter_card":"summary_large_image","twitter_site":"@en","twitter_misc":{"Est. reading time":"6 minutes"},"schema":{"@context":"https:\/\/schema.org","@graph":[{"@type":"WebPage","@id":"https:\/\/www.chiapatino.com\/home\/biografespan\/","url":"https:\/\/www.chiapatino.com\/home\/biografespan\/","name":"BIOGRAF\u00cdA - Chia Pati\u00f1o","isPartOf":{"@id":"https:\/\/www.chiapatino.com\/home\/#website"},"primaryImageOfPage":{"@id":"https:\/\/www.chiapatino.com\/home\/biografespan\/#primaryimage"},"image":{"@id":"https:\/\/www.chiapatino.com\/home\/biografespan\/#primaryimage"},"thumbnailUrl":"https:\/\/i0.wp.com\/www.chiapatino.com\/wp-content\/uploads\/2020\/07\/patino_site.jpg?fit=1024%2C768&ssl=1","datePublished":"2024-06-20T16:51:39+00:00","dateModified":"2024-12-03T14:46:50+00:00","description":"Ch\u00eda Pati\u00f1o biograf\u00eda versi\u00f3n espa\u00f1ol","breadcrumb":{"@id":"https:\/\/www.chiapatino.com\/home\/biografespan\/#breadcrumb"},"inLanguage":"en-US","potentialAction":[{"@type":"ReadAction","target":["https:\/\/www.chiapatino.com\/home\/biografespan\/"]}]},{"@type":"ImageObject","inLanguage":"en-US","@id":"https:\/\/www.chiapatino.com\/home\/biografespan\/#primaryimage","url":"https:\/\/i0.wp.com\/www.chiapatino.com\/wp-content\/uploads\/2020\/07\/patino_site.jpg?fit=1024%2C768&ssl=1","contentUrl":"https:\/\/i0.wp.com\/www.chiapatino.com\/wp-content\/uploads\/2020\/07\/patino_site.jpg?fit=1024%2C768&ssl=1","width":1024,"height":768},{"@type":"BreadcrumbList","@id":"https:\/\/www.chiapatino.com\/home\/biografespan\/#breadcrumb","itemListElement":[{"@type":"ListItem","position":1,"name":"Home","item":"https:\/\/www.chiapatino.com\/home\/"},{"@type":"ListItem","position":2,"name":"BIOGRAF\u00cdA"}]},{"@type":"WebSite","@id":"https:\/\/www.chiapatino.com\/home\/#website","url":"https:\/\/www.chiapatino.com\/home\/","name":"Chia Pati\u00f1o","description":"Portafolio","publisher":{"@id":"https:\/\/www.chiapatino.com\/home\/#\/schema\/person\/f64ab33314c9c8769b4082962d7f5301"},"potentialAction":[{"@type":"SearchAction","target":{"@type":"EntryPoint","urlTemplate":"https:\/\/www.chiapatino.com\/home\/?s={search_term_string}"},"query-input":{"@type":"PropertyValueSpecification","valueRequired":true,"valueName":"search_term_string"}}],"inLanguage":"en-US"},{"@type":["Person","Organization"],"@id":"https:\/\/www.chiapatino.com\/home\/#\/schema\/person\/f64ab33314c9c8769b4082962d7f5301","name":"Chia Pati\u00f1o","image":{"@type":"ImageObject","inLanguage":"en-US","@id":"https:\/\/i0.wp.com\/www.chiapatino.com\/wp-content\/uploads\/2022\/11\/chiahs01.webp?fit=960%2C1201&ssl=1","url":"https:\/\/i0.wp.com\/www.chiapatino.com\/wp-content\/uploads\/2022\/11\/chiahs01.webp?fit=960%2C1201&ssl=1","contentUrl":"https:\/\/i0.wp.com\/www.chiapatino.com\/wp-content\/uploads\/2022\/11\/chiahs01.webp?fit=960%2C1201&ssl=1","width":960,"height":1201,"caption":"Chia Pati\u00f1o"},"logo":{"@id":"https:\/\/i0.wp.com\/www.chiapatino.com\/wp-content\/uploads\/2022\/11\/chiahs01.webp?fit=960%2C1201&ssl=1"},"sameAs":["https:\/\/www.facebook.com\/chia.patino","https:\/\/www.instagram.com\/chia.patino\/","https:\/\/x.com\/https:\/\/twitter.com\/chpatito?lang=en"]}]}},"jetpack_shortlink":"https:\/\/wp.me\/Pb5Ra3-2nt","jetpack_sharing_enabled":true,"_links":{"self":[{"href":"https:\/\/www.chiapatino.com\/home\/wp-json\/wp\/v2\/pages\/9143","targetHints":{"allow":["GET"]}}],"collection":[{"href":"https:\/\/www.chiapatino.com\/home\/wp-json\/wp\/v2\/pages"}],"about":[{"href":"https:\/\/www.chiapatino.com\/home\/wp-json\/wp\/v2\/types\/page"}],"author":[{"embeddable":true,"href":"https:\/\/www.chiapatino.com\/home\/wp-json\/wp\/v2\/users\/1"}],"replies":[{"embeddable":true,"href":"https:\/\/www.chiapatino.com\/home\/wp-json\/wp\/v2\/comments?post=9143"}],"version-history":[{"count":19,"href":"https:\/\/www.chiapatino.com\/home\/wp-json\/wp\/v2\/pages\/9143\/revisions"}],"predecessor-version":[{"id":9672,"href":"https:\/\/www.chiapatino.com\/home\/wp-json\/wp\/v2\/pages\/9143\/revisions\/9672"}],"wp:featuredmedia":[{"embeddable":true,"href":"https:\/\/www.chiapatino.com\/home\/wp-json\/wp\/v2\/media\/3853"}],"wp:attachment":[{"href":"https:\/\/www.chiapatino.com\/home\/wp-json\/wp\/v2\/media?parent=9143"}],"curies":[{"name":"wp","href":"https:\/\/api.w.org\/{rel}","templated":true}]}}