{"id":9163,"date":"2015-05-01T00:00:23","date_gmt":"2015-05-01T00:00:23","guid":{"rendered":"https:\/\/www.chiapatino.com\/home\/?page_id=9163"},"modified":"2024-06-21T21:54:55","modified_gmt":"2024-06-21T21:54:55","slug":"spawk","status":"publish","type":"page","link":"https:\/\/www.chiapatino.com\/home\/spawk\/","title":{"rendered":"Spring Awakening \/ Despertares"},"content":{"rendered":"<div class=\"wpb-content-wrapper\"><p>[vc_row row_height_percent=&#8221;0&#8243; back_image=&#8221;7337&#8243; back_position=&#8221;center bottom&#8221; parallax=&#8221;yes&#8221; overlay_alpha=&#8221;50&#8243; gutter_size=&#8221;3&#8243; column_width_percent=&#8221;100&#8243; shift_y=&#8221;0&#8243; z_index=&#8221;0&#8243; uncode_shortcode_id=&#8221;102958&#8243;][vc_column width=&#8221;1\/1&#8243;][vc_empty_space empty_h=&#8221;5&#8243;][vc_empty_space empty_h=&#8221;5&#8243;][vc_empty_space empty_h=&#8221;5&#8243;][vc_empty_space empty_h=&#8221;5&#8243;][\/vc_column][\/vc_row][vc_row row_height_percent=&#8221;0&#8243; back_color=&#8221;color-lxmt&#8221; overlay_alpha=&#8221;50&#8243; gutter_size=&#8221;3&#8243; column_width_percent=&#8221;100&#8243; shift_y=&#8221;0&#8243; z_index=&#8221;0&#8243; uncode_shortcode_id=&#8221;333546&#8243; back_color_type=&#8221;uncode-palette&#8221;][vc_column column_width_percent=&#8221;100&#8243; gutter_size=&#8221;3&#8243; style=&#8221;dark&#8221; overlay_alpha=&#8221;50&#8243; shift_x=&#8221;0&#8243; shift_y=&#8221;0&#8243; shift_y_down=&#8221;0&#8243; z_index=&#8221;0&#8243; medium_width=&#8221;0&#8243; mobile_width=&#8221;0&#8243; width=&#8221;1\/1&#8243;][vc_empty_space empty_h=&#8221;2&#8243;][vc_custom_heading]<\/p>\n<h2>Spring Awakening<\/h2>\n<h4><i>(Despertares)<\/i><\/h4>\n<p><em><strong>M\u00fasica \/ Music:<\/strong><\/em> Duncan Sheik<br \/>\n<strong><em>Libreto y Letras \/ Script &amp; Lyrics:<\/em><\/strong> Steven Sater<br \/>\n<em><strong>Adaptaci\u00f3n y Traducci\u00f3n \/ Adaptation &amp; Translation:\u00a0<\/strong><\/em>Ch\u00eda Pati\u00f1o[\/vc_custom_heading][vc_separator sep_color=&#8221;accent&#8221; uncode_shortcode_id=&#8221;186369&#8243; sep_color_type=&#8221;uncode-palette&#8221; el_width=&#8221;40%&#8221;][vc_column_text]2015<\/p>\n<p><a href=\"https:\/\/www.teatrosucre.com\">TEATRO NACIONAL SUCRE (Quito, Ecuador)<\/a><\/p>\n<p><em><strong>Direcci\u00f3n Musical \/ Conductor:<\/strong><\/em>\u00a0Natalia Luzuriaga<br \/>\n<strong><em>Direcci\u00f3n Esc\u00e9nica \/ Stage Director:<\/em><\/strong>\u00a0Ch\u00eda Pati\u00f1o<br \/>\n<strong><em>Dise\u00f1o de vestuario \/ Costume Design:<\/em><\/strong>\u00a0Javier Ponzio[\/vc_column_text][vc_empty_space empty_h=&#8221;2&#8243;][\/vc_column][\/vc_row][vc_row row_height_percent=&#8221;0&#8243; override_padding=&#8221;yes&#8221; h_padding=&#8221;1&#8243; top_padding=&#8221;3&#8243; bottom_padding=&#8221;3&#8243; overlay_alpha=&#8221;50&#8243; gutter_size=&#8221;4&#8243; column_width_percent=&#8221;100&#8243; shift_y=&#8221;0&#8243; z_index=&#8221;0&#8243;][vc_column width=&#8221;1\/2&#8243;][vc_empty_space empty_h=&#8221;0&#8243;][vc_single_image media=&#8221;2124&#8243; media_width_percent=&#8221;100&#8243; media_link=&#8221;url:https%3A%2F%2Fwww.teatrosucre.com%2Fsites%2Fdefault%2Ffiles%2F09_septiembre2015.pdf||target:%20_blank|&#8221;][vc_empty_space empty_h=&#8221;5&#8243;][\/vc_column][vc_column column_width_percent=&#8221;100&#8243; gutter_size=&#8221;3&#8243; style=&#8221;dark&#8221; overlay_alpha=&#8221;50&#8243; shift_x=&#8221;0&#8243; shift_y=&#8221;0&#8243; shift_y_down=&#8221;0&#8243; z_index=&#8221;0&#8243; medium_width=&#8221;0&#8243; mobile_width=&#8221;0&#8243; width=&#8221;1\/2&#8243;][vc_custom_heading]<\/p>\n<h2>La Fiesta Esc\u00e9nica inici\u00f3 con un musical para adolescentes<\/h2>\n<p>[\/vc_custom_heading][vc_column_text]Las voces del Coro Mixto ciudad de Quito y el Coro Juvenil de la Fundaci\u00f3n Teatro nacional Sucre constituyeron m\u00e1s que el soporte de una interpretaci\u00f3n a la que asistieron, como invitados, j\u00f3venes de ambos g\u00e9neros. La historia \u2014que en su totalidad pudo erigirse como un reflejo para estos espectadores\u2014 recibi\u00f3 aplausos en cada acto y las sonrisas parec\u00edan proyecciones que lograban identificaciones inmediatas, aunque inconstantes. La atenci\u00f3n se dispersa en la edad en que las hormonas parecen incontrolables.<\/p>\n<p style=\"text-align: right;\"><strong><em>El Tel\u00e9grafo, 12 de septiembre, 2015<\/em><\/strong><\/p>\n<p>[\/vc_column_text][vc_button wide=&#8221;yes&#8221; hover_fx=&#8221;outlined&#8221; outline=&#8221;yes&#8221; border_width=&#8221;0&#8243; link=&#8221;url:https%3A%2F%2Fwww.eltelegrafo.com.ec%2Fnoticias%2Fcultura%2F10%2Fla-fiesta-escenica-inicio-con-un-musical-para-adolescentes||target:%20_blank|&#8221; button_color_type=&#8221;uncode-solid&#8221; button_color_solid=&#8221;#92238c&#8221; uncode_shortcode_id=&#8221;700072&#8243;]Art\u00edculo Completo \/ Complete Article[\/vc_button][\/vc_column][\/vc_row][vc_row unlock_row_content=&#8221;yes&#8221; row_height_percent=&#8221;0&#8243; override_padding=&#8221;yes&#8221; h_padding=&#8221;0&#8243; top_padding=&#8221;0&#8243; bottom_padding=&#8221;0&#8243; back_color=&#8221;color-xsdn&#8221; overlay_alpha=&#8221;50&#8243; gutter_size=&#8221;3&#8243; column_width_percent=&#8221;100&#8243; shift_y=&#8221;0&#8243; z_index=&#8221;0&#8243; uncode_shortcode_id=&#8221;187267&#8243; back_color_type=&#8221;uncode-palette&#8221;][vc_column column_width_percent=&#8221;100&#8243; gutter_size=&#8221;3&#8243; style=&#8221;dark&#8221; overlay_alpha=&#8221;50&#8243; shift_x=&#8221;0&#8243; shift_y=&#8221;0&#8243; z_index=&#8221;0&#8243; medium_width=&#8221;0&#8243; mobile_width=&#8221;0&#8243; width=&#8221;1\/1&#8243;][vc_gallery el_id=&#8221;gallery-9751014&#8243; type=&#8221;justified&#8221; random=&#8221;yes&#8221; medias=&#8221;7341,7342,7343,7344,7345,7346,7347,7349,7350,7352,7354,7355,7356,7357,7358,7359,7360,7361,7363,7364&#8243; explode_albums=&#8221;yes&#8221; justify_row_height=&#8221;250&#8243; justify_last_row=&#8221;hide&#8221; filtering=&#8221;yes&#8221; gutter_size=&#8221;0&#8243; single_overlay_color=&#8221;color-wayh&#8221; single_overlay_opacity=&#8221;50&#8243; single_overlay_anim=&#8221;no&#8221; single_text_anim=&#8221;no&#8221; single_image_anim=&#8221;no&#8221; single_h_align=&#8221;center&#8221; single_padding=&#8221;2&#8243; single_icon=&#8221;fa fa-plus2&#8243; single_border=&#8221;yes&#8221; lbox_caption=&#8221;yes&#8221; lbox_social=&#8221;yes&#8221; lbox_deep=&#8221;yes&#8221; lbox_no_arrows=&#8221;yes&#8221; lbox_no_tmb=&#8221;yes&#8221; single_image_anim_move=&#8221;yes&#8221; title=&#8221;gallery work &#8211; full with&#8221; uncode_shortcode_id=&#8221;342558&#8243;][\/vc_column][\/vc_row][vc_row][vc_column width=&#8221;1\/1&#8243;][vc_empty_space empty_h=&#8221;5&#8243;][\/vc_column][\/vc_row]<\/p>\n<\/div>","protected":false},"excerpt":{"rendered":"<p>Las voces del Coro Mixto ciudad de Quito y el Coro Juvenil de la Fundaci\u00f3n Teatro nacional Sucre constituyeron m\u00e1s que el soporte de una interpretaci\u00f3n a la que asistieron, como invitados, j\u00f3venes de ambos g\u00e9neros. La historia \u2014que en su totalidad pudo erigirse como un reflejo para estos espectadores\u2014 recibi\u00f3 aplausos en cada acto y las sonrisas parec\u00edan proyecciones que lograban identificaciones inmediatas, aunque inconstantes. La atenci\u00f3n se dispersa en la edad en que las hormonas parecen incontrolables.<\/p>\n","protected":false},"author":1,"featured_media":7873,"parent":0,"menu_order":0,"comment_status":"closed","ping_status":"closed","template":"","meta":{"footnotes":""},"class_list":["post-9163","page","type-page","status-publish","has-post-thumbnail","hentry","page_category-workcollection","page_category-stagedirector"],"yoast_head":"<!-- This site is optimized with the Yoast SEO plugin v27.4 - https:\/\/yoast.com\/product\/yoast-seo-wordpress\/ -->\n<title>Spring Awakening \/ Despertares - Chia Pati\u00f1o<\/title>\n<meta name=\"description\" content=\"La historia \u2014que en su totalidad pudo erigirse como un reflejo para estos espectadores\u2014 recibi\u00f3 aplausos en cada acto y las sonrisas parec\u00edan proyecciones que lograban identificaciones inmediatas, aunque inconstantes. La atenci\u00f3n se dispersa en la edad en que las hormonas parecen incontrolables.\" \/>\n<meta name=\"robots\" content=\"index, follow, max-snippet:-1, max-image-preview:large, max-video-preview:-1\" \/>\n<link rel=\"canonical\" href=\"https:\/\/www.chiapatino.com\/home\/spawk\/\" \/>\n<meta property=\"og:locale\" content=\"en_US\" \/>\n<meta property=\"og:type\" content=\"article\" \/>\n<meta property=\"og:title\" content=\"Spring Awakening \/ Despertares - Chia Pati\u00f1o\" \/>\n<meta property=\"og:description\" content=\"La historia \u2014que en su totalidad pudo erigirse como un reflejo para estos espectadores\u2014 recibi\u00f3 aplausos en cada acto y las sonrisas parec\u00edan proyecciones que lograban identificaciones inmediatas, aunque inconstantes. La atenci\u00f3n se dispersa en la edad en que las hormonas parecen incontrolables.\" \/>\n<meta property=\"og:url\" content=\"https:\/\/www.chiapatino.com\/home\/spawk\/\" \/>\n<meta property=\"og:site_name\" content=\"Chia Pati\u00f1o\" \/>\n<meta property=\"article:publisher\" content=\"https:\/\/www.facebook.com\/chia.patino\" \/>\n<meta property=\"article:modified_time\" content=\"2024-06-21T21:54:55+00:00\" \/>\n<meta property=\"og:image\" content=\"https:\/\/www.chiapatino.com\/wp-content\/uploads\/2023\/04\/DESPERT_023.jpg\" \/>\n\t<meta property=\"og:image:width\" content=\"497\" \/>\n\t<meta property=\"og:image:height\" content=\"350\" \/>\n\t<meta property=\"og:image:type\" content=\"image\/jpeg\" \/>\n<meta name=\"twitter:card\" content=\"summary_large_image\" \/>\n<meta name=\"twitter:site\" content=\"@en\" \/>\n<meta name=\"twitter:label1\" content=\"Est. reading time\" \/>\n\t<meta name=\"twitter:data1\" content=\"2 minutes\" \/>\n<script type=\"application\/ld+json\" class=\"yoast-schema-graph\">{\"@context\":\"https:\\\/\\\/schema.org\",\"@graph\":[{\"@type\":\"WebPage\",\"@id\":\"https:\\\/\\\/www.chiapatino.com\\\/home\\\/spawk\\\/\",\"url\":\"https:\\\/\\\/www.chiapatino.com\\\/home\\\/spawk\\\/\",\"name\":\"Spring Awakening \\\/ Despertares - Chia Pati\u00f1o\",\"isPartOf\":{\"@id\":\"https:\\\/\\\/www.chiapatino.com\\\/home\\\/#website\"},\"primaryImageOfPage\":{\"@id\":\"https:\\\/\\\/www.chiapatino.com\\\/home\\\/spawk\\\/#primaryimage\"},\"image\":{\"@id\":\"https:\\\/\\\/www.chiapatino.com\\\/home\\\/spawk\\\/#primaryimage\"},\"thumbnailUrl\":\"https:\\\/\\\/i0.wp.com\\\/www.chiapatino.com\\\/wp-content\\\/uploads\\\/2023\\\/04\\\/DESPERT_023.jpg?fit=497%2C350&ssl=1\",\"datePublished\":\"2015-05-01T00:00:23+00:00\",\"dateModified\":\"2024-06-21T21:54:55+00:00\",\"description\":\"La historia \u2014que en su totalidad pudo erigirse como un reflejo para estos espectadores\u2014 recibi\u00f3 aplausos en cada acto y las sonrisas parec\u00edan proyecciones que lograban identificaciones inmediatas, aunque inconstantes. La atenci\u00f3n se dispersa en la edad en que las hormonas parecen incontrolables.\",\"breadcrumb\":{\"@id\":\"https:\\\/\\\/www.chiapatino.com\\\/home\\\/spawk\\\/#breadcrumb\"},\"inLanguage\":\"en-US\",\"potentialAction\":[{\"@type\":\"ReadAction\",\"target\":[\"https:\\\/\\\/www.chiapatino.com\\\/home\\\/spawk\\\/\"]}]},{\"@type\":\"ImageObject\",\"inLanguage\":\"en-US\",\"@id\":\"https:\\\/\\\/www.chiapatino.com\\\/home\\\/spawk\\\/#primaryimage\",\"url\":\"https:\\\/\\\/i0.wp.com\\\/www.chiapatino.com\\\/wp-content\\\/uploads\\\/2023\\\/04\\\/DESPERT_023.jpg?fit=497%2C350&ssl=1\",\"contentUrl\":\"https:\\\/\\\/i0.wp.com\\\/www.chiapatino.com\\\/wp-content\\\/uploads\\\/2023\\\/04\\\/DESPERT_023.jpg?fit=497%2C350&ssl=1\",\"width\":497,\"height\":350},{\"@type\":\"BreadcrumbList\",\"@id\":\"https:\\\/\\\/www.chiapatino.com\\\/home\\\/spawk\\\/#breadcrumb\",\"itemListElement\":[{\"@type\":\"ListItem\",\"position\":1,\"name\":\"Home\",\"item\":\"https:\\\/\\\/www.chiapatino.com\\\/home\\\/\"},{\"@type\":\"ListItem\",\"position\":2,\"name\":\"Spring Awakening \\\/ Despertares\"}]},{\"@type\":\"WebSite\",\"@id\":\"https:\\\/\\\/www.chiapatino.com\\\/home\\\/#website\",\"url\":\"https:\\\/\\\/www.chiapatino.com\\\/home\\\/\",\"name\":\"Chia Pati\u00f1o\",\"description\":\"Portafolio\",\"publisher\":{\"@id\":\"https:\\\/\\\/www.chiapatino.com\\\/home\\\/#\\\/schema\\\/person\\\/f64ab33314c9c8769b4082962d7f5301\"},\"potentialAction\":[{\"@type\":\"SearchAction\",\"target\":{\"@type\":\"EntryPoint\",\"urlTemplate\":\"https:\\\/\\\/www.chiapatino.com\\\/home\\\/?s={search_term_string}\"},\"query-input\":{\"@type\":\"PropertyValueSpecification\",\"valueRequired\":true,\"valueName\":\"search_term_string\"}}],\"inLanguage\":\"en-US\"},{\"@type\":[\"Person\",\"Organization\"],\"@id\":\"https:\\\/\\\/www.chiapatino.com\\\/home\\\/#\\\/schema\\\/person\\\/f64ab33314c9c8769b4082962d7f5301\",\"name\":\"Chia Pati\u00f1o\",\"image\":{\"@type\":\"ImageObject\",\"inLanguage\":\"en-US\",\"@id\":\"https:\\\/\\\/i0.wp.com\\\/www.chiapatino.com\\\/wp-content\\\/uploads\\\/2022\\\/11\\\/chiahs01.webp?fit=960%2C1201&ssl=1\",\"url\":\"https:\\\/\\\/i0.wp.com\\\/www.chiapatino.com\\\/wp-content\\\/uploads\\\/2022\\\/11\\\/chiahs01.webp?fit=960%2C1201&ssl=1\",\"contentUrl\":\"https:\\\/\\\/i0.wp.com\\\/www.chiapatino.com\\\/wp-content\\\/uploads\\\/2022\\\/11\\\/chiahs01.webp?fit=960%2C1201&ssl=1\",\"width\":960,\"height\":1201,\"caption\":\"Chia Pati\u00f1o\"},\"logo\":{\"@id\":\"https:\\\/\\\/i0.wp.com\\\/www.chiapatino.com\\\/wp-content\\\/uploads\\\/2022\\\/11\\\/chiahs01.webp?fit=960%2C1201&ssl=1\"},\"sameAs\":[\"https:\\\/\\\/www.facebook.com\\\/chia.patino\",\"https:\\\/\\\/www.instagram.com\\\/chia.patino\\\/\",\"https:\\\/\\\/x.com\\\/https:\\\/\\\/twitter.com\\\/chpatito?lang=en\"]}]}<\/script>\n<!-- \/ Yoast SEO plugin. -->","yoast_head_json":{"title":"Spring Awakening \/ Despertares - Chia Pati\u00f1o","description":"La historia \u2014que en su totalidad pudo erigirse como un reflejo para estos espectadores\u2014 recibi\u00f3 aplausos en cada acto y las sonrisas parec\u00edan proyecciones que lograban identificaciones inmediatas, aunque inconstantes. La atenci\u00f3n se dispersa en la edad en que las hormonas parecen incontrolables.","robots":{"index":"index","follow":"follow","max-snippet":"max-snippet:-1","max-image-preview":"max-image-preview:large","max-video-preview":"max-video-preview:-1"},"canonical":"https:\/\/www.chiapatino.com\/home\/spawk\/","og_locale":"en_US","og_type":"article","og_title":"Spring Awakening \/ Despertares - Chia Pati\u00f1o","og_description":"La historia \u2014que en su totalidad pudo erigirse como un reflejo para estos espectadores\u2014 recibi\u00f3 aplausos en cada acto y las sonrisas parec\u00edan proyecciones que lograban identificaciones inmediatas, aunque inconstantes. La atenci\u00f3n se dispersa en la edad en que las hormonas parecen incontrolables.","og_url":"https:\/\/www.chiapatino.com\/home\/spawk\/","og_site_name":"Chia Pati\u00f1o","article_publisher":"https:\/\/www.facebook.com\/chia.patino","article_modified_time":"2024-06-21T21:54:55+00:00","og_image":[{"width":497,"height":350,"url":"https:\/\/www.chiapatino.com\/wp-content\/uploads\/2023\/04\/DESPERT_023.jpg","type":"image\/jpeg"}],"twitter_card":"summary_large_image","twitter_site":"@en","twitter_misc":{"Est. reading time":"2 minutes"},"schema":{"@context":"https:\/\/schema.org","@graph":[{"@type":"WebPage","@id":"https:\/\/www.chiapatino.com\/home\/spawk\/","url":"https:\/\/www.chiapatino.com\/home\/spawk\/","name":"Spring Awakening \/ Despertares - Chia Pati\u00f1o","isPartOf":{"@id":"https:\/\/www.chiapatino.com\/home\/#website"},"primaryImageOfPage":{"@id":"https:\/\/www.chiapatino.com\/home\/spawk\/#primaryimage"},"image":{"@id":"https:\/\/www.chiapatino.com\/home\/spawk\/#primaryimage"},"thumbnailUrl":"https:\/\/i0.wp.com\/www.chiapatino.com\/wp-content\/uploads\/2023\/04\/DESPERT_023.jpg?fit=497%2C350&ssl=1","datePublished":"2015-05-01T00:00:23+00:00","dateModified":"2024-06-21T21:54:55+00:00","description":"La historia \u2014que en su totalidad pudo erigirse como un reflejo para estos espectadores\u2014 recibi\u00f3 aplausos en cada acto y las sonrisas parec\u00edan proyecciones que lograban identificaciones inmediatas, aunque inconstantes. La atenci\u00f3n se dispersa en la edad en que las hormonas parecen incontrolables.","breadcrumb":{"@id":"https:\/\/www.chiapatino.com\/home\/spawk\/#breadcrumb"},"inLanguage":"en-US","potentialAction":[{"@type":"ReadAction","target":["https:\/\/www.chiapatino.com\/home\/spawk\/"]}]},{"@type":"ImageObject","inLanguage":"en-US","@id":"https:\/\/www.chiapatino.com\/home\/spawk\/#primaryimage","url":"https:\/\/i0.wp.com\/www.chiapatino.com\/wp-content\/uploads\/2023\/04\/DESPERT_023.jpg?fit=497%2C350&ssl=1","contentUrl":"https:\/\/i0.wp.com\/www.chiapatino.com\/wp-content\/uploads\/2023\/04\/DESPERT_023.jpg?fit=497%2C350&ssl=1","width":497,"height":350},{"@type":"BreadcrumbList","@id":"https:\/\/www.chiapatino.com\/home\/spawk\/#breadcrumb","itemListElement":[{"@type":"ListItem","position":1,"name":"Home","item":"https:\/\/www.chiapatino.com\/home\/"},{"@type":"ListItem","position":2,"name":"Spring Awakening \/ Despertares"}]},{"@type":"WebSite","@id":"https:\/\/www.chiapatino.com\/home\/#website","url":"https:\/\/www.chiapatino.com\/home\/","name":"Chia Pati\u00f1o","description":"Portafolio","publisher":{"@id":"https:\/\/www.chiapatino.com\/home\/#\/schema\/person\/f64ab33314c9c8769b4082962d7f5301"},"potentialAction":[{"@type":"SearchAction","target":{"@type":"EntryPoint","urlTemplate":"https:\/\/www.chiapatino.com\/home\/?s={search_term_string}"},"query-input":{"@type":"PropertyValueSpecification","valueRequired":true,"valueName":"search_term_string"}}],"inLanguage":"en-US"},{"@type":["Person","Organization"],"@id":"https:\/\/www.chiapatino.com\/home\/#\/schema\/person\/f64ab33314c9c8769b4082962d7f5301","name":"Chia Pati\u00f1o","image":{"@type":"ImageObject","inLanguage":"en-US","@id":"https:\/\/i0.wp.com\/www.chiapatino.com\/wp-content\/uploads\/2022\/11\/chiahs01.webp?fit=960%2C1201&ssl=1","url":"https:\/\/i0.wp.com\/www.chiapatino.com\/wp-content\/uploads\/2022\/11\/chiahs01.webp?fit=960%2C1201&ssl=1","contentUrl":"https:\/\/i0.wp.com\/www.chiapatino.com\/wp-content\/uploads\/2022\/11\/chiahs01.webp?fit=960%2C1201&ssl=1","width":960,"height":1201,"caption":"Chia Pati\u00f1o"},"logo":{"@id":"https:\/\/i0.wp.com\/www.chiapatino.com\/wp-content\/uploads\/2022\/11\/chiahs01.webp?fit=960%2C1201&ssl=1"},"sameAs":["https:\/\/www.facebook.com\/chia.patino","https:\/\/www.instagram.com\/chia.patino\/","https:\/\/x.com\/https:\/\/twitter.com\/chpatito?lang=en"]}]}},"jetpack_shortlink":"https:\/\/wp.me\/Pb5Ra3-2nN","jetpack_sharing_enabled":true,"_links":{"self":[{"href":"https:\/\/www.chiapatino.com\/home\/wp-json\/wp\/v2\/pages\/9163","targetHints":{"allow":["GET"]}}],"collection":[{"href":"https:\/\/www.chiapatino.com\/home\/wp-json\/wp\/v2\/pages"}],"about":[{"href":"https:\/\/www.chiapatino.com\/home\/wp-json\/wp\/v2\/types\/page"}],"author":[{"embeddable":true,"href":"https:\/\/www.chiapatino.com\/home\/wp-json\/wp\/v2\/users\/1"}],"replies":[{"embeddable":true,"href":"https:\/\/www.chiapatino.com\/home\/wp-json\/wp\/v2\/comments?post=9163"}],"version-history":[{"count":5,"href":"https:\/\/www.chiapatino.com\/home\/wp-json\/wp\/v2\/pages\/9163\/revisions"}],"predecessor-version":[{"id":9169,"href":"https:\/\/www.chiapatino.com\/home\/wp-json\/wp\/v2\/pages\/9163\/revisions\/9169"}],"wp:featuredmedia":[{"embeddable":true,"href":"https:\/\/www.chiapatino.com\/home\/wp-json\/wp\/v2\/media\/7873"}],"wp:attachment":[{"href":"https:\/\/www.chiapatino.com\/home\/wp-json\/wp\/v2\/media?parent=9163"}],"curies":[{"name":"wp","href":"https:\/\/api.w.org\/{rel}","templated":true}]}}