{"id":9180,"date":"2018-11-01T00:00:21","date_gmt":"2018-11-01T00:00:21","guid":{"rendered":"https:\/\/www.chiapatino.com\/home\/?page_id=9180"},"modified":"2024-06-22T13:09:59","modified_gmt":"2024-06-22T13:09:59","slug":"2018archdt155","status":"publish","type":"page","link":"https:\/\/www.chiapatino.com\/home\/2018archdt155\/","title":{"rendered":"LUN\u00c1TICOS"},"content":{"rendered":"<div class=\"wpb-content-wrapper\"><p>[vc_row row_height_percent=&#8221;50&#8243; back_image=&#8221;6393&#8243; back_repeat=&#8221;inherit&#8221; back_position=&#8221;center top&#8221; kburns=&#8221;yes&#8221; overlay_alpha=&#8221;50&#8243; gutter_size=&#8221;3&#8243; column_width_percent=&#8221;100&#8243; shift_y=&#8221;0&#8243; z_index=&#8221;0&#8243; uncode_shortcode_id=&#8221;151815&#8243;][vc_column width=&#8221;1\/1&#8243;][vc_empty_space empty_h=&#8221;2&#8243;][\/vc_column][\/vc_row][vc_row][vc_column column_width_percent=&#8221;100&#8243; gutter_size=&#8221;3&#8243; style=&#8221;dark&#8221; overlay_alpha=&#8221;50&#8243; shift_x=&#8221;0&#8243; shift_y=&#8221;0&#8243; shift_y_down=&#8221;0&#8243; z_index=&#8221;0&#8243; medium_width=&#8221;0&#8243; mobile_width=&#8221;0&#8243; width=&#8221;1\/1&#8243;][vc_empty_space empty_h=&#8221;2&#8243;][vc_custom_heading]<\/p>\n<h2>Lun\u00e1ticos<\/h2>\n<p>[\/vc_custom_heading][vc_column_text]Es parte del d\u00eda a d\u00eda , como to es un amanecer. Despertar y entender que trabajamos en to in\u00fatil.<\/p>\n<p>Son los que roban el tiempo, los hombres grises de Michael Ende, los que ganaron al final de la historia sin permitir que la gente use el tiempo en tonter\u00edas como escuchar. Para quienes no han le\u00eddo esta historia, que no se quede en curiosidad, pues es en el cuento y sus tejidos cr\u00edpticos donde se ense\u00f1aba a los ni\u00f1os apenas empezaban a perderse camino al bosque del lobo feroz.<\/p>\n<p>\u00bfEs cierto que vendimos nuestro tiempo a estos seres transparentes envueltos en humo? \u00bfQu\u00e9 cu\u00e1ndo se van nos borran todo recuerdo de su insospechado negocio?<\/p>\n<p>\u00bfSon los locos que entienden su locura los m\u00e1s parecidos a quienes con uniformes inflexibles marchan a diario al trabajo o la ta escuela para aprender a matar el tiempo?<\/p>\n<p>Mantenernos sensibles y tener fe en lo in\u00fatil es lo que nos puede siempre orientar entre tanto humo. Recuperar el norte y correr lo m\u00e1s r\u00e1pido posible en ta direcci\u00f3n correcta para abrazar a otros locos.<\/p>\n<p>Parar todo, sin sentirnos culpables para escuchar a los sapos con sus cantos originales. Escuchar el silencio. Sentir el viento. Cortar lazos y navegar para explorar el mundo plano. Volar.<\/p>\n<p>Muchas son las palabras con las cuales pretenden calmarnos y engatusarnos aprender a mantenernos cr\u00edticos aunque sea un poco inc\u00f3modo luchar contra el movimiento en masa impulsado por la actual ciega ambici\u00f3n de tener y tener y tener. Contemplar con horror como se borran los amigos ante la victoria de los hombres grises y adem\u00e1s reconocer que la seducci\u00f3n y el poder de estos bichos atrapa, ataca y altera a quienes brillaban en el sol, so\u00f1aban con la luz y pod\u00edan so\u00f1ar a\u00fan con cambiar el mundo. La seducci\u00f3n del poder.<\/p>\n<p>Mantenerse flotando en este mar incierto entendiendo que en el cielo a\u00fan brillan los astros. Los mismos que decoraban el cielo hace mucho tiempo. Si, son siempre los mismos, aunque no los veamos; y la luna sale puntual sin dudar aunque sintiendo que la ignoran, que faltan ya los lun\u00e1ticos, los que luchan y sue\u00f1an a pesar de todo, la Luna sale, gui\u00f1a el ojo, sonr\u00ede y susurra:<em> &#8220;Adelante, mira: sue\u00f1en&#8230;..siempre sue\u00f1en&#8230;&#8221;<\/em><\/p>\n<p>&nbsp;<\/p>\n<p style=\"text-align: right;\"><strong>Ch\u00eda Pati\u00f1o<\/strong>, <em>Directora Art\u00edstica &#8211; Ejecutiva<\/em><\/p>\n<p style=\"text-align: right;\">Noviembre, 2018<\/p>\n<p>[\/vc_column_text][vc_button button_color=&#8221;color-nhtu&#8221; border_width=&#8221;0&#8243; link=&#8221;url:https%3A%2F%2Fwww.teatrosucre.com%2Fsites%2Fdefault%2Ffiles%2F11noviembre2018_desdelteatro.pdf||target:%20_blank|&#8221;]DESDEL TEATRO #155[\/vc_button][vc_empty_space empty_h=&#8221;5&#8243;][vc_empty_space empty_h=&#8221;5&#8243;][\/vc_column][\/vc_row]<\/p>\n<\/div>","protected":false},"excerpt":{"rendered":"<p>Muchas son las palabras con las cuales pretenden calmarnos y engatusarnos aprender a mantenernos cr\u00edticos aunque sea un poco inc\u00f3modo luchar contra el movimiento en masa impulsado por la actual ciega ambici\u00f3n de tener y tener y tener. Contemplar con horror como se borran los amigos ante la victoria de los hombres grises y adem\u00e1s reconocer que la seducci\u00f3n y el poder de estos bichos atrapa, ataca y altera a quienes brillaban en el sol, so\u00f1aban con la luz y pod\u00edan so\u00f1ar a\u00fan con cambiar el mundo. La seducci\u00f3n del poder.<\/p>\n","protected":false},"author":1,"featured_media":6393,"parent":0,"menu_order":0,"comment_status":"closed","ping_status":"closed","template":"","meta":{"footnotes":""},"class_list":["post-9180","page","type-page","status-publish","has-post-thumbnail","hentry","page_category-editorial"],"yoast_head":"<!-- This site is optimized with the Yoast SEO plugin v27.4 - https:\/\/yoast.com\/product\/yoast-seo-wordpress\/ -->\n<title>LUN\u00c1TICOS - Chia Pati\u00f1o<\/title>\n<meta name=\"description\" content=\"Muchas son las palabras con las cuales pretenden calmarnos y engatusarnos aprender a mantenernos cr\u00edticos aunque sea un poco inc\u00f3modo luchar contra el movimiento en masa impulsado por la actual ciega ambici\u00f3n de tener y tener y tener. Contemplar con horror como se borran los amigos ante la victoria de los hombres grises y adem\u00e1s reconocer que la seducci\u00f3n y el poder de estos bichos atrapa, ataca y altera a quienes brillaban en el sol, so\u00f1aban con la luz y pod\u00edan so\u00f1ar a\u00fan con cambiar el mundo. La seducci\u00f3n del poder.\" \/>\n<meta name=\"robots\" content=\"index, follow, max-snippet:-1, max-image-preview:large, max-video-preview:-1\" \/>\n<link rel=\"canonical\" href=\"https:\/\/www.chiapatino.com\/home\/2018archdt155\/\" \/>\n<meta property=\"og:locale\" content=\"en_US\" \/>\n<meta property=\"og:type\" content=\"article\" \/>\n<meta property=\"og:title\" content=\"LUN\u00c1TICOS - Chia Pati\u00f1o\" \/>\n<meta property=\"og:description\" content=\"Muchas son las palabras con las cuales pretenden calmarnos y engatusarnos aprender a mantenernos cr\u00edticos aunque sea un poco inc\u00f3modo luchar contra el movimiento en masa impulsado por la actual ciega ambici\u00f3n de tener y tener y tener. Contemplar con horror como se borran los amigos ante la victoria de los hombres grises y adem\u00e1s reconocer que la seducci\u00f3n y el poder de estos bichos atrapa, ataca y altera a quienes brillaban en el sol, so\u00f1aban con la luz y pod\u00edan so\u00f1ar a\u00fan con cambiar el mundo. La seducci\u00f3n del poder.\" \/>\n<meta property=\"og:url\" content=\"https:\/\/www.chiapatino.com\/home\/2018archdt155\/\" \/>\n<meta property=\"og:site_name\" content=\"Chia Pati\u00f1o\" \/>\n<meta property=\"article:publisher\" content=\"https:\/\/www.facebook.com\/chia.patino\" \/>\n<meta property=\"article:modified_time\" content=\"2024-06-22T13:09:59+00:00\" \/>\n<meta property=\"og:image\" content=\"https:\/\/www.chiapatino.com\/wp-content\/uploads\/2022\/01\/edit_2016_luna.webp\" \/>\n\t<meta property=\"og:image:width\" content=\"1210\" \/>\n\t<meta property=\"og:image:height\" content=\"807\" \/>\n\t<meta property=\"og:image:type\" content=\"image\/webp\" \/>\n<meta name=\"twitter:card\" content=\"summary_large_image\" \/>\n<meta name=\"twitter:site\" content=\"@en\" \/>\n<meta name=\"twitter:label1\" content=\"Est. reading time\" \/>\n\t<meta name=\"twitter:data1\" content=\"3 minutes\" \/>\n<script type=\"application\/ld+json\" class=\"yoast-schema-graph\">{\"@context\":\"https:\\\/\\\/schema.org\",\"@graph\":[{\"@type\":\"WebPage\",\"@id\":\"https:\\\/\\\/www.chiapatino.com\\\/home\\\/2018archdt155\\\/\",\"url\":\"https:\\\/\\\/www.chiapatino.com\\\/home\\\/2018archdt155\\\/\",\"name\":\"LUN\u00c1TICOS - Chia Pati\u00f1o\",\"isPartOf\":{\"@id\":\"https:\\\/\\\/www.chiapatino.com\\\/home\\\/#website\"},\"primaryImageOfPage\":{\"@id\":\"https:\\\/\\\/www.chiapatino.com\\\/home\\\/2018archdt155\\\/#primaryimage\"},\"image\":{\"@id\":\"https:\\\/\\\/www.chiapatino.com\\\/home\\\/2018archdt155\\\/#primaryimage\"},\"thumbnailUrl\":\"https:\\\/\\\/i0.wp.com\\\/www.chiapatino.com\\\/wp-content\\\/uploads\\\/2022\\\/01\\\/edit_2016_luna.webp?fit=1210%2C807&ssl=1\",\"datePublished\":\"2018-11-01T00:00:21+00:00\",\"dateModified\":\"2024-06-22T13:09:59+00:00\",\"description\":\"Muchas son las palabras con las cuales pretenden calmarnos y engatusarnos aprender a mantenernos cr\u00edticos aunque sea un poco inc\u00f3modo luchar contra el movimiento en masa impulsado por la actual ciega ambici\u00f3n de tener y tener y tener. Contemplar con horror como se borran los amigos ante la victoria de los hombres grises y adem\u00e1s reconocer que la seducci\u00f3n y el poder de estos bichos atrapa, ataca y altera a quienes brillaban en el sol, so\u00f1aban con la luz y pod\u00edan so\u00f1ar a\u00fan con cambiar el mundo. La seducci\u00f3n del poder.\",\"breadcrumb\":{\"@id\":\"https:\\\/\\\/www.chiapatino.com\\\/home\\\/2018archdt155\\\/#breadcrumb\"},\"inLanguage\":\"en-US\",\"potentialAction\":[{\"@type\":\"ReadAction\",\"target\":[\"https:\\\/\\\/www.chiapatino.com\\\/home\\\/2018archdt155\\\/\"]}]},{\"@type\":\"ImageObject\",\"inLanguage\":\"en-US\",\"@id\":\"https:\\\/\\\/www.chiapatino.com\\\/home\\\/2018archdt155\\\/#primaryimage\",\"url\":\"https:\\\/\\\/i0.wp.com\\\/www.chiapatino.com\\\/wp-content\\\/uploads\\\/2022\\\/01\\\/edit_2016_luna.webp?fit=1210%2C807&ssl=1\",\"contentUrl\":\"https:\\\/\\\/i0.wp.com\\\/www.chiapatino.com\\\/wp-content\\\/uploads\\\/2022\\\/01\\\/edit_2016_luna.webp?fit=1210%2C807&ssl=1\",\"width\":1210,\"height\":807,\"caption\":\"photo @hello_josetoral\"},{\"@type\":\"BreadcrumbList\",\"@id\":\"https:\\\/\\\/www.chiapatino.com\\\/home\\\/2018archdt155\\\/#breadcrumb\",\"itemListElement\":[{\"@type\":\"ListItem\",\"position\":1,\"name\":\"Home\",\"item\":\"https:\\\/\\\/www.chiapatino.com\\\/home\\\/\"},{\"@type\":\"ListItem\",\"position\":2,\"name\":\"LUN\u00c1TICOS\"}]},{\"@type\":\"WebSite\",\"@id\":\"https:\\\/\\\/www.chiapatino.com\\\/home\\\/#website\",\"url\":\"https:\\\/\\\/www.chiapatino.com\\\/home\\\/\",\"name\":\"Chia Pati\u00f1o\",\"description\":\"Portafolio\",\"publisher\":{\"@id\":\"https:\\\/\\\/www.chiapatino.com\\\/home\\\/#\\\/schema\\\/person\\\/f64ab33314c9c8769b4082962d7f5301\"},\"potentialAction\":[{\"@type\":\"SearchAction\",\"target\":{\"@type\":\"EntryPoint\",\"urlTemplate\":\"https:\\\/\\\/www.chiapatino.com\\\/home\\\/?s={search_term_string}\"},\"query-input\":{\"@type\":\"PropertyValueSpecification\",\"valueRequired\":true,\"valueName\":\"search_term_string\"}}],\"inLanguage\":\"en-US\"},{\"@type\":[\"Person\",\"Organization\"],\"@id\":\"https:\\\/\\\/www.chiapatino.com\\\/home\\\/#\\\/schema\\\/person\\\/f64ab33314c9c8769b4082962d7f5301\",\"name\":\"Chia Pati\u00f1o\",\"image\":{\"@type\":\"ImageObject\",\"inLanguage\":\"en-US\",\"@id\":\"https:\\\/\\\/i0.wp.com\\\/www.chiapatino.com\\\/wp-content\\\/uploads\\\/2022\\\/11\\\/chiahs01.webp?fit=960%2C1201&ssl=1\",\"url\":\"https:\\\/\\\/i0.wp.com\\\/www.chiapatino.com\\\/wp-content\\\/uploads\\\/2022\\\/11\\\/chiahs01.webp?fit=960%2C1201&ssl=1\",\"contentUrl\":\"https:\\\/\\\/i0.wp.com\\\/www.chiapatino.com\\\/wp-content\\\/uploads\\\/2022\\\/11\\\/chiahs01.webp?fit=960%2C1201&ssl=1\",\"width\":960,\"height\":1201,\"caption\":\"Chia Pati\u00f1o\"},\"logo\":{\"@id\":\"https:\\\/\\\/i0.wp.com\\\/www.chiapatino.com\\\/wp-content\\\/uploads\\\/2022\\\/11\\\/chiahs01.webp?fit=960%2C1201&ssl=1\"},\"sameAs\":[\"https:\\\/\\\/www.facebook.com\\\/chia.patino\",\"https:\\\/\\\/www.instagram.com\\\/chia.patino\\\/\",\"https:\\\/\\\/x.com\\\/https:\\\/\\\/twitter.com\\\/chpatito?lang=en\"]}]}<\/script>\n<!-- \/ Yoast SEO plugin. -->","yoast_head_json":{"title":"LUN\u00c1TICOS - Chia Pati\u00f1o","description":"Muchas son las palabras con las cuales pretenden calmarnos y engatusarnos aprender a mantenernos cr\u00edticos aunque sea un poco inc\u00f3modo luchar contra el movimiento en masa impulsado por la actual ciega ambici\u00f3n de tener y tener y tener. Contemplar con horror como se borran los amigos ante la victoria de los hombres grises y adem\u00e1s reconocer que la seducci\u00f3n y el poder de estos bichos atrapa, ataca y altera a quienes brillaban en el sol, so\u00f1aban con la luz y pod\u00edan so\u00f1ar a\u00fan con cambiar el mundo. La seducci\u00f3n del poder.","robots":{"index":"index","follow":"follow","max-snippet":"max-snippet:-1","max-image-preview":"max-image-preview:large","max-video-preview":"max-video-preview:-1"},"canonical":"https:\/\/www.chiapatino.com\/home\/2018archdt155\/","og_locale":"en_US","og_type":"article","og_title":"LUN\u00c1TICOS - Chia Pati\u00f1o","og_description":"Muchas son las palabras con las cuales pretenden calmarnos y engatusarnos aprender a mantenernos cr\u00edticos aunque sea un poco inc\u00f3modo luchar contra el movimiento en masa impulsado por la actual ciega ambici\u00f3n de tener y tener y tener. Contemplar con horror como se borran los amigos ante la victoria de los hombres grises y adem\u00e1s reconocer que la seducci\u00f3n y el poder de estos bichos atrapa, ataca y altera a quienes brillaban en el sol, so\u00f1aban con la luz y pod\u00edan so\u00f1ar a\u00fan con cambiar el mundo. La seducci\u00f3n del poder.","og_url":"https:\/\/www.chiapatino.com\/home\/2018archdt155\/","og_site_name":"Chia Pati\u00f1o","article_publisher":"https:\/\/www.facebook.com\/chia.patino","article_modified_time":"2024-06-22T13:09:59+00:00","og_image":[{"width":1210,"height":807,"url":"https:\/\/www.chiapatino.com\/wp-content\/uploads\/2022\/01\/edit_2016_luna.webp","type":"image\/webp"}],"twitter_card":"summary_large_image","twitter_site":"@en","twitter_misc":{"Est. reading time":"3 minutes"},"schema":{"@context":"https:\/\/schema.org","@graph":[{"@type":"WebPage","@id":"https:\/\/www.chiapatino.com\/home\/2018archdt155\/","url":"https:\/\/www.chiapatino.com\/home\/2018archdt155\/","name":"LUN\u00c1TICOS - Chia Pati\u00f1o","isPartOf":{"@id":"https:\/\/www.chiapatino.com\/home\/#website"},"primaryImageOfPage":{"@id":"https:\/\/www.chiapatino.com\/home\/2018archdt155\/#primaryimage"},"image":{"@id":"https:\/\/www.chiapatino.com\/home\/2018archdt155\/#primaryimage"},"thumbnailUrl":"https:\/\/i0.wp.com\/www.chiapatino.com\/wp-content\/uploads\/2022\/01\/edit_2016_luna.webp?fit=1210%2C807&ssl=1","datePublished":"2018-11-01T00:00:21+00:00","dateModified":"2024-06-22T13:09:59+00:00","description":"Muchas son las palabras con las cuales pretenden calmarnos y engatusarnos aprender a mantenernos cr\u00edticos aunque sea un poco inc\u00f3modo luchar contra el movimiento en masa impulsado por la actual ciega ambici\u00f3n de tener y tener y tener. Contemplar con horror como se borran los amigos ante la victoria de los hombres grises y adem\u00e1s reconocer que la seducci\u00f3n y el poder de estos bichos atrapa, ataca y altera a quienes brillaban en el sol, so\u00f1aban con la luz y pod\u00edan so\u00f1ar a\u00fan con cambiar el mundo. La seducci\u00f3n del poder.","breadcrumb":{"@id":"https:\/\/www.chiapatino.com\/home\/2018archdt155\/#breadcrumb"},"inLanguage":"en-US","potentialAction":[{"@type":"ReadAction","target":["https:\/\/www.chiapatino.com\/home\/2018archdt155\/"]}]},{"@type":"ImageObject","inLanguage":"en-US","@id":"https:\/\/www.chiapatino.com\/home\/2018archdt155\/#primaryimage","url":"https:\/\/i0.wp.com\/www.chiapatino.com\/wp-content\/uploads\/2022\/01\/edit_2016_luna.webp?fit=1210%2C807&ssl=1","contentUrl":"https:\/\/i0.wp.com\/www.chiapatino.com\/wp-content\/uploads\/2022\/01\/edit_2016_luna.webp?fit=1210%2C807&ssl=1","width":1210,"height":807,"caption":"photo @hello_josetoral"},{"@type":"BreadcrumbList","@id":"https:\/\/www.chiapatino.com\/home\/2018archdt155\/#breadcrumb","itemListElement":[{"@type":"ListItem","position":1,"name":"Home","item":"https:\/\/www.chiapatino.com\/home\/"},{"@type":"ListItem","position":2,"name":"LUN\u00c1TICOS"}]},{"@type":"WebSite","@id":"https:\/\/www.chiapatino.com\/home\/#website","url":"https:\/\/www.chiapatino.com\/home\/","name":"Chia Pati\u00f1o","description":"Portafolio","publisher":{"@id":"https:\/\/www.chiapatino.com\/home\/#\/schema\/person\/f64ab33314c9c8769b4082962d7f5301"},"potentialAction":[{"@type":"SearchAction","target":{"@type":"EntryPoint","urlTemplate":"https:\/\/www.chiapatino.com\/home\/?s={search_term_string}"},"query-input":{"@type":"PropertyValueSpecification","valueRequired":true,"valueName":"search_term_string"}}],"inLanguage":"en-US"},{"@type":["Person","Organization"],"@id":"https:\/\/www.chiapatino.com\/home\/#\/schema\/person\/f64ab33314c9c8769b4082962d7f5301","name":"Chia Pati\u00f1o","image":{"@type":"ImageObject","inLanguage":"en-US","@id":"https:\/\/i0.wp.com\/www.chiapatino.com\/wp-content\/uploads\/2022\/11\/chiahs01.webp?fit=960%2C1201&ssl=1","url":"https:\/\/i0.wp.com\/www.chiapatino.com\/wp-content\/uploads\/2022\/11\/chiahs01.webp?fit=960%2C1201&ssl=1","contentUrl":"https:\/\/i0.wp.com\/www.chiapatino.com\/wp-content\/uploads\/2022\/11\/chiahs01.webp?fit=960%2C1201&ssl=1","width":960,"height":1201,"caption":"Chia Pati\u00f1o"},"logo":{"@id":"https:\/\/i0.wp.com\/www.chiapatino.com\/wp-content\/uploads\/2022\/11\/chiahs01.webp?fit=960%2C1201&ssl=1"},"sameAs":["https:\/\/www.facebook.com\/chia.patino","https:\/\/www.instagram.com\/chia.patino\/","https:\/\/x.com\/https:\/\/twitter.com\/chpatito?lang=en"]}]}},"jetpack_shortlink":"https:\/\/wp.me\/Pb5Ra3-2o4","jetpack_sharing_enabled":true,"_links":{"self":[{"href":"https:\/\/www.chiapatino.com\/home\/wp-json\/wp\/v2\/pages\/9180","targetHints":{"allow":["GET"]}}],"collection":[{"href":"https:\/\/www.chiapatino.com\/home\/wp-json\/wp\/v2\/pages"}],"about":[{"href":"https:\/\/www.chiapatino.com\/home\/wp-json\/wp\/v2\/types\/page"}],"author":[{"embeddable":true,"href":"https:\/\/www.chiapatino.com\/home\/wp-json\/wp\/v2\/users\/1"}],"replies":[{"embeddable":true,"href":"https:\/\/www.chiapatino.com\/home\/wp-json\/wp\/v2\/comments?post=9180"}],"version-history":[{"count":2,"href":"https:\/\/www.chiapatino.com\/home\/wp-json\/wp\/v2\/pages\/9180\/revisions"}],"predecessor-version":[{"id":9182,"href":"https:\/\/www.chiapatino.com\/home\/wp-json\/wp\/v2\/pages\/9180\/revisions\/9182"}],"wp:featuredmedia":[{"embeddable":true,"href":"https:\/\/www.chiapatino.com\/home\/wp-json\/wp\/v2\/media\/6393"}],"wp:attachment":[{"href":"https:\/\/www.chiapatino.com\/home\/wp-json\/wp\/v2\/media?parent=9180"}],"curies":[{"name":"wp","href":"https:\/\/api.w.org\/{rel}","templated":true}]}}