{"id":9185,"date":"2018-08-01T00:00:34","date_gmt":"2018-08-01T00:00:34","guid":{"rendered":"https:\/\/www.chiapatino.com\/home\/?page_id=9185"},"modified":"2024-06-22T13:16:37","modified_gmt":"2024-06-22T13:16:37","slug":"2018archdt152","status":"publish","type":"page","link":"https:\/\/www.chiapatino.com\/home\/2018archdt152\/","title":{"rendered":"OFICIOS TRAS BASTIDORES"},"content":{"rendered":"<div class=\"wpb-content-wrapper\"><p>[vc_row row_height_percent=&#8221;50&#8243; back_image=&#8221;6389&#8243; kburns=&#8221;yes&#8221; overlay_alpha=&#8221;50&#8243; gutter_size=&#8221;3&#8243; column_width_percent=&#8221;100&#8243; shift_y=&#8221;0&#8243; z_index=&#8221;0&#8243; uncode_shortcode_id=&#8221;180901&#8243;][vc_column width=&#8221;1\/1&#8243;][vc_empty_space empty_h=&#8221;2&#8243;][\/vc_column][\/vc_row][vc_row][vc_column column_width_percent=&#8221;100&#8243; gutter_size=&#8221;3&#8243; style=&#8221;dark&#8221; overlay_alpha=&#8221;50&#8243; shift_x=&#8221;0&#8243; shift_y=&#8221;0&#8243; shift_y_down=&#8221;0&#8243; z_index=&#8221;0&#8243; medium_width=&#8221;0&#8243; mobile_width=&#8221;0&#8243; width=&#8221;1\/1&#8243;][vc_empty_space empty_h=&#8221;2&#8243;][vc_custom_heading]<\/p>\n<h2>Oficios Tras Bastidores<\/h2>\n<p>[\/vc_custom_heading][vc_column_text]Cuando asistimos a un espect\u00e1culo esc\u00e9nico, la magia que nos impacta como espectadores es la que nos entra por los sentidos: o\u00edmos, vemos, olemos, tocamos y degustamos. Cuando abrimos las puertas tras bastidores a nuestro p\u00fablico, caigo en cuenta, constantemente, que nuestro h\u00e1bitat natural para ellos es asombroso.<\/p>\n<p>Tiene su magia no conocer los trucos, y para poner en perspectiva, ser\u00eda como develar los trucos de un mago.<\/p>\n<p>Hay oficios hist\u00f3ricos de una importancia desconocida. El llamado regidor o &#8216;stage manager&#8217; es uno de esos: la regidur\u00eda es un oficio del teatro. Es la persona responsable de los movimientos y efectos esc\u00e9nicos dispuestos por el director de escena y garantiza la integridad art\u00edstica y t\u00e9cnica de todos.<\/p>\n<p>Quiz\u00e1s, originalmente era la persona responsable de los efectos t\u00e9cnicos, sonidos especiales, utiler\u00eda, adem\u00e1s de mantener a los actores o m\u00fasicos en el sitio correcto al momento correcto. Con los avances de la tecnolog\u00eda, el regidor se vuelve un profesional indispensable en las presentaciones, que en el caso de un musical u \u00f3pera, han pasado a ser muchas veces verdaderos retos t\u00e9cnicos.<\/p>\n<p>Por poner un ejemplo simple: un foco que ilumina un peque\u00f1o espejo en el escenario ha pasado por un proceso de al menos 10 manos t\u00e9cnicas. El por qu\u00e9, cu\u00e1ndo y c\u00f3mo lo conoce solo el regidor. En \u00e9l se centran todas las mentes creativas, los aspectos t\u00e9cnicos, los caprichos de los artistas y las necesidades del p\u00fablico. El buen regidor se vuelve invisible, y esa es la marca de su excelencia.<\/p>\n<p>En la Fundaci\u00f3n estamos felices de invitar al primer taller, dictado en el pa\u00eds, de<em> Regidur\u00eda<\/em> o <em>Stage Management<\/em>. Opci\u00f3n desconocida para quienes -como yo- les apasiona el arte esc\u00e9nico, pero no as\u00ed estar frente al p\u00fablico. Buscamos talento joven y apasionado, comprometido con la magia de este mundo esc\u00e9nico.<\/p>\n<p>\u00bfConoces a alguien as\u00ed? \u00bfEs este tu llado? \u00a1B\u00fascanos! Aqu\u00ed estamos, y aqu\u00ed te esperamos.<\/p>\n<p>&nbsp;<\/p>\n<p style=\"text-align: right;\"><strong>Ch\u00eda Pati\u00f1o<\/strong>, <em>Directora Art\u00edstica &#8211; Ejecutiva<\/em><\/p>\n<p style=\"text-align: right;\">Agosto, 2018<\/p>\n<p>[\/vc_column_text][vc_button button_color=&#8221;color-nhtu&#8221; border_width=&#8221;0&#8243; link=&#8221;url:https%3A%2F%2Fwww.teatrosucre.com%2Fsites%2Fdefault%2Ffiles%2F08agosto2018_desdelteatro.pdf||target:%20_blank|&#8221;]DESDEL TEATRO #152[\/vc_button][vc_empty_space empty_h=&#8221;5&#8243;][vc_empty_space empty_h=&#8221;5&#8243;][\/vc_column][\/vc_row]<\/p>\n<\/div>","protected":false},"excerpt":{"rendered":"<p>Hay oficios hist\u00f3ricos de una importancia desconocida. El llamado regidor o \u2018stage manager\u2019 es uno de esos: la regidur\u00eda es un oficio del teatro. Es la persona responsable de los movimientos y efectos esc\u00e9nicos dispuestos por el director de escena y garantiza la integridad art\u00edstica y t\u00e9cnica de todos.<\/p>\n","protected":false},"author":1,"featured_media":6389,"parent":0,"menu_order":0,"comment_status":"closed","ping_status":"closed","template":"","meta":{"footnotes":""},"class_list":["post-9185","page","type-page","status-publish","has-post-thumbnail","hentry","page_category-editorial"],"yoast_head":"<!-- This site is optimized with the Yoast SEO plugin v27.4 - https:\/\/yoast.com\/product\/yoast-seo-wordpress\/ -->\n<title>OFICIOS TRAS BASTIDORES - Chia Pati\u00f1o<\/title>\n<meta name=\"description\" content=\"Hay oficios hist\u00f3ricos de una importancia desconocida. El llamado regidor o \u2018stage manager\u2019 es uno de esos: la regidur\u00eda es un oficio del teatro. Es la persona responsable de los movimientos y efectos esc\u00e9nicos dispuestos por el director de escena y garantiza la integridad art\u00edstica y t\u00e9cnica de todos.\" \/>\n<meta name=\"robots\" content=\"index, follow, max-snippet:-1, max-image-preview:large, max-video-preview:-1\" \/>\n<link rel=\"canonical\" href=\"https:\/\/www.chiapatino.com\/home\/2018archdt152\/\" \/>\n<meta property=\"og:locale\" content=\"en_US\" \/>\n<meta property=\"og:type\" content=\"article\" \/>\n<meta property=\"og:title\" content=\"OFICIOS TRAS BASTIDORES - Chia Pati\u00f1o\" \/>\n<meta property=\"og:description\" content=\"Hay oficios hist\u00f3ricos de una importancia desconocida. El llamado regidor o \u2018stage manager\u2019 es uno de esos: la regidur\u00eda es un oficio del teatro. Es la persona responsable de los movimientos y efectos esc\u00e9nicos dispuestos por el director de escena y garantiza la integridad art\u00edstica y t\u00e9cnica de todos.\" \/>\n<meta property=\"og:url\" content=\"https:\/\/www.chiapatino.com\/home\/2018archdt152\/\" \/>\n<meta property=\"og:site_name\" content=\"Chia Pati\u00f1o\" \/>\n<meta property=\"article:publisher\" content=\"https:\/\/www.facebook.com\/chia.patino\" \/>\n<meta property=\"article:modified_time\" content=\"2024-06-22T13:16:37+00:00\" \/>\n<meta property=\"og:image\" content=\"https:\/\/www.chiapatino.com\/wp-content\/uploads\/2022\/01\/edit_2016_tras.webp\" \/>\n\t<meta property=\"og:image:width\" content=\"1296\" \/>\n\t<meta property=\"og:image:height\" content=\"864\" \/>\n\t<meta property=\"og:image:type\" content=\"image\/webp\" \/>\n<meta name=\"twitter:card\" content=\"summary_large_image\" \/>\n<meta name=\"twitter:site\" content=\"@en\" \/>\n<meta name=\"twitter:label1\" content=\"Est. reading time\" \/>\n\t<meta name=\"twitter:data1\" content=\"2 minutes\" \/>\n<script type=\"application\/ld+json\" class=\"yoast-schema-graph\">{\"@context\":\"https:\\\/\\\/schema.org\",\"@graph\":[{\"@type\":\"WebPage\",\"@id\":\"https:\\\/\\\/www.chiapatino.com\\\/home\\\/2018archdt152\\\/\",\"url\":\"https:\\\/\\\/www.chiapatino.com\\\/home\\\/2018archdt152\\\/\",\"name\":\"OFICIOS TRAS BASTIDORES - Chia Pati\u00f1o\",\"isPartOf\":{\"@id\":\"https:\\\/\\\/www.chiapatino.com\\\/home\\\/#website\"},\"primaryImageOfPage\":{\"@id\":\"https:\\\/\\\/www.chiapatino.com\\\/home\\\/2018archdt152\\\/#primaryimage\"},\"image\":{\"@id\":\"https:\\\/\\\/www.chiapatino.com\\\/home\\\/2018archdt152\\\/#primaryimage\"},\"thumbnailUrl\":\"https:\\\/\\\/i0.wp.com\\\/www.chiapatino.com\\\/wp-content\\\/uploads\\\/2022\\\/01\\\/edit_2016_tras.webp?fit=1296%2C864&ssl=1\",\"datePublished\":\"2018-08-01T00:00:34+00:00\",\"dateModified\":\"2024-06-22T13:16:37+00:00\",\"description\":\"Hay oficios hist\u00f3ricos de una importancia desconocida. El llamado regidor o \u2018stage manager\u2019 es uno de esos: la regidur\u00eda es un oficio del teatro. Es la persona responsable de los movimientos y efectos esc\u00e9nicos dispuestos por el director de escena y garantiza la integridad art\u00edstica y t\u00e9cnica de todos.\",\"breadcrumb\":{\"@id\":\"https:\\\/\\\/www.chiapatino.com\\\/home\\\/2018archdt152\\\/#breadcrumb\"},\"inLanguage\":\"en-US\",\"potentialAction\":[{\"@type\":\"ReadAction\",\"target\":[\"https:\\\/\\\/www.chiapatino.com\\\/home\\\/2018archdt152\\\/\"]}]},{\"@type\":\"ImageObject\",\"inLanguage\":\"en-US\",\"@id\":\"https:\\\/\\\/www.chiapatino.com\\\/home\\\/2018archdt152\\\/#primaryimage\",\"url\":\"https:\\\/\\\/i0.wp.com\\\/www.chiapatino.com\\\/wp-content\\\/uploads\\\/2022\\\/01\\\/edit_2016_tras.webp?fit=1296%2C864&ssl=1\",\"contentUrl\":\"https:\\\/\\\/i0.wp.com\\\/www.chiapatino.com\\\/wp-content\\\/uploads\\\/2022\\\/01\\\/edit_2016_tras.webp?fit=1296%2C864&ssl=1\",\"width\":1296,\"height\":864},{\"@type\":\"BreadcrumbList\",\"@id\":\"https:\\\/\\\/www.chiapatino.com\\\/home\\\/2018archdt152\\\/#breadcrumb\",\"itemListElement\":[{\"@type\":\"ListItem\",\"position\":1,\"name\":\"Home\",\"item\":\"https:\\\/\\\/www.chiapatino.com\\\/home\\\/\"},{\"@type\":\"ListItem\",\"position\":2,\"name\":\"OFICIOS TRAS BASTIDORES\"}]},{\"@type\":\"WebSite\",\"@id\":\"https:\\\/\\\/www.chiapatino.com\\\/home\\\/#website\",\"url\":\"https:\\\/\\\/www.chiapatino.com\\\/home\\\/\",\"name\":\"Chia Pati\u00f1o\",\"description\":\"Portafolio\",\"publisher\":{\"@id\":\"https:\\\/\\\/www.chiapatino.com\\\/home\\\/#\\\/schema\\\/person\\\/f64ab33314c9c8769b4082962d7f5301\"},\"potentialAction\":[{\"@type\":\"SearchAction\",\"target\":{\"@type\":\"EntryPoint\",\"urlTemplate\":\"https:\\\/\\\/www.chiapatino.com\\\/home\\\/?s={search_term_string}\"},\"query-input\":{\"@type\":\"PropertyValueSpecification\",\"valueRequired\":true,\"valueName\":\"search_term_string\"}}],\"inLanguage\":\"en-US\"},{\"@type\":[\"Person\",\"Organization\"],\"@id\":\"https:\\\/\\\/www.chiapatino.com\\\/home\\\/#\\\/schema\\\/person\\\/f64ab33314c9c8769b4082962d7f5301\",\"name\":\"Chia Pati\u00f1o\",\"image\":{\"@type\":\"ImageObject\",\"inLanguage\":\"en-US\",\"@id\":\"https:\\\/\\\/i0.wp.com\\\/www.chiapatino.com\\\/wp-content\\\/uploads\\\/2022\\\/11\\\/chiahs01.webp?fit=960%2C1201&ssl=1\",\"url\":\"https:\\\/\\\/i0.wp.com\\\/www.chiapatino.com\\\/wp-content\\\/uploads\\\/2022\\\/11\\\/chiahs01.webp?fit=960%2C1201&ssl=1\",\"contentUrl\":\"https:\\\/\\\/i0.wp.com\\\/www.chiapatino.com\\\/wp-content\\\/uploads\\\/2022\\\/11\\\/chiahs01.webp?fit=960%2C1201&ssl=1\",\"width\":960,\"height\":1201,\"caption\":\"Chia Pati\u00f1o\"},\"logo\":{\"@id\":\"https:\\\/\\\/i0.wp.com\\\/www.chiapatino.com\\\/wp-content\\\/uploads\\\/2022\\\/11\\\/chiahs01.webp?fit=960%2C1201&ssl=1\"},\"sameAs\":[\"https:\\\/\\\/www.facebook.com\\\/chia.patino\",\"https:\\\/\\\/www.instagram.com\\\/chia.patino\\\/\",\"https:\\\/\\\/x.com\\\/https:\\\/\\\/twitter.com\\\/chpatito?lang=en\"]}]}<\/script>\n<!-- \/ Yoast SEO plugin. -->","yoast_head_json":{"title":"OFICIOS TRAS BASTIDORES - Chia Pati\u00f1o","description":"Hay oficios hist\u00f3ricos de una importancia desconocida. El llamado regidor o \u2018stage manager\u2019 es uno de esos: la regidur\u00eda es un oficio del teatro. Es la persona responsable de los movimientos y efectos esc\u00e9nicos dispuestos por el director de escena y garantiza la integridad art\u00edstica y t\u00e9cnica de todos.","robots":{"index":"index","follow":"follow","max-snippet":"max-snippet:-1","max-image-preview":"max-image-preview:large","max-video-preview":"max-video-preview:-1"},"canonical":"https:\/\/www.chiapatino.com\/home\/2018archdt152\/","og_locale":"en_US","og_type":"article","og_title":"OFICIOS TRAS BASTIDORES - Chia Pati\u00f1o","og_description":"Hay oficios hist\u00f3ricos de una importancia desconocida. El llamado regidor o \u2018stage manager\u2019 es uno de esos: la regidur\u00eda es un oficio del teatro. Es la persona responsable de los movimientos y efectos esc\u00e9nicos dispuestos por el director de escena y garantiza la integridad art\u00edstica y t\u00e9cnica de todos.","og_url":"https:\/\/www.chiapatino.com\/home\/2018archdt152\/","og_site_name":"Chia Pati\u00f1o","article_publisher":"https:\/\/www.facebook.com\/chia.patino","article_modified_time":"2024-06-22T13:16:37+00:00","og_image":[{"width":1296,"height":864,"url":"https:\/\/www.chiapatino.com\/wp-content\/uploads\/2022\/01\/edit_2016_tras.webp","type":"image\/webp"}],"twitter_card":"summary_large_image","twitter_site":"@en","twitter_misc":{"Est. reading time":"2 minutes"},"schema":{"@context":"https:\/\/schema.org","@graph":[{"@type":"WebPage","@id":"https:\/\/www.chiapatino.com\/home\/2018archdt152\/","url":"https:\/\/www.chiapatino.com\/home\/2018archdt152\/","name":"OFICIOS TRAS BASTIDORES - Chia Pati\u00f1o","isPartOf":{"@id":"https:\/\/www.chiapatino.com\/home\/#website"},"primaryImageOfPage":{"@id":"https:\/\/www.chiapatino.com\/home\/2018archdt152\/#primaryimage"},"image":{"@id":"https:\/\/www.chiapatino.com\/home\/2018archdt152\/#primaryimage"},"thumbnailUrl":"https:\/\/i0.wp.com\/www.chiapatino.com\/wp-content\/uploads\/2022\/01\/edit_2016_tras.webp?fit=1296%2C864&ssl=1","datePublished":"2018-08-01T00:00:34+00:00","dateModified":"2024-06-22T13:16:37+00:00","description":"Hay oficios hist\u00f3ricos de una importancia desconocida. El llamado regidor o \u2018stage manager\u2019 es uno de esos: la regidur\u00eda es un oficio del teatro. Es la persona responsable de los movimientos y efectos esc\u00e9nicos dispuestos por el director de escena y garantiza la integridad art\u00edstica y t\u00e9cnica de todos.","breadcrumb":{"@id":"https:\/\/www.chiapatino.com\/home\/2018archdt152\/#breadcrumb"},"inLanguage":"en-US","potentialAction":[{"@type":"ReadAction","target":["https:\/\/www.chiapatino.com\/home\/2018archdt152\/"]}]},{"@type":"ImageObject","inLanguage":"en-US","@id":"https:\/\/www.chiapatino.com\/home\/2018archdt152\/#primaryimage","url":"https:\/\/i0.wp.com\/www.chiapatino.com\/wp-content\/uploads\/2022\/01\/edit_2016_tras.webp?fit=1296%2C864&ssl=1","contentUrl":"https:\/\/i0.wp.com\/www.chiapatino.com\/wp-content\/uploads\/2022\/01\/edit_2016_tras.webp?fit=1296%2C864&ssl=1","width":1296,"height":864},{"@type":"BreadcrumbList","@id":"https:\/\/www.chiapatino.com\/home\/2018archdt152\/#breadcrumb","itemListElement":[{"@type":"ListItem","position":1,"name":"Home","item":"https:\/\/www.chiapatino.com\/home\/"},{"@type":"ListItem","position":2,"name":"OFICIOS TRAS BASTIDORES"}]},{"@type":"WebSite","@id":"https:\/\/www.chiapatino.com\/home\/#website","url":"https:\/\/www.chiapatino.com\/home\/","name":"Chia Pati\u00f1o","description":"Portafolio","publisher":{"@id":"https:\/\/www.chiapatino.com\/home\/#\/schema\/person\/f64ab33314c9c8769b4082962d7f5301"},"potentialAction":[{"@type":"SearchAction","target":{"@type":"EntryPoint","urlTemplate":"https:\/\/www.chiapatino.com\/home\/?s={search_term_string}"},"query-input":{"@type":"PropertyValueSpecification","valueRequired":true,"valueName":"search_term_string"}}],"inLanguage":"en-US"},{"@type":["Person","Organization"],"@id":"https:\/\/www.chiapatino.com\/home\/#\/schema\/person\/f64ab33314c9c8769b4082962d7f5301","name":"Chia Pati\u00f1o","image":{"@type":"ImageObject","inLanguage":"en-US","@id":"https:\/\/i0.wp.com\/www.chiapatino.com\/wp-content\/uploads\/2022\/11\/chiahs01.webp?fit=960%2C1201&ssl=1","url":"https:\/\/i0.wp.com\/www.chiapatino.com\/wp-content\/uploads\/2022\/11\/chiahs01.webp?fit=960%2C1201&ssl=1","contentUrl":"https:\/\/i0.wp.com\/www.chiapatino.com\/wp-content\/uploads\/2022\/11\/chiahs01.webp?fit=960%2C1201&ssl=1","width":960,"height":1201,"caption":"Chia Pati\u00f1o"},"logo":{"@id":"https:\/\/i0.wp.com\/www.chiapatino.com\/wp-content\/uploads\/2022\/11\/chiahs01.webp?fit=960%2C1201&ssl=1"},"sameAs":["https:\/\/www.facebook.com\/chia.patino","https:\/\/www.instagram.com\/chia.patino\/","https:\/\/x.com\/https:\/\/twitter.com\/chpatito?lang=en"]}]}},"jetpack_shortlink":"https:\/\/wp.me\/Pb5Ra3-2o9","jetpack_sharing_enabled":true,"_links":{"self":[{"href":"https:\/\/www.chiapatino.com\/home\/wp-json\/wp\/v2\/pages\/9185","targetHints":{"allow":["GET"]}}],"collection":[{"href":"https:\/\/www.chiapatino.com\/home\/wp-json\/wp\/v2\/pages"}],"about":[{"href":"https:\/\/www.chiapatino.com\/home\/wp-json\/wp\/v2\/types\/page"}],"author":[{"embeddable":true,"href":"https:\/\/www.chiapatino.com\/home\/wp-json\/wp\/v2\/users\/1"}],"replies":[{"embeddable":true,"href":"https:\/\/www.chiapatino.com\/home\/wp-json\/wp\/v2\/comments?post=9185"}],"version-history":[{"count":1,"href":"https:\/\/www.chiapatino.com\/home\/wp-json\/wp\/v2\/pages\/9185\/revisions"}],"predecessor-version":[{"id":9186,"href":"https:\/\/www.chiapatino.com\/home\/wp-json\/wp\/v2\/pages\/9185\/revisions\/9186"}],"wp:featuredmedia":[{"embeddable":true,"href":"https:\/\/www.chiapatino.com\/home\/wp-json\/wp\/v2\/media\/6389"}],"wp:attachment":[{"href":"https:\/\/www.chiapatino.com\/home\/wp-json\/wp\/v2\/media?parent=9185"}],"curies":[{"name":"wp","href":"https:\/\/api.w.org\/{rel}","templated":true}]}}