{"id":9188,"date":"1018-07-01T00:00:02","date_gmt":"1018-07-01T00:00:02","guid":{"rendered":"https:\/\/www.chiapatino.com\/home\/?page_id=9188"},"modified":"2024-06-22T14:46:17","modified_gmt":"2024-06-22T14:46:17","slug":"2018archdt151","status":"publish","type":"page","link":"https:\/\/www.chiapatino.com\/home\/2018archdt151\/","title":{"rendered":"\u00bfQUE NOS QUEDA?"},"content":{"rendered":"<div class=\"wpb-content-wrapper\"><p>[vc_row unlock_row_content=&#8221;yes&#8221; row_height_percent=&#8221;50&#8243; back_image=&#8221;2064&#8243; back_position=&#8221;center top&#8221; overlay_alpha=&#8221;50&#8243; gutter_size=&#8221;3&#8243; column_width_percent=&#8221;100&#8243; shift_y=&#8221;0&#8243; z_index=&#8221;0&#8243; uncode_shortcode_id=&#8221;411376&#8243;][vc_column width=&#8221;1\/1&#8243;][vc_empty_space empty_h=&#8221;2&#8243;][vc_empty_space empty_h=&#8221;2&#8243;][\/vc_column][\/vc_row][vc_row][vc_column column_width_percent=&#8221;100&#8243; gutter_size=&#8221;3&#8243; style=&#8221;dark&#8221; overlay_alpha=&#8221;50&#8243; shift_x=&#8221;0&#8243; shift_y=&#8221;0&#8243; shift_y_down=&#8221;0&#8243; z_index=&#8221;0&#8243; medium_width=&#8221;0&#8243; mobile_width=&#8221;0&#8243; width=&#8221;1\/1&#8243;][vc_empty_space empty_h=&#8221;2&#8243;][vc_custom_heading]<\/p>\n<h2>\u00bfQue Nos Queda?<\/h2>\n<p>[\/vc_custom_heading][vc_column_text]Evaluamos muchas cosas por el tiempo que nos toma prepararlas&#8230;. Olvidamos demasiadas veces la reflexi\u00f3n de lo que nos queda: 8 funciones llenas de familias, premio inesperado de nuestra versi\u00f3n andina de la m\u00e1gica \u00f3pera de Mozart.<\/p>\n<p>Quisiera compartir un poquito de la magia que nos dejaron esos 8 d\u00edas, apartando detalles como el n\u00famero de t\u00edteres, personas en escena o el tiempo que tom\u00f3 prepararlos.<\/p>\n<p>Nos queda la imagen de familias enteras que optaron por compartir un momento juntos y entraron a nuestro Teatro Nacional Sucre con caras relajadas y sonrientes.<\/p>\n<p>Nos quedan las carcajadas infantiles contrastadas por las risas t\u00edmidas de los adultos; afortunadamente, son muchas las posibles lecturas de esta \u00f3pera.<br \/>\nNos queda la ternura impuesta por el sonido andino en el transcurso de la historia de Papageno y Tamino.<br \/>\nNos queda la curiosidad de reconocer o intuir nuevas ra\u00edces.<br \/>\nNos quedan nuevas palabras aprendidas y digeridas en este corto momento en nuestro idioma originario: el quichua o kichwa.<br \/>\nNos queda el agradecimiento enorme e infinito a tantas y tantas personas que nos ayudaron, pues tenemos claro que esta obra naci\u00f3 por la voluntad de muchos.<\/p>\n<p>Sobre todo, me queda claro que la \u00f3pera es un g\u00e9nero asequible para todos y quienes siguen gritando al viento que es elitista hablan desde el prejuicio y la ignorancia, mientras que aquellos que la venden como un evento para gente cultivada, hablan desde su arrogancia.<\/p>\n<p>Nos queda la certeza de que 150 minutos no son largos, cuando hemos sido atrapados por la magia de los titeres y La Flauta M\u00e1gica de Mozart.<\/p>\n<p>Y a ti, \u00bfqu\u00e9 te queda?<\/p>\n<p>&nbsp;<\/p>\n<p style=\"text-align: right;\"><strong>Ch\u00eda Pati\u00f1o<\/strong>, <em>Directora Art\u00edstica &#8211; Ejecutiva<\/em><\/p>\n<p style=\"text-align: right;\">Julio, 2018<\/p>\n<p>[\/vc_column_text][vc_button button_color=&#8221;color-nhtu&#8221; border_width=&#8221;0&#8243; link=&#8221;url:https%3A%2F%2Fwww.teatrosucre.com%2Fsites%2Fdefault%2Ffiles%2F07julio2018_desdelteatro_0.pdf||target:%20_blank|&#8221;]DESDEL TEATRO #151[\/vc_button][vc_empty_space empty_h=&#8221;4&#8243;][\/vc_column][\/vc_row]<\/p>\n<\/div>","protected":false},"excerpt":{"rendered":"<p>Sobre todo, me queda claro que la \u00f3pera es un g\u00e9nero asequible para todos y quienes siguen gritando al viento que es elitista hablan desde el prejuicio y la ignorancia, mientras que aquellos que la venden como un evento para gente cultivada, hablan desde su arrogancia.<\/p>\n","protected":false},"author":1,"featured_media":2064,"parent":0,"menu_order":0,"comment_status":"closed","ping_status":"closed","template":"","meta":{"footnotes":""},"class_list":["post-9188","page","type-page","status-publish","has-post-thumbnail","hentry","page_category-editorial"],"yoast_head":"<!-- This site is optimized with the Yoast SEO plugin v27.4 - https:\/\/yoast.com\/product\/yoast-seo-wordpress\/ -->\n<title>\u00bfQUE NOS QUEDA? - Chia Pati\u00f1o<\/title>\n<meta name=\"description\" content=\"Sobre todo, me queda claro que la \u00f3pera es un g\u00e9nero asequible para todos y quienes siguen gritando al viento que es elitista hablan desde el prejuicio y la ignorancia, mientras que aquellos que la venden como un evento para gente cultivada, hablan desde su arrogancia.\" \/>\n<meta name=\"robots\" content=\"index, follow, max-snippet:-1, max-image-preview:large, max-video-preview:-1\" \/>\n<link rel=\"canonical\" href=\"https:\/\/www.chiapatino.com\/home\/2018archdt151\/\" \/>\n<meta property=\"og:locale\" content=\"en_US\" \/>\n<meta property=\"og:type\" content=\"article\" \/>\n<meta property=\"og:title\" content=\"\u00bfQUE NOS QUEDA? - Chia Pati\u00f1o\" \/>\n<meta property=\"og:description\" content=\"Sobre todo, me queda claro que la \u00f3pera es un g\u00e9nero asequible para todos y quienes siguen gritando al viento que es elitista hablan desde el prejuicio y la ignorancia, mientras que aquellos que la venden como un evento para gente cultivada, hablan desde su arrogancia.\" \/>\n<meta property=\"og:url\" content=\"https:\/\/www.chiapatino.com\/home\/2018archdt151\/\" \/>\n<meta property=\"og:site_name\" content=\"Chia Pati\u00f1o\" \/>\n<meta property=\"article:publisher\" content=\"https:\/\/www.facebook.com\/chia.patino\" \/>\n<meta property=\"article:modified_time\" content=\"2024-06-22T14:46:17+00:00\" \/>\n<meta property=\"og:image\" content=\"https:\/\/www.chiapatino.com\/wp-content\/uploads\/2019\/09\/FMA_UPDATE_02.jpg\" \/>\n\t<meta property=\"og:image:width\" content=\"709\" \/>\n\t<meta property=\"og:image:height\" content=\"532\" \/>\n\t<meta property=\"og:image:type\" content=\"image\/jpeg\" \/>\n<meta name=\"twitter:card\" content=\"summary_large_image\" \/>\n<meta name=\"twitter:site\" content=\"@en\" \/>\n<meta name=\"twitter:label1\" content=\"Est. reading time\" \/>\n\t<meta name=\"twitter:data1\" content=\"2 minutes\" \/>\n<script type=\"application\/ld+json\" class=\"yoast-schema-graph\">{\"@context\":\"https:\\\/\\\/schema.org\",\"@graph\":[{\"@type\":\"WebPage\",\"@id\":\"https:\\\/\\\/www.chiapatino.com\\\/home\\\/2018archdt151\\\/\",\"url\":\"https:\\\/\\\/www.chiapatino.com\\\/home\\\/2018archdt151\\\/\",\"name\":\"\u00bfQUE NOS QUEDA? - Chia Pati\u00f1o\",\"isPartOf\":{\"@id\":\"https:\\\/\\\/www.chiapatino.com\\\/home\\\/#website\"},\"primaryImageOfPage\":{\"@id\":\"https:\\\/\\\/www.chiapatino.com\\\/home\\\/2018archdt151\\\/#primaryimage\"},\"image\":{\"@id\":\"https:\\\/\\\/www.chiapatino.com\\\/home\\\/2018archdt151\\\/#primaryimage\"},\"thumbnailUrl\":\"https:\\\/\\\/i0.wp.com\\\/www.chiapatino.com\\\/wp-content\\\/uploads\\\/2019\\\/09\\\/FMA_UPDATE_02.jpg?fit=709%2C532&ssl=1\",\"datePublished\":\"1018-07-01T00:00:02+00:00\",\"dateModified\":\"2024-06-22T14:46:17+00:00\",\"description\":\"Sobre todo, me queda claro que la \u00f3pera es un g\u00e9nero asequible para todos y quienes siguen gritando al viento que es elitista hablan desde el prejuicio y la ignorancia, mientras que aquellos que la venden como un evento para gente cultivada, hablan desde su arrogancia.\",\"breadcrumb\":{\"@id\":\"https:\\\/\\\/www.chiapatino.com\\\/home\\\/2018archdt151\\\/#breadcrumb\"},\"inLanguage\":\"en-US\",\"potentialAction\":[{\"@type\":\"ReadAction\",\"target\":[\"https:\\\/\\\/www.chiapatino.com\\\/home\\\/2018archdt151\\\/\"]}]},{\"@type\":\"ImageObject\",\"inLanguage\":\"en-US\",\"@id\":\"https:\\\/\\\/www.chiapatino.com\\\/home\\\/2018archdt151\\\/#primaryimage\",\"url\":\"https:\\\/\\\/i0.wp.com\\\/www.chiapatino.com\\\/wp-content\\\/uploads\\\/2019\\\/09\\\/FMA_UPDATE_02.jpg?fit=709%2C532&ssl=1\",\"contentUrl\":\"https:\\\/\\\/i0.wp.com\\\/www.chiapatino.com\\\/wp-content\\\/uploads\\\/2019\\\/09\\\/FMA_UPDATE_02.jpg?fit=709%2C532&ssl=1\",\"width\":709,\"height\":532},{\"@type\":\"BreadcrumbList\",\"@id\":\"https:\\\/\\\/www.chiapatino.com\\\/home\\\/2018archdt151\\\/#breadcrumb\",\"itemListElement\":[{\"@type\":\"ListItem\",\"position\":1,\"name\":\"Home\",\"item\":\"https:\\\/\\\/www.chiapatino.com\\\/home\\\/\"},{\"@type\":\"ListItem\",\"position\":2,\"name\":\"\u00bfQUE NOS QUEDA?\"}]},{\"@type\":\"WebSite\",\"@id\":\"https:\\\/\\\/www.chiapatino.com\\\/home\\\/#website\",\"url\":\"https:\\\/\\\/www.chiapatino.com\\\/home\\\/\",\"name\":\"Chia Pati\u00f1o\",\"description\":\"Portafolio\",\"publisher\":{\"@id\":\"https:\\\/\\\/www.chiapatino.com\\\/home\\\/#\\\/schema\\\/person\\\/f64ab33314c9c8769b4082962d7f5301\"},\"potentialAction\":[{\"@type\":\"SearchAction\",\"target\":{\"@type\":\"EntryPoint\",\"urlTemplate\":\"https:\\\/\\\/www.chiapatino.com\\\/home\\\/?s={search_term_string}\"},\"query-input\":{\"@type\":\"PropertyValueSpecification\",\"valueRequired\":true,\"valueName\":\"search_term_string\"}}],\"inLanguage\":\"en-US\"},{\"@type\":[\"Person\",\"Organization\"],\"@id\":\"https:\\\/\\\/www.chiapatino.com\\\/home\\\/#\\\/schema\\\/person\\\/f64ab33314c9c8769b4082962d7f5301\",\"name\":\"Chia Pati\u00f1o\",\"image\":{\"@type\":\"ImageObject\",\"inLanguage\":\"en-US\",\"@id\":\"https:\\\/\\\/i0.wp.com\\\/www.chiapatino.com\\\/wp-content\\\/uploads\\\/2022\\\/11\\\/chiahs01.webp?fit=960%2C1201&ssl=1\",\"url\":\"https:\\\/\\\/i0.wp.com\\\/www.chiapatino.com\\\/wp-content\\\/uploads\\\/2022\\\/11\\\/chiahs01.webp?fit=960%2C1201&ssl=1\",\"contentUrl\":\"https:\\\/\\\/i0.wp.com\\\/www.chiapatino.com\\\/wp-content\\\/uploads\\\/2022\\\/11\\\/chiahs01.webp?fit=960%2C1201&ssl=1\",\"width\":960,\"height\":1201,\"caption\":\"Chia Pati\u00f1o\"},\"logo\":{\"@id\":\"https:\\\/\\\/i0.wp.com\\\/www.chiapatino.com\\\/wp-content\\\/uploads\\\/2022\\\/11\\\/chiahs01.webp?fit=960%2C1201&ssl=1\"},\"sameAs\":[\"https:\\\/\\\/www.facebook.com\\\/chia.patino\",\"https:\\\/\\\/www.instagram.com\\\/chia.patino\\\/\",\"https:\\\/\\\/x.com\\\/https:\\\/\\\/twitter.com\\\/chpatito?lang=en\"]}]}<\/script>\n<!-- \/ Yoast SEO plugin. -->","yoast_head_json":{"title":"\u00bfQUE NOS QUEDA? - Chia Pati\u00f1o","description":"Sobre todo, me queda claro que la \u00f3pera es un g\u00e9nero asequible para todos y quienes siguen gritando al viento que es elitista hablan desde el prejuicio y la ignorancia, mientras que aquellos que la venden como un evento para gente cultivada, hablan desde su arrogancia.","robots":{"index":"index","follow":"follow","max-snippet":"max-snippet:-1","max-image-preview":"max-image-preview:large","max-video-preview":"max-video-preview:-1"},"canonical":"https:\/\/www.chiapatino.com\/home\/2018archdt151\/","og_locale":"en_US","og_type":"article","og_title":"\u00bfQUE NOS QUEDA? - Chia Pati\u00f1o","og_description":"Sobre todo, me queda claro que la \u00f3pera es un g\u00e9nero asequible para todos y quienes siguen gritando al viento que es elitista hablan desde el prejuicio y la ignorancia, mientras que aquellos que la venden como un evento para gente cultivada, hablan desde su arrogancia.","og_url":"https:\/\/www.chiapatino.com\/home\/2018archdt151\/","og_site_name":"Chia Pati\u00f1o","article_publisher":"https:\/\/www.facebook.com\/chia.patino","article_modified_time":"2024-06-22T14:46:17+00:00","og_image":[{"width":709,"height":532,"url":"https:\/\/www.chiapatino.com\/wp-content\/uploads\/2019\/09\/FMA_UPDATE_02.jpg","type":"image\/jpeg"}],"twitter_card":"summary_large_image","twitter_site":"@en","twitter_misc":{"Est. reading time":"2 minutes"},"schema":{"@context":"https:\/\/schema.org","@graph":[{"@type":"WebPage","@id":"https:\/\/www.chiapatino.com\/home\/2018archdt151\/","url":"https:\/\/www.chiapatino.com\/home\/2018archdt151\/","name":"\u00bfQUE NOS QUEDA? - Chia Pati\u00f1o","isPartOf":{"@id":"https:\/\/www.chiapatino.com\/home\/#website"},"primaryImageOfPage":{"@id":"https:\/\/www.chiapatino.com\/home\/2018archdt151\/#primaryimage"},"image":{"@id":"https:\/\/www.chiapatino.com\/home\/2018archdt151\/#primaryimage"},"thumbnailUrl":"https:\/\/i0.wp.com\/www.chiapatino.com\/wp-content\/uploads\/2019\/09\/FMA_UPDATE_02.jpg?fit=709%2C532&ssl=1","datePublished":"1018-07-01T00:00:02+00:00","dateModified":"2024-06-22T14:46:17+00:00","description":"Sobre todo, me queda claro que la \u00f3pera es un g\u00e9nero asequible para todos y quienes siguen gritando al viento que es elitista hablan desde el prejuicio y la ignorancia, mientras que aquellos que la venden como un evento para gente cultivada, hablan desde su arrogancia.","breadcrumb":{"@id":"https:\/\/www.chiapatino.com\/home\/2018archdt151\/#breadcrumb"},"inLanguage":"en-US","potentialAction":[{"@type":"ReadAction","target":["https:\/\/www.chiapatino.com\/home\/2018archdt151\/"]}]},{"@type":"ImageObject","inLanguage":"en-US","@id":"https:\/\/www.chiapatino.com\/home\/2018archdt151\/#primaryimage","url":"https:\/\/i0.wp.com\/www.chiapatino.com\/wp-content\/uploads\/2019\/09\/FMA_UPDATE_02.jpg?fit=709%2C532&ssl=1","contentUrl":"https:\/\/i0.wp.com\/www.chiapatino.com\/wp-content\/uploads\/2019\/09\/FMA_UPDATE_02.jpg?fit=709%2C532&ssl=1","width":709,"height":532},{"@type":"BreadcrumbList","@id":"https:\/\/www.chiapatino.com\/home\/2018archdt151\/#breadcrumb","itemListElement":[{"@type":"ListItem","position":1,"name":"Home","item":"https:\/\/www.chiapatino.com\/home\/"},{"@type":"ListItem","position":2,"name":"\u00bfQUE NOS QUEDA?"}]},{"@type":"WebSite","@id":"https:\/\/www.chiapatino.com\/home\/#website","url":"https:\/\/www.chiapatino.com\/home\/","name":"Chia Pati\u00f1o","description":"Portafolio","publisher":{"@id":"https:\/\/www.chiapatino.com\/home\/#\/schema\/person\/f64ab33314c9c8769b4082962d7f5301"},"potentialAction":[{"@type":"SearchAction","target":{"@type":"EntryPoint","urlTemplate":"https:\/\/www.chiapatino.com\/home\/?s={search_term_string}"},"query-input":{"@type":"PropertyValueSpecification","valueRequired":true,"valueName":"search_term_string"}}],"inLanguage":"en-US"},{"@type":["Person","Organization"],"@id":"https:\/\/www.chiapatino.com\/home\/#\/schema\/person\/f64ab33314c9c8769b4082962d7f5301","name":"Chia Pati\u00f1o","image":{"@type":"ImageObject","inLanguage":"en-US","@id":"https:\/\/i0.wp.com\/www.chiapatino.com\/wp-content\/uploads\/2022\/11\/chiahs01.webp?fit=960%2C1201&ssl=1","url":"https:\/\/i0.wp.com\/www.chiapatino.com\/wp-content\/uploads\/2022\/11\/chiahs01.webp?fit=960%2C1201&ssl=1","contentUrl":"https:\/\/i0.wp.com\/www.chiapatino.com\/wp-content\/uploads\/2022\/11\/chiahs01.webp?fit=960%2C1201&ssl=1","width":960,"height":1201,"caption":"Chia Pati\u00f1o"},"logo":{"@id":"https:\/\/i0.wp.com\/www.chiapatino.com\/wp-content\/uploads\/2022\/11\/chiahs01.webp?fit=960%2C1201&ssl=1"},"sameAs":["https:\/\/www.facebook.com\/chia.patino","https:\/\/www.instagram.com\/chia.patino\/","https:\/\/x.com\/https:\/\/twitter.com\/chpatito?lang=en"]}]}},"jetpack_shortlink":"https:\/\/wp.me\/Pb5Ra3-2oc","jetpack_sharing_enabled":true,"_links":{"self":[{"href":"https:\/\/www.chiapatino.com\/home\/wp-json\/wp\/v2\/pages\/9188","targetHints":{"allow":["GET"]}}],"collection":[{"href":"https:\/\/www.chiapatino.com\/home\/wp-json\/wp\/v2\/pages"}],"about":[{"href":"https:\/\/www.chiapatino.com\/home\/wp-json\/wp\/v2\/types\/page"}],"author":[{"embeddable":true,"href":"https:\/\/www.chiapatino.com\/home\/wp-json\/wp\/v2\/users\/1"}],"replies":[{"embeddable":true,"href":"https:\/\/www.chiapatino.com\/home\/wp-json\/wp\/v2\/comments?post=9188"}],"version-history":[{"count":6,"href":"https:\/\/www.chiapatino.com\/home\/wp-json\/wp\/v2\/pages\/9188\/revisions"}],"predecessor-version":[{"id":9195,"href":"https:\/\/www.chiapatino.com\/home\/wp-json\/wp\/v2\/pages\/9188\/revisions\/9195"}],"wp:featuredmedia":[{"embeddable":true,"href":"https:\/\/www.chiapatino.com\/home\/wp-json\/wp\/v2\/media\/2064"}],"wp:attachment":[{"href":"https:\/\/www.chiapatino.com\/home\/wp-json\/wp\/v2\/media?parent=9188"}],"curies":[{"name":"wp","href":"https:\/\/api.w.org\/{rel}","templated":true}]}}