{"id":9197,"date":"2018-01-01T00:00:41","date_gmt":"2018-01-01T00:00:41","guid":{"rendered":"https:\/\/www.chiapatino.com\/home\/?page_id=9197"},"modified":"2024-06-22T14:51:16","modified_gmt":"2024-06-22T14:51:16","slug":"2018archdt145","status":"publish","type":"page","link":"https:\/\/www.chiapatino.com\/home\/2018archdt145\/","title":{"rendered":"PROHIBIDO OLVIDAR"},"content":{"rendered":"<div class=\"wpb-content-wrapper\"><p>[vc_row unlock_row_content=&#8221;yes&#8221; row_height_percent=&#8221;50&#8243; back_image=&#8221;6384&#8243; back_position=&#8221;center center&#8221; overlay_alpha=&#8221;50&#8243; gutter_size=&#8221;3&#8243; column_width_percent=&#8221;100&#8243; shift_y=&#8221;0&#8243; z_index=&#8221;0&#8243; uncode_shortcode_id=&#8221;174173&#8243;][vc_column width=&#8221;1\/1&#8243;][vc_empty_space empty_h=&#8221;2&#8243;][\/vc_column][\/vc_row][vc_row][vc_column column_width_percent=&#8221;100&#8243; gutter_size=&#8221;3&#8243; style=&#8221;dark&#8221; overlay_alpha=&#8221;50&#8243; shift_x=&#8221;0&#8243; shift_y=&#8221;0&#8243; shift_y_down=&#8221;0&#8243; z_index=&#8221;0&#8243; medium_width=&#8221;0&#8243; mobile_width=&#8221;0&#8243; width=&#8221;1\/1&#8243;][vc_empty_space empty_h=&#8221;2&#8243;][vc_custom_heading]<\/p>\n<h2>Proh\u00edbido Olvidar<\/h2>\n<p>[\/vc_custom_heading][vc_column_text]<\/p>\n<p style=\"text-align: center;\">!Que llueva que llueva<br \/>\nla virgen de la Cueva!<br \/>\nLos pajaritos cantan&#8230;<br \/>\nLas nubes se levantan.<\/p>\n<p>[\/vc_column_text][vc_column_text]En 1383 el infante -Don Mart\u00edn de Arag\u00f3n- fund\u00f3 la Cartuja de Vall de Cristo en la Villa de Altura en la provincia de Valencia en Espa\u00f1a. Era un espacio dedicado a la oraci\u00f3n, la meditaci\u00f3n y seguramente el trabajo manual. En su momento importante, fue incluso visitada por varios Papas.<\/p>\n<p>En 1410 Fray Bonifacio Ferrer repartia im\u00e1genes de la Virgen de la Cartuja de Vall de Cristo de Altura. Eran im\u00e1genes de apenas 20 cm de alto y de 10 cm de ancho. Su fin era que quienes deb\u00edan partir de alg\u00fan pueblo pudiesen llev\u00e1rsela.<\/p>\n<p>En el siglo XV un pastor que cargaba dicha imagen decidi\u00f3 resguardarse en <em>&#8220;la cueva del Latonero&#8221;<\/em>, una cueva con una boca de apenas 2&#215;3 metros con un manantial, refugio perfecto contra la intemperie. Seguramente sac\u00f3 dicha imagen, agradeci\u00f3 su refugio y al partir se la olvid\u00f3.<\/p>\n<p>Casi cien a\u00f1os m\u00e1s tarde, otro pastor se refugiaba en la misma cueva. Cuenta la leyenda que antes de dormirse se le apareci\u00f3 la virgen, le indic\u00f3 el rinc\u00f3n donde estaba la imagen para que pudiera darle culto. El pastor as\u00ed lo hizo, y la imagen sali\u00f3 del olvido. A esta imagen desde 1502 se le atribuyen varios milagros.<\/p>\n<p>En 1726 ta comunidad sufr\u00eda una gran sequ\u00eda que pon\u00eda en peligro sus cosechas. La comunidad se reuni\u00f3 y le rez\u00f3 a ta virgen: el canto ped\u00eda la generosidad de las nubes. Y se cuenta que un 27 de febrero amaneci\u00f3 lloviendo y no par\u00f3 por una semana.<\/p>\n<p style=\"text-align: center;\">Los pajaritos cantan&#8230;<br \/>\nLas nubes se levantan.<\/p>\n<p>La cueva del Latonero hoy se la conoce como La Cueva Santa, y sobre la peque\u00f1a cueva se construy\u00f3 un gran santuario. En su interior entre rejas y muros se encuentra adem\u00e1s otras im\u00e1genes, pero lo que en su momento fue un lugar de visitas veraniegas, ahora es un espacio limitado. La Cartuja est\u00e1 abandonada y el origen de la canci\u00f3n est\u00e1 olvidado.<\/p>\n<p>Qu\u00e9 r\u00e1pido olvidamos la historia. Con qu\u00e9 facilidad la cambiamos o la manipulamos si es necesario. Porqu\u00e9 la historia contiene muchas veces un origen bueno, pero cuando llegan las rejas y el control, poniendo valor a esta vivencia, las prohibe. Las iron\u00edas de la inflaci\u00f3n capitalista, que hasta a nuestros rezos le ha puesto puertas.<\/p>\n<p style=\"text-align: center;\">Que llueva que llueva<br \/>\nla vieja esta en la cueva<br \/>\nlos pajaritos cantan<br \/>\nla vieja se levanta<\/p>\n<p>\u00bfSab\u00edan lectores, que las ruinas de Cochasqu\u00ed han sido secuestradas por una gesti\u00f3n mediocre del Ministerio de Turismo? \u00bfQu\u00e9 este espacio de meditaci\u00f3n, de comunicaci\u00f3n con la naturaleza ahora tiene costo y horario a cambio de las carreteras y rejas que nos han impuesto?<\/p>\n<p>Siglos atr\u00e1s nuestros indigenas encontraron un espacio de oraci\u00f3n, de meditaci\u00f3n, un espacio donde agradecer al cosmos. Un espacio abierto e ignorado, pero un espacio energ\u00e9tico vital, que nos pertenece a todos los ecuatorianos.<\/p>\n<p>Hoy qui\u00e9n quiere meditar en Cochasqu\u00ed no puede: debe pagar ta entrada para que un gu\u00eda le empuje en grupo entre las 8h30 y 16h30. Ya no hay silencio. Prohibido pensar. Prohibido meditar. Parece un detalle peque\u00f1o pero es una violaci\u00f3n total de nuestros espacios y ra\u00edces&#8230; y as\u00ed sin darnos cuenta, seguimos olvidando lo que en realidad est\u00e1 pasando&#8230;<\/p>\n<p style=\"text-align: center;\">Que si que no<br \/>\nque caiga el chaparr\u00f3n<br \/>\nque se echen en la calle<br \/>\nde charcos un mont\u00f3n<\/p>\n<p>&nbsp;<\/p>\n<p style=\"text-align: right;\"><strong>Ch\u00eda Pati\u00f1o<\/strong>, <em>Directora Art\u00edstica &#8211; Ejecutiva<\/em><\/p>\n<p style=\"text-align: right;\">Enero, 2018<\/p>\n<p>[\/vc_column_text][vc_button button_color=&#8221;color-nhtu&#8221; border_width=&#8221;0&#8243; link=&#8221;url:https%3A%2F%2Fwww.teatrosucre.com%2Fsites%2Fdefault%2Ffiles%2F01_enero2018.pdf||target:%20_blank|&#8221;]DESDEL TEATRO #145[\/vc_button][vc_empty_space empty_h=&#8221;5&#8243;][vc_empty_space empty_h=&#8221;5&#8243;][\/vc_column][\/vc_row]<\/p>\n<\/div>","protected":false},"excerpt":{"rendered":"<p>!Que llueva que llueva<br \/>\nla virgen de la Cueva!<br \/>\nLos pajaritos cantan<br \/>\nLas nubes se levantan.<br \/>\nEn 1383 el infante -Don Mart\u00edn de Arag\u00f3n- fund\u00f3 la Cartuja de Vall de Cristo en la Villa de Altura en la provincia de Valencia en Espa\u00f1a. Era un espacio dedicado a la oraci\u00f3n, la meditaci\u00f3n y seguramente el trabajo manual. En su momento importante, fue incluso visitada por varios Papas.<\/p>\n","protected":false},"author":1,"featured_media":6384,"parent":0,"menu_order":0,"comment_status":"closed","ping_status":"closed","template":"","meta":{"footnotes":""},"class_list":["post-9197","page","type-page","status-publish","has-post-thumbnail","hentry","page_category-editorial"],"yoast_head":"<!-- This site is optimized with the Yoast SEO plugin v27.4 - https:\/\/yoast.com\/product\/yoast-seo-wordpress\/ -->\n<title>PROHIBIDO OLVIDAR - Chia Pati\u00f1o<\/title>\n<meta name=\"description\" content=\"!Que llueva que lluevala virgen de la Cueva! Los pajaritos cantanLas nubes se levantan. En 1383 el infante -Don Mart\u00edn de Arag\u00f3n- fund\u00f3 la Cartuja de Vall de Cristo en la Villa de Altura en la provincia de Valencia en Espa\u00f1a. Era un espacio dedicado a la oraci\u00f3n, la meditaci\u00f3n y seguramente el trabajo manual. En su momento importante, fue incluso visitada por varios Papas.\" \/>\n<meta name=\"robots\" content=\"index, follow, max-snippet:-1, max-image-preview:large, max-video-preview:-1\" \/>\n<link rel=\"canonical\" href=\"https:\/\/www.chiapatino.com\/home\/2018archdt145\/\" \/>\n<meta property=\"og:locale\" content=\"en_US\" \/>\n<meta property=\"og:type\" content=\"article\" \/>\n<meta property=\"og:title\" content=\"PROHIBIDO OLVIDAR - Chia Pati\u00f1o\" \/>\n<meta property=\"og:description\" content=\"!Que llueva que lluevala virgen de la Cueva! Los pajaritos cantanLas nubes se levantan. En 1383 el infante -Don Mart\u00edn de Arag\u00f3n- fund\u00f3 la Cartuja de Vall de Cristo en la Villa de Altura en la provincia de Valencia en Espa\u00f1a. Era un espacio dedicado a la oraci\u00f3n, la meditaci\u00f3n y seguramente el trabajo manual. En su momento importante, fue incluso visitada por varios Papas.\" \/>\n<meta property=\"og:url\" content=\"https:\/\/www.chiapatino.com\/home\/2018archdt145\/\" \/>\n<meta property=\"og:site_name\" content=\"Chia Pati\u00f1o\" \/>\n<meta property=\"article:publisher\" content=\"https:\/\/www.facebook.com\/chia.patino\" \/>\n<meta property=\"article:modified_time\" content=\"2024-06-22T14:51:16+00:00\" \/>\n<meta property=\"og:image\" content=\"https:\/\/www.chiapatino.com\/wp-content\/uploads\/2022\/01\/edit_2016_cartuja.webp\" \/>\n\t<meta property=\"og:image:width\" content=\"800\" \/>\n\t<meta property=\"og:image:height\" content=\"600\" \/>\n\t<meta property=\"og:image:type\" content=\"image\/webp\" \/>\n<meta name=\"twitter:card\" content=\"summary_large_image\" \/>\n<meta name=\"twitter:site\" content=\"@en\" \/>\n<meta name=\"twitter:label1\" content=\"Est. reading time\" \/>\n\t<meta name=\"twitter:data1\" content=\"3 minutes\" \/>\n<script type=\"application\/ld+json\" class=\"yoast-schema-graph\">{\"@context\":\"https:\\\/\\\/schema.org\",\"@graph\":[{\"@type\":\"WebPage\",\"@id\":\"https:\\\/\\\/www.chiapatino.com\\\/home\\\/2018archdt145\\\/\",\"url\":\"https:\\\/\\\/www.chiapatino.com\\\/home\\\/2018archdt145\\\/\",\"name\":\"PROHIBIDO OLVIDAR - Chia Pati\u00f1o\",\"isPartOf\":{\"@id\":\"https:\\\/\\\/www.chiapatino.com\\\/home\\\/#website\"},\"primaryImageOfPage\":{\"@id\":\"https:\\\/\\\/www.chiapatino.com\\\/home\\\/2018archdt145\\\/#primaryimage\"},\"image\":{\"@id\":\"https:\\\/\\\/www.chiapatino.com\\\/home\\\/2018archdt145\\\/#primaryimage\"},\"thumbnailUrl\":\"https:\\\/\\\/i0.wp.com\\\/www.chiapatino.com\\\/wp-content\\\/uploads\\\/2022\\\/01\\\/edit_2016_cartuja.webp?fit=800%2C600&ssl=1\",\"datePublished\":\"2018-01-01T00:00:41+00:00\",\"dateModified\":\"2024-06-22T14:51:16+00:00\",\"description\":\"!Que llueva que lluevala virgen de la Cueva! Los pajaritos cantanLas nubes se levantan. En 1383 el infante -Don Mart\u00edn de Arag\u00f3n- fund\u00f3 la Cartuja de Vall de Cristo en la Villa de Altura en la provincia de Valencia en Espa\u00f1a. Era un espacio dedicado a la oraci\u00f3n, la meditaci\u00f3n y seguramente el trabajo manual. En su momento importante, fue incluso visitada por varios Papas.\",\"breadcrumb\":{\"@id\":\"https:\\\/\\\/www.chiapatino.com\\\/home\\\/2018archdt145\\\/#breadcrumb\"},\"inLanguage\":\"en-US\",\"potentialAction\":[{\"@type\":\"ReadAction\",\"target\":[\"https:\\\/\\\/www.chiapatino.com\\\/home\\\/2018archdt145\\\/\"]}]},{\"@type\":\"ImageObject\",\"inLanguage\":\"en-US\",\"@id\":\"https:\\\/\\\/www.chiapatino.com\\\/home\\\/2018archdt145\\\/#primaryimage\",\"url\":\"https:\\\/\\\/i0.wp.com\\\/www.chiapatino.com\\\/wp-content\\\/uploads\\\/2022\\\/01\\\/edit_2016_cartuja.webp?fit=800%2C600&ssl=1\",\"contentUrl\":\"https:\\\/\\\/i0.wp.com\\\/www.chiapatino.com\\\/wp-content\\\/uploads\\\/2022\\\/01\\\/edit_2016_cartuja.webp?fit=800%2C600&ssl=1\",\"width\":800,\"height\":600},{\"@type\":\"BreadcrumbList\",\"@id\":\"https:\\\/\\\/www.chiapatino.com\\\/home\\\/2018archdt145\\\/#breadcrumb\",\"itemListElement\":[{\"@type\":\"ListItem\",\"position\":1,\"name\":\"Home\",\"item\":\"https:\\\/\\\/www.chiapatino.com\\\/home\\\/\"},{\"@type\":\"ListItem\",\"position\":2,\"name\":\"PROHIBIDO OLVIDAR\"}]},{\"@type\":\"WebSite\",\"@id\":\"https:\\\/\\\/www.chiapatino.com\\\/home\\\/#website\",\"url\":\"https:\\\/\\\/www.chiapatino.com\\\/home\\\/\",\"name\":\"Chia Pati\u00f1o\",\"description\":\"Portafolio\",\"publisher\":{\"@id\":\"https:\\\/\\\/www.chiapatino.com\\\/home\\\/#\\\/schema\\\/person\\\/f64ab33314c9c8769b4082962d7f5301\"},\"potentialAction\":[{\"@type\":\"SearchAction\",\"target\":{\"@type\":\"EntryPoint\",\"urlTemplate\":\"https:\\\/\\\/www.chiapatino.com\\\/home\\\/?s={search_term_string}\"},\"query-input\":{\"@type\":\"PropertyValueSpecification\",\"valueRequired\":true,\"valueName\":\"search_term_string\"}}],\"inLanguage\":\"en-US\"},{\"@type\":[\"Person\",\"Organization\"],\"@id\":\"https:\\\/\\\/www.chiapatino.com\\\/home\\\/#\\\/schema\\\/person\\\/f64ab33314c9c8769b4082962d7f5301\",\"name\":\"Chia Pati\u00f1o\",\"image\":{\"@type\":\"ImageObject\",\"inLanguage\":\"en-US\",\"@id\":\"https:\\\/\\\/i0.wp.com\\\/www.chiapatino.com\\\/wp-content\\\/uploads\\\/2022\\\/11\\\/chiahs01.webp?fit=960%2C1201&ssl=1\",\"url\":\"https:\\\/\\\/i0.wp.com\\\/www.chiapatino.com\\\/wp-content\\\/uploads\\\/2022\\\/11\\\/chiahs01.webp?fit=960%2C1201&ssl=1\",\"contentUrl\":\"https:\\\/\\\/i0.wp.com\\\/www.chiapatino.com\\\/wp-content\\\/uploads\\\/2022\\\/11\\\/chiahs01.webp?fit=960%2C1201&ssl=1\",\"width\":960,\"height\":1201,\"caption\":\"Chia Pati\u00f1o\"},\"logo\":{\"@id\":\"https:\\\/\\\/i0.wp.com\\\/www.chiapatino.com\\\/wp-content\\\/uploads\\\/2022\\\/11\\\/chiahs01.webp?fit=960%2C1201&ssl=1\"},\"sameAs\":[\"https:\\\/\\\/www.facebook.com\\\/chia.patino\",\"https:\\\/\\\/www.instagram.com\\\/chia.patino\\\/\",\"https:\\\/\\\/x.com\\\/https:\\\/\\\/twitter.com\\\/chpatito?lang=en\"]}]}<\/script>\n<!-- \/ Yoast SEO plugin. -->","yoast_head_json":{"title":"PROHIBIDO OLVIDAR - Chia Pati\u00f1o","description":"!Que llueva que lluevala virgen de la Cueva! Los pajaritos cantanLas nubes se levantan. En 1383 el infante -Don Mart\u00edn de Arag\u00f3n- fund\u00f3 la Cartuja de Vall de Cristo en la Villa de Altura en la provincia de Valencia en Espa\u00f1a. Era un espacio dedicado a la oraci\u00f3n, la meditaci\u00f3n y seguramente el trabajo manual. En su momento importante, fue incluso visitada por varios Papas.","robots":{"index":"index","follow":"follow","max-snippet":"max-snippet:-1","max-image-preview":"max-image-preview:large","max-video-preview":"max-video-preview:-1"},"canonical":"https:\/\/www.chiapatino.com\/home\/2018archdt145\/","og_locale":"en_US","og_type":"article","og_title":"PROHIBIDO OLVIDAR - Chia Pati\u00f1o","og_description":"!Que llueva que lluevala virgen de la Cueva! Los pajaritos cantanLas nubes se levantan. En 1383 el infante -Don Mart\u00edn de Arag\u00f3n- fund\u00f3 la Cartuja de Vall de Cristo en la Villa de Altura en la provincia de Valencia en Espa\u00f1a. Era un espacio dedicado a la oraci\u00f3n, la meditaci\u00f3n y seguramente el trabajo manual. En su momento importante, fue incluso visitada por varios Papas.","og_url":"https:\/\/www.chiapatino.com\/home\/2018archdt145\/","og_site_name":"Chia Pati\u00f1o","article_publisher":"https:\/\/www.facebook.com\/chia.patino","article_modified_time":"2024-06-22T14:51:16+00:00","og_image":[{"width":800,"height":600,"url":"https:\/\/www.chiapatino.com\/wp-content\/uploads\/2022\/01\/edit_2016_cartuja.webp","type":"image\/webp"}],"twitter_card":"summary_large_image","twitter_site":"@en","twitter_misc":{"Est. reading time":"3 minutes"},"schema":{"@context":"https:\/\/schema.org","@graph":[{"@type":"WebPage","@id":"https:\/\/www.chiapatino.com\/home\/2018archdt145\/","url":"https:\/\/www.chiapatino.com\/home\/2018archdt145\/","name":"PROHIBIDO OLVIDAR - Chia Pati\u00f1o","isPartOf":{"@id":"https:\/\/www.chiapatino.com\/home\/#website"},"primaryImageOfPage":{"@id":"https:\/\/www.chiapatino.com\/home\/2018archdt145\/#primaryimage"},"image":{"@id":"https:\/\/www.chiapatino.com\/home\/2018archdt145\/#primaryimage"},"thumbnailUrl":"https:\/\/i0.wp.com\/www.chiapatino.com\/wp-content\/uploads\/2022\/01\/edit_2016_cartuja.webp?fit=800%2C600&ssl=1","datePublished":"2018-01-01T00:00:41+00:00","dateModified":"2024-06-22T14:51:16+00:00","description":"!Que llueva que lluevala virgen de la Cueva! Los pajaritos cantanLas nubes se levantan. En 1383 el infante -Don Mart\u00edn de Arag\u00f3n- fund\u00f3 la Cartuja de Vall de Cristo en la Villa de Altura en la provincia de Valencia en Espa\u00f1a. Era un espacio dedicado a la oraci\u00f3n, la meditaci\u00f3n y seguramente el trabajo manual. En su momento importante, fue incluso visitada por varios Papas.","breadcrumb":{"@id":"https:\/\/www.chiapatino.com\/home\/2018archdt145\/#breadcrumb"},"inLanguage":"en-US","potentialAction":[{"@type":"ReadAction","target":["https:\/\/www.chiapatino.com\/home\/2018archdt145\/"]}]},{"@type":"ImageObject","inLanguage":"en-US","@id":"https:\/\/www.chiapatino.com\/home\/2018archdt145\/#primaryimage","url":"https:\/\/i0.wp.com\/www.chiapatino.com\/wp-content\/uploads\/2022\/01\/edit_2016_cartuja.webp?fit=800%2C600&ssl=1","contentUrl":"https:\/\/i0.wp.com\/www.chiapatino.com\/wp-content\/uploads\/2022\/01\/edit_2016_cartuja.webp?fit=800%2C600&ssl=1","width":800,"height":600},{"@type":"BreadcrumbList","@id":"https:\/\/www.chiapatino.com\/home\/2018archdt145\/#breadcrumb","itemListElement":[{"@type":"ListItem","position":1,"name":"Home","item":"https:\/\/www.chiapatino.com\/home\/"},{"@type":"ListItem","position":2,"name":"PROHIBIDO OLVIDAR"}]},{"@type":"WebSite","@id":"https:\/\/www.chiapatino.com\/home\/#website","url":"https:\/\/www.chiapatino.com\/home\/","name":"Chia Pati\u00f1o","description":"Portafolio","publisher":{"@id":"https:\/\/www.chiapatino.com\/home\/#\/schema\/person\/f64ab33314c9c8769b4082962d7f5301"},"potentialAction":[{"@type":"SearchAction","target":{"@type":"EntryPoint","urlTemplate":"https:\/\/www.chiapatino.com\/home\/?s={search_term_string}"},"query-input":{"@type":"PropertyValueSpecification","valueRequired":true,"valueName":"search_term_string"}}],"inLanguage":"en-US"},{"@type":["Person","Organization"],"@id":"https:\/\/www.chiapatino.com\/home\/#\/schema\/person\/f64ab33314c9c8769b4082962d7f5301","name":"Chia Pati\u00f1o","image":{"@type":"ImageObject","inLanguage":"en-US","@id":"https:\/\/i0.wp.com\/www.chiapatino.com\/wp-content\/uploads\/2022\/11\/chiahs01.webp?fit=960%2C1201&ssl=1","url":"https:\/\/i0.wp.com\/www.chiapatino.com\/wp-content\/uploads\/2022\/11\/chiahs01.webp?fit=960%2C1201&ssl=1","contentUrl":"https:\/\/i0.wp.com\/www.chiapatino.com\/wp-content\/uploads\/2022\/11\/chiahs01.webp?fit=960%2C1201&ssl=1","width":960,"height":1201,"caption":"Chia Pati\u00f1o"},"logo":{"@id":"https:\/\/i0.wp.com\/www.chiapatino.com\/wp-content\/uploads\/2022\/11\/chiahs01.webp?fit=960%2C1201&ssl=1"},"sameAs":["https:\/\/www.facebook.com\/chia.patino","https:\/\/www.instagram.com\/chia.patino\/","https:\/\/x.com\/https:\/\/twitter.com\/chpatito?lang=en"]}]}},"jetpack_shortlink":"https:\/\/wp.me\/Pb5Ra3-2ol","jetpack_sharing_enabled":true,"_links":{"self":[{"href":"https:\/\/www.chiapatino.com\/home\/wp-json\/wp\/v2\/pages\/9197","targetHints":{"allow":["GET"]}}],"collection":[{"href":"https:\/\/www.chiapatino.com\/home\/wp-json\/wp\/v2\/pages"}],"about":[{"href":"https:\/\/www.chiapatino.com\/home\/wp-json\/wp\/v2\/types\/page"}],"author":[{"embeddable":true,"href":"https:\/\/www.chiapatino.com\/home\/wp-json\/wp\/v2\/users\/1"}],"replies":[{"embeddable":true,"href":"https:\/\/www.chiapatino.com\/home\/wp-json\/wp\/v2\/comments?post=9197"}],"version-history":[{"count":1,"href":"https:\/\/www.chiapatino.com\/home\/wp-json\/wp\/v2\/pages\/9197\/revisions"}],"predecessor-version":[{"id":9198,"href":"https:\/\/www.chiapatino.com\/home\/wp-json\/wp\/v2\/pages\/9197\/revisions\/9198"}],"wp:featuredmedia":[{"embeddable":true,"href":"https:\/\/www.chiapatino.com\/home\/wp-json\/wp\/v2\/media\/6384"}],"wp:attachment":[{"href":"https:\/\/www.chiapatino.com\/home\/wp-json\/wp\/v2\/media?parent=9197"}],"curies":[{"name":"wp","href":"https:\/\/api.w.org\/{rel}","templated":true}]}}