{"id":9203,"date":"2017-12-01T00:00:12","date_gmt":"2017-12-01T00:00:12","guid":{"rendered":"https:\/\/www.chiapatino.com\/home\/?page_id=9203"},"modified":"2024-06-22T17:34:41","modified_gmt":"2024-06-22T17:34:41","slug":"2017archdt143","status":"publish","type":"page","link":"https:\/\/www.chiapatino.com\/home\/2017archdt143\/","title":{"rendered":"MUESTRA NACIONAL DE TEATRO &#8211; EDICI\u00d3N 38. LE\u00d3N, GUANAJUATO"},"content":{"rendered":"<div class=\"wpb-content-wrapper\"><p>[vc_row row_height_percent=&#8221;50&#8243; back_image=&#8221;6380&#8243; back_position=&#8221;center center&#8221; kburns=&#8221;yes&#8221; overlay_alpha=&#8221;50&#8243; gutter_size=&#8221;3&#8243; column_width_percent=&#8221;100&#8243; shift_y=&#8221;0&#8243; z_index=&#8221;0&#8243; uncode_shortcode_id=&#8221;799798&#8243;][vc_column width=&#8221;1\/1&#8243;][vc_empty_space empty_h=&#8221;2&#8243;][\/vc_column][\/vc_row][vc_row][vc_column column_width_percent=&#8221;100&#8243; gutter_size=&#8221;3&#8243; style=&#8221;dark&#8221; overlay_alpha=&#8221;50&#8243; shift_x=&#8221;0&#8243; shift_y=&#8221;0&#8243; shift_y_down=&#8221;0&#8243; z_index=&#8221;0&#8243; medium_width=&#8221;0&#8243; mobile_width=&#8221;0&#8243; width=&#8221;1\/1&#8243;][vc_empty_space empty_h=&#8221;2&#8243;][vc_custom_heading]<\/p>\n<h2>Muestra Nacional de Teatro &#8211; Edici\u00f3n 38. Le\u00f3n, Guanajuato<\/h2>\n<p>[\/vc_custom_heading][vc_column_text]<\/p>\n<p>Debo admitir que participar en dos importantes encuentros teatrales en M\u00e9xico me hace evidente los huecos que tenemos a\u00fan en nuestro pa\u00eds por resolver. Cerramos un peque\u00f1o pero potente festival de teatro con casas llenas y bolsillos vac\u00edos.<\/p>\n<p>Es v\u00e1lido preguntarse y reflexionar lo que pas\u00f3: atorados en el surreal mundo de legalizar la venta de los boletos e inaugurar finalmente nuestra plataforma electr\u00f3nica (algo que al momento de escribir esto, sigue siendo una meta), decidimos abrir los aforos hasta llenarlos, y- no s\u00e9 si decir- con tristeza, o felizmente&#8230; se llenaron los teatros: misi\u00f3n cumplida. Tres potentes representantes extranjeros de Jap\u00f3n, M\u00e9xico y Francia empujaron la fantas\u00eda del quite\u00f1o a territorios desconocidos: misi\u00f3n cumplida. Las propuestas nacionales abrieron un abanico de g\u00e9neros y medios, arriesgando mucho y compartiendo m\u00e1s: misi\u00f3n cumplida. Para que sea un Festival, falt\u00f3 el componente clave de mesas, talleres, cl\u00ednicas, discusiones y el necesario apoyo a estrenos nacionales. Esperemos al 2018 para cumplir esto.<\/p>\n<p>Disgreci\u00f3n necesaria mientras reflexiono sobre la Muestra Nacional de Teatro &#8211; en su edici\u00f3n 38, que este a\u00f1o se dio encuentro en Le\u00f3n, Guanajuato, y comparto cosas que me inspiran: el compromiso del gobierno mexicano que mueve este encuentro de estado en estado, de esta manera alimentando a todos sus ciudadanos. Una visi\u00f3n art\u00edstica comprometida a temas importantes- no comerciales. El espacio de apertura para la nueva generaci\u00f3n de quienes despuntan en el arte dram\u00e1tico- todas sus ramas. E[ grupo de &#8220;becarios&#8221;: 2 j\u00f3venes por provincia, que generan un grupo enorme hambriento de experiencias, con cosas que compartir, preguntas que generar: lograr as\u00ed que se conozcan, que se apoyen, que se alimenten: dinero bien invertido y digno de un encuentro nacional.<\/p>\n<p>Nos queda mucho que aprender, y hay muchos sitios de donde inspirarse. De el Festival de Loja, me inspira la ciudad que en dos a\u00f1os ha dejado claro que acoge este evento con cari\u00f1o y orgullo, y vuelve as\u00ed a Loja en un sitio importante para vivenciar las artes esc\u00e9nicas vivas. (Hablo y cuestiono al elefante blanco para que quede en papel: el despilfarro evidente de presupuesto es inaceptable, y exijo cuentas transparentes que expliquen c\u00f3mo en 10 d\u00edas una productora es capaz de gastar 53&#8217;000.000. (Estar\u00e9 atenta a sus cuentas, pero y sobre todo a los gastos publicitarios que en tiempos de vacas flacas ni transparentados son del todo correctos.) Y exijo adem\u00e1s se me explique como &#8211; con dinero p\u00fablico- se le rob\u00f3 a Quito de una obra bajo la presunta &#8220;cl\u00e1usula de exclusividad&#8221; planteada por el productor que tomaba todas tas decisiones. Presumo que hay un culpable.<\/p>\n<p>As\u00ed que hoy para acabar el a\u00f1o me mantengo comprometida con aquello que inspira, pero insto a que salgamos lentamente de estas posiciones pasivas mientras que a los artistas les niegan lo que e[ pa\u00eds les debe para apoyar a sus creadores: o prefieren as\u00ed callar las voces?<\/p>\n<p>&nbsp;<\/p>\n<p style=\"text-align: right;\"><strong>Ch\u00eda Pati\u00f1o<\/strong>, <em>Directora Art\u00edstica &#8211; Ejecutiva<\/em><\/p>\n<p style=\"text-align: right;\">Diciembre, 2017<\/p>\n<p>[\/vc_column_text][vc_button button_color=&#8221;color-nhtu&#8221; border_width=&#8221;0&#8243; link=&#8221;url:https%3A%2F%2Fwww.teatrosucre.com%2Fsites%2Fdefault%2Ffiles%2F12_diciembre2017.pdf||target:%20_blank|&#8221;]DESDEL TEATRO #143[\/vc_button][vc_empty_space empty_h=&#8221;5&#8243;][vc_empty_space empty_h=&#8221;5&#8243;][\/vc_column][\/vc_row]<\/p>\n<\/div>","protected":false},"excerpt":{"rendered":"<p>Debo admitir que participar en dos importantes encuentros teatrales en M\u00e9xico me hace evidente los huecos que tenemos a\u00fan en nuestro pa\u00eds por resolver. Cerramos un peque\u00f1o pero potente festival de teatro con casas llenas y bolsillos vac\u00edos.<\/p>\n","protected":false},"author":1,"featured_media":6380,"parent":0,"menu_order":0,"comment_status":"closed","ping_status":"closed","template":"","meta":{"footnotes":""},"class_list":["post-9203","page","type-page","status-publish","has-post-thumbnail","hentry","page_category-editorial"],"yoast_head":"<!-- This site is optimized with the Yoast SEO plugin v27.4 - https:\/\/yoast.com\/product\/yoast-seo-wordpress\/ -->\n<title>MUESTRA NACIONAL DE TEATRO - EDICI\u00d3N 38. LE\u00d3N, GUANAJUATO - Chia Pati\u00f1o<\/title>\n<meta name=\"description\" content=\"Debo admitir que participar en dos importantes encuentros teatrales en M\u00e9xico me hace evidente los huecos que tenemos a\u00fan en nuestro pa\u00eds por resolver. Cerramos un peque\u00f1o pero potente festival de teatro con casas llenas y bolsillos vac\u00edos.\" \/>\n<meta name=\"robots\" content=\"index, follow, max-snippet:-1, max-image-preview:large, max-video-preview:-1\" \/>\n<link rel=\"canonical\" href=\"https:\/\/www.chiapatino.com\/home\/2017archdt143\/\" \/>\n<meta property=\"og:locale\" content=\"en_US\" \/>\n<meta property=\"og:type\" content=\"article\" \/>\n<meta property=\"og:title\" content=\"MUESTRA NACIONAL DE TEATRO - EDICI\u00d3N 38. LE\u00d3N, GUANAJUATO - Chia Pati\u00f1o\" \/>\n<meta property=\"og:description\" content=\"Debo admitir que participar en dos importantes encuentros teatrales en M\u00e9xico me hace evidente los huecos que tenemos a\u00fan en nuestro pa\u00eds por resolver. Cerramos un peque\u00f1o pero potente festival de teatro con casas llenas y bolsillos vac\u00edos.\" \/>\n<meta property=\"og:url\" content=\"https:\/\/www.chiapatino.com\/home\/2017archdt143\/\" \/>\n<meta property=\"og:site_name\" content=\"Chia Pati\u00f1o\" \/>\n<meta property=\"article:publisher\" content=\"https:\/\/www.facebook.com\/chia.patino\" \/>\n<meta property=\"article:modified_time\" content=\"2024-06-22T17:34:41+00:00\" \/>\n<meta property=\"og:image\" content=\"https:\/\/www.chiapatino.com\/wp-content\/uploads\/2022\/01\/edit_2016_teatguana.webp\" \/>\n\t<meta property=\"og:image:width\" content=\"737\" \/>\n\t<meta property=\"og:image:height\" content=\"585\" \/>\n\t<meta property=\"og:image:type\" content=\"image\/webp\" \/>\n<meta name=\"twitter:card\" content=\"summary_large_image\" \/>\n<meta name=\"twitter:site\" content=\"@en\" \/>\n<meta name=\"twitter:label1\" content=\"Est. reading time\" \/>\n\t<meta name=\"twitter:data1\" content=\"3 minutes\" \/>\n<script type=\"application\/ld+json\" class=\"yoast-schema-graph\">{\"@context\":\"https:\\\/\\\/schema.org\",\"@graph\":[{\"@type\":\"WebPage\",\"@id\":\"https:\\\/\\\/www.chiapatino.com\\\/home\\\/2017archdt143\\\/\",\"url\":\"https:\\\/\\\/www.chiapatino.com\\\/home\\\/2017archdt143\\\/\",\"name\":\"MUESTRA NACIONAL DE TEATRO - EDICI\u00d3N 38. LE\u00d3N, GUANAJUATO - Chia Pati\u00f1o\",\"isPartOf\":{\"@id\":\"https:\\\/\\\/www.chiapatino.com\\\/home\\\/#website\"},\"primaryImageOfPage\":{\"@id\":\"https:\\\/\\\/www.chiapatino.com\\\/home\\\/2017archdt143\\\/#primaryimage\"},\"image\":{\"@id\":\"https:\\\/\\\/www.chiapatino.com\\\/home\\\/2017archdt143\\\/#primaryimage\"},\"thumbnailUrl\":\"https:\\\/\\\/i0.wp.com\\\/www.chiapatino.com\\\/wp-content\\\/uploads\\\/2022\\\/01\\\/edit_2016_teatguana.webp?fit=737%2C585&ssl=1\",\"datePublished\":\"2017-12-01T00:00:12+00:00\",\"dateModified\":\"2024-06-22T17:34:41+00:00\",\"description\":\"Debo admitir que participar en dos importantes encuentros teatrales en M\u00e9xico me hace evidente los huecos que tenemos a\u00fan en nuestro pa\u00eds por resolver. Cerramos un peque\u00f1o pero potente festival de teatro con casas llenas y bolsillos vac\u00edos.\",\"breadcrumb\":{\"@id\":\"https:\\\/\\\/www.chiapatino.com\\\/home\\\/2017archdt143\\\/#breadcrumb\"},\"inLanguage\":\"en-US\",\"potentialAction\":[{\"@type\":\"ReadAction\",\"target\":[\"https:\\\/\\\/www.chiapatino.com\\\/home\\\/2017archdt143\\\/\"]}]},{\"@type\":\"ImageObject\",\"inLanguage\":\"en-US\",\"@id\":\"https:\\\/\\\/www.chiapatino.com\\\/home\\\/2017archdt143\\\/#primaryimage\",\"url\":\"https:\\\/\\\/i0.wp.com\\\/www.chiapatino.com\\\/wp-content\\\/uploads\\\/2022\\\/01\\\/edit_2016_teatguana.webp?fit=737%2C585&ssl=1\",\"contentUrl\":\"https:\\\/\\\/i0.wp.com\\\/www.chiapatino.com\\\/wp-content\\\/uploads\\\/2022\\\/01\\\/edit_2016_teatguana.webp?fit=737%2C585&ssl=1\",\"width\":737,\"height\":585},{\"@type\":\"BreadcrumbList\",\"@id\":\"https:\\\/\\\/www.chiapatino.com\\\/home\\\/2017archdt143\\\/#breadcrumb\",\"itemListElement\":[{\"@type\":\"ListItem\",\"position\":1,\"name\":\"Home\",\"item\":\"https:\\\/\\\/www.chiapatino.com\\\/home\\\/\"},{\"@type\":\"ListItem\",\"position\":2,\"name\":\"MUESTRA NACIONAL DE TEATRO &#8211; EDICI\u00d3N 38. LE\u00d3N, GUANAJUATO\"}]},{\"@type\":\"WebSite\",\"@id\":\"https:\\\/\\\/www.chiapatino.com\\\/home\\\/#website\",\"url\":\"https:\\\/\\\/www.chiapatino.com\\\/home\\\/\",\"name\":\"Chia Pati\u00f1o\",\"description\":\"Portafolio\",\"publisher\":{\"@id\":\"https:\\\/\\\/www.chiapatino.com\\\/home\\\/#\\\/schema\\\/person\\\/f64ab33314c9c8769b4082962d7f5301\"},\"potentialAction\":[{\"@type\":\"SearchAction\",\"target\":{\"@type\":\"EntryPoint\",\"urlTemplate\":\"https:\\\/\\\/www.chiapatino.com\\\/home\\\/?s={search_term_string}\"},\"query-input\":{\"@type\":\"PropertyValueSpecification\",\"valueRequired\":true,\"valueName\":\"search_term_string\"}}],\"inLanguage\":\"en-US\"},{\"@type\":[\"Person\",\"Organization\"],\"@id\":\"https:\\\/\\\/www.chiapatino.com\\\/home\\\/#\\\/schema\\\/person\\\/f64ab33314c9c8769b4082962d7f5301\",\"name\":\"Chia Pati\u00f1o\",\"image\":{\"@type\":\"ImageObject\",\"inLanguage\":\"en-US\",\"@id\":\"https:\\\/\\\/i0.wp.com\\\/www.chiapatino.com\\\/wp-content\\\/uploads\\\/2022\\\/11\\\/chiahs01.webp?fit=960%2C1201&ssl=1\",\"url\":\"https:\\\/\\\/i0.wp.com\\\/www.chiapatino.com\\\/wp-content\\\/uploads\\\/2022\\\/11\\\/chiahs01.webp?fit=960%2C1201&ssl=1\",\"contentUrl\":\"https:\\\/\\\/i0.wp.com\\\/www.chiapatino.com\\\/wp-content\\\/uploads\\\/2022\\\/11\\\/chiahs01.webp?fit=960%2C1201&ssl=1\",\"width\":960,\"height\":1201,\"caption\":\"Chia Pati\u00f1o\"},\"logo\":{\"@id\":\"https:\\\/\\\/i0.wp.com\\\/www.chiapatino.com\\\/wp-content\\\/uploads\\\/2022\\\/11\\\/chiahs01.webp?fit=960%2C1201&ssl=1\"},\"sameAs\":[\"https:\\\/\\\/www.facebook.com\\\/chia.patino\",\"https:\\\/\\\/www.instagram.com\\\/chia.patino\\\/\",\"https:\\\/\\\/x.com\\\/https:\\\/\\\/twitter.com\\\/chpatito?lang=en\"]}]}<\/script>\n<!-- \/ Yoast SEO plugin. -->","yoast_head_json":{"title":"MUESTRA NACIONAL DE TEATRO - EDICI\u00d3N 38. LE\u00d3N, GUANAJUATO - Chia Pati\u00f1o","description":"Debo admitir que participar en dos importantes encuentros teatrales en M\u00e9xico me hace evidente los huecos que tenemos a\u00fan en nuestro pa\u00eds por resolver. Cerramos un peque\u00f1o pero potente festival de teatro con casas llenas y bolsillos vac\u00edos.","robots":{"index":"index","follow":"follow","max-snippet":"max-snippet:-1","max-image-preview":"max-image-preview:large","max-video-preview":"max-video-preview:-1"},"canonical":"https:\/\/www.chiapatino.com\/home\/2017archdt143\/","og_locale":"en_US","og_type":"article","og_title":"MUESTRA NACIONAL DE TEATRO - EDICI\u00d3N 38. LE\u00d3N, GUANAJUATO - Chia Pati\u00f1o","og_description":"Debo admitir que participar en dos importantes encuentros teatrales en M\u00e9xico me hace evidente los huecos que tenemos a\u00fan en nuestro pa\u00eds por resolver. Cerramos un peque\u00f1o pero potente festival de teatro con casas llenas y bolsillos vac\u00edos.","og_url":"https:\/\/www.chiapatino.com\/home\/2017archdt143\/","og_site_name":"Chia Pati\u00f1o","article_publisher":"https:\/\/www.facebook.com\/chia.patino","article_modified_time":"2024-06-22T17:34:41+00:00","og_image":[{"width":737,"height":585,"url":"https:\/\/www.chiapatino.com\/wp-content\/uploads\/2022\/01\/edit_2016_teatguana.webp","type":"image\/webp"}],"twitter_card":"summary_large_image","twitter_site":"@en","twitter_misc":{"Est. reading time":"3 minutes"},"schema":{"@context":"https:\/\/schema.org","@graph":[{"@type":"WebPage","@id":"https:\/\/www.chiapatino.com\/home\/2017archdt143\/","url":"https:\/\/www.chiapatino.com\/home\/2017archdt143\/","name":"MUESTRA NACIONAL DE TEATRO - EDICI\u00d3N 38. LE\u00d3N, GUANAJUATO - Chia Pati\u00f1o","isPartOf":{"@id":"https:\/\/www.chiapatino.com\/home\/#website"},"primaryImageOfPage":{"@id":"https:\/\/www.chiapatino.com\/home\/2017archdt143\/#primaryimage"},"image":{"@id":"https:\/\/www.chiapatino.com\/home\/2017archdt143\/#primaryimage"},"thumbnailUrl":"https:\/\/i0.wp.com\/www.chiapatino.com\/wp-content\/uploads\/2022\/01\/edit_2016_teatguana.webp?fit=737%2C585&ssl=1","datePublished":"2017-12-01T00:00:12+00:00","dateModified":"2024-06-22T17:34:41+00:00","description":"Debo admitir que participar en dos importantes encuentros teatrales en M\u00e9xico me hace evidente los huecos que tenemos a\u00fan en nuestro pa\u00eds por resolver. Cerramos un peque\u00f1o pero potente festival de teatro con casas llenas y bolsillos vac\u00edos.","breadcrumb":{"@id":"https:\/\/www.chiapatino.com\/home\/2017archdt143\/#breadcrumb"},"inLanguage":"en-US","potentialAction":[{"@type":"ReadAction","target":["https:\/\/www.chiapatino.com\/home\/2017archdt143\/"]}]},{"@type":"ImageObject","inLanguage":"en-US","@id":"https:\/\/www.chiapatino.com\/home\/2017archdt143\/#primaryimage","url":"https:\/\/i0.wp.com\/www.chiapatino.com\/wp-content\/uploads\/2022\/01\/edit_2016_teatguana.webp?fit=737%2C585&ssl=1","contentUrl":"https:\/\/i0.wp.com\/www.chiapatino.com\/wp-content\/uploads\/2022\/01\/edit_2016_teatguana.webp?fit=737%2C585&ssl=1","width":737,"height":585},{"@type":"BreadcrumbList","@id":"https:\/\/www.chiapatino.com\/home\/2017archdt143\/#breadcrumb","itemListElement":[{"@type":"ListItem","position":1,"name":"Home","item":"https:\/\/www.chiapatino.com\/home\/"},{"@type":"ListItem","position":2,"name":"MUESTRA NACIONAL DE TEATRO &#8211; EDICI\u00d3N 38. LE\u00d3N, GUANAJUATO"}]},{"@type":"WebSite","@id":"https:\/\/www.chiapatino.com\/home\/#website","url":"https:\/\/www.chiapatino.com\/home\/","name":"Chia Pati\u00f1o","description":"Portafolio","publisher":{"@id":"https:\/\/www.chiapatino.com\/home\/#\/schema\/person\/f64ab33314c9c8769b4082962d7f5301"},"potentialAction":[{"@type":"SearchAction","target":{"@type":"EntryPoint","urlTemplate":"https:\/\/www.chiapatino.com\/home\/?s={search_term_string}"},"query-input":{"@type":"PropertyValueSpecification","valueRequired":true,"valueName":"search_term_string"}}],"inLanguage":"en-US"},{"@type":["Person","Organization"],"@id":"https:\/\/www.chiapatino.com\/home\/#\/schema\/person\/f64ab33314c9c8769b4082962d7f5301","name":"Chia Pati\u00f1o","image":{"@type":"ImageObject","inLanguage":"en-US","@id":"https:\/\/i0.wp.com\/www.chiapatino.com\/wp-content\/uploads\/2022\/11\/chiahs01.webp?fit=960%2C1201&ssl=1","url":"https:\/\/i0.wp.com\/www.chiapatino.com\/wp-content\/uploads\/2022\/11\/chiahs01.webp?fit=960%2C1201&ssl=1","contentUrl":"https:\/\/i0.wp.com\/www.chiapatino.com\/wp-content\/uploads\/2022\/11\/chiahs01.webp?fit=960%2C1201&ssl=1","width":960,"height":1201,"caption":"Chia Pati\u00f1o"},"logo":{"@id":"https:\/\/i0.wp.com\/www.chiapatino.com\/wp-content\/uploads\/2022\/11\/chiahs01.webp?fit=960%2C1201&ssl=1"},"sameAs":["https:\/\/www.facebook.com\/chia.patino","https:\/\/www.instagram.com\/chia.patino\/","https:\/\/x.com\/https:\/\/twitter.com\/chpatito?lang=en"]}]}},"jetpack_shortlink":"https:\/\/wp.me\/Pb5Ra3-2or","jetpack_sharing_enabled":true,"_links":{"self":[{"href":"https:\/\/www.chiapatino.com\/home\/wp-json\/wp\/v2\/pages\/9203","targetHints":{"allow":["GET"]}}],"collection":[{"href":"https:\/\/www.chiapatino.com\/home\/wp-json\/wp\/v2\/pages"}],"about":[{"href":"https:\/\/www.chiapatino.com\/home\/wp-json\/wp\/v2\/types\/page"}],"author":[{"embeddable":true,"href":"https:\/\/www.chiapatino.com\/home\/wp-json\/wp\/v2\/users\/1"}],"replies":[{"embeddable":true,"href":"https:\/\/www.chiapatino.com\/home\/wp-json\/wp\/v2\/comments?post=9203"}],"version-history":[{"count":1,"href":"https:\/\/www.chiapatino.com\/home\/wp-json\/wp\/v2\/pages\/9203\/revisions"}],"predecessor-version":[{"id":9204,"href":"https:\/\/www.chiapatino.com\/home\/wp-json\/wp\/v2\/pages\/9203\/revisions\/9204"}],"wp:featuredmedia":[{"embeddable":true,"href":"https:\/\/www.chiapatino.com\/home\/wp-json\/wp\/v2\/media\/6380"}],"wp:attachment":[{"href":"https:\/\/www.chiapatino.com\/home\/wp-json\/wp\/v2\/media?parent=9203"}],"curies":[{"name":"wp","href":"https:\/\/api.w.org\/{rel}","templated":true}]}}