{"id":9210,"date":"2017-03-01T00:00:11","date_gmt":"2017-03-01T00:00:11","guid":{"rendered":"https:\/\/www.chiapatino.com\/home\/?page_id=9210"},"modified":"2024-06-22T18:54:44","modified_gmt":"2024-06-22T18:54:44","slug":"2017archdt134","status":"publish","type":"page","link":"https:\/\/www.chiapatino.com\/home\/2017archdt134\/","title":{"rendered":"SPRING AWAKENING"},"content":{"rendered":"<div class=\"wpb-content-wrapper\"><p>[vc_row unlock_row_content=&#8221;yes&#8221; row_height_percent=&#8221;50&#8243; back_image=&#8221;7337&#8243; back_position=&#8221;center center&#8221; kburns=&#8221;yes&#8221; overlay_alpha=&#8221;50&#8243; gutter_size=&#8221;3&#8243; column_width_percent=&#8221;100&#8243; shift_y=&#8221;0&#8243; z_index=&#8221;0&#8243; uncode_shortcode_id=&#8221;115794&#8243;][vc_column width=&#8221;1\/1&#8243;][vc_empty_space empty_h=&#8221;5&#8243;][vc_empty_space empty_h=&#8221;5&#8243;][\/vc_column][\/vc_row][vc_row][vc_column column_width_percent=&#8221;100&#8243; gutter_size=&#8221;3&#8243; style=&#8221;dark&#8221; overlay_alpha=&#8221;50&#8243; shift_x=&#8221;0&#8243; shift_y=&#8221;0&#8243; shift_y_down=&#8221;0&#8243; z_index=&#8221;0&#8243; medium_width=&#8221;0&#8243; mobile_width=&#8221;0&#8243; width=&#8221;1\/1&#8243;][vc_empty_space empty_h=&#8221;2&#8243;][vc_custom_heading]<\/p>\n<h2>Spring Awakening<\/h2>\n<p>[\/vc_custom_heading][vc_column_text]<\/p>\n<p style=\"text-align: center;\"><em>Enciendo la luz y nada esta mal<\/em><br \/>\n<em>no mirar, no pensar,<\/em><br \/>\n<em>no sufrir, no tocar<\/em><br \/>\n<em>el \u00e1ngel miraba en la oscuridad<\/em><br \/>\n<em>se perdi\u00f3 en el azul de la noche invernal<\/em><\/p>\n<p style=\"text-align: center;\"><em>no hay d\u00f3nde escapar de este cuerpo sin paz<\/em><br \/>\n<em>rotos en mi alma hombre y ni\u00f1o estar\u00e1n<\/em><br \/>\n<em>observo al fantasma y en soledad<\/em><br \/>\n<em>yo busco la llave de mi alma y no est\u00e1<\/em><\/p>\n<p style=\"text-align: center;\"><em>los destellos de miedo que corren en mi<\/em><br \/>\n<em>por fin se terminan si enciendo la luz<\/em><br \/>\n<em>y as\u00ed en un instante no hay m\u00e1s que pensar<\/em><br \/>\n<em>el miedo se pierde y lo malo se va<\/em><\/p>\n<p style=\"text-align: center;\"><em>de fantasma en mi mente no puedo escapar.<\/em><br \/>\n<em>y roto por dentro hombre y ni\u00f1o estar\u00e1n<\/em><br \/>\n<em>no hay nadie que sepa, c\u00f3mo curar.<\/em><br \/>\n<em>a mi alma que llora en la oscuridad&#8230;<\/em><\/p>\n<p style=\"text-align: center;\"><em>Mirror-Blue Night. Spring Awakening- Steven Sater. <\/em><\/p>\n<p style=\"text-align: center;\"><em>Traducci\u00f3n: Chia Patirio<\/em><\/p>\n<p>&nbsp;<\/p>\n<p>&nbsp;<\/p>\n<p>Obras que dicen todo, que abarcan mucho, que exponen la fragilidad de la adolescencia \u00a0-en realidad del ser humano-, que nos recuerdan que somos tan peque\u00f1os o tan grandes como decidimos serlo y que exponen que el \u00fanico l\u00edmite de el ser humano es la muerte. Cuando una pieza <em>&#8220;pega centro&#8221;<\/em>&#8230; lo \u00fanico que debemos hacer es compartirla&#8230; y dejar que cada qui\u00e9n viva sus propio momento. Por eso, una invitaci\u00f3n a este musical rock, que a pesar de basarse en una obra de teatro del siglo XIX se muestra enteramente vigente. Y es que hay cosas que son contentibles, hay cosas que en su debido tiempo despertar\u00e1n siempre&#8230;y si sobreviven la primavera, como el musical concluye&#8230; gozar\u00e1n adem\u00e1s del verano.<\/p>\n<p>&nbsp;<\/p>\n<p style=\"text-align: right;\"><strong>Ch\u00eda Pati\u00f1o<\/strong>, <em>Directora Art\u00edstica &#8211; Ejecutiva<\/em><\/p>\n<p style=\"text-align: right;\">Marzo, 2017<\/p>\n<p>[\/vc_column_text][vc_button button_color=&#8221;color-nhtu&#8221; border_width=&#8221;0&#8243; link=&#8221;url:https%3A%2F%2Fwww.teatrosucre.com%2Fsites%2Fdefault%2Ffiles%2Frevista_escenas_marzo_2017_1.pdf||target:%20_blank|&#8221;]DESDEL TEATRO #134[\/vc_button][vc_empty_space empty_h=&#8221;5&#8243;][vc_empty_space empty_h=&#8221;5&#8243;][\/vc_column][\/vc_row]<\/p>\n<\/div>","protected":false},"excerpt":{"rendered":"<p>Obras que dicen todo, que abarcan mucho, que exponen la fragilidad de la adolescencia  -en realidad del ser humano-, que nos recuerdan que somos tan peque\u00f1os o tan grandes como decidimos serlo y que exponen que el \u00fanico l\u00edmite de el ser humano es la muerte. Cuando una pieza \u201cpega centro\u201d\u2026 lo \u00fanico que debemos hacer es compartirla\u2026 y dejar que cada qui\u00e9n viva sus propio momento.<\/p>\n","protected":false},"author":1,"featured_media":0,"parent":0,"menu_order":0,"comment_status":"closed","ping_status":"closed","template":"","meta":{"footnotes":""},"class_list":["post-9210","page","type-page","status-publish","hentry","page_category-editorial"],"yoast_head":"<!-- This site is optimized with the Yoast SEO plugin v27.4 - https:\/\/yoast.com\/product\/yoast-seo-wordpress\/ -->\n<title>SPRING AWAKENING - Chia Pati\u00f1o<\/title>\n<meta name=\"description\" content=\"Obras que dicen todo, que abarcan mucho, que exponen la fragilidad de la adolescencia -en realidad del ser humano-, que nos recuerdan que somos tan peque\u00f1os o tan grandes como decidimos serlo y que exponen que el \u00fanico l\u00edmite de el ser humano es la muerte. Cuando una pieza \u201cpega centro\u201d\u2026 lo \u00fanico que debemos hacer es compartirla\u2026 y dejar que cada qui\u00e9n viva sus propio momento.\" \/>\n<meta name=\"robots\" content=\"index, follow, max-snippet:-1, max-image-preview:large, max-video-preview:-1\" \/>\n<link rel=\"canonical\" href=\"https:\/\/www.chiapatino.com\/home\/2017archdt134\/\" \/>\n<meta property=\"og:locale\" content=\"en_US\" \/>\n<meta property=\"og:type\" content=\"article\" \/>\n<meta property=\"og:title\" content=\"SPRING AWAKENING - Chia Pati\u00f1o\" \/>\n<meta property=\"og:description\" content=\"Obras que dicen todo, que abarcan mucho, que exponen la fragilidad de la adolescencia -en realidad del ser humano-, que nos recuerdan que somos tan peque\u00f1os o tan grandes como decidimos serlo y que exponen que el \u00fanico l\u00edmite de el ser humano es la muerte. Cuando una pieza \u201cpega centro\u201d\u2026 lo \u00fanico que debemos hacer es compartirla\u2026 y dejar que cada qui\u00e9n viva sus propio momento.\" \/>\n<meta property=\"og:url\" content=\"https:\/\/www.chiapatino.com\/home\/2017archdt134\/\" \/>\n<meta property=\"og:site_name\" content=\"Chia Pati\u00f1o\" \/>\n<meta property=\"article:publisher\" content=\"https:\/\/www.facebook.com\/chia.patino\" \/>\n<meta property=\"article:modified_time\" content=\"2024-06-22T18:54:44+00:00\" \/>\n<meta name=\"twitter:card\" content=\"summary_large_image\" \/>\n<meta name=\"twitter:site\" content=\"@en\" \/>\n<meta name=\"twitter:label1\" content=\"Est. reading time\" \/>\n\t<meta name=\"twitter:data1\" content=\"2 minutes\" \/>\n<script type=\"application\/ld+json\" class=\"yoast-schema-graph\">{\"@context\":\"https:\\\/\\\/schema.org\",\"@graph\":[{\"@type\":\"WebPage\",\"@id\":\"https:\\\/\\\/www.chiapatino.com\\\/home\\\/2017archdt134\\\/\",\"url\":\"https:\\\/\\\/www.chiapatino.com\\\/home\\\/2017archdt134\\\/\",\"name\":\"SPRING AWAKENING - Chia Pati\u00f1o\",\"isPartOf\":{\"@id\":\"https:\\\/\\\/www.chiapatino.com\\\/home\\\/#website\"},\"datePublished\":\"2017-03-01T00:00:11+00:00\",\"dateModified\":\"2024-06-22T18:54:44+00:00\",\"description\":\"Obras que dicen todo, que abarcan mucho, que exponen la fragilidad de la adolescencia -en realidad del ser humano-, que nos recuerdan que somos tan peque\u00f1os o tan grandes como decidimos serlo y que exponen que el \u00fanico l\u00edmite de el ser humano es la muerte. Cuando una pieza \u201cpega centro\u201d\u2026 lo \u00fanico que debemos hacer es compartirla\u2026 y dejar que cada qui\u00e9n viva sus propio momento.\",\"breadcrumb\":{\"@id\":\"https:\\\/\\\/www.chiapatino.com\\\/home\\\/2017archdt134\\\/#breadcrumb\"},\"inLanguage\":\"en-US\",\"potentialAction\":[{\"@type\":\"ReadAction\",\"target\":[\"https:\\\/\\\/www.chiapatino.com\\\/home\\\/2017archdt134\\\/\"]}]},{\"@type\":\"BreadcrumbList\",\"@id\":\"https:\\\/\\\/www.chiapatino.com\\\/home\\\/2017archdt134\\\/#breadcrumb\",\"itemListElement\":[{\"@type\":\"ListItem\",\"position\":1,\"name\":\"Home\",\"item\":\"https:\\\/\\\/www.chiapatino.com\\\/home\\\/\"},{\"@type\":\"ListItem\",\"position\":2,\"name\":\"SPRING AWAKENING\"}]},{\"@type\":\"WebSite\",\"@id\":\"https:\\\/\\\/www.chiapatino.com\\\/home\\\/#website\",\"url\":\"https:\\\/\\\/www.chiapatino.com\\\/home\\\/\",\"name\":\"Chia Pati\u00f1o\",\"description\":\"Portafolio\",\"publisher\":{\"@id\":\"https:\\\/\\\/www.chiapatino.com\\\/home\\\/#\\\/schema\\\/person\\\/f64ab33314c9c8769b4082962d7f5301\"},\"potentialAction\":[{\"@type\":\"SearchAction\",\"target\":{\"@type\":\"EntryPoint\",\"urlTemplate\":\"https:\\\/\\\/www.chiapatino.com\\\/home\\\/?s={search_term_string}\"},\"query-input\":{\"@type\":\"PropertyValueSpecification\",\"valueRequired\":true,\"valueName\":\"search_term_string\"}}],\"inLanguage\":\"en-US\"},{\"@type\":[\"Person\",\"Organization\"],\"@id\":\"https:\\\/\\\/www.chiapatino.com\\\/home\\\/#\\\/schema\\\/person\\\/f64ab33314c9c8769b4082962d7f5301\",\"name\":\"Chia Pati\u00f1o\",\"image\":{\"@type\":\"ImageObject\",\"inLanguage\":\"en-US\",\"@id\":\"https:\\\/\\\/i0.wp.com\\\/www.chiapatino.com\\\/wp-content\\\/uploads\\\/2022\\\/11\\\/chiahs01.webp?fit=960%2C1201&ssl=1\",\"url\":\"https:\\\/\\\/i0.wp.com\\\/www.chiapatino.com\\\/wp-content\\\/uploads\\\/2022\\\/11\\\/chiahs01.webp?fit=960%2C1201&ssl=1\",\"contentUrl\":\"https:\\\/\\\/i0.wp.com\\\/www.chiapatino.com\\\/wp-content\\\/uploads\\\/2022\\\/11\\\/chiahs01.webp?fit=960%2C1201&ssl=1\",\"width\":960,\"height\":1201,\"caption\":\"Chia Pati\u00f1o\"},\"logo\":{\"@id\":\"https:\\\/\\\/i0.wp.com\\\/www.chiapatino.com\\\/wp-content\\\/uploads\\\/2022\\\/11\\\/chiahs01.webp?fit=960%2C1201&ssl=1\"},\"sameAs\":[\"https:\\\/\\\/www.facebook.com\\\/chia.patino\",\"https:\\\/\\\/www.instagram.com\\\/chia.patino\\\/\",\"https:\\\/\\\/x.com\\\/https:\\\/\\\/twitter.com\\\/chpatito?lang=en\"]}]}<\/script>\n<!-- \/ Yoast SEO plugin. -->","yoast_head_json":{"title":"SPRING AWAKENING - Chia Pati\u00f1o","description":"Obras que dicen todo, que abarcan mucho, que exponen la fragilidad de la adolescencia -en realidad del ser humano-, que nos recuerdan que somos tan peque\u00f1os o tan grandes como decidimos serlo y que exponen que el \u00fanico l\u00edmite de el ser humano es la muerte. Cuando una pieza \u201cpega centro\u201d\u2026 lo \u00fanico que debemos hacer es compartirla\u2026 y dejar que cada qui\u00e9n viva sus propio momento.","robots":{"index":"index","follow":"follow","max-snippet":"max-snippet:-1","max-image-preview":"max-image-preview:large","max-video-preview":"max-video-preview:-1"},"canonical":"https:\/\/www.chiapatino.com\/home\/2017archdt134\/","og_locale":"en_US","og_type":"article","og_title":"SPRING AWAKENING - Chia Pati\u00f1o","og_description":"Obras que dicen todo, que abarcan mucho, que exponen la fragilidad de la adolescencia -en realidad del ser humano-, que nos recuerdan que somos tan peque\u00f1os o tan grandes como decidimos serlo y que exponen que el \u00fanico l\u00edmite de el ser humano es la muerte. Cuando una pieza \u201cpega centro\u201d\u2026 lo \u00fanico que debemos hacer es compartirla\u2026 y dejar que cada qui\u00e9n viva sus propio momento.","og_url":"https:\/\/www.chiapatino.com\/home\/2017archdt134\/","og_site_name":"Chia Pati\u00f1o","article_publisher":"https:\/\/www.facebook.com\/chia.patino","article_modified_time":"2024-06-22T18:54:44+00:00","twitter_card":"summary_large_image","twitter_site":"@en","twitter_misc":{"Est. reading time":"2 minutes"},"schema":{"@context":"https:\/\/schema.org","@graph":[{"@type":"WebPage","@id":"https:\/\/www.chiapatino.com\/home\/2017archdt134\/","url":"https:\/\/www.chiapatino.com\/home\/2017archdt134\/","name":"SPRING AWAKENING - Chia Pati\u00f1o","isPartOf":{"@id":"https:\/\/www.chiapatino.com\/home\/#website"},"datePublished":"2017-03-01T00:00:11+00:00","dateModified":"2024-06-22T18:54:44+00:00","description":"Obras que dicen todo, que abarcan mucho, que exponen la fragilidad de la adolescencia -en realidad del ser humano-, que nos recuerdan que somos tan peque\u00f1os o tan grandes como decidimos serlo y que exponen que el \u00fanico l\u00edmite de el ser humano es la muerte. Cuando una pieza \u201cpega centro\u201d\u2026 lo \u00fanico que debemos hacer es compartirla\u2026 y dejar que cada qui\u00e9n viva sus propio momento.","breadcrumb":{"@id":"https:\/\/www.chiapatino.com\/home\/2017archdt134\/#breadcrumb"},"inLanguage":"en-US","potentialAction":[{"@type":"ReadAction","target":["https:\/\/www.chiapatino.com\/home\/2017archdt134\/"]}]},{"@type":"BreadcrumbList","@id":"https:\/\/www.chiapatino.com\/home\/2017archdt134\/#breadcrumb","itemListElement":[{"@type":"ListItem","position":1,"name":"Home","item":"https:\/\/www.chiapatino.com\/home\/"},{"@type":"ListItem","position":2,"name":"SPRING AWAKENING"}]},{"@type":"WebSite","@id":"https:\/\/www.chiapatino.com\/home\/#website","url":"https:\/\/www.chiapatino.com\/home\/","name":"Chia Pati\u00f1o","description":"Portafolio","publisher":{"@id":"https:\/\/www.chiapatino.com\/home\/#\/schema\/person\/f64ab33314c9c8769b4082962d7f5301"},"potentialAction":[{"@type":"SearchAction","target":{"@type":"EntryPoint","urlTemplate":"https:\/\/www.chiapatino.com\/home\/?s={search_term_string}"},"query-input":{"@type":"PropertyValueSpecification","valueRequired":true,"valueName":"search_term_string"}}],"inLanguage":"en-US"},{"@type":["Person","Organization"],"@id":"https:\/\/www.chiapatino.com\/home\/#\/schema\/person\/f64ab33314c9c8769b4082962d7f5301","name":"Chia Pati\u00f1o","image":{"@type":"ImageObject","inLanguage":"en-US","@id":"https:\/\/i0.wp.com\/www.chiapatino.com\/wp-content\/uploads\/2022\/11\/chiahs01.webp?fit=960%2C1201&ssl=1","url":"https:\/\/i0.wp.com\/www.chiapatino.com\/wp-content\/uploads\/2022\/11\/chiahs01.webp?fit=960%2C1201&ssl=1","contentUrl":"https:\/\/i0.wp.com\/www.chiapatino.com\/wp-content\/uploads\/2022\/11\/chiahs01.webp?fit=960%2C1201&ssl=1","width":960,"height":1201,"caption":"Chia Pati\u00f1o"},"logo":{"@id":"https:\/\/i0.wp.com\/www.chiapatino.com\/wp-content\/uploads\/2022\/11\/chiahs01.webp?fit=960%2C1201&ssl=1"},"sameAs":["https:\/\/www.facebook.com\/chia.patino","https:\/\/www.instagram.com\/chia.patino\/","https:\/\/x.com\/https:\/\/twitter.com\/chpatito?lang=en"]}]}},"jetpack_shortlink":"https:\/\/wp.me\/Pb5Ra3-2oy","jetpack_sharing_enabled":true,"_links":{"self":[{"href":"https:\/\/www.chiapatino.com\/home\/wp-json\/wp\/v2\/pages\/9210","targetHints":{"allow":["GET"]}}],"collection":[{"href":"https:\/\/www.chiapatino.com\/home\/wp-json\/wp\/v2\/pages"}],"about":[{"href":"https:\/\/www.chiapatino.com\/home\/wp-json\/wp\/v2\/types\/page"}],"author":[{"embeddable":true,"href":"https:\/\/www.chiapatino.com\/home\/wp-json\/wp\/v2\/users\/1"}],"replies":[{"embeddable":true,"href":"https:\/\/www.chiapatino.com\/home\/wp-json\/wp\/v2\/comments?post=9210"}],"version-history":[{"count":2,"href":"https:\/\/www.chiapatino.com\/home\/wp-json\/wp\/v2\/pages\/9210\/revisions"}],"predecessor-version":[{"id":9213,"href":"https:\/\/www.chiapatino.com\/home\/wp-json\/wp\/v2\/pages\/9210\/revisions\/9213"}],"wp:attachment":[{"href":"https:\/\/www.chiapatino.com\/home\/wp-json\/wp\/v2\/media?parent=9210"}],"curies":[{"name":"wp","href":"https:\/\/api.w.org\/{rel}","templated":true}]}}