{"id":9214,"date":"2017-02-01T00:00:03","date_gmt":"2017-02-01T00:00:03","guid":{"rendered":"https:\/\/www.chiapatino.com\/home\/?page_id=9214"},"modified":"2024-06-22T19:00:12","modified_gmt":"2024-06-22T19:00:12","slug":"2017archdt133","status":"publish","type":"page","link":"https:\/\/www.chiapatino.com\/home\/2017archdt133\/","title":{"rendered":"DESPERTEMOS"},"content":{"rendered":"<div class=\"wpb-content-wrapper\"><p>[vc_row row_height_percent=&#8221;50&#8243; back_image=&#8221;6372&#8243; overlay_alpha=&#8221;50&#8243; gutter_size=&#8221;3&#8243; column_width_percent=&#8221;100&#8243; shift_y=&#8221;0&#8243; z_index=&#8221;0&#8243; uncode_shortcode_id=&#8221;846972&#8243;][vc_column width=&#8221;1\/1&#8243;][vc_empty_space empty_h=&#8221;2&#8243;][\/vc_column][\/vc_row][vc_row][vc_column column_width_percent=&#8221;100&#8243; gutter_size=&#8221;3&#8243; style=&#8221;dark&#8221; overlay_alpha=&#8221;50&#8243; shift_x=&#8221;0&#8243; shift_y=&#8221;0&#8243; shift_y_down=&#8221;0&#8243; z_index=&#8221;0&#8243; medium_width=&#8221;0&#8243; mobile_width=&#8221;0&#8243; width=&#8221;1\/1&#8243;][vc_empty_space empty_h=&#8221;2&#8243;][vc_custom_heading]<\/p>\n<h2>Despertemos<\/h2>\n<p>[\/vc_custom_heading][vc_column_text uncode_shortcode_id=&#8221;133874&#8243;]DESPERTARES es un musicaL rock basado en La obra El Despertar de la Primavera (Fr\u00fchlings Erwachen) de Frank Wedekind, y musicalizado por Duncan Shiek. Spring Awakening es una joya que a\u00fan a pesar de haber ganado ocho Tonys incluyendo el de mejor obra en su apertura en 2006, 4 Desk Awards y un Grammy, y volver a ganar tres premios Tony en su reciente reposici\u00f3n en el 2015 tiene una capacidad de transparencia entre los adultos que merece la pena explorar. Porque en Quito tiene vida desde el 2015 y los j\u00f3venes lo piden de regreso constantemente. Y para ellos, en marzo, regresa este musical.<\/p>\n<p>Esta obra fue escrita en 1891 y estrenada en Berlin en 1906. Una obra frontal que presenta temas relevantes sobre ta sexualidad en la pubertad, esa etapa tan fr\u00e1gil que llega antes de la adolescencia. Temas perennes humanos, que causaron y causan esc\u00e1ndalos, pues presenta la sexualidad en su m\u00e1s inocente cara: cuando las hormonas atacan y el mundo no nos ha ense\u00f1ado como debemos comportarnos. En menos de dos horas el p\u00fablico viaja en esta m\u00fasica confrontando escenas homo er\u00f3ticas, masturbaci\u00f3n, relaciones prematrimoniales, violaciones, suicidio y aborto. Entonces los padres delegan a los maestros la educaci\u00f3n, y ante el miedo, el sistema castiga al rebelde, condena al distinto, ignora lo obvio y se olvida de el fr\u00e1gil. Es tan absurdo reprimir la sexualidad como ta gravedad: son fen\u00f3menos que llegan o caen por su propio peso.<\/p>\n<p>El despertar a la sexualidad nos pone tan nerviosos que condenamos inmediatamente al sistema como el culpable, y nos lavamos las manos m\u00e1s r\u00e1pido que Poncio Pilates. Sin embargo no observamos que la escuela que presenta Wedekind en 1891. mantiene una excelencia acad\u00e9mica incomparable con los est\u00e1ndares actuales: el lat\u00edn y Goethe al alcance de casi ni\u00f1os. Ense\u00f1ar. Aprender.<\/p>\n<p>Cuestionar. Rebelarse aunque el precio sea alto. Explorar y concluir.<\/p>\n<p>En alg\u00fan momento el mundo dej\u00f3 de educar pues manipular al ignorante y al mediocre es m\u00e1s f\u00e1cil. Los requisitos acad\u00e9micos actuales son m\u00ednimos. Se ha disfrazado la educaci\u00f3n con t\u00edtulos y universidades visiblemente impresionantes: brilla la c\u00e1scara, pero el condumio no tiene peso. Conozco abogados j\u00f3venes que no entienden de \u00e9tica o moral, pues el concepto ya no ha sido debatido en sus aulas, y pretenden tomar decisiones sin m\u00e1s meta que el bien personal. Y as\u00ed hoy tenemos lideres que manejan a pa\u00edses como si fueran empresas. Magos manipuladores cuya mayor virtud es saber maquillar para enga\u00f1ar al ojo.<\/p>\n<p>Y as\u00ed, mientras cuiden de educar al adolecente cual borrego, lograr\u00e1n desviar su mirada con un poquito del pasto, y ni se dar\u00e1n cuenta que los dirige un lobo. Por eso, la necesidad de despertar en nuestros j\u00f3venes la fuerza intr\u00ednseca e incontenida de el cambio, educarlos para que sue\u00f1en por un mundo mejor. Despertar a los rebeldes, a los cuestionadores.<\/p>\n<p>\u00a1\u00a1Despertemos!!<\/p>\n<p>&nbsp;<\/p>\n<p style=\"text-align: right;\"><strong>Ch\u00eda Pati\u00f1o<\/strong>, <em>Directora Art\u00edstica &#8211; Ejecutiva<\/em><\/p>\n<p style=\"text-align: right;\">Febrero, 2017<\/p>\n<p>[\/vc_column_text][vc_button button_color=&#8221;color-nhtu&#8221; border_width=&#8221;0&#8243; link=&#8221;url:https%3A%2F%2Fwww.teatrosucre.com%2Fsites%2Fdefault%2Ffiles%2F02_febrero_2017.pdf||target:%20_blank|&#8221;]DESDEL TEATRO #133[\/vc_button][vc_empty_space empty_h=&#8221;4&#8243;][\/vc_column][\/vc_row]<\/p>\n<\/div>","protected":false},"excerpt":{"rendered":"<p>El despertar a la sexualidad nos pone tan nerviosos que condenamos inmediatamente al sistema como el culpable, y nos lavamos las manos m\u00e1s r\u00e1pido que Poncio Pilates. Sin embargo no observamos que la escuela que presenta Wedekind en 1891. mantiene una excelencia acad\u00e9mica incomparable con los est\u00e1ndares actuales: el lat\u00edn y Goethe al alcance de casi ni\u00f1os. Ense\u00f1ar. Aprender.<\/p>\n","protected":false},"author":1,"featured_media":6372,"parent":0,"menu_order":0,"comment_status":"closed","ping_status":"closed","template":"","meta":{"footnotes":""},"class_list":["post-9214","page","type-page","status-publish","has-post-thumbnail","hentry","page_category-editorial"],"yoast_head":"<!-- This site is optimized with the Yoast SEO plugin v27.4 - https:\/\/yoast.com\/product\/yoast-seo-wordpress\/ -->\n<title>DESPERTEMOS - Chia Pati\u00f1o<\/title>\n<meta name=\"description\" content=\"El despertar a la sexualidad nos pone tan nerviosos que condenamos inmediatamente al sistema como el culpable, y nos lavamos las manos m\u00e1s r\u00e1pido que Poncio Pilates. Sin embargo no observamos que la escuela que presenta Wedekind en 1891. mantiene una excelencia acad\u00e9mica incomparable con los est\u00e1ndares actuales: el lat\u00edn y Goethe al alcance de casi ni\u00f1os. Ense\u00f1ar. Aprender.\" \/>\n<meta name=\"robots\" content=\"index, follow, max-snippet:-1, max-image-preview:large, max-video-preview:-1\" \/>\n<link rel=\"canonical\" href=\"https:\/\/www.chiapatino.com\/home\/2017archdt133\/\" \/>\n<meta property=\"og:locale\" content=\"en_US\" \/>\n<meta property=\"og:type\" content=\"article\" \/>\n<meta property=\"og:title\" content=\"DESPERTEMOS - Chia Pati\u00f1o\" \/>\n<meta property=\"og:description\" content=\"El despertar a la sexualidad nos pone tan nerviosos que condenamos inmediatamente al sistema como el culpable, y nos lavamos las manos m\u00e1s r\u00e1pido que Poncio Pilates. Sin embargo no observamos que la escuela que presenta Wedekind en 1891. mantiene una excelencia acad\u00e9mica incomparable con los est\u00e1ndares actuales: el lat\u00edn y Goethe al alcance de casi ni\u00f1os. Ense\u00f1ar. Aprender.\" \/>\n<meta property=\"og:url\" content=\"https:\/\/www.chiapatino.com\/home\/2017archdt133\/\" \/>\n<meta property=\"og:site_name\" content=\"Chia Pati\u00f1o\" \/>\n<meta property=\"article:publisher\" content=\"https:\/\/www.facebook.com\/chia.patino\" \/>\n<meta property=\"article:modified_time\" content=\"2024-06-22T19:00:12+00:00\" \/>\n<meta property=\"og:image\" content=\"https:\/\/www.chiapatino.com\/wp-content\/uploads\/2022\/01\/edit_2016_despert.webp\" \/>\n\t<meta property=\"og:image:width\" content=\"1398\" \/>\n\t<meta property=\"og:image:height\" content=\"932\" \/>\n\t<meta property=\"og:image:type\" content=\"image\/webp\" \/>\n<meta name=\"twitter:card\" content=\"summary_large_image\" \/>\n<meta name=\"twitter:site\" content=\"@en\" \/>\n<meta name=\"twitter:label1\" content=\"Est. reading time\" \/>\n\t<meta name=\"twitter:data1\" content=\"3 minutes\" \/>\n<script type=\"application\/ld+json\" class=\"yoast-schema-graph\">{\"@context\":\"https:\\\/\\\/schema.org\",\"@graph\":[{\"@type\":\"WebPage\",\"@id\":\"https:\\\/\\\/www.chiapatino.com\\\/home\\\/2017archdt133\\\/\",\"url\":\"https:\\\/\\\/www.chiapatino.com\\\/home\\\/2017archdt133\\\/\",\"name\":\"DESPERTEMOS - Chia Pati\u00f1o\",\"isPartOf\":{\"@id\":\"https:\\\/\\\/www.chiapatino.com\\\/home\\\/#website\"},\"primaryImageOfPage\":{\"@id\":\"https:\\\/\\\/www.chiapatino.com\\\/home\\\/2017archdt133\\\/#primaryimage\"},\"image\":{\"@id\":\"https:\\\/\\\/www.chiapatino.com\\\/home\\\/2017archdt133\\\/#primaryimage\"},\"thumbnailUrl\":\"https:\\\/\\\/i0.wp.com\\\/www.chiapatino.com\\\/wp-content\\\/uploads\\\/2022\\\/01\\\/edit_2016_despert.webp?fit=1398%2C932&ssl=1\",\"datePublished\":\"2017-02-01T00:00:03+00:00\",\"dateModified\":\"2024-06-22T19:00:12+00:00\",\"description\":\"El despertar a la sexualidad nos pone tan nerviosos que condenamos inmediatamente al sistema como el culpable, y nos lavamos las manos m\u00e1s r\u00e1pido que Poncio Pilates. Sin embargo no observamos que la escuela que presenta Wedekind en 1891. mantiene una excelencia acad\u00e9mica incomparable con los est\u00e1ndares actuales: el lat\u00edn y Goethe al alcance de casi ni\u00f1os. Ense\u00f1ar. Aprender.\",\"breadcrumb\":{\"@id\":\"https:\\\/\\\/www.chiapatino.com\\\/home\\\/2017archdt133\\\/#breadcrumb\"},\"inLanguage\":\"en-US\",\"potentialAction\":[{\"@type\":\"ReadAction\",\"target\":[\"https:\\\/\\\/www.chiapatino.com\\\/home\\\/2017archdt133\\\/\"]}]},{\"@type\":\"ImageObject\",\"inLanguage\":\"en-US\",\"@id\":\"https:\\\/\\\/www.chiapatino.com\\\/home\\\/2017archdt133\\\/#primaryimage\",\"url\":\"https:\\\/\\\/i0.wp.com\\\/www.chiapatino.com\\\/wp-content\\\/uploads\\\/2022\\\/01\\\/edit_2016_despert.webp?fit=1398%2C932&ssl=1\",\"contentUrl\":\"https:\\\/\\\/i0.wp.com\\\/www.chiapatino.com\\\/wp-content\\\/uploads\\\/2022\\\/01\\\/edit_2016_despert.webp?fit=1398%2C932&ssl=1\",\"width\":1398,\"height\":932},{\"@type\":\"BreadcrumbList\",\"@id\":\"https:\\\/\\\/www.chiapatino.com\\\/home\\\/2017archdt133\\\/#breadcrumb\",\"itemListElement\":[{\"@type\":\"ListItem\",\"position\":1,\"name\":\"Home\",\"item\":\"https:\\\/\\\/www.chiapatino.com\\\/home\\\/\"},{\"@type\":\"ListItem\",\"position\":2,\"name\":\"DESPERTEMOS\"}]},{\"@type\":\"WebSite\",\"@id\":\"https:\\\/\\\/www.chiapatino.com\\\/home\\\/#website\",\"url\":\"https:\\\/\\\/www.chiapatino.com\\\/home\\\/\",\"name\":\"Chia Pati\u00f1o\",\"description\":\"Portafolio\",\"publisher\":{\"@id\":\"https:\\\/\\\/www.chiapatino.com\\\/home\\\/#\\\/schema\\\/person\\\/f64ab33314c9c8769b4082962d7f5301\"},\"potentialAction\":[{\"@type\":\"SearchAction\",\"target\":{\"@type\":\"EntryPoint\",\"urlTemplate\":\"https:\\\/\\\/www.chiapatino.com\\\/home\\\/?s={search_term_string}\"},\"query-input\":{\"@type\":\"PropertyValueSpecification\",\"valueRequired\":true,\"valueName\":\"search_term_string\"}}],\"inLanguage\":\"en-US\"},{\"@type\":[\"Person\",\"Organization\"],\"@id\":\"https:\\\/\\\/www.chiapatino.com\\\/home\\\/#\\\/schema\\\/person\\\/f64ab33314c9c8769b4082962d7f5301\",\"name\":\"Chia Pati\u00f1o\",\"image\":{\"@type\":\"ImageObject\",\"inLanguage\":\"en-US\",\"@id\":\"https:\\\/\\\/i0.wp.com\\\/www.chiapatino.com\\\/wp-content\\\/uploads\\\/2022\\\/11\\\/chiahs01.webp?fit=960%2C1201&ssl=1\",\"url\":\"https:\\\/\\\/i0.wp.com\\\/www.chiapatino.com\\\/wp-content\\\/uploads\\\/2022\\\/11\\\/chiahs01.webp?fit=960%2C1201&ssl=1\",\"contentUrl\":\"https:\\\/\\\/i0.wp.com\\\/www.chiapatino.com\\\/wp-content\\\/uploads\\\/2022\\\/11\\\/chiahs01.webp?fit=960%2C1201&ssl=1\",\"width\":960,\"height\":1201,\"caption\":\"Chia Pati\u00f1o\"},\"logo\":{\"@id\":\"https:\\\/\\\/i0.wp.com\\\/www.chiapatino.com\\\/wp-content\\\/uploads\\\/2022\\\/11\\\/chiahs01.webp?fit=960%2C1201&ssl=1\"},\"sameAs\":[\"https:\\\/\\\/www.facebook.com\\\/chia.patino\",\"https:\\\/\\\/www.instagram.com\\\/chia.patino\\\/\",\"https:\\\/\\\/x.com\\\/https:\\\/\\\/twitter.com\\\/chpatito?lang=en\"]}]}<\/script>\n<!-- \/ Yoast SEO plugin. -->","yoast_head_json":{"title":"DESPERTEMOS - Chia Pati\u00f1o","description":"El despertar a la sexualidad nos pone tan nerviosos que condenamos inmediatamente al sistema como el culpable, y nos lavamos las manos m\u00e1s r\u00e1pido que Poncio Pilates. Sin embargo no observamos que la escuela que presenta Wedekind en 1891. mantiene una excelencia acad\u00e9mica incomparable con los est\u00e1ndares actuales: el lat\u00edn y Goethe al alcance de casi ni\u00f1os. Ense\u00f1ar. Aprender.","robots":{"index":"index","follow":"follow","max-snippet":"max-snippet:-1","max-image-preview":"max-image-preview:large","max-video-preview":"max-video-preview:-1"},"canonical":"https:\/\/www.chiapatino.com\/home\/2017archdt133\/","og_locale":"en_US","og_type":"article","og_title":"DESPERTEMOS - Chia Pati\u00f1o","og_description":"El despertar a la sexualidad nos pone tan nerviosos que condenamos inmediatamente al sistema como el culpable, y nos lavamos las manos m\u00e1s r\u00e1pido que Poncio Pilates. Sin embargo no observamos que la escuela que presenta Wedekind en 1891. mantiene una excelencia acad\u00e9mica incomparable con los est\u00e1ndares actuales: el lat\u00edn y Goethe al alcance de casi ni\u00f1os. Ense\u00f1ar. Aprender.","og_url":"https:\/\/www.chiapatino.com\/home\/2017archdt133\/","og_site_name":"Chia Pati\u00f1o","article_publisher":"https:\/\/www.facebook.com\/chia.patino","article_modified_time":"2024-06-22T19:00:12+00:00","og_image":[{"width":1398,"height":932,"url":"https:\/\/www.chiapatino.com\/wp-content\/uploads\/2022\/01\/edit_2016_despert.webp","type":"image\/webp"}],"twitter_card":"summary_large_image","twitter_site":"@en","twitter_misc":{"Est. reading time":"3 minutes"},"schema":{"@context":"https:\/\/schema.org","@graph":[{"@type":"WebPage","@id":"https:\/\/www.chiapatino.com\/home\/2017archdt133\/","url":"https:\/\/www.chiapatino.com\/home\/2017archdt133\/","name":"DESPERTEMOS - Chia Pati\u00f1o","isPartOf":{"@id":"https:\/\/www.chiapatino.com\/home\/#website"},"primaryImageOfPage":{"@id":"https:\/\/www.chiapatino.com\/home\/2017archdt133\/#primaryimage"},"image":{"@id":"https:\/\/www.chiapatino.com\/home\/2017archdt133\/#primaryimage"},"thumbnailUrl":"https:\/\/i0.wp.com\/www.chiapatino.com\/wp-content\/uploads\/2022\/01\/edit_2016_despert.webp?fit=1398%2C932&ssl=1","datePublished":"2017-02-01T00:00:03+00:00","dateModified":"2024-06-22T19:00:12+00:00","description":"El despertar a la sexualidad nos pone tan nerviosos que condenamos inmediatamente al sistema como el culpable, y nos lavamos las manos m\u00e1s r\u00e1pido que Poncio Pilates. Sin embargo no observamos que la escuela que presenta Wedekind en 1891. mantiene una excelencia acad\u00e9mica incomparable con los est\u00e1ndares actuales: el lat\u00edn y Goethe al alcance de casi ni\u00f1os. Ense\u00f1ar. Aprender.","breadcrumb":{"@id":"https:\/\/www.chiapatino.com\/home\/2017archdt133\/#breadcrumb"},"inLanguage":"en-US","potentialAction":[{"@type":"ReadAction","target":["https:\/\/www.chiapatino.com\/home\/2017archdt133\/"]}]},{"@type":"ImageObject","inLanguage":"en-US","@id":"https:\/\/www.chiapatino.com\/home\/2017archdt133\/#primaryimage","url":"https:\/\/i0.wp.com\/www.chiapatino.com\/wp-content\/uploads\/2022\/01\/edit_2016_despert.webp?fit=1398%2C932&ssl=1","contentUrl":"https:\/\/i0.wp.com\/www.chiapatino.com\/wp-content\/uploads\/2022\/01\/edit_2016_despert.webp?fit=1398%2C932&ssl=1","width":1398,"height":932},{"@type":"BreadcrumbList","@id":"https:\/\/www.chiapatino.com\/home\/2017archdt133\/#breadcrumb","itemListElement":[{"@type":"ListItem","position":1,"name":"Home","item":"https:\/\/www.chiapatino.com\/home\/"},{"@type":"ListItem","position":2,"name":"DESPERTEMOS"}]},{"@type":"WebSite","@id":"https:\/\/www.chiapatino.com\/home\/#website","url":"https:\/\/www.chiapatino.com\/home\/","name":"Chia Pati\u00f1o","description":"Portafolio","publisher":{"@id":"https:\/\/www.chiapatino.com\/home\/#\/schema\/person\/f64ab33314c9c8769b4082962d7f5301"},"potentialAction":[{"@type":"SearchAction","target":{"@type":"EntryPoint","urlTemplate":"https:\/\/www.chiapatino.com\/home\/?s={search_term_string}"},"query-input":{"@type":"PropertyValueSpecification","valueRequired":true,"valueName":"search_term_string"}}],"inLanguage":"en-US"},{"@type":["Person","Organization"],"@id":"https:\/\/www.chiapatino.com\/home\/#\/schema\/person\/f64ab33314c9c8769b4082962d7f5301","name":"Chia Pati\u00f1o","image":{"@type":"ImageObject","inLanguage":"en-US","@id":"https:\/\/i0.wp.com\/www.chiapatino.com\/wp-content\/uploads\/2022\/11\/chiahs01.webp?fit=960%2C1201&ssl=1","url":"https:\/\/i0.wp.com\/www.chiapatino.com\/wp-content\/uploads\/2022\/11\/chiahs01.webp?fit=960%2C1201&ssl=1","contentUrl":"https:\/\/i0.wp.com\/www.chiapatino.com\/wp-content\/uploads\/2022\/11\/chiahs01.webp?fit=960%2C1201&ssl=1","width":960,"height":1201,"caption":"Chia Pati\u00f1o"},"logo":{"@id":"https:\/\/i0.wp.com\/www.chiapatino.com\/wp-content\/uploads\/2022\/11\/chiahs01.webp?fit=960%2C1201&ssl=1"},"sameAs":["https:\/\/www.facebook.com\/chia.patino","https:\/\/www.instagram.com\/chia.patino\/","https:\/\/x.com\/https:\/\/twitter.com\/chpatito?lang=en"]}]}},"jetpack_shortlink":"https:\/\/wp.me\/Pb5Ra3-2oC","jetpack_sharing_enabled":true,"_links":{"self":[{"href":"https:\/\/www.chiapatino.com\/home\/wp-json\/wp\/v2\/pages\/9214","targetHints":{"allow":["GET"]}}],"collection":[{"href":"https:\/\/www.chiapatino.com\/home\/wp-json\/wp\/v2\/pages"}],"about":[{"href":"https:\/\/www.chiapatino.com\/home\/wp-json\/wp\/v2\/types\/page"}],"author":[{"embeddable":true,"href":"https:\/\/www.chiapatino.com\/home\/wp-json\/wp\/v2\/users\/1"}],"replies":[{"embeddable":true,"href":"https:\/\/www.chiapatino.com\/home\/wp-json\/wp\/v2\/comments?post=9214"}],"version-history":[{"count":3,"href":"https:\/\/www.chiapatino.com\/home\/wp-json\/wp\/v2\/pages\/9214\/revisions"}],"predecessor-version":[{"id":9217,"href":"https:\/\/www.chiapatino.com\/home\/wp-json\/wp\/v2\/pages\/9214\/revisions\/9217"}],"wp:featuredmedia":[{"embeddable":true,"href":"https:\/\/www.chiapatino.com\/home\/wp-json\/wp\/v2\/media\/6372"}],"wp:attachment":[{"href":"https:\/\/www.chiapatino.com\/home\/wp-json\/wp\/v2\/media?parent=9214"}],"curies":[{"name":"wp","href":"https:\/\/api.w.org\/{rel}","templated":true}]}}