{"id":938,"date":"2019-08-27T02:20:37","date_gmt":"2019-08-27T02:20:37","guid":{"rendered":"https:\/\/www.chiapatino.com\/?page_id=938"},"modified":"2022-01-20T15:55:36","modified_gmt":"2022-01-20T15:55:36","slug":"abriendo-puertas","status":"publish","type":"page","link":"https:\/\/www.chiapatino.com\/home\/abriendo-puertas\/","title":{"rendered":"Abriendo puertas"},"content":{"rendered":"<div class=\"wpb-content-wrapper\"><p>[vc_row row_height_percent=&#8221;50&#8243; back_image=&#8221;6308&#8243; parallax=&#8221;yes&#8221; kburns=&#8221;yes&#8221; overlay_alpha=&#8221;50&#8243; gutter_size=&#8221;3&#8243; column_width_percent=&#8221;100&#8243; shift_y=&#8221;0&#8243; z_index=&#8221;0&#8243; uncode_shortcode_id=&#8221;179732&#8243; shape_dividers=&#8221;&#8221;][vc_column width=&#8221;1\/1&#8243;][vc_empty_space empty_h=&#8221;3&#8243;][\/vc_column][\/vc_row][vc_row][vc_column column_width_percent=&#8221;100&#8243; gutter_size=&#8221;3&#8243; style=&#8221;dark&#8221; overlay_alpha=&#8221;50&#8243; shift_x=&#8221;0&#8243; shift_y=&#8221;0&#8243; shift_y_down=&#8221;0&#8243; z_index=&#8221;0&#8243; medium_width=&#8221;0&#8243; mobile_width=&#8221;0&#8243; width=&#8221;1\/1&#8243;][vc_empty_space empty_h=&#8221;3&#8243;][vc_custom_heading]<\/p>\n<h2>Abriendo puertas<\/h2>\n<p>[\/vc_custom_heading][vc_column_text]Si la gente no viene al teatro, el teatro va a la gente. Generar nuevos p\u00fablicos es parte de nuestra misi\u00f3n, y podemos decir tranquilos: misi\u00f3n cumplida. Nuestro viaje 2010 estuvo formado por tres cap\u00edtulos: dos ya han sido cerrados y el \u00faltimo est\u00e1 a punto de entrar en acci\u00f3n.<\/p>\n<h5>CAPITULO I. El Sucre Viajero en Quito.<\/h5>\n<p>Este nace con la necesidad de ver la descentralizaci\u00f3n cultural como proceso y no como un proyecto. Apostar en invertir. El compromiso de la Fundaci\u00f3n Teatro Nacional Sucre (FTNS) lo muestran: 16 conciertos en 8 administraciones zonales, con aproximadamente 11.000 asistentes, 65 artistas por d\u00eda, 16 t\u00e9cnicos y una productora, una coordinadora, sonidistas y utileros. Y la respuesta es igual en todos lados: <em>&#8220;\u00a1Muchas gracias, vuelvan pronto!&#8221;.<\/em><\/p>\n<p>Y es que el p\u00fablico goza y el artista disfruta con tan buena acogida. Y esta vez adem\u00e1s, podemos decir que le ganamos al clima despiadado de Quito, y a\u00fan con lluvia, el p\u00fablico vino abrigado y con paraguas, dispuesto a quedarse. Calurosas bienvenidas en algunos casos, algunas de ellas acompa\u00f1adas de bebidas calientes proporcionadas por la gente de los barrios a los t\u00e9cnicos.<\/p>\n<h5>CAPITULO II. Gira nacional de Sweeney Todd.<\/h5>\n<p>3 tr\u00e1ilers, 1 cami\u00f3n lleno de cajas de vestuario, maquillaje, luces, utiler\u00eda; 16 t\u00e9cnicos, 2 utileros, 2 peluqueros, 2 maquinistas, 26 coristas, 14 m\u00fasicos en la orquesta, 16 artistas, entre solistas y actores co-primarios, y 5 productores. 34 horas de viaje por el pa\u00eds para llegar, tomar una ducha y salir rumbo al teatro para un ensayo t\u00e9cnico, un ensayo general e inmediatamente regalar el show a Guayaquil, donde llegaron 4.000 espectadores a recibir este regalo, y en Cuenca, donde tambi\u00e9n llenamos el Auditorio del Banco Central y tuvimos p\u00fablico viendo y escuchando fuera del teatro.<\/p>\n<p>La acogida de un p\u00fablico hambriento de nuestros artistas nos incentiva a este compromiso. El maravilloso p\u00fablico de Guayaquil que siente sin censura, llev\u00f3 al elenco incluso a las l\u00e1grimas de felicidad. Sentir esa respuesta restaura inmediatamente las neuronas agotadas en el proceso. Organizar esta gira fue una acrobacia del equipo de producci\u00f3n y del departamento administrativo. Horas interminables coordinando un evento que empez\u00f3 y termin\u00f3 sin tropiezos. Quito es nuestra casa y aunque nos toc\u00f3 una semana de fr\u00edo y lluvia, nuestra gente nos sigui\u00f3 agasajando u acogiendo con los brazos abiertos.<\/p>\n<p>Gracias Guayaquil. Gracias Cuenca. Gracias Quito. Ha sido un gusto compartir nuestro trabajo con ustedes, y podemos decir con orgullo que tambi\u00e9n en el arte <em>&#8220;si se puede&#8221;.<\/em><\/p>\n<h5>CAPITULO III. Gira binacional, Ecuador-Colombia, Orquesta de Instrumentos Andinos (OIA)-Cimarr\u00f3n.<\/h5>\n<p>Estamos en os umbrales de este proyecto a\u00fan m\u00e1s ambiciosos, del cual podr\u00e1n leer m\u00e1s adelante. Como se imaginan, al momento impera el nerviosismo, la intriga, las ganas de hacer m\u00fasica y explorar un territorio desconocido, tanto para los m\u00fasicos como para todo el equipo de la FTNS.<\/p>\n<p>Continuar\u00e1&#8230;<\/p>\n<p>&nbsp;<\/p>\n<p><strong>Ep\u00edlogo<\/strong><\/p>\n<p>Si la gente no viene al teatro, el teatro va a la gente. Pero si la gente no viene al teatro, eventualmente el teatro muere. Estimado lector, no esperes el \u00faltimo d\u00eda de funci\u00f3n para despu\u00e9s quejarte que no hubo entradas. Siempre hay entradas los primeros d\u00edas. El arte vivo es fugaz, dependemos de tu inter\u00e9s y apoyo para seguir haciendo y creciendo. Insisto, si la gente no va al teatro, el teatro muere.<\/p>\n<p>Veo a mi gente cansada pero satisfecha y orgullosa. Me asombra la madurez que han alcanzado nuestros artistas y equipo en estos fuertes procesos migratorios: la batalla siempre es m\u00e1s f\u00e1cil casa adentro, bajo la acogida y seguridad de un teatro. Es un riesgo salir, pero el retorno del p\u00fablico ha sido tan grande e inmediato que nos compensa. Y mientras siga llegando el p\u00fablico, nuestro equipo estar\u00e1 dispuesto a meter un concepto en la maleta y sacarlo fuera. Escuchar la explosi\u00f3n de risas, gemidos callados, las l\u00e1grimas o el aplauso es lo que alimenta a la gente en escena y tras de ella. Armonizar este mundo ca\u00f3tico fusionando el arte y las personas es lo que justifica toda esta loca idea.<\/p>\n<p>&nbsp;<\/p>\n<p style=\"text-align: right;\"><strong>Ch\u00eda Pati\u00f1o,<\/strong>\u00a0<em>Directora Art\u00edstica Ejecutiva<\/em><\/p>\n<p style=\"text-align: right;\">Diciembre, 2010<\/p>\n<p>[\/vc_column_text][vc_button button_color=&#8221;color-nhtu&#8221; border_width=&#8221;0&#8243; link=&#8221;url:https%3A%2F%2Fwww.teatrosucre.com%2Fsites%2Fdefault%2Ffiles%2F12_diciembre2010.pdf|||&#8221;]DESDE EL TEATRO #58 [\/vc_button][vc_empty_space empty_h=&#8221;5&#8243;][vc_empty_space empty_h=&#8221;5&#8243;][\/vc_column][\/vc_row]<\/p>\n<\/div>","protected":false},"excerpt":{"rendered":"<p>[vc_row row_height_percent=&#8221;50&#8243; back_image=&#8221;6308&#8243; parallax=&#8221;yes&#8221; kburns=&#8221;yes&#8221; overlay_alpha=&#8221;50&#8243; gutter_size=&#8221;3&#8243; column_width_percent=&#8221;100&#8243; shift_y=&#8221;0&#8243; z_index=&#8221;0&#8243; uncode_shortcode_id=&#8221;179732&#8243; shape_dividers=&#8221;&#8221;][vc_column width=&#8221;1\/1&#8243;][vc_empty_space empty_h=&#8221;3&#8243;][\/vc_column][\/vc_row][vc_row][vc_column column_width_percent=&#8221;100&#8243; gutter_size=&#8221;3&#8243; style=&#8221;dark&#8221; overlay_alpha=&#8221;50&#8243; shift_x=&#8221;0&#8243; shift_y=&#8221;0&#8243; [&hellip;]<\/p>\n","protected":false},"author":1,"featured_media":6308,"parent":0,"menu_order":0,"comment_status":"closed","ping_status":"closed","template":"","meta":{"footnotes":""},"class_list":["post-938","page","type-page","status-publish","has-post-thumbnail","hentry","page_category-editorial"],"yoast_head":"<!-- This site is optimized with the Yoast SEO plugin v27.4 - https:\/\/yoast.com\/product\/yoast-seo-wordpress\/ -->\n<title>Abriendo puertas - Chia Pati\u00f1o<\/title>\n<meta name=\"robots\" content=\"index, follow, max-snippet:-1, max-image-preview:large, max-video-preview:-1\" \/>\n<link rel=\"canonical\" href=\"https:\/\/www.chiapatino.com\/home\/abriendo-puertas\/\" \/>\n<meta property=\"og:locale\" content=\"en_US\" \/>\n<meta property=\"og:type\" content=\"article\" \/>\n<meta property=\"og:title\" content=\"Abriendo puertas - Chia Pati\u00f1o\" \/>\n<meta property=\"og:description\" content=\"[vc_row row_height_percent=&#8221;50&#8243; back_image=&#8221;6308&#8243; parallax=&#8221;yes&#8221; kburns=&#8221;yes&#8221; overlay_alpha=&#8221;50&#8243; gutter_size=&#8221;3&#8243; column_width_percent=&#8221;100&#8243; shift_y=&#8221;0&#8243; z_index=&#8221;0&#8243; uncode_shortcode_id=&#8221;179732&#8243; shape_dividers=&#8221;&#8221;][vc_column width=&#8221;1\/1&#8243;][vc_empty_space empty_h=&#8221;3&#8243;][\/vc_column][\/vc_row][vc_row][vc_column column_width_percent=&#8221;100&#8243; gutter_size=&#8221;3&#8243; style=&#8221;dark&#8221; overlay_alpha=&#8221;50&#8243; shift_x=&#8221;0&#8243; shift_y=&#8221;0&#8243; [&hellip;]\" \/>\n<meta property=\"og:url\" content=\"https:\/\/www.chiapatino.com\/home\/abriendo-puertas\/\" \/>\n<meta property=\"og:site_name\" content=\"Chia Pati\u00f1o\" \/>\n<meta property=\"article:publisher\" content=\"https:\/\/www.facebook.com\/chia.patino\" \/>\n<meta property=\"article:modified_time\" content=\"2022-01-20T15:55:36+00:00\" \/>\n<meta property=\"og:image\" content=\"https:\/\/i0.wp.com\/www.chiapatino.com\/wp-content\/uploads\/2022\/01\/edit_2010_abriendo.webp?fit=1181%2C787&ssl=1\" \/>\n\t<meta property=\"og:image:width\" content=\"1181\" \/>\n\t<meta property=\"og:image:height\" content=\"787\" \/>\n\t<meta property=\"og:image:type\" content=\"image\/webp\" \/>\n<meta name=\"twitter:card\" content=\"summary_large_image\" \/>\n<meta name=\"twitter:site\" content=\"@en\" \/>\n<meta name=\"twitter:label1\" content=\"Est. reading time\" \/>\n\t<meta name=\"twitter:data1\" content=\"4 minutes\" \/>\n<script type=\"application\/ld+json\" class=\"yoast-schema-graph\">{\"@context\":\"https:\\\/\\\/schema.org\",\"@graph\":[{\"@type\":\"WebPage\",\"@id\":\"https:\\\/\\\/www.chiapatino.com\\\/home\\\/abriendo-puertas\\\/\",\"url\":\"https:\\\/\\\/www.chiapatino.com\\\/home\\\/abriendo-puertas\\\/\",\"name\":\"Abriendo puertas - Chia Pati\u00f1o\",\"isPartOf\":{\"@id\":\"https:\\\/\\\/www.chiapatino.com\\\/home\\\/#website\"},\"primaryImageOfPage\":{\"@id\":\"https:\\\/\\\/www.chiapatino.com\\\/home\\\/abriendo-puertas\\\/#primaryimage\"},\"image\":{\"@id\":\"https:\\\/\\\/www.chiapatino.com\\\/home\\\/abriendo-puertas\\\/#primaryimage\"},\"thumbnailUrl\":\"https:\\\/\\\/i0.wp.com\\\/www.chiapatino.com\\\/wp-content\\\/uploads\\\/2022\\\/01\\\/edit_2010_abriendo.webp?fit=1181%2C787&ssl=1\",\"datePublished\":\"2019-08-27T02:20:37+00:00\",\"dateModified\":\"2022-01-20T15:55:36+00:00\",\"breadcrumb\":{\"@id\":\"https:\\\/\\\/www.chiapatino.com\\\/home\\\/abriendo-puertas\\\/#breadcrumb\"},\"inLanguage\":\"en-US\",\"potentialAction\":[{\"@type\":\"ReadAction\",\"target\":[\"https:\\\/\\\/www.chiapatino.com\\\/home\\\/abriendo-puertas\\\/\"]}]},{\"@type\":\"ImageObject\",\"inLanguage\":\"en-US\",\"@id\":\"https:\\\/\\\/www.chiapatino.com\\\/home\\\/abriendo-puertas\\\/#primaryimage\",\"url\":\"https:\\\/\\\/i0.wp.com\\\/www.chiapatino.com\\\/wp-content\\\/uploads\\\/2022\\\/01\\\/edit_2010_abriendo.webp?fit=1181%2C787&ssl=1\",\"contentUrl\":\"https:\\\/\\\/i0.wp.com\\\/www.chiapatino.com\\\/wp-content\\\/uploads\\\/2022\\\/01\\\/edit_2010_abriendo.webp?fit=1181%2C787&ssl=1\",\"width\":1181,\"height\":787},{\"@type\":\"BreadcrumbList\",\"@id\":\"https:\\\/\\\/www.chiapatino.com\\\/home\\\/abriendo-puertas\\\/#breadcrumb\",\"itemListElement\":[{\"@type\":\"ListItem\",\"position\":1,\"name\":\"Home\",\"item\":\"https:\\\/\\\/www.chiapatino.com\\\/home\\\/\"},{\"@type\":\"ListItem\",\"position\":2,\"name\":\"Abriendo puertas\"}]},{\"@type\":\"WebSite\",\"@id\":\"https:\\\/\\\/www.chiapatino.com\\\/home\\\/#website\",\"url\":\"https:\\\/\\\/www.chiapatino.com\\\/home\\\/\",\"name\":\"Chia Pati\u00f1o\",\"description\":\"Portafolio\",\"publisher\":{\"@id\":\"https:\\\/\\\/www.chiapatino.com\\\/home\\\/#\\\/schema\\\/person\\\/f64ab33314c9c8769b4082962d7f5301\"},\"potentialAction\":[{\"@type\":\"SearchAction\",\"target\":{\"@type\":\"EntryPoint\",\"urlTemplate\":\"https:\\\/\\\/www.chiapatino.com\\\/home\\\/?s={search_term_string}\"},\"query-input\":{\"@type\":\"PropertyValueSpecification\",\"valueRequired\":true,\"valueName\":\"search_term_string\"}}],\"inLanguage\":\"en-US\"},{\"@type\":[\"Person\",\"Organization\"],\"@id\":\"https:\\\/\\\/www.chiapatino.com\\\/home\\\/#\\\/schema\\\/person\\\/f64ab33314c9c8769b4082962d7f5301\",\"name\":\"Chia Pati\u00f1o\",\"image\":{\"@type\":\"ImageObject\",\"inLanguage\":\"en-US\",\"@id\":\"https:\\\/\\\/i0.wp.com\\\/www.chiapatino.com\\\/wp-content\\\/uploads\\\/2022\\\/11\\\/chiahs01.webp?fit=960%2C1201&ssl=1\",\"url\":\"https:\\\/\\\/i0.wp.com\\\/www.chiapatino.com\\\/wp-content\\\/uploads\\\/2022\\\/11\\\/chiahs01.webp?fit=960%2C1201&ssl=1\",\"contentUrl\":\"https:\\\/\\\/i0.wp.com\\\/www.chiapatino.com\\\/wp-content\\\/uploads\\\/2022\\\/11\\\/chiahs01.webp?fit=960%2C1201&ssl=1\",\"width\":960,\"height\":1201,\"caption\":\"Chia Pati\u00f1o\"},\"logo\":{\"@id\":\"https:\\\/\\\/i0.wp.com\\\/www.chiapatino.com\\\/wp-content\\\/uploads\\\/2022\\\/11\\\/chiahs01.webp?fit=960%2C1201&ssl=1\"},\"sameAs\":[\"https:\\\/\\\/www.facebook.com\\\/chia.patino\",\"https:\\\/\\\/www.instagram.com\\\/chia.patino\\\/\",\"https:\\\/\\\/x.com\\\/https:\\\/\\\/twitter.com\\\/chpatito?lang=en\"]}]}<\/script>\n<!-- \/ Yoast SEO plugin. -->","yoast_head_json":{"title":"Abriendo puertas - Chia Pati\u00f1o","robots":{"index":"index","follow":"follow","max-snippet":"max-snippet:-1","max-image-preview":"max-image-preview:large","max-video-preview":"max-video-preview:-1"},"canonical":"https:\/\/www.chiapatino.com\/home\/abriendo-puertas\/","og_locale":"en_US","og_type":"article","og_title":"Abriendo puertas - Chia Pati\u00f1o","og_description":"[vc_row row_height_percent=&#8221;50&#8243; back_image=&#8221;6308&#8243; parallax=&#8221;yes&#8221; kburns=&#8221;yes&#8221; overlay_alpha=&#8221;50&#8243; gutter_size=&#8221;3&#8243; column_width_percent=&#8221;100&#8243; shift_y=&#8221;0&#8243; z_index=&#8221;0&#8243; uncode_shortcode_id=&#8221;179732&#8243; shape_dividers=&#8221;&#8221;][vc_column width=&#8221;1\/1&#8243;][vc_empty_space empty_h=&#8221;3&#8243;][\/vc_column][\/vc_row][vc_row][vc_column column_width_percent=&#8221;100&#8243; gutter_size=&#8221;3&#8243; style=&#8221;dark&#8221; overlay_alpha=&#8221;50&#8243; shift_x=&#8221;0&#8243; shift_y=&#8221;0&#8243; [&hellip;]","og_url":"https:\/\/www.chiapatino.com\/home\/abriendo-puertas\/","og_site_name":"Chia Pati\u00f1o","article_publisher":"https:\/\/www.facebook.com\/chia.patino","article_modified_time":"2022-01-20T15:55:36+00:00","og_image":[{"width":1181,"height":787,"url":"https:\/\/i0.wp.com\/www.chiapatino.com\/wp-content\/uploads\/2022\/01\/edit_2010_abriendo.webp?fit=1181%2C787&ssl=1","type":"image\/webp"}],"twitter_card":"summary_large_image","twitter_site":"@en","twitter_misc":{"Est. reading time":"4 minutes"},"schema":{"@context":"https:\/\/schema.org","@graph":[{"@type":"WebPage","@id":"https:\/\/www.chiapatino.com\/home\/abriendo-puertas\/","url":"https:\/\/www.chiapatino.com\/home\/abriendo-puertas\/","name":"Abriendo puertas - Chia Pati\u00f1o","isPartOf":{"@id":"https:\/\/www.chiapatino.com\/home\/#website"},"primaryImageOfPage":{"@id":"https:\/\/www.chiapatino.com\/home\/abriendo-puertas\/#primaryimage"},"image":{"@id":"https:\/\/www.chiapatino.com\/home\/abriendo-puertas\/#primaryimage"},"thumbnailUrl":"https:\/\/i0.wp.com\/www.chiapatino.com\/wp-content\/uploads\/2022\/01\/edit_2010_abriendo.webp?fit=1181%2C787&ssl=1","datePublished":"2019-08-27T02:20:37+00:00","dateModified":"2022-01-20T15:55:36+00:00","breadcrumb":{"@id":"https:\/\/www.chiapatino.com\/home\/abriendo-puertas\/#breadcrumb"},"inLanguage":"en-US","potentialAction":[{"@type":"ReadAction","target":["https:\/\/www.chiapatino.com\/home\/abriendo-puertas\/"]}]},{"@type":"ImageObject","inLanguage":"en-US","@id":"https:\/\/www.chiapatino.com\/home\/abriendo-puertas\/#primaryimage","url":"https:\/\/i0.wp.com\/www.chiapatino.com\/wp-content\/uploads\/2022\/01\/edit_2010_abriendo.webp?fit=1181%2C787&ssl=1","contentUrl":"https:\/\/i0.wp.com\/www.chiapatino.com\/wp-content\/uploads\/2022\/01\/edit_2010_abriendo.webp?fit=1181%2C787&ssl=1","width":1181,"height":787},{"@type":"BreadcrumbList","@id":"https:\/\/www.chiapatino.com\/home\/abriendo-puertas\/#breadcrumb","itemListElement":[{"@type":"ListItem","position":1,"name":"Home","item":"https:\/\/www.chiapatino.com\/home\/"},{"@type":"ListItem","position":2,"name":"Abriendo puertas"}]},{"@type":"WebSite","@id":"https:\/\/www.chiapatino.com\/home\/#website","url":"https:\/\/www.chiapatino.com\/home\/","name":"Chia Pati\u00f1o","description":"Portafolio","publisher":{"@id":"https:\/\/www.chiapatino.com\/home\/#\/schema\/person\/f64ab33314c9c8769b4082962d7f5301"},"potentialAction":[{"@type":"SearchAction","target":{"@type":"EntryPoint","urlTemplate":"https:\/\/www.chiapatino.com\/home\/?s={search_term_string}"},"query-input":{"@type":"PropertyValueSpecification","valueRequired":true,"valueName":"search_term_string"}}],"inLanguage":"en-US"},{"@type":["Person","Organization"],"@id":"https:\/\/www.chiapatino.com\/home\/#\/schema\/person\/f64ab33314c9c8769b4082962d7f5301","name":"Chia Pati\u00f1o","image":{"@type":"ImageObject","inLanguage":"en-US","@id":"https:\/\/i0.wp.com\/www.chiapatino.com\/wp-content\/uploads\/2022\/11\/chiahs01.webp?fit=960%2C1201&ssl=1","url":"https:\/\/i0.wp.com\/www.chiapatino.com\/wp-content\/uploads\/2022\/11\/chiahs01.webp?fit=960%2C1201&ssl=1","contentUrl":"https:\/\/i0.wp.com\/www.chiapatino.com\/wp-content\/uploads\/2022\/11\/chiahs01.webp?fit=960%2C1201&ssl=1","width":960,"height":1201,"caption":"Chia Pati\u00f1o"},"logo":{"@id":"https:\/\/i0.wp.com\/www.chiapatino.com\/wp-content\/uploads\/2022\/11\/chiahs01.webp?fit=960%2C1201&ssl=1"},"sameAs":["https:\/\/www.facebook.com\/chia.patino","https:\/\/www.instagram.com\/chia.patino\/","https:\/\/x.com\/https:\/\/twitter.com\/chpatito?lang=en"]}]}},"jetpack_shortlink":"https:\/\/wp.me\/Pb5Ra3-f8","jetpack_sharing_enabled":true,"_links":{"self":[{"href":"https:\/\/www.chiapatino.com\/home\/wp-json\/wp\/v2\/pages\/938","targetHints":{"allow":["GET"]}}],"collection":[{"href":"https:\/\/www.chiapatino.com\/home\/wp-json\/wp\/v2\/pages"}],"about":[{"href":"https:\/\/www.chiapatino.com\/home\/wp-json\/wp\/v2\/types\/page"}],"author":[{"embeddable":true,"href":"https:\/\/www.chiapatino.com\/home\/wp-json\/wp\/v2\/users\/1"}],"replies":[{"embeddable":true,"href":"https:\/\/www.chiapatino.com\/home\/wp-json\/wp\/v2\/comments?post=938"}],"version-history":[{"count":14,"href":"https:\/\/www.chiapatino.com\/home\/wp-json\/wp\/v2\/pages\/938\/revisions"}],"predecessor-version":[{"id":6309,"href":"https:\/\/www.chiapatino.com\/home\/wp-json\/wp\/v2\/pages\/938\/revisions\/6309"}],"wp:featuredmedia":[{"embeddable":true,"href":"https:\/\/www.chiapatino.com\/home\/wp-json\/wp\/v2\/media\/6308"}],"wp:attachment":[{"href":"https:\/\/www.chiapatino.com\/home\/wp-json\/wp\/v2\/media?parent=938"}],"curies":[{"name":"wp","href":"https:\/\/api.w.org\/{rel}","templated":true}]}}